{"id":11523,"date":"2022-09-28T12:11:35","date_gmt":"2022-09-28T11:11:35","guid":{"rendered":"https:\/\/mvebio.com\/nuestros-productos\/criadores-aluminio\/series-mve-sc-y-xc\/"},"modified":"2026-02-18T11:18:23","modified_gmt":"2026-02-18T16:18:23","slug":"series-mve-sc-y-xc","status":"publish","type":"page","link":"https:\/\/mvebio.com\/es\/nuestros-productos\/criadores-aluminio\/series-mve-sc-y-xc\/","title":{"rendered":"Series MVE SC y XC"},"content":{"rendered":"","protected":false},"excerpt":{"rendered":"<p>Almacenamiento ligero de muestras para criadores<\/p>\n","protected":false},"author":1,"featured_media":10617,"parent":11520,"menu_order":0,"comment_status":"closed","ping_status":"closed","template":"","meta":{"_acf_changed":false,"footnotes":""},"class_list":["post-11523","page","type-page","status-publish","has-post-thumbnail","hentry"],"acf":[],"yoast_head":"<!-- This site is optimized with the Yoast SEO plugin v27.2 - https:\/\/yoast.com\/product\/yoast-seo-wordpress\/ -->\n<title>Dep\u00f3sitos criog\u00e9nicos para reproductores | Las series MVE SC y XC<\/title>\n<meta name=\"description\" content=\"Las series MVE SC y XC son almacenes de muestras ligeros para criadores. \u00bfBusca un dewar de almacenamiento a largo plazo para semen, embriones u \u00f3vulos? \u00bfY necesita un dep\u00f3sito port\u00e1til y ligero capaz de almacenar grandes cantidades de pajitas? Si es as\u00ed, las series Standard Capacity (SC) y Extra Capacity (XC) de dewars de aluminio podr\u00edan ser justo lo que necesita.\" \/>\n<meta name=\"robots\" content=\"index, follow, max-snippet:-1, max-image-preview:large, max-video-preview:-1\" \/>\n<link rel=\"canonical\" href=\"https:\/\/mvebio.com\/es\/nuestros-productos\/criadores-aluminio\/series-mve-sc-y-xc\/\" \/>\n<meta property=\"og:locale\" content=\"es_ES\" \/>\n<meta property=\"og:type\" content=\"article\" \/>\n<meta property=\"og:title\" content=\"Dep\u00f3sitos criog\u00e9nicos para reproductores | Las series MVE SC y XC\" \/>\n<meta property=\"og:description\" content=\"Las series MVE SC y XC son almacenes de muestras ligeros para criadores. \u00bfBusca un dewar de almacenamiento a largo plazo para semen, embriones u \u00f3vulos? \u00bfY necesita un dep\u00f3sito port\u00e1til y ligero capaz de almacenar grandes cantidades de pajitas? Si es as\u00ed, las series Standard Capacity (SC) y Extra Capacity (XC) de dewars de aluminio podr\u00edan ser justo lo que necesita.\" \/>\n<meta property=\"og:url\" content=\"https:\/\/mvebio.com\/es\/nuestros-productos\/criadores-aluminio\/series-mve-sc-y-xc\/\" \/>\n<meta property=\"og:site_name\" content=\"MVE Biological Solutions\" \/>\n<meta property=\"article:modified_time\" content=\"2026-02-18T16:18:23+00:00\" \/>\n<meta property=\"og:image\" content=\"https:\/\/mvebio.com\/wp-content\/uploads\/sites\/4\/2023\/12\/XC-Series-2.jpg\" \/>\n\t<meta property=\"og:image:width\" content=\"1200\" \/>\n\t<meta property=\"og:image:height\" content=\"562\" \/>\n\t<meta property=\"og:image:type\" content=\"image\/jpeg\" \/>\n<meta name=\"twitter:card\" content=\"summary_large_image\" \/>\n<meta name=\"twitter:site\" content=\"@MveBioSolutions\" \/>\n<script type=\"application\/ld+json\" class=\"yoast-schema-graph\">{\"@context\":\"https:\/\/schema.org\",\"@graph\":[{\"@type\":\"WebPage\",\"@id\":\"https:\/\/mvebio.com\/es\/nuestros-productos\/criadores-aluminio\/series-mve-sc-y-xc\/\",\"url\":\"https:\/\/mvebio.com\/es\/nuestros-productos\/criadores-aluminio\/series-mve-sc-y-xc\/\",\"name\":\"Dep\u00f3sitos criog\u00e9nicos para reproductores | Las series MVE SC y XC\",\"isPartOf\":{\"@id\":\"https:\/\/mvebio.com\/es\/#website\"},\"primaryImageOfPage\":{\"@id\":\"https:\/\/mvebio.com\/es\/nuestros-productos\/criadores-aluminio\/series-mve-sc-y-xc\/#primaryimage\"},\"image\":{\"@id\":\"https:\/\/mvebio.com\/es\/nuestros-productos\/criadores-aluminio\/series-mve-sc-y-xc\/#primaryimage\"},\"thumbnailUrl\":\"https:\/\/mvebio.com\/wp-content\/uploads\/sites\/4\/2023\/12\/XC-Series-2.jpg\",\"datePublished\":\"2022-09-28T11:11:35+00:00\",\"dateModified\":\"2026-02-18T16:18:23+00:00\",\"description\":\"Las series MVE SC y XC son almacenes de muestras ligeros para criadores. \u00bfBusca un dewar de almacenamiento a largo plazo para semen, embriones u \u00f3vulos? \u00bfY necesita un dep\u00f3sito port\u00e1til y ligero capaz de almacenar grandes cantidades de pajitas? Si es as\u00ed, las series Standard Capacity (SC) y Extra Capacity (XC) de dewars de aluminio podr\u00edan ser justo lo que necesita.\",\"breadcrumb\":{\"@id\":\"https:\/\/mvebio.com\/es\/nuestros-productos\/criadores-aluminio\/series-mve-sc-y-xc\/#breadcrumb\"},\"inLanguage\":\"es\",\"potentialAction\":[{\"@type\":\"ReadAction\",\"target\":[\"https:\/\/mvebio.com\/es\/nuestros-productos\/criadores-aluminio\/series-mve-sc-y-xc\/\"]}]},{\"@type\":\"ImageObject\",\"inLanguage\":\"es\",\"@id\":\"https:\/\/mvebio.com\/es\/nuestros-productos\/criadores-aluminio\/series-mve-sc-y-xc\/#primaryimage\",\"url\":\"https:\/\/mvebio.com\/wp-content\/uploads\/sites\/4\/2023\/12\/XC-Series-2.jpg\",\"contentUrl\":\"https:\/\/mvebio.com\/wp-content\/uploads\/sites\/4\/2023\/12\/XC-Series-2.jpg\",\"width\":1200,\"height\":562,\"caption\":\"Serie XC\"},{\"@type\":\"BreadcrumbList\",\"@id\":\"https:\/\/mvebio.com\/es\/nuestros-productos\/criadores-aluminio\/series-mve-sc-y-xc\/#breadcrumb\",\"itemListElement\":[{\"@type\":\"ListItem\",\"position\":1,\"name\":\"Inicio\",\"item\":\"https:\/\/mvebio.com\/es\/pagina-de-inicio\/\"},{\"@type\":\"ListItem\",\"position\":2,\"name\":\"Nuestros productos\",\"item\":\"https:\/\/mvebio.com\/es\/nuestros-productos\/\"},{\"@type\":\"ListItem\",\"position\":3,\"name\":\"Criadores (aluminio)\",\"item\":\"https:\/\/mvebio.com\/es\/nuestros-productos\/criadores-aluminio\/\"},{\"@type\":\"ListItem\",\"position\":4,\"name\":\"Series MVE SC y XC\"}]},{\"@type\":\"WebSite\",\"@id\":\"https:\/\/mvebio.com\/es\/#website\",\"url\":\"https:\/\/mvebio.com\/es\/\",\"name\":\"MVE Biological Solutions\",\"description\":\"Cryogenic freezers and dewars\",\"publisher\":{\"@id\":\"https:\/\/mvebio.com\/es\/#organization\"},\"alternateName\":\"MVE Bio\",\"potentialAction\":[{\"@type\":\"SearchAction\",\"target\":{\"@type\":\"EntryPoint\",\"urlTemplate\":\"https:\/\/mvebio.com\/es\/?s={search_term_string}\"},\"query-input\":{\"@type\":\"PropertyValueSpecification\",\"valueRequired\":true,\"valueName\":\"search_term_string\"}}],\"inLanguage\":\"es\"},{\"@type\":\"Organization\",\"@id\":\"https:\/\/mvebio.com\/es\/#organization\",\"name\":\"MVE Biological Solutions\",\"alternateName\":\"MVE Bio\",\"url\":\"https:\/\/mvebio.com\/es\/\",\"logo\":{\"@type\":\"ImageObject\",\"inLanguage\":\"es\",\"@id\":\"https:\/\/mvebio.com\/es\/#\/schema\/logo\/image\/\",\"url\":\"https:\/\/mvebio.com\/wp-content\/uploads\/sites\/4\/2023\/12\/mve-square.png\",\"contentUrl\":\"https:\/\/mvebio.com\/wp-content\/uploads\/sites\/4\/2023\/12\/mve-square.png\",\"width\":1200,\"height\":1200,\"caption\":\"MVE Biological Solutions\"},\"image\":{\"@id\":\"https:\/\/mvebio.com\/es\/#\/schema\/logo\/image\/\"},\"sameAs\":[\"https:\/\/x.com\/MveBioSolutions\",\"https:\/\/www.linkedin.com\/company\/mvebio\/\"]}]}<\/script>\n<!-- \/ Yoast SEO plugin. -->","yoast_head_json":{"title":"Dep\u00f3sitos criog\u00e9nicos para reproductores | Las series MVE SC y XC","description":"Las series MVE SC y XC son almacenes de muestras ligeros para criadores. \u00bfBusca un dewar de almacenamiento a largo plazo para semen, embriones u \u00f3vulos? \u00bfY necesita un dep\u00f3sito port\u00e1til y ligero capaz de almacenar grandes cantidades de pajitas? Si es as\u00ed, las series Standard Capacity (SC) y Extra Capacity (XC) de dewars de aluminio podr\u00edan ser justo lo que necesita.","robots":{"index":"index","follow":"follow","max-snippet":"max-snippet:-1","max-image-preview":"max-image-preview:large","max-video-preview":"max-video-preview:-1"},"canonical":"https:\/\/mvebio.com\/es\/nuestros-productos\/criadores-aluminio\/series-mve-sc-y-xc\/","og_locale":"es_ES","og_type":"article","og_title":"Dep\u00f3sitos criog\u00e9nicos para reproductores | Las series MVE SC y XC","og_description":"Las series MVE SC y XC son almacenes de muestras ligeros para criadores. \u00bfBusca un dewar de almacenamiento a largo plazo para semen, embriones u \u00f3vulos? \u00bfY necesita un dep\u00f3sito port\u00e1til y ligero capaz de almacenar grandes cantidades de pajitas? Si es as\u00ed, las series Standard Capacity (SC) y Extra Capacity (XC) de dewars de aluminio podr\u00edan ser justo lo que necesita.","og_url":"https:\/\/mvebio.com\/es\/nuestros-productos\/criadores-aluminio\/series-mve-sc-y-xc\/","og_site_name":"MVE Biological Solutions","article_modified_time":"2026-02-18T16:18:23+00:00","og_image":[{"width":1200,"height":562,"url":"https:\/\/mvebio.com\/wp-content\/uploads\/sites\/4\/2023\/12\/XC-Series-2.jpg","type":"image\/jpeg"}],"twitter_card":"summary_large_image","twitter_site":"@MveBioSolutions","schema":{"@context":"https:\/\/schema.org","@graph":[{"@type":"WebPage","@id":"https:\/\/mvebio.com\/es\/nuestros-productos\/criadores-aluminio\/series-mve-sc-y-xc\/","url":"https:\/\/mvebio.com\/es\/nuestros-productos\/criadores-aluminio\/series-mve-sc-y-xc\/","name":"Dep\u00f3sitos criog\u00e9nicos para reproductores | Las series MVE SC y XC","isPartOf":{"@id":"https:\/\/mvebio.com\/es\/#website"},"primaryImageOfPage":{"@id":"https:\/\/mvebio.com\/es\/nuestros-productos\/criadores-aluminio\/series-mve-sc-y-xc\/#primaryimage"},"image":{"@id":"https:\/\/mvebio.com\/es\/nuestros-productos\/criadores-aluminio\/series-mve-sc-y-xc\/#primaryimage"},"thumbnailUrl":"https:\/\/mvebio.com\/wp-content\/uploads\/sites\/4\/2023\/12\/XC-Series-2.jpg","datePublished":"2022-09-28T11:11:35+00:00","dateModified":"2026-02-18T16:18:23+00:00","description":"Las series MVE SC y XC son almacenes de muestras ligeros para criadores. \u00bfBusca un dewar de almacenamiento a largo plazo para semen, embriones u \u00f3vulos? \u00bfY necesita un dep\u00f3sito port\u00e1til y ligero capaz de almacenar grandes cantidades de pajitas? Si es as\u00ed, las series Standard Capacity (SC) y Extra Capacity (XC) de dewars de aluminio podr\u00edan ser justo lo que necesita.","breadcrumb":{"@id":"https:\/\/mvebio.com\/es\/nuestros-productos\/criadores-aluminio\/series-mve-sc-y-xc\/#breadcrumb"},"inLanguage":"es","potentialAction":[{"@type":"ReadAction","target":["https:\/\/mvebio.com\/es\/nuestros-productos\/criadores-aluminio\/series-mve-sc-y-xc\/"]}]},{"@type":"ImageObject","inLanguage":"es","@id":"https:\/\/mvebio.com\/es\/nuestros-productos\/criadores-aluminio\/series-mve-sc-y-xc\/#primaryimage","url":"https:\/\/mvebio.com\/wp-content\/uploads\/sites\/4\/2023\/12\/XC-Series-2.jpg","contentUrl":"https:\/\/mvebio.com\/wp-content\/uploads\/sites\/4\/2023\/12\/XC-Series-2.jpg","width":1200,"height":562,"caption":"Serie XC"},{"@type":"BreadcrumbList","@id":"https:\/\/mvebio.com\/es\/nuestros-productos\/criadores-aluminio\/series-mve-sc-y-xc\/#breadcrumb","itemListElement":[{"@type":"ListItem","position":1,"name":"Inicio","item":"https:\/\/mvebio.com\/es\/pagina-de-inicio\/"},{"@type":"ListItem","position":2,"name":"Nuestros productos","item":"https:\/\/mvebio.com\/es\/nuestros-productos\/"},{"@type":"ListItem","position":3,"name":"Criadores (aluminio)","item":"https:\/\/mvebio.com\/es\/nuestros-productos\/criadores-aluminio\/"},{"@type":"ListItem","position":4,"name":"Series MVE SC y XC"}]},{"@type":"WebSite","@id":"https:\/\/mvebio.com\/es\/#website","url":"https:\/\/mvebio.com\/es\/","name":"MVE Biological Solutions","description":"Cryogenic freezers and dewars","publisher":{"@id":"https:\/\/mvebio.com\/es\/#organization"},"alternateName":"MVE Bio","potentialAction":[{"@type":"SearchAction","target":{"@type":"EntryPoint","urlTemplate":"https:\/\/mvebio.com\/es\/?s={search_term_string}"},"query-input":{"@type":"PropertyValueSpecification","valueRequired":true,"valueName":"search_term_string"}}],"inLanguage":"es"},{"@type":"Organization","@id":"https:\/\/mvebio.com\/es\/#organization","name":"MVE Biological Solutions","alternateName":"MVE Bio","url":"https:\/\/mvebio.com\/es\/","logo":{"@type":"ImageObject","inLanguage":"es","@id":"https:\/\/mvebio.com\/es\/#\/schema\/logo\/image\/","url":"https:\/\/mvebio.com\/wp-content\/uploads\/sites\/4\/2023\/12\/mve-square.png","contentUrl":"https:\/\/mvebio.com\/wp-content\/uploads\/sites\/4\/2023\/12\/mve-square.png","width":1200,"height":1200,"caption":"MVE Biological Solutions"},"image":{"@id":"https:\/\/mvebio.com\/es\/#\/schema\/logo\/image\/"},"sameAs":["https:\/\/x.com\/MveBioSolutions","https:\/\/www.linkedin.com\/company\/mvebio\/"]}]}},"_links":{"self":[{"href":"https:\/\/mvebio.com\/es\/wp-json\/wp\/v2\/pages\/11523","targetHints":{"allow":["GET"]}}],"collection":[{"href":"https:\/\/mvebio.com\/es\/wp-json\/wp\/v2\/pages"}],"about":[{"href":"https:\/\/mvebio.com\/es\/wp-json\/wp\/v2\/types\/page"}],"author":[{"embeddable":true,"href":"https:\/\/mvebio.com\/es\/wp-json\/wp\/v2\/users\/1"}],"replies":[{"embeddable":true,"href":"https:\/\/mvebio.com\/es\/wp-json\/wp\/v2\/comments?post=11523"}],"version-history":[{"count":1,"href":"https:\/\/mvebio.com\/es\/wp-json\/wp\/v2\/pages\/11523\/revisions"}],"predecessor-version":[{"id":11529,"href":"https:\/\/mvebio.com\/es\/wp-json\/wp\/v2\/pages\/11523\/revisions\/11529"}],"up":[{"embeddable":true,"href":"https:\/\/mvebio.com\/es\/wp-json\/wp\/v2\/pages\/11520"}],"wp:featuredmedia":[{"embeddable":true,"href":"https:\/\/mvebio.com\/es\/wp-json\/wp\/v2\/media\/10617"}],"wp:attachment":[{"href":"https:\/\/mvebio.com\/es\/wp-json\/wp\/v2\/media?parent=11523"}],"curies":[{"name":"wp","href":"https:\/\/api.w.org\/{rel}","templated":true}]}}