{"id":11505,"date":"2023-03-30T11:07:53","date_gmt":"2023-03-30T10:07:53","guid":{"rendered":"https:\/\/mvebio.com\/mve-serie-et\/"},"modified":"2026-02-18T10:46:18","modified_gmt":"2026-02-18T15:46:18","slug":"mve-serie-et","status":"publish","type":"page","link":"https:\/\/mvebio.com\/es\/nuestros-productos\/criadores-aluminio\/mve-serie-et\/","title":{"rendered":"MVE Serie ET"},"content":{"rendered":"","protected":false},"excerpt":{"rendered":"<p>Presentamos nuestro dewar global de bajo coste, que incorpora el dise\u00f1o y la mano de obra de calidad de la marca MVE.<\/p>\n","protected":false},"author":1,"featured_media":10658,"parent":11520,"menu_order":0,"comment_status":"closed","ping_status":"closed","template":"","meta":{"_acf_changed":false,"footnotes":""},"class_list":["post-11505","page","type-page","status-publish","has-post-thumbnail","hentry"],"acf":[],"yoast_head":"<!-- This site is optimized with the Yoast SEO plugin v27.4 - https:\/\/yoast.com\/product\/yoast-seo-wordpress\/ -->\n<title>MVE Serie ET - MVE Biological Solutions<\/title>\n<meta name=\"description\" content=\"Los expertos en dise\u00f1o de MVE han creado ahora una gama de dewars econ\u00f3micos y rentables espec\u00edficamente para su uso en granjas, y dise\u00f1ados pensando en el t\u00e9cnico de inseminaci\u00f3n artificial. Cada componente ha sido dise\u00f1ado con precisi\u00f3n para producir un tanque de semen global de bajo coste, mientras que la calidad constante se ha mantenido al m\u00e1s alto nivel para que la serie lleve el nombre de MVE.\" \/>\n<meta name=\"robots\" content=\"index, follow, max-snippet:-1, max-image-preview:large, max-video-preview:-1\" \/>\n<link rel=\"canonical\" href=\"https:\/\/mvebio.com\/es\/nuestros-productos\/criadores-aluminio\/mve-serie-et\/\" \/>\n<meta property=\"og:locale\" content=\"es_ES\" \/>\n<meta property=\"og:type\" content=\"article\" \/>\n<meta property=\"og:title\" content=\"MVE Serie ET - MVE Biological Solutions\" \/>\n<meta property=\"og:description\" content=\"Los expertos en dise\u00f1o de MVE han creado ahora una gama de dewars econ\u00f3micos y rentables espec\u00edficamente para su uso en granjas, y dise\u00f1ados pensando en el t\u00e9cnico de inseminaci\u00f3n artificial. Cada componente ha sido dise\u00f1ado con precisi\u00f3n para producir un tanque de semen global de bajo coste, mientras que la calidad constante se ha mantenido al m\u00e1s alto nivel para que la serie lleve el nombre de MVE.\" \/>\n<meta property=\"og:url\" content=\"https:\/\/mvebio.com\/es\/nuestros-productos\/criadores-aluminio\/mve-serie-et\/\" \/>\n<meta property=\"og:site_name\" content=\"MVE Biological Solutions\" \/>\n<meta property=\"article:modified_time\" content=\"2026-02-18T15:46:18+00:00\" \/>\n<meta property=\"og:image\" content=\"https:\/\/mvebio.com\/wp-content\/uploads\/sites\/4\/2023\/12\/group-ET-tanks-scaled-feature.jpg\" \/>\n\t<meta property=\"og:image:width\" content=\"1200\" \/>\n\t<meta property=\"og:image:height\" content=\"563\" \/>\n\t<meta property=\"og:image:type\" content=\"image\/jpeg\" \/>\n<meta name=\"twitter:card\" content=\"summary_large_image\" \/>\n<meta name=\"twitter:site\" content=\"@MveBioSolutions\" \/>\n<script type=\"application\/ld+json\" class=\"yoast-schema-graph\">{\"@context\":\"https:\\\/\\\/schema.org\",\"@graph\":[{\"@type\":\"WebPage\",\"@id\":\"https:\\\/\\\/mvebio.com\\\/es\\\/nuestros-productos\\\/criadores-aluminio\\\/mve-serie-et\\\/\",\"url\":\"https:\\\/\\\/mvebio.com\\\/es\\\/nuestros-productos\\\/criadores-aluminio\\\/mve-serie-et\\\/\",\"name\":\"MVE Serie ET - MVE Biological Solutions\",\"isPartOf\":{\"@id\":\"https:\\\/\\\/mvebio.com\\\/es\\\/#website\"},\"primaryImageOfPage\":{\"@id\":\"https:\\\/\\\/mvebio.com\\\/es\\\/nuestros-productos\\\/criadores-aluminio\\\/mve-serie-et\\\/#primaryimage\"},\"image\":{\"@id\":\"https:\\\/\\\/mvebio.com\\\/es\\\/nuestros-productos\\\/criadores-aluminio\\\/mve-serie-et\\\/#primaryimage\"},\"thumbnailUrl\":\"https:\\\/\\\/mvebio.com\\\/wp-content\\\/uploads\\\/sites\\\/4\\\/2023\\\/12\\\/group-ET-tanks-scaled-feature.jpg\",\"datePublished\":\"2023-03-30T10:07:53+00:00\",\"dateModified\":\"2026-02-18T15:46:18+00:00\",\"description\":\"Los expertos en dise\u00f1o de MVE han creado ahora una gama de dewars econ\u00f3micos y rentables espec\u00edficamente para su uso en granjas, y dise\u00f1ados pensando en el t\u00e9cnico de inseminaci\u00f3n artificial. Cada componente ha sido dise\u00f1ado con precisi\u00f3n para producir un tanque de semen global de bajo coste, mientras que la calidad constante se ha mantenido al m\u00e1s alto nivel para que la serie lleve el nombre de MVE.\",\"breadcrumb\":{\"@id\":\"https:\\\/\\\/mvebio.com\\\/es\\\/nuestros-productos\\\/criadores-aluminio\\\/mve-serie-et\\\/#breadcrumb\"},\"inLanguage\":\"es\",\"potentialAction\":[{\"@type\":\"ReadAction\",\"target\":[\"https:\\\/\\\/mvebio.com\\\/es\\\/nuestros-productos\\\/criadores-aluminio\\\/mve-serie-et\\\/\"]}]},{\"@type\":\"ImageObject\",\"inLanguage\":\"es\",\"@id\":\"https:\\\/\\\/mvebio.com\\\/es\\\/nuestros-productos\\\/criadores-aluminio\\\/mve-serie-et\\\/#primaryimage\",\"url\":\"https:\\\/\\\/mvebio.com\\\/wp-content\\\/uploads\\\/sites\\\/4\\\/2023\\\/12\\\/group-ET-tanks-scaled-feature.jpg\",\"contentUrl\":\"https:\\\/\\\/mvebio.com\\\/wp-content\\\/uploads\\\/sites\\\/4\\\/2023\\\/12\\\/group-ET-tanks-scaled-feature.jpg\",\"width\":1200,\"height\":563,\"caption\":\"Tanques ET\"},{\"@type\":\"BreadcrumbList\",\"@id\":\"https:\\\/\\\/mvebio.com\\\/es\\\/nuestros-productos\\\/criadores-aluminio\\\/mve-serie-et\\\/#breadcrumb\",\"itemListElement\":[{\"@type\":\"ListItem\",\"position\":1,\"name\":\"Inicio\",\"item\":\"https:\\\/\\\/mvebio.com\\\/es\\\/pagina-de-inicio\\\/\"},{\"@type\":\"ListItem\",\"position\":2,\"name\":\"Nuestros productos\",\"item\":\"https:\\\/\\\/mvebio.com\\\/es\\\/nuestros-productos\\\/\"},{\"@type\":\"ListItem\",\"position\":3,\"name\":\"Criadores (aluminio)\",\"item\":\"https:\\\/\\\/mvebio.com\\\/es\\\/nuestros-productos\\\/criadores-aluminio\\\/\"},{\"@type\":\"ListItem\",\"position\":4,\"name\":\"MVE Serie ET\"}]},{\"@type\":\"WebSite\",\"@id\":\"https:\\\/\\\/mvebio.com\\\/es\\\/#website\",\"url\":\"https:\\\/\\\/mvebio.com\\\/es\\\/\",\"name\":\"MVE Biological Solutions\",\"description\":\"Cryogenic freezers and dewars\",\"publisher\":{\"@id\":\"https:\\\/\\\/mvebio.com\\\/es\\\/#organization\"},\"alternateName\":\"MVE Bio\",\"potentialAction\":[{\"@type\":\"SearchAction\",\"target\":{\"@type\":\"EntryPoint\",\"urlTemplate\":\"https:\\\/\\\/mvebio.com\\\/es\\\/?s={search_term_string}\"},\"query-input\":{\"@type\":\"PropertyValueSpecification\",\"valueRequired\":true,\"valueName\":\"search_term_string\"}}],\"inLanguage\":\"es\"},{\"@type\":\"Organization\",\"@id\":\"https:\\\/\\\/mvebio.com\\\/es\\\/#organization\",\"name\":\"MVE Biological Solutions\",\"alternateName\":\"MVE Bio\",\"url\":\"https:\\\/\\\/mvebio.com\\\/es\\\/\",\"logo\":{\"@type\":\"ImageObject\",\"inLanguage\":\"es\",\"@id\":\"https:\\\/\\\/mvebio.com\\\/es\\\/#\\\/schema\\\/logo\\\/image\\\/\",\"url\":\"https:\\\/\\\/mvebio.com\\\/wp-content\\\/uploads\\\/sites\\\/4\\\/2023\\\/12\\\/mve-square.png\",\"contentUrl\":\"https:\\\/\\\/mvebio.com\\\/wp-content\\\/uploads\\\/sites\\\/4\\\/2023\\\/12\\\/mve-square.png\",\"width\":1200,\"height\":1200,\"caption\":\"MVE Biological Solutions\"},\"image\":{\"@id\":\"https:\\\/\\\/mvebio.com\\\/es\\\/#\\\/schema\\\/logo\\\/image\\\/\"},\"sameAs\":[\"https:\\\/\\\/x.com\\\/MveBioSolutions\",\"https:\\\/\\\/www.linkedin.com\\\/company\\\/mvebio\\\/\"]}]}<\/script>\n<!-- \/ Yoast SEO plugin. -->","yoast_head_json":{"title":"MVE Serie ET - MVE Biological Solutions","description":"Los expertos en dise\u00f1o de MVE han creado ahora una gama de dewars econ\u00f3micos y rentables espec\u00edficamente para su uso en granjas, y dise\u00f1ados pensando en el t\u00e9cnico de inseminaci\u00f3n artificial. Cada componente ha sido dise\u00f1ado con precisi\u00f3n para producir un tanque de semen global de bajo coste, mientras que la calidad constante se ha mantenido al m\u00e1s alto nivel para que la serie lleve el nombre de MVE.","robots":{"index":"index","follow":"follow","max-snippet":"max-snippet:-1","max-image-preview":"max-image-preview:large","max-video-preview":"max-video-preview:-1"},"canonical":"https:\/\/mvebio.com\/es\/nuestros-productos\/criadores-aluminio\/mve-serie-et\/","og_locale":"es_ES","og_type":"article","og_title":"MVE Serie ET - MVE Biological Solutions","og_description":"Los expertos en dise\u00f1o de MVE han creado ahora una gama de dewars econ\u00f3micos y rentables espec\u00edficamente para su uso en granjas, y dise\u00f1ados pensando en el t\u00e9cnico de inseminaci\u00f3n artificial. Cada componente ha sido dise\u00f1ado con precisi\u00f3n para producir un tanque de semen global de bajo coste, mientras que la calidad constante se ha mantenido al m\u00e1s alto nivel para que la serie lleve el nombre de MVE.","og_url":"https:\/\/mvebio.com\/es\/nuestros-productos\/criadores-aluminio\/mve-serie-et\/","og_site_name":"MVE Biological Solutions","article_modified_time":"2026-02-18T15:46:18+00:00","og_image":[{"width":1200,"height":563,"url":"https:\/\/mvebio.com\/wp-content\/uploads\/sites\/4\/2023\/12\/group-ET-tanks-scaled-feature.jpg","type":"image\/jpeg"}],"twitter_card":"summary_large_image","twitter_site":"@MveBioSolutions","schema":{"@context":"https:\/\/schema.org","@graph":[{"@type":"WebPage","@id":"https:\/\/mvebio.com\/es\/nuestros-productos\/criadores-aluminio\/mve-serie-et\/","url":"https:\/\/mvebio.com\/es\/nuestros-productos\/criadores-aluminio\/mve-serie-et\/","name":"MVE Serie ET - MVE Biological Solutions","isPartOf":{"@id":"https:\/\/mvebio.com\/es\/#website"},"primaryImageOfPage":{"@id":"https:\/\/mvebio.com\/es\/nuestros-productos\/criadores-aluminio\/mve-serie-et\/#primaryimage"},"image":{"@id":"https:\/\/mvebio.com\/es\/nuestros-productos\/criadores-aluminio\/mve-serie-et\/#primaryimage"},"thumbnailUrl":"https:\/\/mvebio.com\/wp-content\/uploads\/sites\/4\/2023\/12\/group-ET-tanks-scaled-feature.jpg","datePublished":"2023-03-30T10:07:53+00:00","dateModified":"2026-02-18T15:46:18+00:00","description":"Los expertos en dise\u00f1o de MVE han creado ahora una gama de dewars econ\u00f3micos y rentables espec\u00edficamente para su uso en granjas, y dise\u00f1ados pensando en el t\u00e9cnico de inseminaci\u00f3n artificial. Cada componente ha sido dise\u00f1ado con precisi\u00f3n para producir un tanque de semen global de bajo coste, mientras que la calidad constante se ha mantenido al m\u00e1s alto nivel para que la serie lleve el nombre de MVE.","breadcrumb":{"@id":"https:\/\/mvebio.com\/es\/nuestros-productos\/criadores-aluminio\/mve-serie-et\/#breadcrumb"},"inLanguage":"es","potentialAction":[{"@type":"ReadAction","target":["https:\/\/mvebio.com\/es\/nuestros-productos\/criadores-aluminio\/mve-serie-et\/"]}]},{"@type":"ImageObject","inLanguage":"es","@id":"https:\/\/mvebio.com\/es\/nuestros-productos\/criadores-aluminio\/mve-serie-et\/#primaryimage","url":"https:\/\/mvebio.com\/wp-content\/uploads\/sites\/4\/2023\/12\/group-ET-tanks-scaled-feature.jpg","contentUrl":"https:\/\/mvebio.com\/wp-content\/uploads\/sites\/4\/2023\/12\/group-ET-tanks-scaled-feature.jpg","width":1200,"height":563,"caption":"Tanques ET"},{"@type":"BreadcrumbList","@id":"https:\/\/mvebio.com\/es\/nuestros-productos\/criadores-aluminio\/mve-serie-et\/#breadcrumb","itemListElement":[{"@type":"ListItem","position":1,"name":"Inicio","item":"https:\/\/mvebio.com\/es\/pagina-de-inicio\/"},{"@type":"ListItem","position":2,"name":"Nuestros productos","item":"https:\/\/mvebio.com\/es\/nuestros-productos\/"},{"@type":"ListItem","position":3,"name":"Criadores (aluminio)","item":"https:\/\/mvebio.com\/es\/nuestros-productos\/criadores-aluminio\/"},{"@type":"ListItem","position":4,"name":"MVE Serie ET"}]},{"@type":"WebSite","@id":"https:\/\/mvebio.com\/es\/#website","url":"https:\/\/mvebio.com\/es\/","name":"MVE Biological Solutions","description":"Cryogenic freezers and dewars","publisher":{"@id":"https:\/\/mvebio.com\/es\/#organization"},"alternateName":"MVE Bio","potentialAction":[{"@type":"SearchAction","target":{"@type":"EntryPoint","urlTemplate":"https:\/\/mvebio.com\/es\/?s={search_term_string}"},"query-input":{"@type":"PropertyValueSpecification","valueRequired":true,"valueName":"search_term_string"}}],"inLanguage":"es"},{"@type":"Organization","@id":"https:\/\/mvebio.com\/es\/#organization","name":"MVE Biological Solutions","alternateName":"MVE Bio","url":"https:\/\/mvebio.com\/es\/","logo":{"@type":"ImageObject","inLanguage":"es","@id":"https:\/\/mvebio.com\/es\/#\/schema\/logo\/image\/","url":"https:\/\/mvebio.com\/wp-content\/uploads\/sites\/4\/2023\/12\/mve-square.png","contentUrl":"https:\/\/mvebio.com\/wp-content\/uploads\/sites\/4\/2023\/12\/mve-square.png","width":1200,"height":1200,"caption":"MVE Biological Solutions"},"image":{"@id":"https:\/\/mvebio.com\/es\/#\/schema\/logo\/image\/"},"sameAs":["https:\/\/x.com\/MveBioSolutions","https:\/\/www.linkedin.com\/company\/mvebio\/"]}]}},"_links":{"self":[{"href":"https:\/\/mvebio.com\/es\/wp-json\/wp\/v2\/pages\/11505","targetHints":{"allow":["GET"]}}],"collection":[{"href":"https:\/\/mvebio.com\/es\/wp-json\/wp\/v2\/pages"}],"about":[{"href":"https:\/\/mvebio.com\/es\/wp-json\/wp\/v2\/types\/page"}],"author":[{"embeddable":true,"href":"https:\/\/mvebio.com\/es\/wp-json\/wp\/v2\/users\/1"}],"replies":[{"embeddable":true,"href":"https:\/\/mvebio.com\/es\/wp-json\/wp\/v2\/comments?post=11505"}],"version-history":[{"count":1,"href":"https:\/\/mvebio.com\/es\/wp-json\/wp\/v2\/pages\/11505\/revisions"}],"predecessor-version":[{"id":11522,"href":"https:\/\/mvebio.com\/es\/wp-json\/wp\/v2\/pages\/11505\/revisions\/11522"}],"up":[{"embeddable":true,"href":"https:\/\/mvebio.com\/es\/wp-json\/wp\/v2\/pages\/11520"}],"wp:featuredmedia":[{"embeddable":true,"href":"https:\/\/mvebio.com\/es\/wp-json\/wp\/v2\/media\/10658"}],"wp:attachment":[{"href":"https:\/\/mvebio.com\/es\/wp-json\/wp\/v2\/media?parent=11505"}],"curies":[{"name":"wp","href":"https:\/\/api.w.org\/{rel}","templated":true}]}}