{"id":11503,"date":"2023-03-30T10:25:25","date_gmt":"2023-03-30T09:25:25","guid":{"rendered":"https:\/\/mvebio.com\/familia-de-empresas-cryoport\/"},"modified":"2026-02-18T11:17:15","modified_gmt":"2026-02-18T16:17:15","slug":"familia-de-empresas-cryoport","status":"publish","type":"page","link":"https:\/\/mvebio.com\/es\/quienes-somos\/familia-de-empresas-cryoport\/","title":{"rendered":"Familia de empresas Cryoport"},"content":{"rendered":"","protected":false},"excerpt":{"rendered":"","protected":false},"author":1,"featured_media":0,"parent":11515,"menu_order":0,"comment_status":"closed","ping_status":"closed","template":"","meta":{"_acf_changed":false,"footnotes":""},"class_list":["post-11503","page","type-page","status-publish","hentry"],"acf":[],"yoast_head":"<!-- This site is optimized with the Yoast SEO plugin v27.2 - https:\/\/yoast.com\/product\/yoast-seo-wordpress\/ -->\n<title>Familia de empresas Cryoport - MVE Biological Solutions<\/title>\n<meta name=\"description\" content=\"Cryoport, Inc. es l\u00edder en soluciones de cadena de suministro a temperatura controlada para la industria de las ciencias de la vida. A trav\u00e9s de sus filiales l\u00edderes en el sector - Cryoport Systems, MVE Biological Solutions y CRYOGENE - la empresa proporciona una plataforma en constante evoluci\u00f3n de productos y soluciones cr\u00edticos que incluyen envasado avanzado, inform\u00e1tica, servicios log\u00edsticos especializados, servicios de bioalmacenamiento y equipos criog\u00e9nicos.\" \/>\n<meta name=\"robots\" content=\"index, follow, max-snippet:-1, max-image-preview:large, max-video-preview:-1\" \/>\n<link rel=\"canonical\" href=\"https:\/\/mvebio.com\/es\/quienes-somos\/familia-de-empresas-cryoport\/\" \/>\n<meta property=\"og:locale\" content=\"es_ES\" \/>\n<meta property=\"og:type\" content=\"article\" \/>\n<meta property=\"og:title\" content=\"Familia de empresas Cryoport - MVE Biological Solutions\" \/>\n<meta property=\"og:description\" content=\"Cryoport, Inc. es l\u00edder en soluciones de cadena de suministro a temperatura controlada para la industria de las ciencias de la vida. A trav\u00e9s de sus filiales l\u00edderes en el sector - Cryoport Systems, MVE Biological Solutions y CRYOGENE - la empresa proporciona una plataforma en constante evoluci\u00f3n de productos y soluciones cr\u00edticos que incluyen envasado avanzado, inform\u00e1tica, servicios log\u00edsticos especializados, servicios de bioalmacenamiento y equipos criog\u00e9nicos.\" \/>\n<meta property=\"og:url\" content=\"https:\/\/mvebio.com\/es\/quienes-somos\/familia-de-empresas-cryoport\/\" \/>\n<meta property=\"og:site_name\" content=\"MVE Biological Solutions\" \/>\n<meta property=\"article:modified_time\" content=\"2026-02-18T16:17:15+00:00\" \/>\n<meta property=\"og:image\" content=\"https:\/\/mvebio.com\/wp-content\/uploads\/sites\/4\/2023\/12\/mve-seo.png\" \/>\n\t<meta property=\"og:image:width\" content=\"1200\" \/>\n\t<meta property=\"og:image:height\" content=\"675\" \/>\n\t<meta property=\"og:image:type\" content=\"image\/png\" \/>\n<meta name=\"twitter:card\" content=\"summary_large_image\" \/>\n<meta name=\"twitter:site\" content=\"@MveBioSolutions\" \/>\n<script type=\"application\/ld+json\" class=\"yoast-schema-graph\">{\"@context\":\"https:\/\/schema.org\",\"@graph\":[{\"@type\":\"WebPage\",\"@id\":\"https:\/\/mvebio.com\/es\/quienes-somos\/familia-de-empresas-cryoport\/\",\"url\":\"https:\/\/mvebio.com\/es\/quienes-somos\/familia-de-empresas-cryoport\/\",\"name\":\"Familia de empresas Cryoport - MVE Biological Solutions\",\"isPartOf\":{\"@id\":\"https:\/\/mvebio.com\/es\/#website\"},\"datePublished\":\"2023-03-30T09:25:25+00:00\",\"dateModified\":\"2026-02-18T16:17:15+00:00\",\"description\":\"Cryoport, Inc. es l\u00edder en soluciones de cadena de suministro a temperatura controlada para la industria de las ciencias de la vida. A trav\u00e9s de sus filiales l\u00edderes en el sector - Cryoport Systems, MVE Biological Solutions y CRYOGENE - la empresa proporciona una plataforma en constante evoluci\u00f3n de productos y soluciones cr\u00edticos que incluyen envasado avanzado, inform\u00e1tica, servicios log\u00edsticos especializados, servicios de bioalmacenamiento y equipos criog\u00e9nicos.\",\"breadcrumb\":{\"@id\":\"https:\/\/mvebio.com\/es\/quienes-somos\/familia-de-empresas-cryoport\/#breadcrumb\"},\"inLanguage\":\"es\",\"potentialAction\":[{\"@type\":\"ReadAction\",\"target\":[\"https:\/\/mvebio.com\/es\/quienes-somos\/familia-de-empresas-cryoport\/\"]}]},{\"@type\":\"BreadcrumbList\",\"@id\":\"https:\/\/mvebio.com\/es\/quienes-somos\/familia-de-empresas-cryoport\/#breadcrumb\",\"itemListElement\":[{\"@type\":\"ListItem\",\"position\":1,\"name\":\"Inicio\",\"item\":\"https:\/\/mvebio.com\/es\/pagina-de-inicio\/\"},{\"@type\":\"ListItem\",\"position\":2,\"name\":\"Qui\u00e9nes somos\",\"item\":\"https:\/\/mvebio.com\/es\/quienes-somos\/\"},{\"@type\":\"ListItem\",\"position\":3,\"name\":\"Familia de empresas Cryoport\"}]},{\"@type\":\"WebSite\",\"@id\":\"https:\/\/mvebio.com\/es\/#website\",\"url\":\"https:\/\/mvebio.com\/es\/\",\"name\":\"MVE Biological Solutions\",\"description\":\"Cryogenic freezers and dewars\",\"publisher\":{\"@id\":\"https:\/\/mvebio.com\/es\/#organization\"},\"alternateName\":\"MVE Bio\",\"potentialAction\":[{\"@type\":\"SearchAction\",\"target\":{\"@type\":\"EntryPoint\",\"urlTemplate\":\"https:\/\/mvebio.com\/es\/?s={search_term_string}\"},\"query-input\":{\"@type\":\"PropertyValueSpecification\",\"valueRequired\":true,\"valueName\":\"search_term_string\"}}],\"inLanguage\":\"es\"},{\"@type\":\"Organization\",\"@id\":\"https:\/\/mvebio.com\/es\/#organization\",\"name\":\"MVE Biological Solutions\",\"alternateName\":\"MVE Bio\",\"url\":\"https:\/\/mvebio.com\/es\/\",\"logo\":{\"@type\":\"ImageObject\",\"inLanguage\":\"es\",\"@id\":\"https:\/\/mvebio.com\/es\/#\/schema\/logo\/image\/\",\"url\":\"https:\/\/mvebio.com\/wp-content\/uploads\/sites\/4\/2023\/12\/mve-square.png\",\"contentUrl\":\"https:\/\/mvebio.com\/wp-content\/uploads\/sites\/4\/2023\/12\/mve-square.png\",\"width\":1200,\"height\":1200,\"caption\":\"MVE Biological Solutions\"},\"image\":{\"@id\":\"https:\/\/mvebio.com\/es\/#\/schema\/logo\/image\/\"},\"sameAs\":[\"https:\/\/x.com\/MveBioSolutions\",\"https:\/\/www.linkedin.com\/company\/mvebio\/\"]}]}<\/script>\n<!-- \/ Yoast SEO plugin. -->","yoast_head_json":{"title":"Familia de empresas Cryoport - MVE Biological Solutions","description":"Cryoport, Inc. es l\u00edder en soluciones de cadena de suministro a temperatura controlada para la industria de las ciencias de la vida. A trav\u00e9s de sus filiales l\u00edderes en el sector - Cryoport Systems, MVE Biological Solutions y CRYOGENE - la empresa proporciona una plataforma en constante evoluci\u00f3n de productos y soluciones cr\u00edticos que incluyen envasado avanzado, inform\u00e1tica, servicios log\u00edsticos especializados, servicios de bioalmacenamiento y equipos criog\u00e9nicos.","robots":{"index":"index","follow":"follow","max-snippet":"max-snippet:-1","max-image-preview":"max-image-preview:large","max-video-preview":"max-video-preview:-1"},"canonical":"https:\/\/mvebio.com\/es\/quienes-somos\/familia-de-empresas-cryoport\/","og_locale":"es_ES","og_type":"article","og_title":"Familia de empresas Cryoport - MVE Biological Solutions","og_description":"Cryoport, Inc. es l\u00edder en soluciones de cadena de suministro a temperatura controlada para la industria de las ciencias de la vida. A trav\u00e9s de sus filiales l\u00edderes en el sector - Cryoport Systems, MVE Biological Solutions y CRYOGENE - la empresa proporciona una plataforma en constante evoluci\u00f3n de productos y soluciones cr\u00edticos que incluyen envasado avanzado, inform\u00e1tica, servicios log\u00edsticos especializados, servicios de bioalmacenamiento y equipos criog\u00e9nicos.","og_url":"https:\/\/mvebio.com\/es\/quienes-somos\/familia-de-empresas-cryoport\/","og_site_name":"MVE Biological Solutions","article_modified_time":"2026-02-18T16:17:15+00:00","og_image":[{"width":1200,"height":675,"url":"https:\/\/mvebio.com\/wp-content\/uploads\/sites\/4\/2023\/12\/mve-seo.png","type":"image\/png"}],"twitter_card":"summary_large_image","twitter_site":"@MveBioSolutions","schema":{"@context":"https:\/\/schema.org","@graph":[{"@type":"WebPage","@id":"https:\/\/mvebio.com\/es\/quienes-somos\/familia-de-empresas-cryoport\/","url":"https:\/\/mvebio.com\/es\/quienes-somos\/familia-de-empresas-cryoport\/","name":"Familia de empresas Cryoport - MVE Biological Solutions","isPartOf":{"@id":"https:\/\/mvebio.com\/es\/#website"},"datePublished":"2023-03-30T09:25:25+00:00","dateModified":"2026-02-18T16:17:15+00:00","description":"Cryoport, Inc. es l\u00edder en soluciones de cadena de suministro a temperatura controlada para la industria de las ciencias de la vida. A trav\u00e9s de sus filiales l\u00edderes en el sector - Cryoport Systems, MVE Biological Solutions y CRYOGENE - la empresa proporciona una plataforma en constante evoluci\u00f3n de productos y soluciones cr\u00edticos que incluyen envasado avanzado, inform\u00e1tica, servicios log\u00edsticos especializados, servicios de bioalmacenamiento y equipos criog\u00e9nicos.","breadcrumb":{"@id":"https:\/\/mvebio.com\/es\/quienes-somos\/familia-de-empresas-cryoport\/#breadcrumb"},"inLanguage":"es","potentialAction":[{"@type":"ReadAction","target":["https:\/\/mvebio.com\/es\/quienes-somos\/familia-de-empresas-cryoport\/"]}]},{"@type":"BreadcrumbList","@id":"https:\/\/mvebio.com\/es\/quienes-somos\/familia-de-empresas-cryoport\/#breadcrumb","itemListElement":[{"@type":"ListItem","position":1,"name":"Inicio","item":"https:\/\/mvebio.com\/es\/pagina-de-inicio\/"},{"@type":"ListItem","position":2,"name":"Qui\u00e9nes somos","item":"https:\/\/mvebio.com\/es\/quienes-somos\/"},{"@type":"ListItem","position":3,"name":"Familia de empresas Cryoport"}]},{"@type":"WebSite","@id":"https:\/\/mvebio.com\/es\/#website","url":"https:\/\/mvebio.com\/es\/","name":"MVE Biological Solutions","description":"Cryogenic freezers and dewars","publisher":{"@id":"https:\/\/mvebio.com\/es\/#organization"},"alternateName":"MVE Bio","potentialAction":[{"@type":"SearchAction","target":{"@type":"EntryPoint","urlTemplate":"https:\/\/mvebio.com\/es\/?s={search_term_string}"},"query-input":{"@type":"PropertyValueSpecification","valueRequired":true,"valueName":"search_term_string"}}],"inLanguage":"es"},{"@type":"Organization","@id":"https:\/\/mvebio.com\/es\/#organization","name":"MVE Biological Solutions","alternateName":"MVE Bio","url":"https:\/\/mvebio.com\/es\/","logo":{"@type":"ImageObject","inLanguage":"es","@id":"https:\/\/mvebio.com\/es\/#\/schema\/logo\/image\/","url":"https:\/\/mvebio.com\/wp-content\/uploads\/sites\/4\/2023\/12\/mve-square.png","contentUrl":"https:\/\/mvebio.com\/wp-content\/uploads\/sites\/4\/2023\/12\/mve-square.png","width":1200,"height":1200,"caption":"MVE Biological Solutions"},"image":{"@id":"https:\/\/mvebio.com\/es\/#\/schema\/logo\/image\/"},"sameAs":["https:\/\/x.com\/MveBioSolutions","https:\/\/www.linkedin.com\/company\/mvebio\/"]}]}},"_links":{"self":[{"href":"https:\/\/mvebio.com\/es\/wp-json\/wp\/v2\/pages\/11503","targetHints":{"allow":["GET"]}}],"collection":[{"href":"https:\/\/mvebio.com\/es\/wp-json\/wp\/v2\/pages"}],"about":[{"href":"https:\/\/mvebio.com\/es\/wp-json\/wp\/v2\/types\/page"}],"author":[{"embeddable":true,"href":"https:\/\/mvebio.com\/es\/wp-json\/wp\/v2\/users\/1"}],"replies":[{"embeddable":true,"href":"https:\/\/mvebio.com\/es\/wp-json\/wp\/v2\/comments?post=11503"}],"version-history":[{"count":1,"href":"https:\/\/mvebio.com\/es\/wp-json\/wp\/v2\/pages\/11503\/revisions"}],"predecessor-version":[{"id":11516,"href":"https:\/\/mvebio.com\/es\/wp-json\/wp\/v2\/pages\/11503\/revisions\/11516"}],"up":[{"embeddable":true,"href":"https:\/\/mvebio.com\/es\/wp-json\/wp\/v2\/pages\/11515"}],"wp:attachment":[{"href":"https:\/\/mvebio.com\/es\/wp-json\/wp\/v2\/media?parent=11503"}],"curies":[{"name":"wp","href":"https:\/\/api.w.org\/{rel}","templated":true}]}}