{"id":11489,"date":"2023-03-30T11:07:35","date_gmt":"2023-03-30T10:07:35","guid":{"rendered":"https:\/\/mvebio.com\/serie-mve-doble\/"},"modified":"2026-02-18T10:43:14","modified_gmt":"2026-02-18T15:43:14","slug":"serie-mve-doble","status":"publish","type":"page","link":"https:\/\/mvebio.com\/es\/nuestros-productos\/criadores-aluminio\/serie-mve-doble\/","title":{"rendered":"Serie MVE Doble"},"content":{"rendered":"","protected":false},"excerpt":{"rendered":"<p>Env\u00edo criog\u00e9nico y almacenamiento de muestras l\u00edquidas en un c\u00f3modo dewar<\/p>\n","protected":false},"author":1,"featured_media":10609,"parent":11520,"menu_order":0,"comment_status":"closed","ping_status":"closed","template":"","meta":{"_acf_changed":false,"footnotes":""},"class_list":["post-11489","page","type-page","status-publish","has-post-thumbnail","hentry"],"acf":[],"yoast_head":"<!-- This site is optimized with the Yoast SEO plugin v27.2 - https:\/\/yoast.com\/product\/yoast-seo-wordpress\/ -->\n<title>Serie MVE Doble - MVE Biological Solutions<\/title>\n<meta name=\"description\" content=\"Si trabaja en la cr\u00eda de animales y necesita transportar semen, embriones o muestras de criadores, este innovador dewar le proporcionar\u00e1 un transporte criog\u00e9nico seguro. La serie Doble est\u00e1 dise\u00f1ada para aprovechar la tecnolog\u00eda de env\u00edo de vapores para enviar inicialmente su gen\u00e9tica al lugar de destino y, una vez in situ, puede utilizarse como dep\u00f3sito de almacenamiento de muestras est\u00e1ndar. Lo mejor de todo es que con la serie MVE Doble no perder\u00e1 ni un momento de su valioso tiempo. Porque sus muestras cr\u00edticas pueden estar listas para el env\u00edo en menos de dos horas*.\" \/>\n<meta name=\"robots\" content=\"index, follow, max-snippet:-1, max-image-preview:large, max-video-preview:-1\" \/>\n<link rel=\"canonical\" href=\"https:\/\/mvebio.com\/es\/nuestros-productos\/criadores-aluminio\/serie-mve-doble\/\" \/>\n<meta property=\"og:locale\" content=\"es_ES\" \/>\n<meta property=\"og:type\" content=\"article\" \/>\n<meta property=\"og:title\" content=\"Serie MVE Doble - MVE Biological Solutions\" \/>\n<meta property=\"og:description\" content=\"Si trabaja en la cr\u00eda de animales y necesita transportar semen, embriones o muestras de criadores, este innovador dewar le proporcionar\u00e1 un transporte criog\u00e9nico seguro. La serie Doble est\u00e1 dise\u00f1ada para aprovechar la tecnolog\u00eda de env\u00edo de vapores para enviar inicialmente su gen\u00e9tica al lugar de destino y, una vez in situ, puede utilizarse como dep\u00f3sito de almacenamiento de muestras est\u00e1ndar. Lo mejor de todo es que con la serie MVE Doble no perder\u00e1 ni un momento de su valioso tiempo. Porque sus muestras cr\u00edticas pueden estar listas para el env\u00edo en menos de dos horas*.\" \/>\n<meta property=\"og:url\" content=\"https:\/\/mvebio.com\/es\/nuestros-productos\/criadores-aluminio\/serie-mve-doble\/\" \/>\n<meta property=\"og:site_name\" content=\"MVE Biological Solutions\" \/>\n<meta property=\"article:modified_time\" content=\"2026-02-18T15:43:14+00:00\" \/>\n<meta property=\"og:image\" content=\"https:\/\/mvebio.com\/wp-content\/uploads\/sites\/4\/2023\/12\/Doble-Series-1.jpg\" \/>\n\t<meta property=\"og:image:width\" content=\"1200\" \/>\n\t<meta property=\"og:image:height\" content=\"562\" \/>\n\t<meta property=\"og:image:type\" content=\"image\/jpeg\" \/>\n<meta name=\"twitter:card\" content=\"summary_large_image\" \/>\n<meta name=\"twitter:site\" content=\"@MveBioSolutions\" \/>\n<script type=\"application\/ld+json\" class=\"yoast-schema-graph\">{\"@context\":\"https:\/\/schema.org\",\"@graph\":[{\"@type\":\"WebPage\",\"@id\":\"https:\/\/mvebio.com\/es\/nuestros-productos\/criadores-aluminio\/serie-mve-doble\/\",\"url\":\"https:\/\/mvebio.com\/es\/nuestros-productos\/criadores-aluminio\/serie-mve-doble\/\",\"name\":\"Serie MVE Doble - MVE Biological Solutions\",\"isPartOf\":{\"@id\":\"https:\/\/mvebio.com\/es\/#website\"},\"primaryImageOfPage\":{\"@id\":\"https:\/\/mvebio.com\/es\/nuestros-productos\/criadores-aluminio\/serie-mve-doble\/#primaryimage\"},\"image\":{\"@id\":\"https:\/\/mvebio.com\/es\/nuestros-productos\/criadores-aluminio\/serie-mve-doble\/#primaryimage\"},\"thumbnailUrl\":\"https:\/\/mvebio.com\/wp-content\/uploads\/sites\/4\/2023\/12\/Doble-Series-1.jpg\",\"datePublished\":\"2023-03-30T10:07:35+00:00\",\"dateModified\":\"2026-02-18T15:43:14+00:00\",\"description\":\"Si trabaja en la cr\u00eda de animales y necesita transportar semen, embriones o muestras de criadores, este innovador dewar le proporcionar\u00e1 un transporte criog\u00e9nico seguro. La serie Doble est\u00e1 dise\u00f1ada para aprovechar la tecnolog\u00eda de env\u00edo de vapores para enviar inicialmente su gen\u00e9tica al lugar de destino y, una vez in situ, puede utilizarse como dep\u00f3sito de almacenamiento de muestras est\u00e1ndar. Lo mejor de todo es que con la serie MVE Doble no perder\u00e1 ni un momento de su valioso tiempo. Porque sus muestras cr\u00edticas pueden estar listas para el env\u00edo en menos de dos horas*.\",\"breadcrumb\":{\"@id\":\"https:\/\/mvebio.com\/es\/nuestros-productos\/criadores-aluminio\/serie-mve-doble\/#breadcrumb\"},\"inLanguage\":\"es\",\"potentialAction\":[{\"@type\":\"ReadAction\",\"target\":[\"https:\/\/mvebio.com\/es\/nuestros-productos\/criadores-aluminio\/serie-mve-doble\/\"]}]},{\"@type\":\"ImageObject\",\"inLanguage\":\"es\",\"@id\":\"https:\/\/mvebio.com\/es\/nuestros-productos\/criadores-aluminio\/serie-mve-doble\/#primaryimage\",\"url\":\"https:\/\/mvebio.com\/wp-content\/uploads\/sites\/4\/2023\/12\/Doble-Series-1.jpg\",\"contentUrl\":\"https:\/\/mvebio.com\/wp-content\/uploads\/sites\/4\/2023\/12\/Doble-Series-1.jpg\",\"width\":1200,\"height\":562,\"caption\":\"Serie Doble\"},{\"@type\":\"BreadcrumbList\",\"@id\":\"https:\/\/mvebio.com\/es\/nuestros-productos\/criadores-aluminio\/serie-mve-doble\/#breadcrumb\",\"itemListElement\":[{\"@type\":\"ListItem\",\"position\":1,\"name\":\"Inicio\",\"item\":\"https:\/\/mvebio.com\/es\/pagina-de-inicio\/\"},{\"@type\":\"ListItem\",\"position\":2,\"name\":\"Nuestros productos\",\"item\":\"https:\/\/mvebio.com\/es\/nuestros-productos\/\"},{\"@type\":\"ListItem\",\"position\":3,\"name\":\"Criadores (aluminio)\",\"item\":\"https:\/\/mvebio.com\/es\/nuestros-productos\/criadores-aluminio\/\"},{\"@type\":\"ListItem\",\"position\":4,\"name\":\"Serie MVE Doble\"}]},{\"@type\":\"WebSite\",\"@id\":\"https:\/\/mvebio.com\/es\/#website\",\"url\":\"https:\/\/mvebio.com\/es\/\",\"name\":\"MVE Biological Solutions\",\"description\":\"Cryogenic freezers and dewars\",\"publisher\":{\"@id\":\"https:\/\/mvebio.com\/es\/#organization\"},\"alternateName\":\"MVE Bio\",\"potentialAction\":[{\"@type\":\"SearchAction\",\"target\":{\"@type\":\"EntryPoint\",\"urlTemplate\":\"https:\/\/mvebio.com\/es\/?s={search_term_string}\"},\"query-input\":{\"@type\":\"PropertyValueSpecification\",\"valueRequired\":true,\"valueName\":\"search_term_string\"}}],\"inLanguage\":\"es\"},{\"@type\":\"Organization\",\"@id\":\"https:\/\/mvebio.com\/es\/#organization\",\"name\":\"MVE Biological Solutions\",\"alternateName\":\"MVE Bio\",\"url\":\"https:\/\/mvebio.com\/es\/\",\"logo\":{\"@type\":\"ImageObject\",\"inLanguage\":\"es\",\"@id\":\"https:\/\/mvebio.com\/es\/#\/schema\/logo\/image\/\",\"url\":\"https:\/\/mvebio.com\/wp-content\/uploads\/sites\/4\/2023\/12\/mve-square.png\",\"contentUrl\":\"https:\/\/mvebio.com\/wp-content\/uploads\/sites\/4\/2023\/12\/mve-square.png\",\"width\":1200,\"height\":1200,\"caption\":\"MVE Biological Solutions\"},\"image\":{\"@id\":\"https:\/\/mvebio.com\/es\/#\/schema\/logo\/image\/\"},\"sameAs\":[\"https:\/\/x.com\/MveBioSolutions\",\"https:\/\/www.linkedin.com\/company\/mvebio\/\"]}]}<\/script>\n<!-- \/ Yoast SEO plugin. -->","yoast_head_json":{"title":"Serie MVE Doble - MVE Biological Solutions","description":"Si trabaja en la cr\u00eda de animales y necesita transportar semen, embriones o muestras de criadores, este innovador dewar le proporcionar\u00e1 un transporte criog\u00e9nico seguro. La serie Doble est\u00e1 dise\u00f1ada para aprovechar la tecnolog\u00eda de env\u00edo de vapores para enviar inicialmente su gen\u00e9tica al lugar de destino y, una vez in situ, puede utilizarse como dep\u00f3sito de almacenamiento de muestras est\u00e1ndar. Lo mejor de todo es que con la serie MVE Doble no perder\u00e1 ni un momento de su valioso tiempo. Porque sus muestras cr\u00edticas pueden estar listas para el env\u00edo en menos de dos horas*.","robots":{"index":"index","follow":"follow","max-snippet":"max-snippet:-1","max-image-preview":"max-image-preview:large","max-video-preview":"max-video-preview:-1"},"canonical":"https:\/\/mvebio.com\/es\/nuestros-productos\/criadores-aluminio\/serie-mve-doble\/","og_locale":"es_ES","og_type":"article","og_title":"Serie MVE Doble - MVE Biological Solutions","og_description":"Si trabaja en la cr\u00eda de animales y necesita transportar semen, embriones o muestras de criadores, este innovador dewar le proporcionar\u00e1 un transporte criog\u00e9nico seguro. La serie Doble est\u00e1 dise\u00f1ada para aprovechar la tecnolog\u00eda de env\u00edo de vapores para enviar inicialmente su gen\u00e9tica al lugar de destino y, una vez in situ, puede utilizarse como dep\u00f3sito de almacenamiento de muestras est\u00e1ndar. Lo mejor de todo es que con la serie MVE Doble no perder\u00e1 ni un momento de su valioso tiempo. Porque sus muestras cr\u00edticas pueden estar listas para el env\u00edo en menos de dos horas*.","og_url":"https:\/\/mvebio.com\/es\/nuestros-productos\/criadores-aluminio\/serie-mve-doble\/","og_site_name":"MVE Biological Solutions","article_modified_time":"2026-02-18T15:43:14+00:00","og_image":[{"width":1200,"height":562,"url":"https:\/\/mvebio.com\/wp-content\/uploads\/sites\/4\/2023\/12\/Doble-Series-1.jpg","type":"image\/jpeg"}],"twitter_card":"summary_large_image","twitter_site":"@MveBioSolutions","schema":{"@context":"https:\/\/schema.org","@graph":[{"@type":"WebPage","@id":"https:\/\/mvebio.com\/es\/nuestros-productos\/criadores-aluminio\/serie-mve-doble\/","url":"https:\/\/mvebio.com\/es\/nuestros-productos\/criadores-aluminio\/serie-mve-doble\/","name":"Serie MVE Doble - MVE Biological Solutions","isPartOf":{"@id":"https:\/\/mvebio.com\/es\/#website"},"primaryImageOfPage":{"@id":"https:\/\/mvebio.com\/es\/nuestros-productos\/criadores-aluminio\/serie-mve-doble\/#primaryimage"},"image":{"@id":"https:\/\/mvebio.com\/es\/nuestros-productos\/criadores-aluminio\/serie-mve-doble\/#primaryimage"},"thumbnailUrl":"https:\/\/mvebio.com\/wp-content\/uploads\/sites\/4\/2023\/12\/Doble-Series-1.jpg","datePublished":"2023-03-30T10:07:35+00:00","dateModified":"2026-02-18T15:43:14+00:00","description":"Si trabaja en la cr\u00eda de animales y necesita transportar semen, embriones o muestras de criadores, este innovador dewar le proporcionar\u00e1 un transporte criog\u00e9nico seguro. La serie Doble est\u00e1 dise\u00f1ada para aprovechar la tecnolog\u00eda de env\u00edo de vapores para enviar inicialmente su gen\u00e9tica al lugar de destino y, una vez in situ, puede utilizarse como dep\u00f3sito de almacenamiento de muestras est\u00e1ndar. Lo mejor de todo es que con la serie MVE Doble no perder\u00e1 ni un momento de su valioso tiempo. Porque sus muestras cr\u00edticas pueden estar listas para el env\u00edo en menos de dos horas*.","breadcrumb":{"@id":"https:\/\/mvebio.com\/es\/nuestros-productos\/criadores-aluminio\/serie-mve-doble\/#breadcrumb"},"inLanguage":"es","potentialAction":[{"@type":"ReadAction","target":["https:\/\/mvebio.com\/es\/nuestros-productos\/criadores-aluminio\/serie-mve-doble\/"]}]},{"@type":"ImageObject","inLanguage":"es","@id":"https:\/\/mvebio.com\/es\/nuestros-productos\/criadores-aluminio\/serie-mve-doble\/#primaryimage","url":"https:\/\/mvebio.com\/wp-content\/uploads\/sites\/4\/2023\/12\/Doble-Series-1.jpg","contentUrl":"https:\/\/mvebio.com\/wp-content\/uploads\/sites\/4\/2023\/12\/Doble-Series-1.jpg","width":1200,"height":562,"caption":"Serie Doble"},{"@type":"BreadcrumbList","@id":"https:\/\/mvebio.com\/es\/nuestros-productos\/criadores-aluminio\/serie-mve-doble\/#breadcrumb","itemListElement":[{"@type":"ListItem","position":1,"name":"Inicio","item":"https:\/\/mvebio.com\/es\/pagina-de-inicio\/"},{"@type":"ListItem","position":2,"name":"Nuestros productos","item":"https:\/\/mvebio.com\/es\/nuestros-productos\/"},{"@type":"ListItem","position":3,"name":"Criadores (aluminio)","item":"https:\/\/mvebio.com\/es\/nuestros-productos\/criadores-aluminio\/"},{"@type":"ListItem","position":4,"name":"Serie MVE Doble"}]},{"@type":"WebSite","@id":"https:\/\/mvebio.com\/es\/#website","url":"https:\/\/mvebio.com\/es\/","name":"MVE Biological Solutions","description":"Cryogenic freezers and dewars","publisher":{"@id":"https:\/\/mvebio.com\/es\/#organization"},"alternateName":"MVE Bio","potentialAction":[{"@type":"SearchAction","target":{"@type":"EntryPoint","urlTemplate":"https:\/\/mvebio.com\/es\/?s={search_term_string}"},"query-input":{"@type":"PropertyValueSpecification","valueRequired":true,"valueName":"search_term_string"}}],"inLanguage":"es"},{"@type":"Organization","@id":"https:\/\/mvebio.com\/es\/#organization","name":"MVE Biological Solutions","alternateName":"MVE Bio","url":"https:\/\/mvebio.com\/es\/","logo":{"@type":"ImageObject","inLanguage":"es","@id":"https:\/\/mvebio.com\/es\/#\/schema\/logo\/image\/","url":"https:\/\/mvebio.com\/wp-content\/uploads\/sites\/4\/2023\/12\/mve-square.png","contentUrl":"https:\/\/mvebio.com\/wp-content\/uploads\/sites\/4\/2023\/12\/mve-square.png","width":1200,"height":1200,"caption":"MVE Biological Solutions"},"image":{"@id":"https:\/\/mvebio.com\/es\/#\/schema\/logo\/image\/"},"sameAs":["https:\/\/x.com\/MveBioSolutions","https:\/\/www.linkedin.com\/company\/mvebio\/"]}]}},"_links":{"self":[{"href":"https:\/\/mvebio.com\/es\/wp-json\/wp\/v2\/pages\/11489","targetHints":{"allow":["GET"]}}],"collection":[{"href":"https:\/\/mvebio.com\/es\/wp-json\/wp\/v2\/pages"}],"about":[{"href":"https:\/\/mvebio.com\/es\/wp-json\/wp\/v2\/types\/page"}],"author":[{"embeddable":true,"href":"https:\/\/mvebio.com\/es\/wp-json\/wp\/v2\/users\/1"}],"replies":[{"embeddable":true,"href":"https:\/\/mvebio.com\/es\/wp-json\/wp\/v2\/comments?post=11489"}],"version-history":[{"count":1,"href":"https:\/\/mvebio.com\/es\/wp-json\/wp\/v2\/pages\/11489\/revisions"}],"predecessor-version":[{"id":11493,"href":"https:\/\/mvebio.com\/es\/wp-json\/wp\/v2\/pages\/11489\/revisions\/11493"}],"up":[{"embeddable":true,"href":"https:\/\/mvebio.com\/es\/wp-json\/wp\/v2\/pages\/11520"}],"wp:featuredmedia":[{"embeddable":true,"href":"https:\/\/mvebio.com\/es\/wp-json\/wp\/v2\/media\/10609"}],"wp:attachment":[{"href":"https:\/\/mvebio.com\/es\/wp-json\/wp\/v2\/media?parent=11489"}],"curies":[{"name":"wp","href":"https:\/\/api.w.org\/{rel}","templated":true}]}}