{"id":11481,"date":"2022-11-11T12:33:07","date_gmt":"2022-11-11T12:33:07","guid":{"rendered":"https:\/\/mvebio.com\/carreras-profesionales\/"},"modified":"2026-02-18T11:11:23","modified_gmt":"2026-02-18T16:11:23","slug":"carreras-profesionales","status":"publish","type":"page","link":"https:\/\/mvebio.com\/es\/carreras-profesionales\/","title":{"rendered":"Carreras profesionales"},"content":{"rendered":"","protected":false},"excerpt":{"rendered":"","protected":false},"author":1,"featured_media":0,"parent":0,"menu_order":0,"comment_status":"closed","ping_status":"closed","template":"","meta":{"_acf_changed":false,"footnotes":""},"class_list":["post-11481","page","type-page","status-publish","hentry"],"acf":[],"yoast_head":"<!-- This site is optimized with the Yoast SEO plugin v27.2 - https:\/\/yoast.com\/product\/yoast-seo-wordpress\/ -->\n<title>Carreras profesionales - MVE Biological Solutions<\/title>\n<meta name=\"description\" content=\"Emb\u00e1rquese en un viaje gratificante con MVE. Explore las oportunidades de crecimiento e innovaci\u00f3n en nuestra p\u00e1gina de Empleo. Descubra una amplia gama de puestos que se ajustan a sus habilidades y aspiraciones en el campo de la tecnolog\u00eda criog\u00e9nica y las ciencias de la vida. \u00danase a MVE Biological Solutions y forme parte de un equipo din\u00e1mico comprometido con la superaci\u00f3n de los l\u00edmites de la excelencia cient\u00edfica. Tu carrera profesional empieza aqu\u00ed.\" \/>\n<meta name=\"robots\" content=\"index, follow, max-snippet:-1, max-image-preview:large, max-video-preview:-1\" \/>\n<link rel=\"canonical\" href=\"https:\/\/mvebio.com\/es\/carreras-profesionales\/\" \/>\n<meta property=\"og:locale\" content=\"es_ES\" \/>\n<meta property=\"og:type\" content=\"article\" \/>\n<meta property=\"og:title\" content=\"Carreras profesionales - MVE Biological Solutions\" \/>\n<meta property=\"og:description\" content=\"Emb\u00e1rquese en un viaje gratificante con MVE. Explore las oportunidades de crecimiento e innovaci\u00f3n en nuestra p\u00e1gina de Empleo. Descubra una amplia gama de puestos que se ajustan a sus habilidades y aspiraciones en el campo de la tecnolog\u00eda criog\u00e9nica y las ciencias de la vida. \u00danase a MVE Biological Solutions y forme parte de un equipo din\u00e1mico comprometido con la superaci\u00f3n de los l\u00edmites de la excelencia cient\u00edfica. Tu carrera profesional empieza aqu\u00ed.\" \/>\n<meta property=\"og:url\" content=\"https:\/\/mvebio.com\/es\/carreras-profesionales\/\" \/>\n<meta property=\"og:site_name\" content=\"MVE Biological Solutions\" \/>\n<meta property=\"article:modified_time\" content=\"2026-02-18T16:11:23+00:00\" \/>\n<meta property=\"og:image\" content=\"https:\/\/mvebio.com\/wp-content\/uploads\/sites\/4\/2023\/12\/mve-seo.png\" \/>\n\t<meta property=\"og:image:width\" content=\"1200\" \/>\n\t<meta property=\"og:image:height\" content=\"675\" \/>\n\t<meta property=\"og:image:type\" content=\"image\/png\" \/>\n<meta name=\"twitter:card\" content=\"summary_large_image\" \/>\n<meta name=\"twitter:site\" content=\"@MveBioSolutions\" \/>\n<script type=\"application\/ld+json\" class=\"yoast-schema-graph\">{\"@context\":\"https:\/\/schema.org\",\"@graph\":[{\"@type\":\"WebPage\",\"@id\":\"https:\/\/mvebio.com\/es\/carreras-profesionales\/\",\"url\":\"https:\/\/mvebio.com\/es\/carreras-profesionales\/\",\"name\":\"Carreras profesionales - MVE Biological Solutions\",\"isPartOf\":{\"@id\":\"https:\/\/mvebio.com\/es\/#website\"},\"datePublished\":\"2022-11-11T12:33:07+00:00\",\"dateModified\":\"2026-02-18T16:11:23+00:00\",\"description\":\"Emb\u00e1rquese en un viaje gratificante con MVE. Explore las oportunidades de crecimiento e innovaci\u00f3n en nuestra p\u00e1gina de Empleo. Descubra una amplia gama de puestos que se ajustan a sus habilidades y aspiraciones en el campo de la tecnolog\u00eda criog\u00e9nica y las ciencias de la vida. \u00danase a MVE Biological Solutions y forme parte de un equipo din\u00e1mico comprometido con la superaci\u00f3n de los l\u00edmites de la excelencia cient\u00edfica. Tu carrera profesional empieza aqu\u00ed.\",\"breadcrumb\":{\"@id\":\"https:\/\/mvebio.com\/es\/carreras-profesionales\/#breadcrumb\"},\"inLanguage\":\"es\",\"potentialAction\":[{\"@type\":\"ReadAction\",\"target\":[\"https:\/\/mvebio.com\/es\/carreras-profesionales\/\"]}]},{\"@type\":\"BreadcrumbList\",\"@id\":\"https:\/\/mvebio.com\/es\/carreras-profesionales\/#breadcrumb\",\"itemListElement\":[{\"@type\":\"ListItem\",\"position\":1,\"name\":\"Inicio\",\"item\":\"https:\/\/mvebio.com\/es\/pagina-de-inicio\/\"},{\"@type\":\"ListItem\",\"position\":2,\"name\":\"Carreras profesionales\"}]},{\"@type\":\"WebSite\",\"@id\":\"https:\/\/mvebio.com\/es\/#website\",\"url\":\"https:\/\/mvebio.com\/es\/\",\"name\":\"MVE Biological Solutions\",\"description\":\"Cryogenic freezers and dewars\",\"publisher\":{\"@id\":\"https:\/\/mvebio.com\/es\/#organization\"},\"alternateName\":\"MVE Bio\",\"potentialAction\":[{\"@type\":\"SearchAction\",\"target\":{\"@type\":\"EntryPoint\",\"urlTemplate\":\"https:\/\/mvebio.com\/es\/?s={search_term_string}\"},\"query-input\":{\"@type\":\"PropertyValueSpecification\",\"valueRequired\":true,\"valueName\":\"search_term_string\"}}],\"inLanguage\":\"es\"},{\"@type\":\"Organization\",\"@id\":\"https:\/\/mvebio.com\/es\/#organization\",\"name\":\"MVE Biological Solutions\",\"alternateName\":\"MVE Bio\",\"url\":\"https:\/\/mvebio.com\/es\/\",\"logo\":{\"@type\":\"ImageObject\",\"inLanguage\":\"es\",\"@id\":\"https:\/\/mvebio.com\/es\/#\/schema\/logo\/image\/\",\"url\":\"https:\/\/mvebio.com\/wp-content\/uploads\/sites\/4\/2023\/12\/mve-square.png\",\"contentUrl\":\"https:\/\/mvebio.com\/wp-content\/uploads\/sites\/4\/2023\/12\/mve-square.png\",\"width\":1200,\"height\":1200,\"caption\":\"MVE Biological Solutions\"},\"image\":{\"@id\":\"https:\/\/mvebio.com\/es\/#\/schema\/logo\/image\/\"},\"sameAs\":[\"https:\/\/x.com\/MveBioSolutions\",\"https:\/\/www.linkedin.com\/company\/mvebio\/\"]}]}<\/script>\n<!-- \/ Yoast SEO plugin. -->","yoast_head_json":{"title":"Carreras profesionales - MVE Biological Solutions","description":"Emb\u00e1rquese en un viaje gratificante con MVE. Explore las oportunidades de crecimiento e innovaci\u00f3n en nuestra p\u00e1gina de Empleo. Descubra una amplia gama de puestos que se ajustan a sus habilidades y aspiraciones en el campo de la tecnolog\u00eda criog\u00e9nica y las ciencias de la vida. \u00danase a MVE Biological Solutions y forme parte de un equipo din\u00e1mico comprometido con la superaci\u00f3n de los l\u00edmites de la excelencia cient\u00edfica. Tu carrera profesional empieza aqu\u00ed.","robots":{"index":"index","follow":"follow","max-snippet":"max-snippet:-1","max-image-preview":"max-image-preview:large","max-video-preview":"max-video-preview:-1"},"canonical":"https:\/\/mvebio.com\/es\/carreras-profesionales\/","og_locale":"es_ES","og_type":"article","og_title":"Carreras profesionales - MVE Biological Solutions","og_description":"Emb\u00e1rquese en un viaje gratificante con MVE. Explore las oportunidades de crecimiento e innovaci\u00f3n en nuestra p\u00e1gina de Empleo. Descubra una amplia gama de puestos que se ajustan a sus habilidades y aspiraciones en el campo de la tecnolog\u00eda criog\u00e9nica y las ciencias de la vida. \u00danase a MVE Biological Solutions y forme parte de un equipo din\u00e1mico comprometido con la superaci\u00f3n de los l\u00edmites de la excelencia cient\u00edfica. Tu carrera profesional empieza aqu\u00ed.","og_url":"https:\/\/mvebio.com\/es\/carreras-profesionales\/","og_site_name":"MVE Biological Solutions","article_modified_time":"2026-02-18T16:11:23+00:00","og_image":[{"width":1200,"height":675,"url":"https:\/\/mvebio.com\/wp-content\/uploads\/sites\/4\/2023\/12\/mve-seo.png","type":"image\/png"}],"twitter_card":"summary_large_image","twitter_site":"@MveBioSolutions","schema":{"@context":"https:\/\/schema.org","@graph":[{"@type":"WebPage","@id":"https:\/\/mvebio.com\/es\/carreras-profesionales\/","url":"https:\/\/mvebio.com\/es\/carreras-profesionales\/","name":"Carreras profesionales - MVE Biological Solutions","isPartOf":{"@id":"https:\/\/mvebio.com\/es\/#website"},"datePublished":"2022-11-11T12:33:07+00:00","dateModified":"2026-02-18T16:11:23+00:00","description":"Emb\u00e1rquese en un viaje gratificante con MVE. Explore las oportunidades de crecimiento e innovaci\u00f3n en nuestra p\u00e1gina de Empleo. Descubra una amplia gama de puestos que se ajustan a sus habilidades y aspiraciones en el campo de la tecnolog\u00eda criog\u00e9nica y las ciencias de la vida. \u00danase a MVE Biological Solutions y forme parte de un equipo din\u00e1mico comprometido con la superaci\u00f3n de los l\u00edmites de la excelencia cient\u00edfica. Tu carrera profesional empieza aqu\u00ed.","breadcrumb":{"@id":"https:\/\/mvebio.com\/es\/carreras-profesionales\/#breadcrumb"},"inLanguage":"es","potentialAction":[{"@type":"ReadAction","target":["https:\/\/mvebio.com\/es\/carreras-profesionales\/"]}]},{"@type":"BreadcrumbList","@id":"https:\/\/mvebio.com\/es\/carreras-profesionales\/#breadcrumb","itemListElement":[{"@type":"ListItem","position":1,"name":"Inicio","item":"https:\/\/mvebio.com\/es\/pagina-de-inicio\/"},{"@type":"ListItem","position":2,"name":"Carreras profesionales"}]},{"@type":"WebSite","@id":"https:\/\/mvebio.com\/es\/#website","url":"https:\/\/mvebio.com\/es\/","name":"MVE Biological Solutions","description":"Cryogenic freezers and dewars","publisher":{"@id":"https:\/\/mvebio.com\/es\/#organization"},"alternateName":"MVE Bio","potentialAction":[{"@type":"SearchAction","target":{"@type":"EntryPoint","urlTemplate":"https:\/\/mvebio.com\/es\/?s={search_term_string}"},"query-input":{"@type":"PropertyValueSpecification","valueRequired":true,"valueName":"search_term_string"}}],"inLanguage":"es"},{"@type":"Organization","@id":"https:\/\/mvebio.com\/es\/#organization","name":"MVE Biological Solutions","alternateName":"MVE Bio","url":"https:\/\/mvebio.com\/es\/","logo":{"@type":"ImageObject","inLanguage":"es","@id":"https:\/\/mvebio.com\/es\/#\/schema\/logo\/image\/","url":"https:\/\/mvebio.com\/wp-content\/uploads\/sites\/4\/2023\/12\/mve-square.png","contentUrl":"https:\/\/mvebio.com\/wp-content\/uploads\/sites\/4\/2023\/12\/mve-square.png","width":1200,"height":1200,"caption":"MVE Biological Solutions"},"image":{"@id":"https:\/\/mvebio.com\/es\/#\/schema\/logo\/image\/"},"sameAs":["https:\/\/x.com\/MveBioSolutions","https:\/\/www.linkedin.com\/company\/mvebio\/"]}]}},"_links":{"self":[{"href":"https:\/\/mvebio.com\/es\/wp-json\/wp\/v2\/pages\/11481","targetHints":{"allow":["GET"]}}],"collection":[{"href":"https:\/\/mvebio.com\/es\/wp-json\/wp\/v2\/pages"}],"about":[{"href":"https:\/\/mvebio.com\/es\/wp-json\/wp\/v2\/types\/page"}],"author":[{"embeddable":true,"href":"https:\/\/mvebio.com\/es\/wp-json\/wp\/v2\/users\/1"}],"replies":[{"embeddable":true,"href":"https:\/\/mvebio.com\/es\/wp-json\/wp\/v2\/comments?post=11481"}],"version-history":[{"count":1,"href":"https:\/\/mvebio.com\/es\/wp-json\/wp\/v2\/pages\/11481\/revisions"}],"predecessor-version":[{"id":11491,"href":"https:\/\/mvebio.com\/es\/wp-json\/wp\/v2\/pages\/11481\/revisions\/11491"}],"wp:attachment":[{"href":"https:\/\/mvebio.com\/es\/wp-json\/wp\/v2\/media?parent=11481"}],"curies":[{"name":"wp","href":"https:\/\/api.w.org\/{rel}","templated":true}]}}