{"id":11478,"date":"2022-11-11T12:29:10","date_gmt":"2022-11-11T12:29:10","guid":{"rendered":"https:\/\/mvebio.com\/nuestros-productos\/"},"modified":"2026-02-18T11:14:58","modified_gmt":"2026-02-18T16:14:58","slug":"nuestros-productos","status":"publish","type":"page","link":"https:\/\/mvebio.com\/es\/nuestros-productos\/","title":{"rendered":"Nuestros productos"},"content":{"rendered":"","protected":false},"excerpt":{"rendered":"","protected":false},"author":1,"featured_media":5276,"parent":0,"menu_order":0,"comment_status":"closed","ping_status":"closed","template":"","meta":{"_acf_changed":false,"footnotes":""},"class_list":["post-11478","page","type-page","status-publish","has-post-thumbnail","hentry"],"acf":[],"yoast_head":"<!-- This site is optimized with the Yoast SEO plugin v27.2 - https:\/\/yoast.com\/product\/yoast-seo-wordpress\/ -->\n<title>Nuestros productos - MVE Biological Solutions<\/title>\n<meta name=\"description\" content=\"MVE products presenta una amplia gama de congeladores criog\u00e9nicos y dewars innovadores y de alto rendimiento dise\u00f1ados para satisfacer las necesidades cambiantes de la investigaci\u00f3n, la atenci\u00f3n sanitaria y la industria de la salud animal.\" \/>\n<meta name=\"robots\" content=\"index, follow, max-snippet:-1, max-image-preview:large, max-video-preview:-1\" \/>\n<link rel=\"canonical\" href=\"https:\/\/mvebio.com\/es\/nuestros-productos\/\" \/>\n<meta property=\"og:locale\" content=\"es_ES\" \/>\n<meta property=\"og:type\" content=\"article\" \/>\n<meta property=\"og:title\" content=\"Nuestros productos - MVE Biological Solutions\" \/>\n<meta property=\"og:description\" content=\"MVE products presenta una amplia gama de congeladores criog\u00e9nicos y dewars innovadores y de alto rendimiento dise\u00f1ados para satisfacer las necesidades cambiantes de la investigaci\u00f3n, la atenci\u00f3n sanitaria y la industria de la salud animal.\" \/>\n<meta property=\"og:url\" content=\"https:\/\/mvebio.com\/es\/nuestros-productos\/\" \/>\n<meta property=\"og:site_name\" content=\"MVE Biological Solutions\" \/>\n<meta property=\"article:modified_time\" content=\"2026-02-18T16:14:58+00:00\" \/>\n<meta property=\"og:image\" content=\"https:\/\/mvebio.com\/wp-content\/uploads\/sites\/4\/2023\/12\/MVE_Header_8-1024x459.png\" \/>\n\t<meta property=\"og:image:width\" content=\"1024\" \/>\n\t<meta property=\"og:image:height\" content=\"459\" \/>\n\t<meta property=\"og:image:type\" content=\"image\/png\" \/>\n<meta name=\"twitter:card\" content=\"summary_large_image\" \/>\n<meta name=\"twitter:site\" content=\"@MveBioSolutions\" \/>\n<script type=\"application\/ld+json\" class=\"yoast-schema-graph\">{\"@context\":\"https:\/\/schema.org\",\"@graph\":[{\"@type\":\"WebPage\",\"@id\":\"https:\/\/mvebio.com\/es\/nuestros-productos\/\",\"url\":\"https:\/\/mvebio.com\/es\/nuestros-productos\/\",\"name\":\"Nuestros productos - MVE Biological Solutions\",\"isPartOf\":{\"@id\":\"https:\/\/mvebio.com\/es\/#website\"},\"primaryImageOfPage\":{\"@id\":\"https:\/\/mvebio.com\/es\/nuestros-productos\/#primaryimage\"},\"image\":{\"@id\":\"https:\/\/mvebio.com\/es\/nuestros-productos\/#primaryimage\"},\"thumbnailUrl\":\"https:\/\/mvebio.com\/wp-content\/uploads\/sites\/4\/2023\/12\/MVE_Header_8.jpg\",\"datePublished\":\"2022-11-11T12:29:10+00:00\",\"dateModified\":\"2026-02-18T16:14:58+00:00\",\"description\":\"MVE products presenta una amplia gama de congeladores criog\u00e9nicos y dewars innovadores y de alto rendimiento dise\u00f1ados para satisfacer las necesidades cambiantes de la investigaci\u00f3n, la atenci\u00f3n sanitaria y la industria de la salud animal.\",\"breadcrumb\":{\"@id\":\"https:\/\/mvebio.com\/es\/nuestros-productos\/#breadcrumb\"},\"inLanguage\":\"es\",\"potentialAction\":[{\"@type\":\"ReadAction\",\"target\":[\"https:\/\/mvebio.com\/es\/nuestros-productos\/\"]}]},{\"@type\":\"ImageObject\",\"inLanguage\":\"es\",\"@id\":\"https:\/\/mvebio.com\/es\/nuestros-productos\/#primaryimage\",\"url\":\"https:\/\/mvebio.com\/wp-content\/uploads\/sites\/4\/2023\/12\/MVE_Header_8.jpg\",\"contentUrl\":\"https:\/\/mvebio.com\/wp-content\/uploads\/sites\/4\/2023\/12\/MVE_Header_8.jpg\",\"width\":7441,\"height\":3338},{\"@type\":\"BreadcrumbList\",\"@id\":\"https:\/\/mvebio.com\/es\/nuestros-productos\/#breadcrumb\",\"itemListElement\":[{\"@type\":\"ListItem\",\"position\":1,\"name\":\"Inicio\",\"item\":\"https:\/\/mvebio.com\/es\/pagina-de-inicio\/\"},{\"@type\":\"ListItem\",\"position\":2,\"name\":\"Nuestros productos\"}]},{\"@type\":\"WebSite\",\"@id\":\"https:\/\/mvebio.com\/es\/#website\",\"url\":\"https:\/\/mvebio.com\/es\/\",\"name\":\"MVE Biological Solutions\",\"description\":\"Cryogenic freezers and dewars\",\"publisher\":{\"@id\":\"https:\/\/mvebio.com\/es\/#organization\"},\"alternateName\":\"MVE Bio\",\"potentialAction\":[{\"@type\":\"SearchAction\",\"target\":{\"@type\":\"EntryPoint\",\"urlTemplate\":\"https:\/\/mvebio.com\/es\/?s={search_term_string}\"},\"query-input\":{\"@type\":\"PropertyValueSpecification\",\"valueRequired\":true,\"valueName\":\"search_term_string\"}}],\"inLanguage\":\"es\"},{\"@type\":\"Organization\",\"@id\":\"https:\/\/mvebio.com\/es\/#organization\",\"name\":\"MVE Biological Solutions\",\"alternateName\":\"MVE Bio\",\"url\":\"https:\/\/mvebio.com\/es\/\",\"logo\":{\"@type\":\"ImageObject\",\"inLanguage\":\"es\",\"@id\":\"https:\/\/mvebio.com\/es\/#\/schema\/logo\/image\/\",\"url\":\"https:\/\/mvebio.com\/wp-content\/uploads\/sites\/4\/2023\/12\/mve-square.png\",\"contentUrl\":\"https:\/\/mvebio.com\/wp-content\/uploads\/sites\/4\/2023\/12\/mve-square.png\",\"width\":1200,\"height\":1200,\"caption\":\"MVE Biological Solutions\"},\"image\":{\"@id\":\"https:\/\/mvebio.com\/es\/#\/schema\/logo\/image\/\"},\"sameAs\":[\"https:\/\/x.com\/MveBioSolutions\",\"https:\/\/www.linkedin.com\/company\/mvebio\/\"]}]}<\/script>\n<!-- \/ Yoast SEO plugin. -->","yoast_head_json":{"title":"Nuestros productos - MVE Biological Solutions","description":"MVE products presenta una amplia gama de congeladores criog\u00e9nicos y dewars innovadores y de alto rendimiento dise\u00f1ados para satisfacer las necesidades cambiantes de la investigaci\u00f3n, la atenci\u00f3n sanitaria y la industria de la salud animal.","robots":{"index":"index","follow":"follow","max-snippet":"max-snippet:-1","max-image-preview":"max-image-preview:large","max-video-preview":"max-video-preview:-1"},"canonical":"https:\/\/mvebio.com\/es\/nuestros-productos\/","og_locale":"es_ES","og_type":"article","og_title":"Nuestros productos - MVE Biological Solutions","og_description":"MVE products presenta una amplia gama de congeladores criog\u00e9nicos y dewars innovadores y de alto rendimiento dise\u00f1ados para satisfacer las necesidades cambiantes de la investigaci\u00f3n, la atenci\u00f3n sanitaria y la industria de la salud animal.","og_url":"https:\/\/mvebio.com\/es\/nuestros-productos\/","og_site_name":"MVE Biological Solutions","article_modified_time":"2026-02-18T16:14:58+00:00","og_image":[{"width":1024,"height":459,"url":"https:\/\/mvebio.com\/wp-content\/uploads\/sites\/4\/2023\/12\/MVE_Header_8-1024x459.png","type":"image\/png"}],"twitter_card":"summary_large_image","twitter_site":"@MveBioSolutions","schema":{"@context":"https:\/\/schema.org","@graph":[{"@type":"WebPage","@id":"https:\/\/mvebio.com\/es\/nuestros-productos\/","url":"https:\/\/mvebio.com\/es\/nuestros-productos\/","name":"Nuestros productos - MVE Biological Solutions","isPartOf":{"@id":"https:\/\/mvebio.com\/es\/#website"},"primaryImageOfPage":{"@id":"https:\/\/mvebio.com\/es\/nuestros-productos\/#primaryimage"},"image":{"@id":"https:\/\/mvebio.com\/es\/nuestros-productos\/#primaryimage"},"thumbnailUrl":"https:\/\/mvebio.com\/wp-content\/uploads\/sites\/4\/2023\/12\/MVE_Header_8.jpg","datePublished":"2022-11-11T12:29:10+00:00","dateModified":"2026-02-18T16:14:58+00:00","description":"MVE products presenta una amplia gama de congeladores criog\u00e9nicos y dewars innovadores y de alto rendimiento dise\u00f1ados para satisfacer las necesidades cambiantes de la investigaci\u00f3n, la atenci\u00f3n sanitaria y la industria de la salud animal.","breadcrumb":{"@id":"https:\/\/mvebio.com\/es\/nuestros-productos\/#breadcrumb"},"inLanguage":"es","potentialAction":[{"@type":"ReadAction","target":["https:\/\/mvebio.com\/es\/nuestros-productos\/"]}]},{"@type":"ImageObject","inLanguage":"es","@id":"https:\/\/mvebio.com\/es\/nuestros-productos\/#primaryimage","url":"https:\/\/mvebio.com\/wp-content\/uploads\/sites\/4\/2023\/12\/MVE_Header_8.jpg","contentUrl":"https:\/\/mvebio.com\/wp-content\/uploads\/sites\/4\/2023\/12\/MVE_Header_8.jpg","width":7441,"height":3338},{"@type":"BreadcrumbList","@id":"https:\/\/mvebio.com\/es\/nuestros-productos\/#breadcrumb","itemListElement":[{"@type":"ListItem","position":1,"name":"Inicio","item":"https:\/\/mvebio.com\/es\/pagina-de-inicio\/"},{"@type":"ListItem","position":2,"name":"Nuestros productos"}]},{"@type":"WebSite","@id":"https:\/\/mvebio.com\/es\/#website","url":"https:\/\/mvebio.com\/es\/","name":"MVE Biological Solutions","description":"Cryogenic freezers and dewars","publisher":{"@id":"https:\/\/mvebio.com\/es\/#organization"},"alternateName":"MVE Bio","potentialAction":[{"@type":"SearchAction","target":{"@type":"EntryPoint","urlTemplate":"https:\/\/mvebio.com\/es\/?s={search_term_string}"},"query-input":{"@type":"PropertyValueSpecification","valueRequired":true,"valueName":"search_term_string"}}],"inLanguage":"es"},{"@type":"Organization","@id":"https:\/\/mvebio.com\/es\/#organization","name":"MVE Biological Solutions","alternateName":"MVE Bio","url":"https:\/\/mvebio.com\/es\/","logo":{"@type":"ImageObject","inLanguage":"es","@id":"https:\/\/mvebio.com\/es\/#\/schema\/logo\/image\/","url":"https:\/\/mvebio.com\/wp-content\/uploads\/sites\/4\/2023\/12\/mve-square.png","contentUrl":"https:\/\/mvebio.com\/wp-content\/uploads\/sites\/4\/2023\/12\/mve-square.png","width":1200,"height":1200,"caption":"MVE Biological Solutions"},"image":{"@id":"https:\/\/mvebio.com\/es\/#\/schema\/logo\/image\/"},"sameAs":["https:\/\/x.com\/MveBioSolutions","https:\/\/www.linkedin.com\/company\/mvebio\/"]}]}},"_links":{"self":[{"href":"https:\/\/mvebio.com\/es\/wp-json\/wp\/v2\/pages\/11478","targetHints":{"allow":["GET"]}}],"collection":[{"href":"https:\/\/mvebio.com\/es\/wp-json\/wp\/v2\/pages"}],"about":[{"href":"https:\/\/mvebio.com\/es\/wp-json\/wp\/v2\/types\/page"}],"author":[{"embeddable":true,"href":"https:\/\/mvebio.com\/es\/wp-json\/wp\/v2\/users\/1"}],"replies":[{"embeddable":true,"href":"https:\/\/mvebio.com\/es\/wp-json\/wp\/v2\/comments?post=11478"}],"version-history":[{"count":1,"href":"https:\/\/mvebio.com\/es\/wp-json\/wp\/v2\/pages\/11478\/revisions"}],"predecessor-version":[{"id":11500,"href":"https:\/\/mvebio.com\/es\/wp-json\/wp\/v2\/pages\/11478\/revisions\/11500"}],"wp:featuredmedia":[{"embeddable":true,"href":"https:\/\/mvebio.com\/es\/wp-json\/wp\/v2\/media\/5276"}],"wp:attachment":[{"href":"https:\/\/mvebio.com\/es\/wp-json\/wp\/v2\/media?parent=11478"}],"curies":[{"name":"wp","href":"https:\/\/api.w.org\/{rel}","templated":true}]}}