{"id":11476,"date":"2023-11-02T15:06:48","date_gmt":"2023-11-02T15:06:48","guid":{"rendered":"https:\/\/mvebio.com\/criadores-congeladores\/serie-mve-stock\/"},"modified":"2026-02-18T10:41:42","modified_gmt":"2026-02-18T15:41:42","slug":"serie-mve-stock","status":"publish","type":"page","link":"https:\/\/mvebio.com\/es\/nuestros-productos\/criadores-congeladores\/serie-mve-stock\/","title":{"rendered":"Serie MVE Stock"},"content":{"rendered":"","protected":false},"excerpt":{"rendered":"<p>Almacenamiento seguro de embriones y semen de toro para el sector ganadero<\/p>\n","protected":false},"author":1,"featured_media":10534,"parent":11460,"menu_order":0,"comment_status":"closed","ping_status":"closed","template":"","meta":{"_acf_changed":false,"footnotes":""},"class_list":["post-11476","page","type-page","status-publish","has-post-thumbnail","hentry"],"acf":[],"yoast_head":"<!-- This site is optimized with the Yoast SEO plugin v27.2 - https:\/\/yoast.com\/product\/yoast-seo-wordpress\/ -->\n<title>Serie MVE Stock - MVE Biological Solutions<\/title>\n<meta name=\"description\" content=\"Congelador de almacenamiento a granel ideal para sus germoplasmas de \u00e9lite. La serie MVE Stock de congeladores criog\u00e9nicos proporciona la soluci\u00f3n definitiva en almacenamiento a granel para su gen\u00e9tica de pedigr\u00ed. Los congeladores de la serie Stock de MVE est\u00e1n dise\u00f1ados pensando en la eficiencia, con una amplia abertura en el cuello para facilitar el acceso a los env\u00edos pull-and-pack. Cuando sus toros probados superan el almacenamiento gen\u00e9tico en dewar de aluminio, los congeladores Stock Series son una sabia inversi\u00f3n para asegurar su gen\u00e9tica a granel a largo plazo.\" \/>\n<meta name=\"robots\" content=\"index, follow, max-snippet:-1, max-image-preview:large, max-video-preview:-1\" \/>\n<link rel=\"canonical\" href=\"https:\/\/mvebio.com\/es\/nuestros-productos\/criadores-congeladores\/serie-mve-stock\/\" \/>\n<meta property=\"og:locale\" content=\"es_ES\" \/>\n<meta property=\"og:type\" content=\"article\" \/>\n<meta property=\"og:title\" content=\"Serie MVE Stock - MVE Biological Solutions\" \/>\n<meta property=\"og:description\" content=\"Congelador de almacenamiento a granel ideal para sus germoplasmas de \u00e9lite. La serie MVE Stock de congeladores criog\u00e9nicos proporciona la soluci\u00f3n definitiva en almacenamiento a granel para su gen\u00e9tica de pedigr\u00ed. Los congeladores de la serie Stock de MVE est\u00e1n dise\u00f1ados pensando en la eficiencia, con una amplia abertura en el cuello para facilitar el acceso a los env\u00edos pull-and-pack. Cuando sus toros probados superan el almacenamiento gen\u00e9tico en dewar de aluminio, los congeladores Stock Series son una sabia inversi\u00f3n para asegurar su gen\u00e9tica a granel a largo plazo.\" \/>\n<meta property=\"og:url\" content=\"https:\/\/mvebio.com\/es\/nuestros-productos\/criadores-congeladores\/serie-mve-stock\/\" \/>\n<meta property=\"og:site_name\" content=\"MVE Biological Solutions\" \/>\n<meta property=\"article:modified_time\" content=\"2026-02-18T15:41:42+00:00\" \/>\n<meta property=\"og:image\" content=\"https:\/\/mvebio.com\/wp-content\/uploads\/sites\/4\/2023\/12\/800-Series-190-816P-190-1.jpg\" \/>\n\t<meta property=\"og:image:width\" content=\"1200\" \/>\n\t<meta property=\"og:image:height\" content=\"563\" \/>\n\t<meta property=\"og:image:type\" content=\"image\/jpeg\" \/>\n<meta name=\"twitter:card\" content=\"summary_large_image\" \/>\n<meta name=\"twitter:site\" content=\"@MveBioSolutions\" \/>\n<script type=\"application\/ld+json\" class=\"yoast-schema-graph\">{\"@context\":\"https:\/\/schema.org\",\"@graph\":[{\"@type\":\"WebPage\",\"@id\":\"https:\/\/mvebio.com\/es\/nuestros-productos\/criadores-congeladores\/serie-mve-stock\/\",\"url\":\"https:\/\/mvebio.com\/es\/nuestros-productos\/criadores-congeladores\/serie-mve-stock\/\",\"name\":\"Serie MVE Stock - MVE Biological Solutions\",\"isPartOf\":{\"@id\":\"https:\/\/mvebio.com\/es\/#website\"},\"primaryImageOfPage\":{\"@id\":\"https:\/\/mvebio.com\/es\/nuestros-productos\/criadores-congeladores\/serie-mve-stock\/#primaryimage\"},\"image\":{\"@id\":\"https:\/\/mvebio.com\/es\/nuestros-productos\/criadores-congeladores\/serie-mve-stock\/#primaryimage\"},\"thumbnailUrl\":\"https:\/\/mvebio.com\/wp-content\/uploads\/sites\/4\/2023\/12\/800-Series-190-816P-190-1.jpg\",\"datePublished\":\"2023-11-02T15:06:48+00:00\",\"dateModified\":\"2026-02-18T15:41:42+00:00\",\"description\":\"Congelador de almacenamiento a granel ideal para sus germoplasmas de \u00e9lite. La serie MVE Stock de congeladores criog\u00e9nicos proporciona la soluci\u00f3n definitiva en almacenamiento a granel para su gen\u00e9tica de pedigr\u00ed. Los congeladores de la serie Stock de MVE est\u00e1n dise\u00f1ados pensando en la eficiencia, con una amplia abertura en el cuello para facilitar el acceso a los env\u00edos pull-and-pack. Cuando sus toros probados superan el almacenamiento gen\u00e9tico en dewar de aluminio, los congeladores Stock Series son una sabia inversi\u00f3n para asegurar su gen\u00e9tica a granel a largo plazo.\",\"breadcrumb\":{\"@id\":\"https:\/\/mvebio.com\/es\/nuestros-productos\/criadores-congeladores\/serie-mve-stock\/#breadcrumb\"},\"inLanguage\":\"es\",\"potentialAction\":[{\"@type\":\"ReadAction\",\"target\":[\"https:\/\/mvebio.com\/es\/nuestros-productos\/criadores-congeladores\/serie-mve-stock\/\"]}]},{\"@type\":\"ImageObject\",\"inLanguage\":\"es\",\"@id\":\"https:\/\/mvebio.com\/es\/nuestros-productos\/criadores-congeladores\/serie-mve-stock\/#primaryimage\",\"url\":\"https:\/\/mvebio.com\/wp-content\/uploads\/sites\/4\/2023\/12\/800-Series-190-816P-190-1.jpg\",\"contentUrl\":\"https:\/\/mvebio.com\/wp-content\/uploads\/sites\/4\/2023\/12\/800-Series-190-816P-190-1.jpg\",\"width\":1200,\"height\":563,\"caption\":\"Serie 800\"},{\"@type\":\"BreadcrumbList\",\"@id\":\"https:\/\/mvebio.com\/es\/nuestros-productos\/criadores-congeladores\/serie-mve-stock\/#breadcrumb\",\"itemListElement\":[{\"@type\":\"ListItem\",\"position\":1,\"name\":\"Inicio\",\"item\":\"https:\/\/mvebio.com\/es\/pagina-de-inicio\/\"},{\"@type\":\"ListItem\",\"position\":2,\"name\":\"Nuestros productos\",\"item\":\"https:\/\/mvebio.com\/es\/nuestros-productos\/\"},{\"@type\":\"ListItem\",\"position\":3,\"name\":\"Criadores (congeladores)\",\"item\":\"https:\/\/mvebio.com\/es\/nuestros-productos\/criadores-congeladores\/\"},{\"@type\":\"ListItem\",\"position\":4,\"name\":\"Serie MVE Stock\"}]},{\"@type\":\"WebSite\",\"@id\":\"https:\/\/mvebio.com\/es\/#website\",\"url\":\"https:\/\/mvebio.com\/es\/\",\"name\":\"MVE Biological Solutions\",\"description\":\"Cryogenic freezers and dewars\",\"publisher\":{\"@id\":\"https:\/\/mvebio.com\/es\/#organization\"},\"alternateName\":\"MVE Bio\",\"potentialAction\":[{\"@type\":\"SearchAction\",\"target\":{\"@type\":\"EntryPoint\",\"urlTemplate\":\"https:\/\/mvebio.com\/es\/?s={search_term_string}\"},\"query-input\":{\"@type\":\"PropertyValueSpecification\",\"valueRequired\":true,\"valueName\":\"search_term_string\"}}],\"inLanguage\":\"es\"},{\"@type\":\"Organization\",\"@id\":\"https:\/\/mvebio.com\/es\/#organization\",\"name\":\"MVE Biological Solutions\",\"alternateName\":\"MVE Bio\",\"url\":\"https:\/\/mvebio.com\/es\/\",\"logo\":{\"@type\":\"ImageObject\",\"inLanguage\":\"es\",\"@id\":\"https:\/\/mvebio.com\/es\/#\/schema\/logo\/image\/\",\"url\":\"https:\/\/mvebio.com\/wp-content\/uploads\/sites\/4\/2023\/12\/mve-square.png\",\"contentUrl\":\"https:\/\/mvebio.com\/wp-content\/uploads\/sites\/4\/2023\/12\/mve-square.png\",\"width\":1200,\"height\":1200,\"caption\":\"MVE Biological Solutions\"},\"image\":{\"@id\":\"https:\/\/mvebio.com\/es\/#\/schema\/logo\/image\/\"},\"sameAs\":[\"https:\/\/x.com\/MveBioSolutions\",\"https:\/\/www.linkedin.com\/company\/mvebio\/\"]}]}<\/script>\n<!-- \/ Yoast SEO plugin. -->","yoast_head_json":{"title":"Serie MVE Stock - MVE Biological Solutions","description":"Congelador de almacenamiento a granel ideal para sus germoplasmas de \u00e9lite. La serie MVE Stock de congeladores criog\u00e9nicos proporciona la soluci\u00f3n definitiva en almacenamiento a granel para su gen\u00e9tica de pedigr\u00ed. Los congeladores de la serie Stock de MVE est\u00e1n dise\u00f1ados pensando en la eficiencia, con una amplia abertura en el cuello para facilitar el acceso a los env\u00edos pull-and-pack. Cuando sus toros probados superan el almacenamiento gen\u00e9tico en dewar de aluminio, los congeladores Stock Series son una sabia inversi\u00f3n para asegurar su gen\u00e9tica a granel a largo plazo.","robots":{"index":"index","follow":"follow","max-snippet":"max-snippet:-1","max-image-preview":"max-image-preview:large","max-video-preview":"max-video-preview:-1"},"canonical":"https:\/\/mvebio.com\/es\/nuestros-productos\/criadores-congeladores\/serie-mve-stock\/","og_locale":"es_ES","og_type":"article","og_title":"Serie MVE Stock - MVE Biological Solutions","og_description":"Congelador de almacenamiento a granel ideal para sus germoplasmas de \u00e9lite. La serie MVE Stock de congeladores criog\u00e9nicos proporciona la soluci\u00f3n definitiva en almacenamiento a granel para su gen\u00e9tica de pedigr\u00ed. Los congeladores de la serie Stock de MVE est\u00e1n dise\u00f1ados pensando en la eficiencia, con una amplia abertura en el cuello para facilitar el acceso a los env\u00edos pull-and-pack. Cuando sus toros probados superan el almacenamiento gen\u00e9tico en dewar de aluminio, los congeladores Stock Series son una sabia inversi\u00f3n para asegurar su gen\u00e9tica a granel a largo plazo.","og_url":"https:\/\/mvebio.com\/es\/nuestros-productos\/criadores-congeladores\/serie-mve-stock\/","og_site_name":"MVE Biological Solutions","article_modified_time":"2026-02-18T15:41:42+00:00","og_image":[{"width":1200,"height":563,"url":"https:\/\/mvebio.com\/wp-content\/uploads\/sites\/4\/2023\/12\/800-Series-190-816P-190-1.jpg","type":"image\/jpeg"}],"twitter_card":"summary_large_image","twitter_site":"@MveBioSolutions","schema":{"@context":"https:\/\/schema.org","@graph":[{"@type":"WebPage","@id":"https:\/\/mvebio.com\/es\/nuestros-productos\/criadores-congeladores\/serie-mve-stock\/","url":"https:\/\/mvebio.com\/es\/nuestros-productos\/criadores-congeladores\/serie-mve-stock\/","name":"Serie MVE Stock - MVE Biological Solutions","isPartOf":{"@id":"https:\/\/mvebio.com\/es\/#website"},"primaryImageOfPage":{"@id":"https:\/\/mvebio.com\/es\/nuestros-productos\/criadores-congeladores\/serie-mve-stock\/#primaryimage"},"image":{"@id":"https:\/\/mvebio.com\/es\/nuestros-productos\/criadores-congeladores\/serie-mve-stock\/#primaryimage"},"thumbnailUrl":"https:\/\/mvebio.com\/wp-content\/uploads\/sites\/4\/2023\/12\/800-Series-190-816P-190-1.jpg","datePublished":"2023-11-02T15:06:48+00:00","dateModified":"2026-02-18T15:41:42+00:00","description":"Congelador de almacenamiento a granel ideal para sus germoplasmas de \u00e9lite. La serie MVE Stock de congeladores criog\u00e9nicos proporciona la soluci\u00f3n definitiva en almacenamiento a granel para su gen\u00e9tica de pedigr\u00ed. Los congeladores de la serie Stock de MVE est\u00e1n dise\u00f1ados pensando en la eficiencia, con una amplia abertura en el cuello para facilitar el acceso a los env\u00edos pull-and-pack. Cuando sus toros probados superan el almacenamiento gen\u00e9tico en dewar de aluminio, los congeladores Stock Series son una sabia inversi\u00f3n para asegurar su gen\u00e9tica a granel a largo plazo.","breadcrumb":{"@id":"https:\/\/mvebio.com\/es\/nuestros-productos\/criadores-congeladores\/serie-mve-stock\/#breadcrumb"},"inLanguage":"es","potentialAction":[{"@type":"ReadAction","target":["https:\/\/mvebio.com\/es\/nuestros-productos\/criadores-congeladores\/serie-mve-stock\/"]}]},{"@type":"ImageObject","inLanguage":"es","@id":"https:\/\/mvebio.com\/es\/nuestros-productos\/criadores-congeladores\/serie-mve-stock\/#primaryimage","url":"https:\/\/mvebio.com\/wp-content\/uploads\/sites\/4\/2023\/12\/800-Series-190-816P-190-1.jpg","contentUrl":"https:\/\/mvebio.com\/wp-content\/uploads\/sites\/4\/2023\/12\/800-Series-190-816P-190-1.jpg","width":1200,"height":563,"caption":"Serie 800"},{"@type":"BreadcrumbList","@id":"https:\/\/mvebio.com\/es\/nuestros-productos\/criadores-congeladores\/serie-mve-stock\/#breadcrumb","itemListElement":[{"@type":"ListItem","position":1,"name":"Inicio","item":"https:\/\/mvebio.com\/es\/pagina-de-inicio\/"},{"@type":"ListItem","position":2,"name":"Nuestros productos","item":"https:\/\/mvebio.com\/es\/nuestros-productos\/"},{"@type":"ListItem","position":3,"name":"Criadores (congeladores)","item":"https:\/\/mvebio.com\/es\/nuestros-productos\/criadores-congeladores\/"},{"@type":"ListItem","position":4,"name":"Serie MVE Stock"}]},{"@type":"WebSite","@id":"https:\/\/mvebio.com\/es\/#website","url":"https:\/\/mvebio.com\/es\/","name":"MVE Biological Solutions","description":"Cryogenic freezers and dewars","publisher":{"@id":"https:\/\/mvebio.com\/es\/#organization"},"alternateName":"MVE Bio","potentialAction":[{"@type":"SearchAction","target":{"@type":"EntryPoint","urlTemplate":"https:\/\/mvebio.com\/es\/?s={search_term_string}"},"query-input":{"@type":"PropertyValueSpecification","valueRequired":true,"valueName":"search_term_string"}}],"inLanguage":"es"},{"@type":"Organization","@id":"https:\/\/mvebio.com\/es\/#organization","name":"MVE Biological Solutions","alternateName":"MVE Bio","url":"https:\/\/mvebio.com\/es\/","logo":{"@type":"ImageObject","inLanguage":"es","@id":"https:\/\/mvebio.com\/es\/#\/schema\/logo\/image\/","url":"https:\/\/mvebio.com\/wp-content\/uploads\/sites\/4\/2023\/12\/mve-square.png","contentUrl":"https:\/\/mvebio.com\/wp-content\/uploads\/sites\/4\/2023\/12\/mve-square.png","width":1200,"height":1200,"caption":"MVE Biological Solutions"},"image":{"@id":"https:\/\/mvebio.com\/es\/#\/schema\/logo\/image\/"},"sameAs":["https:\/\/x.com\/MveBioSolutions","https:\/\/www.linkedin.com\/company\/mvebio\/"]}]}},"_links":{"self":[{"href":"https:\/\/mvebio.com\/es\/wp-json\/wp\/v2\/pages\/11476","targetHints":{"allow":["GET"]}}],"collection":[{"href":"https:\/\/mvebio.com\/es\/wp-json\/wp\/v2\/pages"}],"about":[{"href":"https:\/\/mvebio.com\/es\/wp-json\/wp\/v2\/types\/page"}],"author":[{"embeddable":true,"href":"https:\/\/mvebio.com\/es\/wp-json\/wp\/v2\/users\/1"}],"replies":[{"embeddable":true,"href":"https:\/\/mvebio.com\/es\/wp-json\/wp\/v2\/comments?post=11476"}],"version-history":[{"count":1,"href":"https:\/\/mvebio.com\/es\/wp-json\/wp\/v2\/pages\/11476\/revisions"}],"predecessor-version":[{"id":11502,"href":"https:\/\/mvebio.com\/es\/wp-json\/wp\/v2\/pages\/11476\/revisions\/11502"}],"up":[{"embeddable":true,"href":"https:\/\/mvebio.com\/es\/wp-json\/wp\/v2\/pages\/11460"}],"wp:featuredmedia":[{"embeddable":true,"href":"https:\/\/mvebio.com\/es\/wp-json\/wp\/v2\/media\/10534"}],"wp:attachment":[{"href":"https:\/\/mvebio.com\/es\/wp-json\/wp\/v2\/media?parent=11476"}],"curies":[{"name":"wp","href":"https:\/\/api.w.org\/{rel}","templated":true}]}}