{"id":11474,"date":"2023-03-30T10:47:49","date_gmt":"2023-03-30T09:47:49","guid":{"rendered":"https:\/\/mvebio.com\/serie-mve-vario\/"},"modified":"2026-02-18T11:16:57","modified_gmt":"2026-02-18T16:16:57","slug":"serie-mve-vario","status":"publish","type":"page","link":"https:\/\/mvebio.com\/es\/nuestros-productos\/ciencias-de-la-vida-congeladores\/serie-mve-vario\/","title":{"rendered":"Serie MVE Vario"},"content":{"rendered":"","protected":false},"excerpt":{"rendered":"<p>Almacenamiento criog\u00e9nico de temperatura ultrabaja y coste de funcionamiento ultrabajo<\/p>\n","protected":false},"author":1,"featured_media":10518,"parent":11512,"menu_order":0,"comment_status":"closed","ping_status":"closed","template":"","meta":{"_acf_changed":false,"footnotes":""},"class_list":["post-11474","page","type-page","status-publish","has-post-thumbnail","hentry"],"acf":[],"yoast_head":"<!-- This site is optimized with the Yoast SEO plugin v27.2 - https:\/\/yoast.com\/product\/yoast-seo-wordpress\/ -->\n<title>Serie MVE Vario - MVE Biological Solutions<\/title>\n<meta name=\"description\" content=\"Si necesita una soluci\u00f3n de biobancos energ\u00e9ticamente eficiente que ofrezca temperaturas ultrabajas, la serie MVE Vario podr\u00eda ser la adecuada para usted. Con esta innovadora alternativa a los congeladores mec\u00e1nicos, usted tiene todo el control. Los modelos MVE 1500 y 1800 Vario ofrecen temperaturas definidas por el usuario entre -20 \u00b0C y -150 \u00b0C. Y el kit de conversi\u00f3n disponible le permite utilizar el Vario como congelador de alta eficiencia a -190C.\" \/>\n<meta name=\"robots\" content=\"index, follow, max-snippet:-1, max-image-preview:large, max-video-preview:-1\" \/>\n<link rel=\"canonical\" href=\"https:\/\/mvebio.com\/es\/nuestros-productos\/ciencias-de-la-vida-congeladores\/serie-mve-vario\/\" \/>\n<meta property=\"og:locale\" content=\"es_ES\" \/>\n<meta property=\"og:type\" content=\"article\" \/>\n<meta property=\"og:title\" content=\"Serie MVE Vario - MVE Biological Solutions\" \/>\n<meta property=\"og:description\" content=\"Si necesita una soluci\u00f3n de biobancos energ\u00e9ticamente eficiente que ofrezca temperaturas ultrabajas, la serie MVE Vario podr\u00eda ser la adecuada para usted. Con esta innovadora alternativa a los congeladores mec\u00e1nicos, usted tiene todo el control. Los modelos MVE 1500 y 1800 Vario ofrecen temperaturas definidas por el usuario entre -20 \u00b0C y -150 \u00b0C. Y el kit de conversi\u00f3n disponible le permite utilizar el Vario como congelador de alta eficiencia a -190C.\" \/>\n<meta property=\"og:url\" content=\"https:\/\/mvebio.com\/es\/nuestros-productos\/ciencias-de-la-vida-congeladores\/serie-mve-vario\/\" \/>\n<meta property=\"og:site_name\" content=\"MVE Biological Solutions\" \/>\n<meta property=\"article:modified_time\" content=\"2026-02-18T16:16:57+00:00\" \/>\n<meta property=\"og:image\" content=\"https:\/\/mvebio.com\/wp-content\/uploads\/sites\/4\/2023\/12\/Vario-Series-1800-1.jpg\" \/>\n\t<meta property=\"og:image:width\" content=\"1200\" \/>\n\t<meta property=\"og:image:height\" content=\"562\" \/>\n\t<meta property=\"og:image:type\" content=\"image\/jpeg\" \/>\n<meta name=\"twitter:card\" content=\"summary_large_image\" \/>\n<meta name=\"twitter:site\" content=\"@MveBioSolutions\" \/>\n<script type=\"application\/ld+json\" class=\"yoast-schema-graph\">{\"@context\":\"https:\/\/schema.org\",\"@graph\":[{\"@type\":\"WebPage\",\"@id\":\"https:\/\/mvebio.com\/es\/nuestros-productos\/ciencias-de-la-vida-congeladores\/serie-mve-vario\/\",\"url\":\"https:\/\/mvebio.com\/es\/nuestros-productos\/ciencias-de-la-vida-congeladores\/serie-mve-vario\/\",\"name\":\"Serie MVE Vario - MVE Biological Solutions\",\"isPartOf\":{\"@id\":\"https:\/\/mvebio.com\/es\/#website\"},\"primaryImageOfPage\":{\"@id\":\"https:\/\/mvebio.com\/es\/nuestros-productos\/ciencias-de-la-vida-congeladores\/serie-mve-vario\/#primaryimage\"},\"image\":{\"@id\":\"https:\/\/mvebio.com\/es\/nuestros-productos\/ciencias-de-la-vida-congeladores\/serie-mve-vario\/#primaryimage\"},\"thumbnailUrl\":\"https:\/\/mvebio.com\/wp-content\/uploads\/sites\/4\/2023\/12\/Vario-Series-1800-1.jpg\",\"datePublished\":\"2023-03-30T09:47:49+00:00\",\"dateModified\":\"2026-02-18T16:16:57+00:00\",\"description\":\"Si necesita una soluci\u00f3n de biobancos energ\u00e9ticamente eficiente que ofrezca temperaturas ultrabajas, la serie MVE Vario podr\u00eda ser la adecuada para usted. Con esta innovadora alternativa a los congeladores mec\u00e1nicos, usted tiene todo el control. Los modelos MVE 1500 y 1800 Vario ofrecen temperaturas definidas por el usuario entre -20 \u00b0C y -150 \u00b0C. Y el kit de conversi\u00f3n disponible le permite utilizar el Vario como congelador de alta eficiencia a -190C.\",\"breadcrumb\":{\"@id\":\"https:\/\/mvebio.com\/es\/nuestros-productos\/ciencias-de-la-vida-congeladores\/serie-mve-vario\/#breadcrumb\"},\"inLanguage\":\"es\",\"potentialAction\":[{\"@type\":\"ReadAction\",\"target\":[\"https:\/\/mvebio.com\/es\/nuestros-productos\/ciencias-de-la-vida-congeladores\/serie-mve-vario\/\"]}]},{\"@type\":\"ImageObject\",\"inLanguage\":\"es\",\"@id\":\"https:\/\/mvebio.com\/es\/nuestros-productos\/ciencias-de-la-vida-congeladores\/serie-mve-vario\/#primaryimage\",\"url\":\"https:\/\/mvebio.com\/wp-content\/uploads\/sites\/4\/2023\/12\/Vario-Series-1800-1.jpg\",\"contentUrl\":\"https:\/\/mvebio.com\/wp-content\/uploads\/sites\/4\/2023\/12\/Vario-Series-1800-1.jpg\",\"width\":1200,\"height\":562,\"caption\":\"Vario Serie 1800\"},{\"@type\":\"BreadcrumbList\",\"@id\":\"https:\/\/mvebio.com\/es\/nuestros-productos\/ciencias-de-la-vida-congeladores\/serie-mve-vario\/#breadcrumb\",\"itemListElement\":[{\"@type\":\"ListItem\",\"position\":1,\"name\":\"Inicio\",\"item\":\"https:\/\/mvebio.com\/es\/pagina-de-inicio\/\"},{\"@type\":\"ListItem\",\"position\":2,\"name\":\"Nuestros productos\",\"item\":\"https:\/\/mvebio.com\/es\/nuestros-productos\/\"},{\"@type\":\"ListItem\",\"position\":3,\"name\":\"Ciencias de la vida (congeladores)\",\"item\":\"https:\/\/mvebio.com\/es\/nuestros-productos\/ciencias-de-la-vida-congeladores\/\"},{\"@type\":\"ListItem\",\"position\":4,\"name\":\"Serie MVE Vario\"}]},{\"@type\":\"WebSite\",\"@id\":\"https:\/\/mvebio.com\/es\/#website\",\"url\":\"https:\/\/mvebio.com\/es\/\",\"name\":\"MVE Biological Solutions\",\"description\":\"Cryogenic freezers and dewars\",\"publisher\":{\"@id\":\"https:\/\/mvebio.com\/es\/#organization\"},\"alternateName\":\"MVE Bio\",\"potentialAction\":[{\"@type\":\"SearchAction\",\"target\":{\"@type\":\"EntryPoint\",\"urlTemplate\":\"https:\/\/mvebio.com\/es\/?s={search_term_string}\"},\"query-input\":{\"@type\":\"PropertyValueSpecification\",\"valueRequired\":true,\"valueName\":\"search_term_string\"}}],\"inLanguage\":\"es\"},{\"@type\":\"Organization\",\"@id\":\"https:\/\/mvebio.com\/es\/#organization\",\"name\":\"MVE Biological Solutions\",\"alternateName\":\"MVE Bio\",\"url\":\"https:\/\/mvebio.com\/es\/\",\"logo\":{\"@type\":\"ImageObject\",\"inLanguage\":\"es\",\"@id\":\"https:\/\/mvebio.com\/es\/#\/schema\/logo\/image\/\",\"url\":\"https:\/\/mvebio.com\/wp-content\/uploads\/sites\/4\/2023\/12\/mve-square.png\",\"contentUrl\":\"https:\/\/mvebio.com\/wp-content\/uploads\/sites\/4\/2023\/12\/mve-square.png\",\"width\":1200,\"height\":1200,\"caption\":\"MVE Biological Solutions\"},\"image\":{\"@id\":\"https:\/\/mvebio.com\/es\/#\/schema\/logo\/image\/\"},\"sameAs\":[\"https:\/\/x.com\/MveBioSolutions\",\"https:\/\/www.linkedin.com\/company\/mvebio\/\"]}]}<\/script>\n<!-- \/ Yoast SEO plugin. -->","yoast_head_json":{"title":"Serie MVE Vario - MVE Biological Solutions","description":"Si necesita una soluci\u00f3n de biobancos energ\u00e9ticamente eficiente que ofrezca temperaturas ultrabajas, la serie MVE Vario podr\u00eda ser la adecuada para usted. Con esta innovadora alternativa a los congeladores mec\u00e1nicos, usted tiene todo el control. Los modelos MVE 1500 y 1800 Vario ofrecen temperaturas definidas por el usuario entre -20 \u00b0C y -150 \u00b0C. Y el kit de conversi\u00f3n disponible le permite utilizar el Vario como congelador de alta eficiencia a -190C.","robots":{"index":"index","follow":"follow","max-snippet":"max-snippet:-1","max-image-preview":"max-image-preview:large","max-video-preview":"max-video-preview:-1"},"canonical":"https:\/\/mvebio.com\/es\/nuestros-productos\/ciencias-de-la-vida-congeladores\/serie-mve-vario\/","og_locale":"es_ES","og_type":"article","og_title":"Serie MVE Vario - MVE Biological Solutions","og_description":"Si necesita una soluci\u00f3n de biobancos energ\u00e9ticamente eficiente que ofrezca temperaturas ultrabajas, la serie MVE Vario podr\u00eda ser la adecuada para usted. Con esta innovadora alternativa a los congeladores mec\u00e1nicos, usted tiene todo el control. Los modelos MVE 1500 y 1800 Vario ofrecen temperaturas definidas por el usuario entre -20 \u00b0C y -150 \u00b0C. Y el kit de conversi\u00f3n disponible le permite utilizar el Vario como congelador de alta eficiencia a -190C.","og_url":"https:\/\/mvebio.com\/es\/nuestros-productos\/ciencias-de-la-vida-congeladores\/serie-mve-vario\/","og_site_name":"MVE Biological Solutions","article_modified_time":"2026-02-18T16:16:57+00:00","og_image":[{"width":1200,"height":562,"url":"https:\/\/mvebio.com\/wp-content\/uploads\/sites\/4\/2023\/12\/Vario-Series-1800-1.jpg","type":"image\/jpeg"}],"twitter_card":"summary_large_image","twitter_site":"@MveBioSolutions","schema":{"@context":"https:\/\/schema.org","@graph":[{"@type":"WebPage","@id":"https:\/\/mvebio.com\/es\/nuestros-productos\/ciencias-de-la-vida-congeladores\/serie-mve-vario\/","url":"https:\/\/mvebio.com\/es\/nuestros-productos\/ciencias-de-la-vida-congeladores\/serie-mve-vario\/","name":"Serie MVE Vario - MVE Biological Solutions","isPartOf":{"@id":"https:\/\/mvebio.com\/es\/#website"},"primaryImageOfPage":{"@id":"https:\/\/mvebio.com\/es\/nuestros-productos\/ciencias-de-la-vida-congeladores\/serie-mve-vario\/#primaryimage"},"image":{"@id":"https:\/\/mvebio.com\/es\/nuestros-productos\/ciencias-de-la-vida-congeladores\/serie-mve-vario\/#primaryimage"},"thumbnailUrl":"https:\/\/mvebio.com\/wp-content\/uploads\/sites\/4\/2023\/12\/Vario-Series-1800-1.jpg","datePublished":"2023-03-30T09:47:49+00:00","dateModified":"2026-02-18T16:16:57+00:00","description":"Si necesita una soluci\u00f3n de biobancos energ\u00e9ticamente eficiente que ofrezca temperaturas ultrabajas, la serie MVE Vario podr\u00eda ser la adecuada para usted. Con esta innovadora alternativa a los congeladores mec\u00e1nicos, usted tiene todo el control. Los modelos MVE 1500 y 1800 Vario ofrecen temperaturas definidas por el usuario entre -20 \u00b0C y -150 \u00b0C. Y el kit de conversi\u00f3n disponible le permite utilizar el Vario como congelador de alta eficiencia a -190C.","breadcrumb":{"@id":"https:\/\/mvebio.com\/es\/nuestros-productos\/ciencias-de-la-vida-congeladores\/serie-mve-vario\/#breadcrumb"},"inLanguage":"es","potentialAction":[{"@type":"ReadAction","target":["https:\/\/mvebio.com\/es\/nuestros-productos\/ciencias-de-la-vida-congeladores\/serie-mve-vario\/"]}]},{"@type":"ImageObject","inLanguage":"es","@id":"https:\/\/mvebio.com\/es\/nuestros-productos\/ciencias-de-la-vida-congeladores\/serie-mve-vario\/#primaryimage","url":"https:\/\/mvebio.com\/wp-content\/uploads\/sites\/4\/2023\/12\/Vario-Series-1800-1.jpg","contentUrl":"https:\/\/mvebio.com\/wp-content\/uploads\/sites\/4\/2023\/12\/Vario-Series-1800-1.jpg","width":1200,"height":562,"caption":"Vario Serie 1800"},{"@type":"BreadcrumbList","@id":"https:\/\/mvebio.com\/es\/nuestros-productos\/ciencias-de-la-vida-congeladores\/serie-mve-vario\/#breadcrumb","itemListElement":[{"@type":"ListItem","position":1,"name":"Inicio","item":"https:\/\/mvebio.com\/es\/pagina-de-inicio\/"},{"@type":"ListItem","position":2,"name":"Nuestros productos","item":"https:\/\/mvebio.com\/es\/nuestros-productos\/"},{"@type":"ListItem","position":3,"name":"Ciencias de la vida (congeladores)","item":"https:\/\/mvebio.com\/es\/nuestros-productos\/ciencias-de-la-vida-congeladores\/"},{"@type":"ListItem","position":4,"name":"Serie MVE Vario"}]},{"@type":"WebSite","@id":"https:\/\/mvebio.com\/es\/#website","url":"https:\/\/mvebio.com\/es\/","name":"MVE Biological Solutions","description":"Cryogenic freezers and dewars","publisher":{"@id":"https:\/\/mvebio.com\/es\/#organization"},"alternateName":"MVE Bio","potentialAction":[{"@type":"SearchAction","target":{"@type":"EntryPoint","urlTemplate":"https:\/\/mvebio.com\/es\/?s={search_term_string}"},"query-input":{"@type":"PropertyValueSpecification","valueRequired":true,"valueName":"search_term_string"}}],"inLanguage":"es"},{"@type":"Organization","@id":"https:\/\/mvebio.com\/es\/#organization","name":"MVE Biological Solutions","alternateName":"MVE Bio","url":"https:\/\/mvebio.com\/es\/","logo":{"@type":"ImageObject","inLanguage":"es","@id":"https:\/\/mvebio.com\/es\/#\/schema\/logo\/image\/","url":"https:\/\/mvebio.com\/wp-content\/uploads\/sites\/4\/2023\/12\/mve-square.png","contentUrl":"https:\/\/mvebio.com\/wp-content\/uploads\/sites\/4\/2023\/12\/mve-square.png","width":1200,"height":1200,"caption":"MVE Biological Solutions"},"image":{"@id":"https:\/\/mvebio.com\/es\/#\/schema\/logo\/image\/"},"sameAs":["https:\/\/x.com\/MveBioSolutions","https:\/\/www.linkedin.com\/company\/mvebio\/"]}]}},"_links":{"self":[{"href":"https:\/\/mvebio.com\/es\/wp-json\/wp\/v2\/pages\/11474","targetHints":{"allow":["GET"]}}],"collection":[{"href":"https:\/\/mvebio.com\/es\/wp-json\/wp\/v2\/pages"}],"about":[{"href":"https:\/\/mvebio.com\/es\/wp-json\/wp\/v2\/types\/page"}],"author":[{"embeddable":true,"href":"https:\/\/mvebio.com\/es\/wp-json\/wp\/v2\/users\/1"}],"replies":[{"embeddable":true,"href":"https:\/\/mvebio.com\/es\/wp-json\/wp\/v2\/comments?post=11474"}],"version-history":[{"count":1,"href":"https:\/\/mvebio.com\/es\/wp-json\/wp\/v2\/pages\/11474\/revisions"}],"predecessor-version":[{"id":11501,"href":"https:\/\/mvebio.com\/es\/wp-json\/wp\/v2\/pages\/11474\/revisions\/11501"}],"up":[{"embeddable":true,"href":"https:\/\/mvebio.com\/es\/wp-json\/wp\/v2\/pages\/11512"}],"wp:featuredmedia":[{"embeddable":true,"href":"https:\/\/mvebio.com\/es\/wp-json\/wp\/v2\/media\/10518"}],"wp:attachment":[{"href":"https:\/\/mvebio.com\/es\/wp-json\/wp\/v2\/media?parent=11474"}],"curies":[{"name":"wp","href":"https:\/\/api.w.org\/{rel}","templated":true}]}}