{"id":11471,"date":"2023-03-30T10:49:57","date_gmt":"2023-03-30T09:49:57","guid":{"rendered":"https:\/\/mvebio.com\/mve-1536-pd-cargador-en-seco\/"},"modified":"2026-02-18T11:18:00","modified_gmt":"2026-02-18T16:18:00","slug":"mve-1536-pd-cargador-en-seco","status":"publish","type":"page","link":"https:\/\/mvebio.com\/es\/nuestros-productos\/ciencias-de-la-vida-congeladores\/mve-1536-pd-cargador-en-seco\/","title":{"rendered":"MVE 1536 PD Cargador en seco"},"content":{"rendered":"","protected":false},"excerpt":{"rendered":"<p>Env\u00ede de forma segura muestras en almacenamiento de vapor con total tranquilidad<\/p>\n","protected":false},"author":1,"featured_media":10550,"parent":11512,"menu_order":0,"comment_status":"closed","ping_status":"closed","template":"","meta":{"_acf_changed":false,"footnotes":""},"class_list":["post-11471","page","type-page","status-publish","has-post-thumbnail","hentry"],"acf":[],"yoast_head":"<!-- This site is optimized with the Yoast SEO plugin v27.2 - https:\/\/yoast.com\/product\/yoast-seo-wordpress\/ -->\n<title>MVE 1536 PD Cargador en seco - MVE Biological Solutions<\/title>\n<meta name=\"description\" content=\"Env\u00ede de forma segura grandes vol\u00famenes de muestras cr\u00edticas con esta unidad de alta resistencia, y tendr\u00e1 la seguridad de que llegar\u00e1n tal y como las dej\u00f3. Incluso puede validar el rango de temperatura de tr\u00e1nsito utilizando el registrador de datos que se incluye de serie con el MVE 1536 PD Dry Shipper. El registrador le proporcionar\u00e1 un registro actualizado de la temperatura de la muestra durante el transporte.\" \/>\n<meta name=\"robots\" content=\"index, follow, max-snippet:-1, max-image-preview:large, max-video-preview:-1\" \/>\n<link rel=\"canonical\" href=\"https:\/\/mvebio.com\/es\/nuestros-productos\/ciencias-de-la-vida-congeladores\/mve-1536-pd-cargador-en-seco\/\" \/>\n<meta property=\"og:locale\" content=\"es_ES\" \/>\n<meta property=\"og:type\" content=\"article\" \/>\n<meta property=\"og:title\" content=\"MVE 1536 PD Cargador en seco - MVE Biological Solutions\" \/>\n<meta property=\"og:description\" content=\"Env\u00ede de forma segura grandes vol\u00famenes de muestras cr\u00edticas con esta unidad de alta resistencia, y tendr\u00e1 la seguridad de que llegar\u00e1n tal y como las dej\u00f3. Incluso puede validar el rango de temperatura de tr\u00e1nsito utilizando el registrador de datos que se incluye de serie con el MVE 1536 PD Dry Shipper. El registrador le proporcionar\u00e1 un registro actualizado de la temperatura de la muestra durante el transporte.\" \/>\n<meta property=\"og:url\" content=\"https:\/\/mvebio.com\/es\/nuestros-productos\/ciencias-de-la-vida-congeladores\/mve-1536-pd-cargador-en-seco\/\" \/>\n<meta property=\"og:site_name\" content=\"MVE Biological Solutions\" \/>\n<meta property=\"article:modified_time\" content=\"2026-02-18T16:18:00+00:00\" \/>\n<meta property=\"og:image\" content=\"https:\/\/mvebio.com\/wp-content\/uploads\/sites\/4\/2023\/12\/mve-1536-dry-shipper-1.jpg\" \/>\n\t<meta property=\"og:image:width\" content=\"1200\" \/>\n\t<meta property=\"og:image:height\" content=\"563\" \/>\n\t<meta property=\"og:image:type\" content=\"image\/jpeg\" \/>\n<meta name=\"twitter:card\" content=\"summary_large_image\" \/>\n<meta name=\"twitter:site\" content=\"@MveBioSolutions\" \/>\n<script type=\"application\/ld+json\" class=\"yoast-schema-graph\">{\"@context\":\"https:\/\/schema.org\",\"@graph\":[{\"@type\":\"WebPage\",\"@id\":\"https:\/\/mvebio.com\/es\/nuestros-productos\/ciencias-de-la-vida-congeladores\/mve-1536-pd-cargador-en-seco\/\",\"url\":\"https:\/\/mvebio.com\/es\/nuestros-productos\/ciencias-de-la-vida-congeladores\/mve-1536-pd-cargador-en-seco\/\",\"name\":\"MVE 1536 PD Cargador en seco - MVE Biological Solutions\",\"isPartOf\":{\"@id\":\"https:\/\/mvebio.com\/es\/#website\"},\"primaryImageOfPage\":{\"@id\":\"https:\/\/mvebio.com\/es\/nuestros-productos\/ciencias-de-la-vida-congeladores\/mve-1536-pd-cargador-en-seco\/#primaryimage\"},\"image\":{\"@id\":\"https:\/\/mvebio.com\/es\/nuestros-productos\/ciencias-de-la-vida-congeladores\/mve-1536-pd-cargador-en-seco\/#primaryimage\"},\"thumbnailUrl\":\"https:\/\/mvebio.com\/wp-content\/uploads\/sites\/4\/2023\/12\/mve-1536-dry-shipper-1.jpg\",\"datePublished\":\"2023-03-30T09:49:57+00:00\",\"dateModified\":\"2026-02-18T16:18:00+00:00\",\"description\":\"Env\u00ede de forma segura grandes vol\u00famenes de muestras cr\u00edticas con esta unidad de alta resistencia, y tendr\u00e1 la seguridad de que llegar\u00e1n tal y como las dej\u00f3. Incluso puede validar el rango de temperatura de tr\u00e1nsito utilizando el registrador de datos que se incluye de serie con el MVE 1536 PD Dry Shipper. El registrador le proporcionar\u00e1 un registro actualizado de la temperatura de la muestra durante el transporte.\",\"breadcrumb\":{\"@id\":\"https:\/\/mvebio.com\/es\/nuestros-productos\/ciencias-de-la-vida-congeladores\/mve-1536-pd-cargador-en-seco\/#breadcrumb\"},\"inLanguage\":\"es\",\"potentialAction\":[{\"@type\":\"ReadAction\",\"target\":[\"https:\/\/mvebio.com\/es\/nuestros-productos\/ciencias-de-la-vida-congeladores\/mve-1536-pd-cargador-en-seco\/\"]}]},{\"@type\":\"ImageObject\",\"inLanguage\":\"es\",\"@id\":\"https:\/\/mvebio.com\/es\/nuestros-productos\/ciencias-de-la-vida-congeladores\/mve-1536-pd-cargador-en-seco\/#primaryimage\",\"url\":\"https:\/\/mvebio.com\/wp-content\/uploads\/sites\/4\/2023\/12\/mve-1536-dry-shipper-1.jpg\",\"contentUrl\":\"https:\/\/mvebio.com\/wp-content\/uploads\/sites\/4\/2023\/12\/mve-1536-dry-shipper-1.jpg\",\"width\":1200,\"height\":563,\"caption\":\"Cargador en seco MVE\"},{\"@type\":\"BreadcrumbList\",\"@id\":\"https:\/\/mvebio.com\/es\/nuestros-productos\/ciencias-de-la-vida-congeladores\/mve-1536-pd-cargador-en-seco\/#breadcrumb\",\"itemListElement\":[{\"@type\":\"ListItem\",\"position\":1,\"name\":\"Inicio\",\"item\":\"https:\/\/mvebio.com\/es\/pagina-de-inicio\/\"},{\"@type\":\"ListItem\",\"position\":2,\"name\":\"Nuestros productos\",\"item\":\"https:\/\/mvebio.com\/es\/nuestros-productos\/\"},{\"@type\":\"ListItem\",\"position\":3,\"name\":\"Ciencias de la vida (congeladores)\",\"item\":\"https:\/\/mvebio.com\/es\/nuestros-productos\/ciencias-de-la-vida-congeladores\/\"},{\"@type\":\"ListItem\",\"position\":4,\"name\":\"MVE 1536 PD Cargador en seco\"}]},{\"@type\":\"WebSite\",\"@id\":\"https:\/\/mvebio.com\/es\/#website\",\"url\":\"https:\/\/mvebio.com\/es\/\",\"name\":\"MVE Biological Solutions\",\"description\":\"Cryogenic freezers and dewars\",\"publisher\":{\"@id\":\"https:\/\/mvebio.com\/es\/#organization\"},\"alternateName\":\"MVE Bio\",\"potentialAction\":[{\"@type\":\"SearchAction\",\"target\":{\"@type\":\"EntryPoint\",\"urlTemplate\":\"https:\/\/mvebio.com\/es\/?s={search_term_string}\"},\"query-input\":{\"@type\":\"PropertyValueSpecification\",\"valueRequired\":true,\"valueName\":\"search_term_string\"}}],\"inLanguage\":\"es\"},{\"@type\":\"Organization\",\"@id\":\"https:\/\/mvebio.com\/es\/#organization\",\"name\":\"MVE Biological Solutions\",\"alternateName\":\"MVE Bio\",\"url\":\"https:\/\/mvebio.com\/es\/\",\"logo\":{\"@type\":\"ImageObject\",\"inLanguage\":\"es\",\"@id\":\"https:\/\/mvebio.com\/es\/#\/schema\/logo\/image\/\",\"url\":\"https:\/\/mvebio.com\/wp-content\/uploads\/sites\/4\/2023\/12\/mve-square.png\",\"contentUrl\":\"https:\/\/mvebio.com\/wp-content\/uploads\/sites\/4\/2023\/12\/mve-square.png\",\"width\":1200,\"height\":1200,\"caption\":\"MVE Biological Solutions\"},\"image\":{\"@id\":\"https:\/\/mvebio.com\/es\/#\/schema\/logo\/image\/\"},\"sameAs\":[\"https:\/\/x.com\/MveBioSolutions\",\"https:\/\/www.linkedin.com\/company\/mvebio\/\"]}]}<\/script>\n<!-- \/ Yoast SEO plugin. -->","yoast_head_json":{"title":"MVE 1536 PD Cargador en seco - MVE Biological Solutions","description":"Env\u00ede de forma segura grandes vol\u00famenes de muestras cr\u00edticas con esta unidad de alta resistencia, y tendr\u00e1 la seguridad de que llegar\u00e1n tal y como las dej\u00f3. Incluso puede validar el rango de temperatura de tr\u00e1nsito utilizando el registrador de datos que se incluye de serie con el MVE 1536 PD Dry Shipper. El registrador le proporcionar\u00e1 un registro actualizado de la temperatura de la muestra durante el transporte.","robots":{"index":"index","follow":"follow","max-snippet":"max-snippet:-1","max-image-preview":"max-image-preview:large","max-video-preview":"max-video-preview:-1"},"canonical":"https:\/\/mvebio.com\/es\/nuestros-productos\/ciencias-de-la-vida-congeladores\/mve-1536-pd-cargador-en-seco\/","og_locale":"es_ES","og_type":"article","og_title":"MVE 1536 PD Cargador en seco - MVE Biological Solutions","og_description":"Env\u00ede de forma segura grandes vol\u00famenes de muestras cr\u00edticas con esta unidad de alta resistencia, y tendr\u00e1 la seguridad de que llegar\u00e1n tal y como las dej\u00f3. Incluso puede validar el rango de temperatura de tr\u00e1nsito utilizando el registrador de datos que se incluye de serie con el MVE 1536 PD Dry Shipper. El registrador le proporcionar\u00e1 un registro actualizado de la temperatura de la muestra durante el transporte.","og_url":"https:\/\/mvebio.com\/es\/nuestros-productos\/ciencias-de-la-vida-congeladores\/mve-1536-pd-cargador-en-seco\/","og_site_name":"MVE Biological Solutions","article_modified_time":"2026-02-18T16:18:00+00:00","og_image":[{"width":1200,"height":563,"url":"https:\/\/mvebio.com\/wp-content\/uploads\/sites\/4\/2023\/12\/mve-1536-dry-shipper-1.jpg","type":"image\/jpeg"}],"twitter_card":"summary_large_image","twitter_site":"@MveBioSolutions","schema":{"@context":"https:\/\/schema.org","@graph":[{"@type":"WebPage","@id":"https:\/\/mvebio.com\/es\/nuestros-productos\/ciencias-de-la-vida-congeladores\/mve-1536-pd-cargador-en-seco\/","url":"https:\/\/mvebio.com\/es\/nuestros-productos\/ciencias-de-la-vida-congeladores\/mve-1536-pd-cargador-en-seco\/","name":"MVE 1536 PD Cargador en seco - MVE Biological Solutions","isPartOf":{"@id":"https:\/\/mvebio.com\/es\/#website"},"primaryImageOfPage":{"@id":"https:\/\/mvebio.com\/es\/nuestros-productos\/ciencias-de-la-vida-congeladores\/mve-1536-pd-cargador-en-seco\/#primaryimage"},"image":{"@id":"https:\/\/mvebio.com\/es\/nuestros-productos\/ciencias-de-la-vida-congeladores\/mve-1536-pd-cargador-en-seco\/#primaryimage"},"thumbnailUrl":"https:\/\/mvebio.com\/wp-content\/uploads\/sites\/4\/2023\/12\/mve-1536-dry-shipper-1.jpg","datePublished":"2023-03-30T09:49:57+00:00","dateModified":"2026-02-18T16:18:00+00:00","description":"Env\u00ede de forma segura grandes vol\u00famenes de muestras cr\u00edticas con esta unidad de alta resistencia, y tendr\u00e1 la seguridad de que llegar\u00e1n tal y como las dej\u00f3. Incluso puede validar el rango de temperatura de tr\u00e1nsito utilizando el registrador de datos que se incluye de serie con el MVE 1536 PD Dry Shipper. El registrador le proporcionar\u00e1 un registro actualizado de la temperatura de la muestra durante el transporte.","breadcrumb":{"@id":"https:\/\/mvebio.com\/es\/nuestros-productos\/ciencias-de-la-vida-congeladores\/mve-1536-pd-cargador-en-seco\/#breadcrumb"},"inLanguage":"es","potentialAction":[{"@type":"ReadAction","target":["https:\/\/mvebio.com\/es\/nuestros-productos\/ciencias-de-la-vida-congeladores\/mve-1536-pd-cargador-en-seco\/"]}]},{"@type":"ImageObject","inLanguage":"es","@id":"https:\/\/mvebio.com\/es\/nuestros-productos\/ciencias-de-la-vida-congeladores\/mve-1536-pd-cargador-en-seco\/#primaryimage","url":"https:\/\/mvebio.com\/wp-content\/uploads\/sites\/4\/2023\/12\/mve-1536-dry-shipper-1.jpg","contentUrl":"https:\/\/mvebio.com\/wp-content\/uploads\/sites\/4\/2023\/12\/mve-1536-dry-shipper-1.jpg","width":1200,"height":563,"caption":"Cargador en seco MVE"},{"@type":"BreadcrumbList","@id":"https:\/\/mvebio.com\/es\/nuestros-productos\/ciencias-de-la-vida-congeladores\/mve-1536-pd-cargador-en-seco\/#breadcrumb","itemListElement":[{"@type":"ListItem","position":1,"name":"Inicio","item":"https:\/\/mvebio.com\/es\/pagina-de-inicio\/"},{"@type":"ListItem","position":2,"name":"Nuestros productos","item":"https:\/\/mvebio.com\/es\/nuestros-productos\/"},{"@type":"ListItem","position":3,"name":"Ciencias de la vida (congeladores)","item":"https:\/\/mvebio.com\/es\/nuestros-productos\/ciencias-de-la-vida-congeladores\/"},{"@type":"ListItem","position":4,"name":"MVE 1536 PD Cargador en seco"}]},{"@type":"WebSite","@id":"https:\/\/mvebio.com\/es\/#website","url":"https:\/\/mvebio.com\/es\/","name":"MVE Biological Solutions","description":"Cryogenic freezers and dewars","publisher":{"@id":"https:\/\/mvebio.com\/es\/#organization"},"alternateName":"MVE Bio","potentialAction":[{"@type":"SearchAction","target":{"@type":"EntryPoint","urlTemplate":"https:\/\/mvebio.com\/es\/?s={search_term_string}"},"query-input":{"@type":"PropertyValueSpecification","valueRequired":true,"valueName":"search_term_string"}}],"inLanguage":"es"},{"@type":"Organization","@id":"https:\/\/mvebio.com\/es\/#organization","name":"MVE Biological Solutions","alternateName":"MVE Bio","url":"https:\/\/mvebio.com\/es\/","logo":{"@type":"ImageObject","inLanguage":"es","@id":"https:\/\/mvebio.com\/es\/#\/schema\/logo\/image\/","url":"https:\/\/mvebio.com\/wp-content\/uploads\/sites\/4\/2023\/12\/mve-square.png","contentUrl":"https:\/\/mvebio.com\/wp-content\/uploads\/sites\/4\/2023\/12\/mve-square.png","width":1200,"height":1200,"caption":"MVE Biological Solutions"},"image":{"@id":"https:\/\/mvebio.com\/es\/#\/schema\/logo\/image\/"},"sameAs":["https:\/\/x.com\/MveBioSolutions","https:\/\/www.linkedin.com\/company\/mvebio\/"]}]}},"_links":{"self":[{"href":"https:\/\/mvebio.com\/es\/wp-json\/wp\/v2\/pages\/11471","targetHints":{"allow":["GET"]}}],"collection":[{"href":"https:\/\/mvebio.com\/es\/wp-json\/wp\/v2\/pages"}],"about":[{"href":"https:\/\/mvebio.com\/es\/wp-json\/wp\/v2\/types\/page"}],"author":[{"embeddable":true,"href":"https:\/\/mvebio.com\/es\/wp-json\/wp\/v2\/users\/1"}],"replies":[{"embeddable":true,"href":"https:\/\/mvebio.com\/es\/wp-json\/wp\/v2\/comments?post=11471"}],"version-history":[{"count":1,"href":"https:\/\/mvebio.com\/es\/wp-json\/wp\/v2\/pages\/11471\/revisions"}],"predecessor-version":[{"id":11499,"href":"https:\/\/mvebio.com\/es\/wp-json\/wp\/v2\/pages\/11471\/revisions\/11499"}],"up":[{"embeddable":true,"href":"https:\/\/mvebio.com\/es\/wp-json\/wp\/v2\/pages\/11512"}],"wp:featuredmedia":[{"embeddable":true,"href":"https:\/\/mvebio.com\/es\/wp-json\/wp\/v2\/media\/10550"}],"wp:attachment":[{"href":"https:\/\/mvebio.com\/es\/wp-json\/wp\/v2\/media?parent=11471"}],"curies":[{"name":"wp","href":"https:\/\/api.w.org\/{rel}","templated":true}]}}