{"id":11470,"date":"2023-03-30T11:05:59","date_gmt":"2023-03-30T10:05:59","guid":{"rendered":"https:\/\/mvebio.com\/serie-mve-lab\/"},"modified":"2026-02-18T10:41:48","modified_gmt":"2026-02-18T15:41:48","slug":"serie-mve-lab","status":"publish","type":"page","link":"https:\/\/mvebio.com\/es\/nuestros-productos\/criadores-aluminio\/serie-mve-lab\/","title":{"rendered":"Serie MVE Lab"},"content":{"rendered":"","protected":false},"excerpt":{"rendered":"<p>Complete su dep\u00f3sito de semen con nuestra serie Lab de dewars de aluminio<\/p>\n","protected":false},"author":1,"featured_media":10625,"parent":11520,"menu_order":0,"comment_status":"closed","ping_status":"closed","template":"","meta":{"_acf_changed":false,"footnotes":""},"class_list":["post-11470","page","type-page","status-publish","has-post-thumbnail","hentry"],"acf":[],"yoast_head":"<!-- This site is optimized with the Yoast SEO plugin v27.4 - https:\/\/yoast.com\/product\/yoast-seo-wordpress\/ -->\n<title>Serie MVE Lab - MVE Biological Solutions<\/title>\n<meta name=\"description\" content=\"Nuestros dewars de la serie Lab est\u00e1n dise\u00f1ados para almacenar nitr\u00f3geno l\u00edquido de manera eficiente para rellenar eficazmente los tanques de semen cuando sea necesario. Proporcionan una forma segura, c\u00f3moda y econ\u00f3mica de almacenar nitr\u00f3geno l\u00edquido. Y, por supuesto, lo m\u00e1s probable es que tambi\u00e9n necesite dispensarlo, por lo que la serie de dewars de aluminio de MVE Lab Series realizar\u00e1 el trabajo ya sea vertiendo nitr\u00f3geno l\u00edquido manualmente o utilizando el dispositivo de descarga, dipper o CryoTipper. Por eso son los dewars preferidos para el almacenamiento de nitr\u00f3geno l\u00edquido en todo el mundo.\" \/>\n<meta name=\"robots\" content=\"index, follow, max-snippet:-1, max-image-preview:large, max-video-preview:-1\" \/>\n<link rel=\"canonical\" href=\"https:\/\/mvebio.com\/es\/nuestros-productos\/criadores-aluminio\/serie-mve-lab\/\" \/>\n<meta property=\"og:locale\" content=\"es_ES\" \/>\n<meta property=\"og:type\" content=\"article\" \/>\n<meta property=\"og:title\" content=\"Serie MVE Lab - MVE Biological Solutions\" \/>\n<meta property=\"og:description\" content=\"Nuestros dewars de la serie Lab est\u00e1n dise\u00f1ados para almacenar nitr\u00f3geno l\u00edquido de manera eficiente para rellenar eficazmente los tanques de semen cuando sea necesario. Proporcionan una forma segura, c\u00f3moda y econ\u00f3mica de almacenar nitr\u00f3geno l\u00edquido. Y, por supuesto, lo m\u00e1s probable es que tambi\u00e9n necesite dispensarlo, por lo que la serie de dewars de aluminio de MVE Lab Series realizar\u00e1 el trabajo ya sea vertiendo nitr\u00f3geno l\u00edquido manualmente o utilizando el dispositivo de descarga, dipper o CryoTipper. Por eso son los dewars preferidos para el almacenamiento de nitr\u00f3geno l\u00edquido en todo el mundo.\" \/>\n<meta property=\"og:url\" content=\"https:\/\/mvebio.com\/es\/nuestros-productos\/criadores-aluminio\/serie-mve-lab\/\" \/>\n<meta property=\"og:site_name\" content=\"MVE Biological Solutions\" \/>\n<meta property=\"article:modified_time\" content=\"2026-02-18T15:41:48+00:00\" \/>\n<meta property=\"og:image\" content=\"https:\/\/mvebio.com\/wp-content\/uploads\/sites\/4\/2023\/12\/lab-series-2.jpg\" \/>\n\t<meta property=\"og:image:width\" content=\"1200\" \/>\n\t<meta property=\"og:image:height\" content=\"562\" \/>\n\t<meta property=\"og:image:type\" content=\"image\/jpeg\" \/>\n<meta name=\"twitter:card\" content=\"summary_large_image\" \/>\n<meta name=\"twitter:site\" content=\"@MveBioSolutions\" \/>\n<script type=\"application\/ld+json\" class=\"yoast-schema-graph\">{\"@context\":\"https:\\\/\\\/schema.org\",\"@graph\":[{\"@type\":\"WebPage\",\"@id\":\"https:\\\/\\\/mvebio.com\\\/es\\\/nuestros-productos\\\/criadores-aluminio\\\/serie-mve-lab\\\/\",\"url\":\"https:\\\/\\\/mvebio.com\\\/es\\\/nuestros-productos\\\/criadores-aluminio\\\/serie-mve-lab\\\/\",\"name\":\"Serie MVE Lab - MVE Biological Solutions\",\"isPartOf\":{\"@id\":\"https:\\\/\\\/mvebio.com\\\/es\\\/#website\"},\"primaryImageOfPage\":{\"@id\":\"https:\\\/\\\/mvebio.com\\\/es\\\/nuestros-productos\\\/criadores-aluminio\\\/serie-mve-lab\\\/#primaryimage\"},\"image\":{\"@id\":\"https:\\\/\\\/mvebio.com\\\/es\\\/nuestros-productos\\\/criadores-aluminio\\\/serie-mve-lab\\\/#primaryimage\"},\"thumbnailUrl\":\"https:\\\/\\\/mvebio.com\\\/wp-content\\\/uploads\\\/sites\\\/4\\\/2023\\\/12\\\/lab-series-2.jpg\",\"datePublished\":\"2023-03-30T10:05:59+00:00\",\"dateModified\":\"2026-02-18T15:41:48+00:00\",\"description\":\"Nuestros dewars de la serie Lab est\u00e1n dise\u00f1ados para almacenar nitr\u00f3geno l\u00edquido de manera eficiente para rellenar eficazmente los tanques de semen cuando sea necesario. Proporcionan una forma segura, c\u00f3moda y econ\u00f3mica de almacenar nitr\u00f3geno l\u00edquido. Y, por supuesto, lo m\u00e1s probable es que tambi\u00e9n necesite dispensarlo, por lo que la serie de dewars de aluminio de MVE Lab Series realizar\u00e1 el trabajo ya sea vertiendo nitr\u00f3geno l\u00edquido manualmente o utilizando el dispositivo de descarga, dipper o CryoTipper. Por eso son los dewars preferidos para el almacenamiento de nitr\u00f3geno l\u00edquido en todo el mundo.\",\"breadcrumb\":{\"@id\":\"https:\\\/\\\/mvebio.com\\\/es\\\/nuestros-productos\\\/criadores-aluminio\\\/serie-mve-lab\\\/#breadcrumb\"},\"inLanguage\":\"es\",\"potentialAction\":[{\"@type\":\"ReadAction\",\"target\":[\"https:\\\/\\\/mvebio.com\\\/es\\\/nuestros-productos\\\/criadores-aluminio\\\/serie-mve-lab\\\/\"]}]},{\"@type\":\"ImageObject\",\"inLanguage\":\"es\",\"@id\":\"https:\\\/\\\/mvebio.com\\\/es\\\/nuestros-productos\\\/criadores-aluminio\\\/serie-mve-lab\\\/#primaryimage\",\"url\":\"https:\\\/\\\/mvebio.com\\\/wp-content\\\/uploads\\\/sites\\\/4\\\/2023\\\/12\\\/lab-series-2.jpg\",\"contentUrl\":\"https:\\\/\\\/mvebio.com\\\/wp-content\\\/uploads\\\/sites\\\/4\\\/2023\\\/12\\\/lab-series-2.jpg\",\"width\":1200,\"height\":562},{\"@type\":\"BreadcrumbList\",\"@id\":\"https:\\\/\\\/mvebio.com\\\/es\\\/nuestros-productos\\\/criadores-aluminio\\\/serie-mve-lab\\\/#breadcrumb\",\"itemListElement\":[{\"@type\":\"ListItem\",\"position\":1,\"name\":\"Inicio\",\"item\":\"https:\\\/\\\/mvebio.com\\\/es\\\/pagina-de-inicio\\\/\"},{\"@type\":\"ListItem\",\"position\":2,\"name\":\"Nuestros productos\",\"item\":\"https:\\\/\\\/mvebio.com\\\/es\\\/nuestros-productos\\\/\"},{\"@type\":\"ListItem\",\"position\":3,\"name\":\"Criadores (aluminio)\",\"item\":\"https:\\\/\\\/mvebio.com\\\/es\\\/nuestros-productos\\\/criadores-aluminio\\\/\"},{\"@type\":\"ListItem\",\"position\":4,\"name\":\"Serie MVE Lab\"}]},{\"@type\":\"WebSite\",\"@id\":\"https:\\\/\\\/mvebio.com\\\/es\\\/#website\",\"url\":\"https:\\\/\\\/mvebio.com\\\/es\\\/\",\"name\":\"MVE Biological Solutions\",\"description\":\"Cryogenic freezers and dewars\",\"publisher\":{\"@id\":\"https:\\\/\\\/mvebio.com\\\/es\\\/#organization\"},\"alternateName\":\"MVE Bio\",\"potentialAction\":[{\"@type\":\"SearchAction\",\"target\":{\"@type\":\"EntryPoint\",\"urlTemplate\":\"https:\\\/\\\/mvebio.com\\\/es\\\/?s={search_term_string}\"},\"query-input\":{\"@type\":\"PropertyValueSpecification\",\"valueRequired\":true,\"valueName\":\"search_term_string\"}}],\"inLanguage\":\"es\"},{\"@type\":\"Organization\",\"@id\":\"https:\\\/\\\/mvebio.com\\\/es\\\/#organization\",\"name\":\"MVE Biological Solutions\",\"alternateName\":\"MVE Bio\",\"url\":\"https:\\\/\\\/mvebio.com\\\/es\\\/\",\"logo\":{\"@type\":\"ImageObject\",\"inLanguage\":\"es\",\"@id\":\"https:\\\/\\\/mvebio.com\\\/es\\\/#\\\/schema\\\/logo\\\/image\\\/\",\"url\":\"https:\\\/\\\/mvebio.com\\\/wp-content\\\/uploads\\\/sites\\\/4\\\/2023\\\/12\\\/mve-square.png\",\"contentUrl\":\"https:\\\/\\\/mvebio.com\\\/wp-content\\\/uploads\\\/sites\\\/4\\\/2023\\\/12\\\/mve-square.png\",\"width\":1200,\"height\":1200,\"caption\":\"MVE Biological Solutions\"},\"image\":{\"@id\":\"https:\\\/\\\/mvebio.com\\\/es\\\/#\\\/schema\\\/logo\\\/image\\\/\"},\"sameAs\":[\"https:\\\/\\\/x.com\\\/MveBioSolutions\",\"https:\\\/\\\/www.linkedin.com\\\/company\\\/mvebio\\\/\"]}]}<\/script>\n<!-- \/ Yoast SEO plugin. -->","yoast_head_json":{"title":"Serie MVE Lab - MVE Biological Solutions","description":"Nuestros dewars de la serie Lab est\u00e1n dise\u00f1ados para almacenar nitr\u00f3geno l\u00edquido de manera eficiente para rellenar eficazmente los tanques de semen cuando sea necesario. Proporcionan una forma segura, c\u00f3moda y econ\u00f3mica de almacenar nitr\u00f3geno l\u00edquido. Y, por supuesto, lo m\u00e1s probable es que tambi\u00e9n necesite dispensarlo, por lo que la serie de dewars de aluminio de MVE Lab Series realizar\u00e1 el trabajo ya sea vertiendo nitr\u00f3geno l\u00edquido manualmente o utilizando el dispositivo de descarga, dipper o CryoTipper. Por eso son los dewars preferidos para el almacenamiento de nitr\u00f3geno l\u00edquido en todo el mundo.","robots":{"index":"index","follow":"follow","max-snippet":"max-snippet:-1","max-image-preview":"max-image-preview:large","max-video-preview":"max-video-preview:-1"},"canonical":"https:\/\/mvebio.com\/es\/nuestros-productos\/criadores-aluminio\/serie-mve-lab\/","og_locale":"es_ES","og_type":"article","og_title":"Serie MVE Lab - MVE Biological Solutions","og_description":"Nuestros dewars de la serie Lab est\u00e1n dise\u00f1ados para almacenar nitr\u00f3geno l\u00edquido de manera eficiente para rellenar eficazmente los tanques de semen cuando sea necesario. Proporcionan una forma segura, c\u00f3moda y econ\u00f3mica de almacenar nitr\u00f3geno l\u00edquido. Y, por supuesto, lo m\u00e1s probable es que tambi\u00e9n necesite dispensarlo, por lo que la serie de dewars de aluminio de MVE Lab Series realizar\u00e1 el trabajo ya sea vertiendo nitr\u00f3geno l\u00edquido manualmente o utilizando el dispositivo de descarga, dipper o CryoTipper. Por eso son los dewars preferidos para el almacenamiento de nitr\u00f3geno l\u00edquido en todo el mundo.","og_url":"https:\/\/mvebio.com\/es\/nuestros-productos\/criadores-aluminio\/serie-mve-lab\/","og_site_name":"MVE Biological Solutions","article_modified_time":"2026-02-18T15:41:48+00:00","og_image":[{"width":1200,"height":562,"url":"https:\/\/mvebio.com\/wp-content\/uploads\/sites\/4\/2023\/12\/lab-series-2.jpg","type":"image\/jpeg"}],"twitter_card":"summary_large_image","twitter_site":"@MveBioSolutions","schema":{"@context":"https:\/\/schema.org","@graph":[{"@type":"WebPage","@id":"https:\/\/mvebio.com\/es\/nuestros-productos\/criadores-aluminio\/serie-mve-lab\/","url":"https:\/\/mvebio.com\/es\/nuestros-productos\/criadores-aluminio\/serie-mve-lab\/","name":"Serie MVE Lab - MVE Biological Solutions","isPartOf":{"@id":"https:\/\/mvebio.com\/es\/#website"},"primaryImageOfPage":{"@id":"https:\/\/mvebio.com\/es\/nuestros-productos\/criadores-aluminio\/serie-mve-lab\/#primaryimage"},"image":{"@id":"https:\/\/mvebio.com\/es\/nuestros-productos\/criadores-aluminio\/serie-mve-lab\/#primaryimage"},"thumbnailUrl":"https:\/\/mvebio.com\/wp-content\/uploads\/sites\/4\/2023\/12\/lab-series-2.jpg","datePublished":"2023-03-30T10:05:59+00:00","dateModified":"2026-02-18T15:41:48+00:00","description":"Nuestros dewars de la serie Lab est\u00e1n dise\u00f1ados para almacenar nitr\u00f3geno l\u00edquido de manera eficiente para rellenar eficazmente los tanques de semen cuando sea necesario. Proporcionan una forma segura, c\u00f3moda y econ\u00f3mica de almacenar nitr\u00f3geno l\u00edquido. Y, por supuesto, lo m\u00e1s probable es que tambi\u00e9n necesite dispensarlo, por lo que la serie de dewars de aluminio de MVE Lab Series realizar\u00e1 el trabajo ya sea vertiendo nitr\u00f3geno l\u00edquido manualmente o utilizando el dispositivo de descarga, dipper o CryoTipper. Por eso son los dewars preferidos para el almacenamiento de nitr\u00f3geno l\u00edquido en todo el mundo.","breadcrumb":{"@id":"https:\/\/mvebio.com\/es\/nuestros-productos\/criadores-aluminio\/serie-mve-lab\/#breadcrumb"},"inLanguage":"es","potentialAction":[{"@type":"ReadAction","target":["https:\/\/mvebio.com\/es\/nuestros-productos\/criadores-aluminio\/serie-mve-lab\/"]}]},{"@type":"ImageObject","inLanguage":"es","@id":"https:\/\/mvebio.com\/es\/nuestros-productos\/criadores-aluminio\/serie-mve-lab\/#primaryimage","url":"https:\/\/mvebio.com\/wp-content\/uploads\/sites\/4\/2023\/12\/lab-series-2.jpg","contentUrl":"https:\/\/mvebio.com\/wp-content\/uploads\/sites\/4\/2023\/12\/lab-series-2.jpg","width":1200,"height":562},{"@type":"BreadcrumbList","@id":"https:\/\/mvebio.com\/es\/nuestros-productos\/criadores-aluminio\/serie-mve-lab\/#breadcrumb","itemListElement":[{"@type":"ListItem","position":1,"name":"Inicio","item":"https:\/\/mvebio.com\/es\/pagina-de-inicio\/"},{"@type":"ListItem","position":2,"name":"Nuestros productos","item":"https:\/\/mvebio.com\/es\/nuestros-productos\/"},{"@type":"ListItem","position":3,"name":"Criadores (aluminio)","item":"https:\/\/mvebio.com\/es\/nuestros-productos\/criadores-aluminio\/"},{"@type":"ListItem","position":4,"name":"Serie MVE Lab"}]},{"@type":"WebSite","@id":"https:\/\/mvebio.com\/es\/#website","url":"https:\/\/mvebio.com\/es\/","name":"MVE Biological Solutions","description":"Cryogenic freezers and dewars","publisher":{"@id":"https:\/\/mvebio.com\/es\/#organization"},"alternateName":"MVE Bio","potentialAction":[{"@type":"SearchAction","target":{"@type":"EntryPoint","urlTemplate":"https:\/\/mvebio.com\/es\/?s={search_term_string}"},"query-input":{"@type":"PropertyValueSpecification","valueRequired":true,"valueName":"search_term_string"}}],"inLanguage":"es"},{"@type":"Organization","@id":"https:\/\/mvebio.com\/es\/#organization","name":"MVE Biological Solutions","alternateName":"MVE Bio","url":"https:\/\/mvebio.com\/es\/","logo":{"@type":"ImageObject","inLanguage":"es","@id":"https:\/\/mvebio.com\/es\/#\/schema\/logo\/image\/","url":"https:\/\/mvebio.com\/wp-content\/uploads\/sites\/4\/2023\/12\/mve-square.png","contentUrl":"https:\/\/mvebio.com\/wp-content\/uploads\/sites\/4\/2023\/12\/mve-square.png","width":1200,"height":1200,"caption":"MVE Biological Solutions"},"image":{"@id":"https:\/\/mvebio.com\/es\/#\/schema\/logo\/image\/"},"sameAs":["https:\/\/x.com\/MveBioSolutions","https:\/\/www.linkedin.com\/company\/mvebio\/"]}]}},"_links":{"self":[{"href":"https:\/\/mvebio.com\/es\/wp-json\/wp\/v2\/pages\/11470","targetHints":{"allow":["GET"]}}],"collection":[{"href":"https:\/\/mvebio.com\/es\/wp-json\/wp\/v2\/pages"}],"about":[{"href":"https:\/\/mvebio.com\/es\/wp-json\/wp\/v2\/types\/page"}],"author":[{"embeddable":true,"href":"https:\/\/mvebio.com\/es\/wp-json\/wp\/v2\/users\/1"}],"replies":[{"embeddable":true,"href":"https:\/\/mvebio.com\/es\/wp-json\/wp\/v2\/comments?post=11470"}],"version-history":[{"count":1,"href":"https:\/\/mvebio.com\/es\/wp-json\/wp\/v2\/pages\/11470\/revisions"}],"predecessor-version":[{"id":11507,"href":"https:\/\/mvebio.com\/es\/wp-json\/wp\/v2\/pages\/11470\/revisions\/11507"}],"up":[{"embeddable":true,"href":"https:\/\/mvebio.com\/es\/wp-json\/wp\/v2\/pages\/11520"}],"wp:featuredmedia":[{"embeddable":true,"href":"https:\/\/mvebio.com\/es\/wp-json\/wp\/v2\/media\/10625"}],"wp:attachment":[{"href":"https:\/\/mvebio.com\/es\/wp-json\/wp\/v2\/media?parent=11470"}],"curies":[{"name":"wp","href":"https:\/\/api.w.org\/{rel}","templated":true}]}}