{"id":11469,"date":"2022-09-28T12:58:19","date_gmt":"2022-09-28T16:58:19","guid":{"rendered":"https:\/\/mvebio.com\/apoyo-al-distribuidor\/"},"modified":"2026-02-18T11:18:02","modified_gmt":"2026-02-18T16:18:02","slug":"apoyo-al-distribuidor","status":"publish","type":"page","link":"https:\/\/mvebio.com\/es\/recursos\/apoyo-al-distribuidor\/","title":{"rendered":"Apoyo al distribuidor"},"content":{"rendered":"","protected":true},"excerpt":{"rendered":"","protected":true},"author":1,"featured_media":3478,"parent":11473,"menu_order":0,"comment_status":"closed","ping_status":"closed","template":"","meta":{"_acf_changed":false,"footnotes":""},"class_list":["post-11469","page","type-page","status-publish","post-password-required","hentry"],"acf":[],"yoast_head":"<!-- This site is optimized with the Yoast SEO plugin v27.2 - https:\/\/yoast.com\/product\/yoast-seo-wordpress\/ -->\n<title>Apoyo al distribuidor - MVE Biological Solutions<\/title>\n<meta name=\"description\" content=\"En MVE Biological Solutions, damos prioridad a las asociaciones s\u00f3lidas, proporcionando el apoyo que necesita para el \u00e9xito. Explore la p\u00e1gina de asistencia al distribuidor y descubra un mundo de oportunidades en tecnolog\u00eda criog\u00e9nica y ciencias de la vida.\" \/>\n<meta name=\"robots\" content=\"noindex, nofollow\" \/>\n<meta property=\"og:locale\" content=\"es_ES\" \/>\n<meta property=\"og:type\" content=\"article\" \/>\n<meta property=\"og:title\" content=\"Apoyo al distribuidor - MVE Biological Solutions\" \/>\n<meta property=\"og:description\" content=\"En MVE Biological Solutions, damos prioridad a las asociaciones s\u00f3lidas, proporcionando el apoyo que necesita para el \u00e9xito. Explore la p\u00e1gina de asistencia al distribuidor y descubra un mundo de oportunidades en tecnolog\u00eda criog\u00e9nica y ciencias de la vida.\" \/>\n<meta property=\"og:url\" content=\"https:\/\/mvebio.com\/es\/recursos\/apoyo-al-distribuidor\/\" \/>\n<meta property=\"og:site_name\" content=\"MVE Biological Solutions\" \/>\n<meta property=\"article:modified_time\" content=\"2026-02-18T16:18:02+00:00\" \/>\n<meta name=\"twitter:card\" content=\"summary_large_image\" \/>\n<meta name=\"twitter:site\" content=\"@MveBioSolutions\" \/>\n<script type=\"application\/ld+json\" class=\"yoast-schema-graph\">{\"@context\":\"https:\/\/schema.org\",\"@graph\":[{\"@type\":\"WebPage\",\"@id\":\"https:\/\/mvebio.com\/es\/recursos\/apoyo-al-distribuidor\/\",\"url\":\"https:\/\/mvebio.com\/es\/recursos\/apoyo-al-distribuidor\/\",\"name\":\"Apoyo al distribuidor - MVE Biological Solutions\",\"isPartOf\":{\"@id\":\"https:\/\/mvebio.com\/es\/#website\"},\"datePublished\":\"2022-09-28T16:58:19+00:00\",\"dateModified\":\"2026-02-18T16:18:02+00:00\",\"breadcrumb\":{\"@id\":\"https:\/\/mvebio.com\/es\/recursos\/apoyo-al-distribuidor\/#breadcrumb\"},\"inLanguage\":\"es\"},{\"@type\":\"WebSite\",\"@id\":\"https:\/\/mvebio.com\/es\/#website\",\"url\":\"https:\/\/mvebio.com\/es\/\",\"name\":\"MVE Biological Solutions\",\"description\":\"Cryogenic freezers and dewars\",\"publisher\":{\"@id\":\"https:\/\/mvebio.com\/es\/#organization\"},\"alternateName\":\"MVE Bio\",\"potentialAction\":[{\"@type\":\"SearchAction\",\"target\":{\"@type\":\"EntryPoint\",\"urlTemplate\":\"https:\/\/mvebio.com\/es\/?s={search_term_string}\"},\"query-input\":{\"@type\":\"PropertyValueSpecification\",\"valueRequired\":true,\"valueName\":\"search_term_string\"}}],\"inLanguage\":\"es\"},{\"@type\":\"Organization\",\"@id\":\"https:\/\/mvebio.com\/es\/#organization\",\"name\":\"MVE Biological Solutions\",\"alternateName\":\"MVE Bio\",\"url\":\"https:\/\/mvebio.com\/es\/\",\"logo\":{\"@type\":\"ImageObject\",\"inLanguage\":\"es\",\"@id\":\"https:\/\/mvebio.com\/es\/#\/schema\/logo\/image\/\",\"url\":\"https:\/\/mvebio.com\/wp-content\/uploads\/sites\/4\/2023\/12\/mve-square.png\",\"contentUrl\":\"https:\/\/mvebio.com\/wp-content\/uploads\/sites\/4\/2023\/12\/mve-square.png\",\"width\":1200,\"height\":1200,\"caption\":\"MVE Biological Solutions\"},\"image\":{\"@id\":\"https:\/\/mvebio.com\/es\/#\/schema\/logo\/image\/\"},\"sameAs\":[\"https:\/\/x.com\/MveBioSolutions\",\"https:\/\/www.linkedin.com\/company\/mvebio\/\"]}]}<\/script>\n<!-- \/ Yoast SEO plugin. -->","yoast_head_json":{"title":"Apoyo al distribuidor - MVE Biological Solutions","description":"En MVE Biological Solutions, damos prioridad a las asociaciones s\u00f3lidas, proporcionando el apoyo que necesita para el \u00e9xito. Explore la p\u00e1gina de asistencia al distribuidor y descubra un mundo de oportunidades en tecnolog\u00eda criog\u00e9nica y ciencias de la vida.","robots":{"index":"noindex","follow":"nofollow"},"og_locale":"es_ES","og_type":"article","og_title":"Apoyo al distribuidor - MVE Biological Solutions","og_description":"En MVE Biological Solutions, damos prioridad a las asociaciones s\u00f3lidas, proporcionando el apoyo que necesita para el \u00e9xito. Explore la p\u00e1gina de asistencia al distribuidor y descubra un mundo de oportunidades en tecnolog\u00eda criog\u00e9nica y ciencias de la vida.","og_url":"https:\/\/mvebio.com\/es\/recursos\/apoyo-al-distribuidor\/","og_site_name":"MVE Biological Solutions","article_modified_time":"2026-02-18T16:18:02+00:00","twitter_card":"summary_large_image","twitter_site":"@MveBioSolutions","schema":{"@context":"https:\/\/schema.org","@graph":[{"@type":"WebPage","@id":"https:\/\/mvebio.com\/es\/recursos\/apoyo-al-distribuidor\/","url":"https:\/\/mvebio.com\/es\/recursos\/apoyo-al-distribuidor\/","name":"Apoyo al distribuidor - MVE Biological Solutions","isPartOf":{"@id":"https:\/\/mvebio.com\/es\/#website"},"datePublished":"2022-09-28T16:58:19+00:00","dateModified":"2026-02-18T16:18:02+00:00","breadcrumb":{"@id":"https:\/\/mvebio.com\/es\/recursos\/apoyo-al-distribuidor\/#breadcrumb"},"inLanguage":"es"},{"@type":"WebSite","@id":"https:\/\/mvebio.com\/es\/#website","url":"https:\/\/mvebio.com\/es\/","name":"MVE Biological Solutions","description":"Cryogenic freezers and dewars","publisher":{"@id":"https:\/\/mvebio.com\/es\/#organization"},"alternateName":"MVE Bio","potentialAction":[{"@type":"SearchAction","target":{"@type":"EntryPoint","urlTemplate":"https:\/\/mvebio.com\/es\/?s={search_term_string}"},"query-input":{"@type":"PropertyValueSpecification","valueRequired":true,"valueName":"search_term_string"}}],"inLanguage":"es"},{"@type":"Organization","@id":"https:\/\/mvebio.com\/es\/#organization","name":"MVE Biological Solutions","alternateName":"MVE Bio","url":"https:\/\/mvebio.com\/es\/","logo":{"@type":"ImageObject","inLanguage":"es","@id":"https:\/\/mvebio.com\/es\/#\/schema\/logo\/image\/","url":"https:\/\/mvebio.com\/wp-content\/uploads\/sites\/4\/2023\/12\/mve-square.png","contentUrl":"https:\/\/mvebio.com\/wp-content\/uploads\/sites\/4\/2023\/12\/mve-square.png","width":1200,"height":1200,"caption":"MVE Biological Solutions"},"image":{"@id":"https:\/\/mvebio.com\/es\/#\/schema\/logo\/image\/"},"sameAs":["https:\/\/x.com\/MveBioSolutions","https:\/\/www.linkedin.com\/company\/mvebio\/"]}]}},"_links":{"self":[{"href":"https:\/\/mvebio.com\/es\/wp-json\/wp\/v2\/pages\/11469","targetHints":{"allow":["GET"]}}],"collection":[{"href":"https:\/\/mvebio.com\/es\/wp-json\/wp\/v2\/pages"}],"about":[{"href":"https:\/\/mvebio.com\/es\/wp-json\/wp\/v2\/types\/page"}],"author":[{"embeddable":true,"href":"https:\/\/mvebio.com\/es\/wp-json\/wp\/v2\/users\/1"}],"replies":[{"embeddable":true,"href":"https:\/\/mvebio.com\/es\/wp-json\/wp\/v2\/comments?post=11469"}],"version-history":[{"count":1,"href":"https:\/\/mvebio.com\/es\/wp-json\/wp\/v2\/pages\/11469\/revisions"}],"predecessor-version":[{"id":11475,"href":"https:\/\/mvebio.com\/es\/wp-json\/wp\/v2\/pages\/11469\/revisions\/11475"}],"up":[{"embeddable":true,"href":"https:\/\/mvebio.com\/es\/wp-json\/wp\/v2\/pages\/11473"}],"wp:featuredmedia":[{"embeddable":true,"href":"https:\/\/mvebio.com\/es\/wp-json\/wp\/v2\/media\/3478"}],"wp:attachment":[{"href":"https:\/\/mvebio.com\/es\/wp-json\/wp\/v2\/media?parent=11469"}],"curies":[{"name":"wp","href":"https:\/\/api.w.org\/{rel}","templated":true}]}}