{"id":11465,"date":"2023-03-30T10:49:14","date_gmt":"2023-03-30T09:49:14","guid":{"rendered":"https:\/\/mvebio.com\/mve-cryocart\/"},"modified":"2026-02-18T11:16:45","modified_gmt":"2026-02-18T16:16:45","slug":"mve-cryocart","status":"publish","type":"page","link":"https:\/\/mvebio.com\/es\/nuestros-productos\/ciencias-de-la-vida-congeladores\/mve-cryocart\/","title":{"rendered":"MVE CryoCart"},"content":{"rendered":"","protected":false},"excerpt":{"rendered":"<p>Trabajar y transportar eficazmente muestras biol\u00f3gicas cr\u00edticas<\/p>\n","protected":false},"author":1,"featured_media":10542,"parent":11512,"menu_order":0,"comment_status":"closed","ping_status":"closed","template":"","meta":{"_acf_changed":false,"footnotes":""},"class_list":["post-11465","page","type-page","status-publish","has-post-thumbnail","hentry"],"acf":[],"yoast_head":"<!-- This site is optimized with the Yoast SEO plugin v27.2 - https:\/\/yoast.com\/product\/yoast-seo-wordpress\/ -->\n<title>MVE CryoCart - MVE Biological Solutions<\/title>\n<meta name=\"description\" content=\"Cargue y transporte sus muestras criog\u00e9nicas con confianza. \u00bfTrabaja en un biorrepositorio, granja de congelados o instalaci\u00f3n de biobancos? \u00bfY necesita transportar grandes cantidades de muestras criog\u00e9nicas con un banco de trabajo criog\u00e9nico port\u00e1til -de un tanque a otro- sin comprometer su viabilidad? Si es as\u00ed, el MVE CryoCart podr\u00eda ser justo lo que necesita. Este innovador equipo lleva m\u00e1s de una d\u00e9cada siendo la norma en la minimizaci\u00f3n de los tiempos de espera de los productos celulares.\" \/>\n<meta name=\"robots\" content=\"index, follow, max-snippet:-1, max-image-preview:large, max-video-preview:-1\" \/>\n<link rel=\"canonical\" href=\"https:\/\/mvebio.com\/es\/nuestros-productos\/ciencias-de-la-vida-congeladores\/mve-cryocart\/\" \/>\n<meta property=\"og:locale\" content=\"es_ES\" \/>\n<meta property=\"og:type\" content=\"article\" \/>\n<meta property=\"og:title\" content=\"MVE CryoCart - MVE Biological Solutions\" \/>\n<meta property=\"og:description\" content=\"Cargue y transporte sus muestras criog\u00e9nicas con confianza. \u00bfTrabaja en un biorrepositorio, granja de congelados o instalaci\u00f3n de biobancos? \u00bfY necesita transportar grandes cantidades de muestras criog\u00e9nicas con un banco de trabajo criog\u00e9nico port\u00e1til -de un tanque a otro- sin comprometer su viabilidad? Si es as\u00ed, el MVE CryoCart podr\u00eda ser justo lo que necesita. Este innovador equipo lleva m\u00e1s de una d\u00e9cada siendo la norma en la minimizaci\u00f3n de los tiempos de espera de los productos celulares.\" \/>\n<meta property=\"og:url\" content=\"https:\/\/mvebio.com\/es\/nuestros-productos\/ciencias-de-la-vida-congeladores\/mve-cryocart\/\" \/>\n<meta property=\"og:site_name\" content=\"MVE Biological Solutions\" \/>\n<meta property=\"article:modified_time\" content=\"2026-02-18T16:16:45+00:00\" \/>\n<meta property=\"og:image\" content=\"https:\/\/mvebio.com\/wp-content\/uploads\/sites\/4\/2023\/12\/Cryo-Cart-1.jpg\" \/>\n\t<meta property=\"og:image:width\" content=\"1200\" \/>\n\t<meta property=\"og:image:height\" content=\"563\" \/>\n\t<meta property=\"og:image:type\" content=\"image\/jpeg\" \/>\n<meta name=\"twitter:card\" content=\"summary_large_image\" \/>\n<meta name=\"twitter:site\" content=\"@MveBioSolutions\" \/>\n<script type=\"application\/ld+json\" class=\"yoast-schema-graph\">{\"@context\":\"https:\/\/schema.org\",\"@graph\":[{\"@type\":\"WebPage\",\"@id\":\"https:\/\/mvebio.com\/es\/nuestros-productos\/ciencias-de-la-vida-congeladores\/mve-cryocart\/\",\"url\":\"https:\/\/mvebio.com\/es\/nuestros-productos\/ciencias-de-la-vida-congeladores\/mve-cryocart\/\",\"name\":\"MVE CryoCart - MVE Biological Solutions\",\"isPartOf\":{\"@id\":\"https:\/\/mvebio.com\/es\/#website\"},\"primaryImageOfPage\":{\"@id\":\"https:\/\/mvebio.com\/es\/nuestros-productos\/ciencias-de-la-vida-congeladores\/mve-cryocart\/#primaryimage\"},\"image\":{\"@id\":\"https:\/\/mvebio.com\/es\/nuestros-productos\/ciencias-de-la-vida-congeladores\/mve-cryocart\/#primaryimage\"},\"thumbnailUrl\":\"https:\/\/mvebio.com\/wp-content\/uploads\/sites\/4\/2023\/12\/Cryo-Cart-1.jpg\",\"datePublished\":\"2023-03-30T09:49:14+00:00\",\"dateModified\":\"2026-02-18T16:16:45+00:00\",\"description\":\"Cargue y transporte sus muestras criog\u00e9nicas con confianza. \u00bfTrabaja en un biorrepositorio, granja de congelados o instalaci\u00f3n de biobancos? \u00bfY necesita transportar grandes cantidades de muestras criog\u00e9nicas con un banco de trabajo criog\u00e9nico port\u00e1til -de un tanque a otro- sin comprometer su viabilidad? Si es as\u00ed, el MVE CryoCart podr\u00eda ser justo lo que necesita. Este innovador equipo lleva m\u00e1s de una d\u00e9cada siendo la norma en la minimizaci\u00f3n de los tiempos de espera de los productos celulares.\",\"breadcrumb\":{\"@id\":\"https:\/\/mvebio.com\/es\/nuestros-productos\/ciencias-de-la-vida-congeladores\/mve-cryocart\/#breadcrumb\"},\"inLanguage\":\"es\",\"potentialAction\":[{\"@type\":\"ReadAction\",\"target\":[\"https:\/\/mvebio.com\/es\/nuestros-productos\/ciencias-de-la-vida-congeladores\/mve-cryocart\/\"]}]},{\"@type\":\"ImageObject\",\"inLanguage\":\"es\",\"@id\":\"https:\/\/mvebio.com\/es\/nuestros-productos\/ciencias-de-la-vida-congeladores\/mve-cryocart\/#primaryimage\",\"url\":\"https:\/\/mvebio.com\/wp-content\/uploads\/sites\/4\/2023\/12\/Cryo-Cart-1.jpg\",\"contentUrl\":\"https:\/\/mvebio.com\/wp-content\/uploads\/sites\/4\/2023\/12\/Cryo-Cart-1.jpg\",\"width\":1200,\"height\":563,\"caption\":\"CryoCart\"},{\"@type\":\"BreadcrumbList\",\"@id\":\"https:\/\/mvebio.com\/es\/nuestros-productos\/ciencias-de-la-vida-congeladores\/mve-cryocart\/#breadcrumb\",\"itemListElement\":[{\"@type\":\"ListItem\",\"position\":1,\"name\":\"Inicio\",\"item\":\"https:\/\/mvebio.com\/es\/pagina-de-inicio\/\"},{\"@type\":\"ListItem\",\"position\":2,\"name\":\"Nuestros productos\",\"item\":\"https:\/\/mvebio.com\/es\/nuestros-productos\/\"},{\"@type\":\"ListItem\",\"position\":3,\"name\":\"Ciencias de la vida (congeladores)\",\"item\":\"https:\/\/mvebio.com\/es\/nuestros-productos\/ciencias-de-la-vida-congeladores\/\"},{\"@type\":\"ListItem\",\"position\":4,\"name\":\"MVE CryoCart\"}]},{\"@type\":\"WebSite\",\"@id\":\"https:\/\/mvebio.com\/es\/#website\",\"url\":\"https:\/\/mvebio.com\/es\/\",\"name\":\"MVE Biological Solutions\",\"description\":\"Cryogenic freezers and dewars\",\"publisher\":{\"@id\":\"https:\/\/mvebio.com\/es\/#organization\"},\"alternateName\":\"MVE Bio\",\"potentialAction\":[{\"@type\":\"SearchAction\",\"target\":{\"@type\":\"EntryPoint\",\"urlTemplate\":\"https:\/\/mvebio.com\/es\/?s={search_term_string}\"},\"query-input\":{\"@type\":\"PropertyValueSpecification\",\"valueRequired\":true,\"valueName\":\"search_term_string\"}}],\"inLanguage\":\"es\"},{\"@type\":\"Organization\",\"@id\":\"https:\/\/mvebio.com\/es\/#organization\",\"name\":\"MVE Biological Solutions\",\"alternateName\":\"MVE Bio\",\"url\":\"https:\/\/mvebio.com\/es\/\",\"logo\":{\"@type\":\"ImageObject\",\"inLanguage\":\"es\",\"@id\":\"https:\/\/mvebio.com\/es\/#\/schema\/logo\/image\/\",\"url\":\"https:\/\/mvebio.com\/wp-content\/uploads\/sites\/4\/2023\/12\/mve-square.png\",\"contentUrl\":\"https:\/\/mvebio.com\/wp-content\/uploads\/sites\/4\/2023\/12\/mve-square.png\",\"width\":1200,\"height\":1200,\"caption\":\"MVE Biological Solutions\"},\"image\":{\"@id\":\"https:\/\/mvebio.com\/es\/#\/schema\/logo\/image\/\"},\"sameAs\":[\"https:\/\/x.com\/MveBioSolutions\",\"https:\/\/www.linkedin.com\/company\/mvebio\/\"]}]}<\/script>\n<!-- \/ Yoast SEO plugin. -->","yoast_head_json":{"title":"MVE CryoCart - MVE Biological Solutions","description":"Cargue y transporte sus muestras criog\u00e9nicas con confianza. \u00bfTrabaja en un biorrepositorio, granja de congelados o instalaci\u00f3n de biobancos? \u00bfY necesita transportar grandes cantidades de muestras criog\u00e9nicas con un banco de trabajo criog\u00e9nico port\u00e1til -de un tanque a otro- sin comprometer su viabilidad? Si es as\u00ed, el MVE CryoCart podr\u00eda ser justo lo que necesita. Este innovador equipo lleva m\u00e1s de una d\u00e9cada siendo la norma en la minimizaci\u00f3n de los tiempos de espera de los productos celulares.","robots":{"index":"index","follow":"follow","max-snippet":"max-snippet:-1","max-image-preview":"max-image-preview:large","max-video-preview":"max-video-preview:-1"},"canonical":"https:\/\/mvebio.com\/es\/nuestros-productos\/ciencias-de-la-vida-congeladores\/mve-cryocart\/","og_locale":"es_ES","og_type":"article","og_title":"MVE CryoCart - MVE Biological Solutions","og_description":"Cargue y transporte sus muestras criog\u00e9nicas con confianza. \u00bfTrabaja en un biorrepositorio, granja de congelados o instalaci\u00f3n de biobancos? \u00bfY necesita transportar grandes cantidades de muestras criog\u00e9nicas con un banco de trabajo criog\u00e9nico port\u00e1til -de un tanque a otro- sin comprometer su viabilidad? Si es as\u00ed, el MVE CryoCart podr\u00eda ser justo lo que necesita. Este innovador equipo lleva m\u00e1s de una d\u00e9cada siendo la norma en la minimizaci\u00f3n de los tiempos de espera de los productos celulares.","og_url":"https:\/\/mvebio.com\/es\/nuestros-productos\/ciencias-de-la-vida-congeladores\/mve-cryocart\/","og_site_name":"MVE Biological Solutions","article_modified_time":"2026-02-18T16:16:45+00:00","og_image":[{"width":1200,"height":563,"url":"https:\/\/mvebio.com\/wp-content\/uploads\/sites\/4\/2023\/12\/Cryo-Cart-1.jpg","type":"image\/jpeg"}],"twitter_card":"summary_large_image","twitter_site":"@MveBioSolutions","schema":{"@context":"https:\/\/schema.org","@graph":[{"@type":"WebPage","@id":"https:\/\/mvebio.com\/es\/nuestros-productos\/ciencias-de-la-vida-congeladores\/mve-cryocart\/","url":"https:\/\/mvebio.com\/es\/nuestros-productos\/ciencias-de-la-vida-congeladores\/mve-cryocart\/","name":"MVE CryoCart - MVE Biological Solutions","isPartOf":{"@id":"https:\/\/mvebio.com\/es\/#website"},"primaryImageOfPage":{"@id":"https:\/\/mvebio.com\/es\/nuestros-productos\/ciencias-de-la-vida-congeladores\/mve-cryocart\/#primaryimage"},"image":{"@id":"https:\/\/mvebio.com\/es\/nuestros-productos\/ciencias-de-la-vida-congeladores\/mve-cryocart\/#primaryimage"},"thumbnailUrl":"https:\/\/mvebio.com\/wp-content\/uploads\/sites\/4\/2023\/12\/Cryo-Cart-1.jpg","datePublished":"2023-03-30T09:49:14+00:00","dateModified":"2026-02-18T16:16:45+00:00","description":"Cargue y transporte sus muestras criog\u00e9nicas con confianza. \u00bfTrabaja en un biorrepositorio, granja de congelados o instalaci\u00f3n de biobancos? \u00bfY necesita transportar grandes cantidades de muestras criog\u00e9nicas con un banco de trabajo criog\u00e9nico port\u00e1til -de un tanque a otro- sin comprometer su viabilidad? Si es as\u00ed, el MVE CryoCart podr\u00eda ser justo lo que necesita. Este innovador equipo lleva m\u00e1s de una d\u00e9cada siendo la norma en la minimizaci\u00f3n de los tiempos de espera de los productos celulares.","breadcrumb":{"@id":"https:\/\/mvebio.com\/es\/nuestros-productos\/ciencias-de-la-vida-congeladores\/mve-cryocart\/#breadcrumb"},"inLanguage":"es","potentialAction":[{"@type":"ReadAction","target":["https:\/\/mvebio.com\/es\/nuestros-productos\/ciencias-de-la-vida-congeladores\/mve-cryocart\/"]}]},{"@type":"ImageObject","inLanguage":"es","@id":"https:\/\/mvebio.com\/es\/nuestros-productos\/ciencias-de-la-vida-congeladores\/mve-cryocart\/#primaryimage","url":"https:\/\/mvebio.com\/wp-content\/uploads\/sites\/4\/2023\/12\/Cryo-Cart-1.jpg","contentUrl":"https:\/\/mvebio.com\/wp-content\/uploads\/sites\/4\/2023\/12\/Cryo-Cart-1.jpg","width":1200,"height":563,"caption":"CryoCart"},{"@type":"BreadcrumbList","@id":"https:\/\/mvebio.com\/es\/nuestros-productos\/ciencias-de-la-vida-congeladores\/mve-cryocart\/#breadcrumb","itemListElement":[{"@type":"ListItem","position":1,"name":"Inicio","item":"https:\/\/mvebio.com\/es\/pagina-de-inicio\/"},{"@type":"ListItem","position":2,"name":"Nuestros productos","item":"https:\/\/mvebio.com\/es\/nuestros-productos\/"},{"@type":"ListItem","position":3,"name":"Ciencias de la vida (congeladores)","item":"https:\/\/mvebio.com\/es\/nuestros-productos\/ciencias-de-la-vida-congeladores\/"},{"@type":"ListItem","position":4,"name":"MVE CryoCart"}]},{"@type":"WebSite","@id":"https:\/\/mvebio.com\/es\/#website","url":"https:\/\/mvebio.com\/es\/","name":"MVE Biological Solutions","description":"Cryogenic freezers and dewars","publisher":{"@id":"https:\/\/mvebio.com\/es\/#organization"},"alternateName":"MVE Bio","potentialAction":[{"@type":"SearchAction","target":{"@type":"EntryPoint","urlTemplate":"https:\/\/mvebio.com\/es\/?s={search_term_string}"},"query-input":{"@type":"PropertyValueSpecification","valueRequired":true,"valueName":"search_term_string"}}],"inLanguage":"es"},{"@type":"Organization","@id":"https:\/\/mvebio.com\/es\/#organization","name":"MVE Biological Solutions","alternateName":"MVE Bio","url":"https:\/\/mvebio.com\/es\/","logo":{"@type":"ImageObject","inLanguage":"es","@id":"https:\/\/mvebio.com\/es\/#\/schema\/logo\/image\/","url":"https:\/\/mvebio.com\/wp-content\/uploads\/sites\/4\/2023\/12\/mve-square.png","contentUrl":"https:\/\/mvebio.com\/wp-content\/uploads\/sites\/4\/2023\/12\/mve-square.png","width":1200,"height":1200,"caption":"MVE Biological Solutions"},"image":{"@id":"https:\/\/mvebio.com\/es\/#\/schema\/logo\/image\/"},"sameAs":["https:\/\/x.com\/MveBioSolutions","https:\/\/www.linkedin.com\/company\/mvebio\/"]}]}},"_links":{"self":[{"href":"https:\/\/mvebio.com\/es\/wp-json\/wp\/v2\/pages\/11465","targetHints":{"allow":["GET"]}}],"collection":[{"href":"https:\/\/mvebio.com\/es\/wp-json\/wp\/v2\/pages"}],"about":[{"href":"https:\/\/mvebio.com\/es\/wp-json\/wp\/v2\/types\/page"}],"author":[{"embeddable":true,"href":"https:\/\/mvebio.com\/es\/wp-json\/wp\/v2\/users\/1"}],"replies":[{"embeddable":true,"href":"https:\/\/mvebio.com\/es\/wp-json\/wp\/v2\/comments?post=11465"}],"version-history":[{"count":1,"href":"https:\/\/mvebio.com\/es\/wp-json\/wp\/v2\/pages\/11465\/revisions"}],"predecessor-version":[{"id":11511,"href":"https:\/\/mvebio.com\/es\/wp-json\/wp\/v2\/pages\/11465\/revisions\/11511"}],"up":[{"embeddable":true,"href":"https:\/\/mvebio.com\/es\/wp-json\/wp\/v2\/pages\/11512"}],"wp:featuredmedia":[{"embeddable":true,"href":"https:\/\/mvebio.com\/es\/wp-json\/wp\/v2\/media\/10542"}],"wp:attachment":[{"href":"https:\/\/mvebio.com\/es\/wp-json\/wp\/v2\/media?parent=11465"}],"curies":[{"name":"wp","href":"https:\/\/api.w.org\/{rel}","templated":true}]}}