{"id":11460,"date":"2023-03-30T10:50:35","date_gmt":"2023-03-30T09:50:35","guid":{"rendered":"https:\/\/mvebio.com\/criadores-congeladores\/"},"modified":"2026-02-18T11:08:58","modified_gmt":"2026-02-18T16:08:58","slug":"criadores-congeladores","status":"publish","type":"page","link":"https:\/\/mvebio.com\/es\/nuestros-productos\/criadores-congeladores\/","title":{"rendered":"Criadores (congeladores)"},"content":{"rendered":"","protected":false},"excerpt":{"rendered":"","protected":false},"author":1,"featured_media":10526,"parent":11478,"menu_order":0,"comment_status":"closed","ping_status":"closed","template":"","meta":{"_acf_changed":false,"footnotes":""},"class_list":["post-11460","page","type-page","status-publish","has-post-thumbnail","hentry"],"acf":[],"yoast_head":"<!-- This site is optimized with the Yoast SEO plugin v27.2 - https:\/\/yoast.com\/product\/yoast-seo-wordpress\/ -->\n<title>Criadores (congeladores) - MVE Biological Solutions<\/title>\n<meta name=\"description\" content=\"Explore nuestras soluciones de almacenamiento criog\u00e9nico especializadas, dise\u00f1adas para la conservaci\u00f3n precisa de muestras en aplicaciones de cr\u00eda. Conf\u00ede en la fiabilidad e innovaci\u00f3n de MVE para salvaguardar la integridad gen\u00e9tica de sus valiosos espec\u00edmenes. Descubra el futuro de la tecnolog\u00eda de congeladores de cr\u00eda en MVE Biological Solutions, donde la excelencia se une a la conservaci\u00f3n gen\u00e9tica.\" \/>\n<meta name=\"robots\" content=\"index, follow, max-snippet:-1, max-image-preview:large, max-video-preview:-1\" \/>\n<link rel=\"canonical\" href=\"https:\/\/mvebio.com\/es\/nuestros-productos\/criadores-congeladores\/\" \/>\n<meta property=\"og:locale\" content=\"es_ES\" \/>\n<meta property=\"og:type\" content=\"article\" \/>\n<meta property=\"og:title\" content=\"Criadores (congeladores) - MVE Biological Solutions\" \/>\n<meta property=\"og:description\" content=\"Explore nuestras soluciones de almacenamiento criog\u00e9nico especializadas, dise\u00f1adas para la conservaci\u00f3n precisa de muestras en aplicaciones de cr\u00eda. Conf\u00ede en la fiabilidad e innovaci\u00f3n de MVE para salvaguardar la integridad gen\u00e9tica de sus valiosos espec\u00edmenes. Descubra el futuro de la tecnolog\u00eda de congeladores de cr\u00eda en MVE Biological Solutions, donde la excelencia se une a la conservaci\u00f3n gen\u00e9tica.\" \/>\n<meta property=\"og:url\" content=\"https:\/\/mvebio.com\/es\/nuestros-productos\/criadores-congeladores\/\" \/>\n<meta property=\"og:site_name\" content=\"MVE Biological Solutions\" \/>\n<meta property=\"article:modified_time\" content=\"2026-02-18T16:08:58+00:00\" \/>\n<meta property=\"og:image\" content=\"https:\/\/mvebio.com\/wp-content\/uploads\/sites\/4\/2023\/12\/MVE-Series-1-e1701460226836.jpg\" \/>\n\t<meta property=\"og:image:width\" content=\"1200\" \/>\n\t<meta property=\"og:image:height\" content=\"562\" \/>\n\t<meta property=\"og:image:type\" content=\"image\/jpeg\" \/>\n<meta name=\"twitter:card\" content=\"summary_large_image\" \/>\n<meta name=\"twitter:site\" content=\"@MveBioSolutions\" \/>\n<script type=\"application\/ld+json\" class=\"yoast-schema-graph\">{\"@context\":\"https:\/\/schema.org\",\"@graph\":[{\"@type\":\"WebPage\",\"@id\":\"https:\/\/mvebio.com\/es\/nuestros-productos\/criadores-congeladores\/\",\"url\":\"https:\/\/mvebio.com\/es\/nuestros-productos\/criadores-congeladores\/\",\"name\":\"Criadores (congeladores) - MVE Biological Solutions\",\"isPartOf\":{\"@id\":\"https:\/\/mvebio.com\/es\/#website\"},\"primaryImageOfPage\":{\"@id\":\"https:\/\/mvebio.com\/es\/nuestros-productos\/criadores-congeladores\/#primaryimage\"},\"image\":{\"@id\":\"https:\/\/mvebio.com\/es\/nuestros-productos\/criadores-congeladores\/#primaryimage\"},\"thumbnailUrl\":\"https:\/\/mvebio.com\/wp-content\/uploads\/sites\/4\/2023\/12\/MVE-Series-1-e1701460226836.jpg\",\"datePublished\":\"2023-03-30T09:50:35+00:00\",\"dateModified\":\"2026-02-18T16:08:58+00:00\",\"description\":\"Explore nuestras soluciones de almacenamiento criog\u00e9nico especializadas, dise\u00f1adas para la conservaci\u00f3n precisa de muestras en aplicaciones de cr\u00eda. Conf\u00ede en la fiabilidad e innovaci\u00f3n de MVE para salvaguardar la integridad gen\u00e9tica de sus valiosos espec\u00edmenes. Descubra el futuro de la tecnolog\u00eda de congeladores de cr\u00eda en MVE Biological Solutions, donde la excelencia se une a la conservaci\u00f3n gen\u00e9tica.\",\"breadcrumb\":{\"@id\":\"https:\/\/mvebio.com\/es\/nuestros-productos\/criadores-congeladores\/#breadcrumb\"},\"inLanguage\":\"es\",\"potentialAction\":[{\"@type\":\"ReadAction\",\"target\":[\"https:\/\/mvebio.com\/es\/nuestros-productos\/criadores-congeladores\/\"]}]},{\"@type\":\"ImageObject\",\"inLanguage\":\"es\",\"@id\":\"https:\/\/mvebio.com\/es\/nuestros-productos\/criadores-congeladores\/#primaryimage\",\"url\":\"https:\/\/mvebio.com\/wp-content\/uploads\/sites\/4\/2023\/12\/MVE-Series-1-e1701460226836.jpg\",\"contentUrl\":\"https:\/\/mvebio.com\/wp-content\/uploads\/sites\/4\/2023\/12\/MVE-Series-1-e1701460226836.jpg\",\"width\":1200,\"height\":562,\"caption\":\"Serie MVE\"},{\"@type\":\"BreadcrumbList\",\"@id\":\"https:\/\/mvebio.com\/es\/nuestros-productos\/criadores-congeladores\/#breadcrumb\",\"itemListElement\":[{\"@type\":\"ListItem\",\"position\":1,\"name\":\"Inicio\",\"item\":\"https:\/\/mvebio.com\/es\/pagina-de-inicio\/\"},{\"@type\":\"ListItem\",\"position\":2,\"name\":\"Nuestros productos\",\"item\":\"https:\/\/mvebio.com\/es\/nuestros-productos\/\"},{\"@type\":\"ListItem\",\"position\":3,\"name\":\"Criadores (congeladores)\"}]},{\"@type\":\"WebSite\",\"@id\":\"https:\/\/mvebio.com\/es\/#website\",\"url\":\"https:\/\/mvebio.com\/es\/\",\"name\":\"MVE Biological Solutions\",\"description\":\"Cryogenic freezers and dewars\",\"publisher\":{\"@id\":\"https:\/\/mvebio.com\/es\/#organization\"},\"alternateName\":\"MVE Bio\",\"potentialAction\":[{\"@type\":\"SearchAction\",\"target\":{\"@type\":\"EntryPoint\",\"urlTemplate\":\"https:\/\/mvebio.com\/es\/?s={search_term_string}\"},\"query-input\":{\"@type\":\"PropertyValueSpecification\",\"valueRequired\":true,\"valueName\":\"search_term_string\"}}],\"inLanguage\":\"es\"},{\"@type\":\"Organization\",\"@id\":\"https:\/\/mvebio.com\/es\/#organization\",\"name\":\"MVE Biological Solutions\",\"alternateName\":\"MVE Bio\",\"url\":\"https:\/\/mvebio.com\/es\/\",\"logo\":{\"@type\":\"ImageObject\",\"inLanguage\":\"es\",\"@id\":\"https:\/\/mvebio.com\/es\/#\/schema\/logo\/image\/\",\"url\":\"https:\/\/mvebio.com\/wp-content\/uploads\/sites\/4\/2023\/12\/mve-square.png\",\"contentUrl\":\"https:\/\/mvebio.com\/wp-content\/uploads\/sites\/4\/2023\/12\/mve-square.png\",\"width\":1200,\"height\":1200,\"caption\":\"MVE Biological Solutions\"},\"image\":{\"@id\":\"https:\/\/mvebio.com\/es\/#\/schema\/logo\/image\/\"},\"sameAs\":[\"https:\/\/x.com\/MveBioSolutions\",\"https:\/\/www.linkedin.com\/company\/mvebio\/\"]}]}<\/script>\n<!-- \/ Yoast SEO plugin. -->","yoast_head_json":{"title":"Criadores (congeladores) - MVE Biological Solutions","description":"Explore nuestras soluciones de almacenamiento criog\u00e9nico especializadas, dise\u00f1adas para la conservaci\u00f3n precisa de muestras en aplicaciones de cr\u00eda. Conf\u00ede en la fiabilidad e innovaci\u00f3n de MVE para salvaguardar la integridad gen\u00e9tica de sus valiosos espec\u00edmenes. Descubra el futuro de la tecnolog\u00eda de congeladores de cr\u00eda en MVE Biological Solutions, donde la excelencia se une a la conservaci\u00f3n gen\u00e9tica.","robots":{"index":"index","follow":"follow","max-snippet":"max-snippet:-1","max-image-preview":"max-image-preview:large","max-video-preview":"max-video-preview:-1"},"canonical":"https:\/\/mvebio.com\/es\/nuestros-productos\/criadores-congeladores\/","og_locale":"es_ES","og_type":"article","og_title":"Criadores (congeladores) - MVE Biological Solutions","og_description":"Explore nuestras soluciones de almacenamiento criog\u00e9nico especializadas, dise\u00f1adas para la conservaci\u00f3n precisa de muestras en aplicaciones de cr\u00eda. Conf\u00ede en la fiabilidad e innovaci\u00f3n de MVE para salvaguardar la integridad gen\u00e9tica de sus valiosos espec\u00edmenes. Descubra el futuro de la tecnolog\u00eda de congeladores de cr\u00eda en MVE Biological Solutions, donde la excelencia se une a la conservaci\u00f3n gen\u00e9tica.","og_url":"https:\/\/mvebio.com\/es\/nuestros-productos\/criadores-congeladores\/","og_site_name":"MVE Biological Solutions","article_modified_time":"2026-02-18T16:08:58+00:00","og_image":[{"width":1200,"height":562,"url":"https:\/\/mvebio.com\/wp-content\/uploads\/sites\/4\/2023\/12\/MVE-Series-1-e1701460226836.jpg","type":"image\/jpeg"}],"twitter_card":"summary_large_image","twitter_site":"@MveBioSolutions","schema":{"@context":"https:\/\/schema.org","@graph":[{"@type":"WebPage","@id":"https:\/\/mvebio.com\/es\/nuestros-productos\/criadores-congeladores\/","url":"https:\/\/mvebio.com\/es\/nuestros-productos\/criadores-congeladores\/","name":"Criadores (congeladores) - MVE Biological Solutions","isPartOf":{"@id":"https:\/\/mvebio.com\/es\/#website"},"primaryImageOfPage":{"@id":"https:\/\/mvebio.com\/es\/nuestros-productos\/criadores-congeladores\/#primaryimage"},"image":{"@id":"https:\/\/mvebio.com\/es\/nuestros-productos\/criadores-congeladores\/#primaryimage"},"thumbnailUrl":"https:\/\/mvebio.com\/wp-content\/uploads\/sites\/4\/2023\/12\/MVE-Series-1-e1701460226836.jpg","datePublished":"2023-03-30T09:50:35+00:00","dateModified":"2026-02-18T16:08:58+00:00","description":"Explore nuestras soluciones de almacenamiento criog\u00e9nico especializadas, dise\u00f1adas para la conservaci\u00f3n precisa de muestras en aplicaciones de cr\u00eda. Conf\u00ede en la fiabilidad e innovaci\u00f3n de MVE para salvaguardar la integridad gen\u00e9tica de sus valiosos espec\u00edmenes. Descubra el futuro de la tecnolog\u00eda de congeladores de cr\u00eda en MVE Biological Solutions, donde la excelencia se une a la conservaci\u00f3n gen\u00e9tica.","breadcrumb":{"@id":"https:\/\/mvebio.com\/es\/nuestros-productos\/criadores-congeladores\/#breadcrumb"},"inLanguage":"es","potentialAction":[{"@type":"ReadAction","target":["https:\/\/mvebio.com\/es\/nuestros-productos\/criadores-congeladores\/"]}]},{"@type":"ImageObject","inLanguage":"es","@id":"https:\/\/mvebio.com\/es\/nuestros-productos\/criadores-congeladores\/#primaryimage","url":"https:\/\/mvebio.com\/wp-content\/uploads\/sites\/4\/2023\/12\/MVE-Series-1-e1701460226836.jpg","contentUrl":"https:\/\/mvebio.com\/wp-content\/uploads\/sites\/4\/2023\/12\/MVE-Series-1-e1701460226836.jpg","width":1200,"height":562,"caption":"Serie MVE"},{"@type":"BreadcrumbList","@id":"https:\/\/mvebio.com\/es\/nuestros-productos\/criadores-congeladores\/#breadcrumb","itemListElement":[{"@type":"ListItem","position":1,"name":"Inicio","item":"https:\/\/mvebio.com\/es\/pagina-de-inicio\/"},{"@type":"ListItem","position":2,"name":"Nuestros productos","item":"https:\/\/mvebio.com\/es\/nuestros-productos\/"},{"@type":"ListItem","position":3,"name":"Criadores (congeladores)"}]},{"@type":"WebSite","@id":"https:\/\/mvebio.com\/es\/#website","url":"https:\/\/mvebio.com\/es\/","name":"MVE Biological Solutions","description":"Cryogenic freezers and dewars","publisher":{"@id":"https:\/\/mvebio.com\/es\/#organization"},"alternateName":"MVE Bio","potentialAction":[{"@type":"SearchAction","target":{"@type":"EntryPoint","urlTemplate":"https:\/\/mvebio.com\/es\/?s={search_term_string}"},"query-input":{"@type":"PropertyValueSpecification","valueRequired":true,"valueName":"search_term_string"}}],"inLanguage":"es"},{"@type":"Organization","@id":"https:\/\/mvebio.com\/es\/#organization","name":"MVE Biological Solutions","alternateName":"MVE Bio","url":"https:\/\/mvebio.com\/es\/","logo":{"@type":"ImageObject","inLanguage":"es","@id":"https:\/\/mvebio.com\/es\/#\/schema\/logo\/image\/","url":"https:\/\/mvebio.com\/wp-content\/uploads\/sites\/4\/2023\/12\/mve-square.png","contentUrl":"https:\/\/mvebio.com\/wp-content\/uploads\/sites\/4\/2023\/12\/mve-square.png","width":1200,"height":1200,"caption":"MVE Biological Solutions"},"image":{"@id":"https:\/\/mvebio.com\/es\/#\/schema\/logo\/image\/"},"sameAs":["https:\/\/x.com\/MveBioSolutions","https:\/\/www.linkedin.com\/company\/mvebio\/"]}]}},"_links":{"self":[{"href":"https:\/\/mvebio.com\/es\/wp-json\/wp\/v2\/pages\/11460","targetHints":{"allow":["GET"]}}],"collection":[{"href":"https:\/\/mvebio.com\/es\/wp-json\/wp\/v2\/pages"}],"about":[{"href":"https:\/\/mvebio.com\/es\/wp-json\/wp\/v2\/types\/page"}],"author":[{"embeddable":true,"href":"https:\/\/mvebio.com\/es\/wp-json\/wp\/v2\/users\/1"}],"replies":[{"embeddable":true,"href":"https:\/\/mvebio.com\/es\/wp-json\/wp\/v2\/comments?post=11460"}],"version-history":[{"count":1,"href":"https:\/\/mvebio.com\/es\/wp-json\/wp\/v2\/pages\/11460\/revisions"}],"predecessor-version":[{"id":11461,"href":"https:\/\/mvebio.com\/es\/wp-json\/wp\/v2\/pages\/11460\/revisions\/11461"}],"up":[{"embeddable":true,"href":"https:\/\/mvebio.com\/es\/wp-json\/wp\/v2\/pages\/11478"}],"wp:featuredmedia":[{"embeddable":true,"href":"https:\/\/mvebio.com\/es\/wp-json\/wp\/v2\/media\/10526"}],"wp:attachment":[{"href":"https:\/\/mvebio.com\/es\/wp-json\/wp\/v2\/media?parent=11460"}],"curies":[{"name":"wp","href":"https:\/\/api.w.org\/{rel}","templated":true}]}}