{"id":11459,"date":"2023-03-30T11:08:48","date_gmt":"2023-03-30T10:08:48","guid":{"rendered":"https:\/\/mvebio.com\/eventos\/"},"modified":"2026-02-18T10:45:28","modified_gmt":"2026-02-18T15:45:28","slug":"eventos","status":"publish","type":"page","link":"https:\/\/mvebio.com\/es\/recursos\/eventos\/","title":{"rendered":"Eventos"},"content":{"rendered":"","protected":false},"excerpt":{"rendered":"","protected":false},"author":1,"featured_media":3478,"parent":11473,"menu_order":0,"comment_status":"closed","ping_status":"closed","template":"","meta":{"_acf_changed":false,"footnotes":""},"class_list":["post-11459","page","type-page","status-publish","has-post-thumbnail","hentry"],"acf":[],"yoast_head":"<!-- This site is optimized with the Yoast SEO plugin v27.2 - https:\/\/yoast.com\/product\/yoast-seo-wordpress\/ -->\n<title>Eventos - MVE Biological Solutions<\/title>\n<meta name=\"description\" content=\"Mant\u00e9ngase informado y conectado con la p\u00e1gina de Eventos de MVE. Descubra las \u00faltimas tendencias e innovaciones en tecnolog\u00eda criog\u00e9nica y ciencias de la vida en los eventos de MVE, donde la colaboraci\u00f3n se une al progreso.\" \/>\n<meta name=\"robots\" content=\"index, follow, max-snippet:-1, max-image-preview:large, max-video-preview:-1\" \/>\n<link rel=\"canonical\" href=\"https:\/\/mvebio.com\/es\/recursos\/eventos\/\" \/>\n<meta property=\"og:locale\" content=\"es_ES\" \/>\n<meta property=\"og:type\" content=\"article\" \/>\n<meta property=\"og:title\" content=\"Eventos - MVE Biological Solutions\" \/>\n<meta property=\"og:description\" content=\"Mant\u00e9ngase informado y conectado con la p\u00e1gina de Eventos de MVE. Descubra las \u00faltimas tendencias e innovaciones en tecnolog\u00eda criog\u00e9nica y ciencias de la vida en los eventos de MVE, donde la colaboraci\u00f3n se une al progreso.\" \/>\n<meta property=\"og:url\" content=\"https:\/\/mvebio.com\/es\/recursos\/eventos\/\" \/>\n<meta property=\"og:site_name\" content=\"MVE Biological Solutions\" \/>\n<meta property=\"article:modified_time\" content=\"2026-02-18T15:45:28+00:00\" \/>\n<meta property=\"og:image\" content=\"https:\/\/mvebio.com\/wp-content\/uploads\/sites\/4\/2023\/10\/dna-elemental-bg-scaled-1.jpeg\" \/>\n\t<meta property=\"og:image:width\" content=\"2560\" \/>\n\t<meta property=\"og:image:height\" content=\"901\" \/>\n\t<meta property=\"og:image:type\" content=\"image\/jpeg\" \/>\n<meta name=\"twitter:card\" content=\"summary_large_image\" \/>\n<meta name=\"twitter:site\" content=\"@MveBioSolutions\" \/>\n<script type=\"application\/ld+json\" class=\"yoast-schema-graph\">{\"@context\":\"https:\/\/schema.org\",\"@graph\":[{\"@type\":\"WebPage\",\"@id\":\"https:\/\/mvebio.com\/es\/recursos\/eventos\/\",\"url\":\"https:\/\/mvebio.com\/es\/recursos\/eventos\/\",\"name\":\"Eventos - MVE Biological Solutions\",\"isPartOf\":{\"@id\":\"https:\/\/mvebio.com\/es\/#website\"},\"primaryImageOfPage\":{\"@id\":\"https:\/\/mvebio.com\/es\/recursos\/eventos\/#primaryimage\"},\"image\":{\"@id\":\"https:\/\/mvebio.com\/es\/recursos\/eventos\/#primaryimage\"},\"thumbnailUrl\":\"https:\/\/mvebio.com\/wp-content\/uploads\/sites\/4\/2023\/10\/dna-elemental-bg-scaled-1.jpeg\",\"datePublished\":\"2023-03-30T10:08:48+00:00\",\"dateModified\":\"2026-02-18T15:45:28+00:00\",\"description\":\"Mant\u00e9ngase informado y conectado con la p\u00e1gina de Eventos de MVE. Descubra las \u00faltimas tendencias e innovaciones en tecnolog\u00eda criog\u00e9nica y ciencias de la vida en los eventos de MVE, donde la colaboraci\u00f3n se une al progreso.\",\"breadcrumb\":{\"@id\":\"https:\/\/mvebio.com\/es\/recursos\/eventos\/#breadcrumb\"},\"inLanguage\":\"es\",\"potentialAction\":[{\"@type\":\"ReadAction\",\"target\":[\"https:\/\/mvebio.com\/es\/recursos\/eventos\/\"]}]},{\"@type\":\"ImageObject\",\"inLanguage\":\"es\",\"@id\":\"https:\/\/mvebio.com\/es\/recursos\/eventos\/#primaryimage\",\"url\":\"https:\/\/mvebio.com\/wp-content\/uploads\/sites\/4\/2023\/10\/dna-elemental-bg-scaled-1.jpeg\",\"contentUrl\":\"https:\/\/mvebio.com\/wp-content\/uploads\/sites\/4\/2023\/10\/dna-elemental-bg-scaled-1.jpeg\",\"width\":2560,\"height\":901},{\"@type\":\"BreadcrumbList\",\"@id\":\"https:\/\/mvebio.com\/es\/recursos\/eventos\/#breadcrumb\",\"itemListElement\":[{\"@type\":\"ListItem\",\"position\":1,\"name\":\"Inicio\",\"item\":\"https:\/\/mvebio.com\/es\/pagina-de-inicio\/\"},{\"@type\":\"ListItem\",\"position\":2,\"name\":\"Recursos\",\"item\":\"https:\/\/mvebio.com\/es\/recursos\/\"},{\"@type\":\"ListItem\",\"position\":3,\"name\":\"Eventos\"}]},{\"@type\":\"WebSite\",\"@id\":\"https:\/\/mvebio.com\/es\/#website\",\"url\":\"https:\/\/mvebio.com\/es\/\",\"name\":\"MVE Biological Solutions\",\"description\":\"Cryogenic freezers and dewars\",\"publisher\":{\"@id\":\"https:\/\/mvebio.com\/es\/#organization\"},\"alternateName\":\"MVE Bio\",\"potentialAction\":[{\"@type\":\"SearchAction\",\"target\":{\"@type\":\"EntryPoint\",\"urlTemplate\":\"https:\/\/mvebio.com\/es\/?s={search_term_string}\"},\"query-input\":{\"@type\":\"PropertyValueSpecification\",\"valueRequired\":true,\"valueName\":\"search_term_string\"}}],\"inLanguage\":\"es\"},{\"@type\":\"Organization\",\"@id\":\"https:\/\/mvebio.com\/es\/#organization\",\"name\":\"MVE Biological Solutions\",\"alternateName\":\"MVE Bio\",\"url\":\"https:\/\/mvebio.com\/es\/\",\"logo\":{\"@type\":\"ImageObject\",\"inLanguage\":\"es\",\"@id\":\"https:\/\/mvebio.com\/es\/#\/schema\/logo\/image\/\",\"url\":\"https:\/\/mvebio.com\/wp-content\/uploads\/sites\/4\/2023\/12\/mve-square.png\",\"contentUrl\":\"https:\/\/mvebio.com\/wp-content\/uploads\/sites\/4\/2023\/12\/mve-square.png\",\"width\":1200,\"height\":1200,\"caption\":\"MVE Biological Solutions\"},\"image\":{\"@id\":\"https:\/\/mvebio.com\/es\/#\/schema\/logo\/image\/\"},\"sameAs\":[\"https:\/\/x.com\/MveBioSolutions\",\"https:\/\/www.linkedin.com\/company\/mvebio\/\"]}]}<\/script>\n<!-- \/ Yoast SEO plugin. -->","yoast_head_json":{"title":"Eventos - MVE Biological Solutions","description":"Mant\u00e9ngase informado y conectado con la p\u00e1gina de Eventos de MVE. Descubra las \u00faltimas tendencias e innovaciones en tecnolog\u00eda criog\u00e9nica y ciencias de la vida en los eventos de MVE, donde la colaboraci\u00f3n se une al progreso.","robots":{"index":"index","follow":"follow","max-snippet":"max-snippet:-1","max-image-preview":"max-image-preview:large","max-video-preview":"max-video-preview:-1"},"canonical":"https:\/\/mvebio.com\/es\/recursos\/eventos\/","og_locale":"es_ES","og_type":"article","og_title":"Eventos - MVE Biological Solutions","og_description":"Mant\u00e9ngase informado y conectado con la p\u00e1gina de Eventos de MVE. Descubra las \u00faltimas tendencias e innovaciones en tecnolog\u00eda criog\u00e9nica y ciencias de la vida en los eventos de MVE, donde la colaboraci\u00f3n se une al progreso.","og_url":"https:\/\/mvebio.com\/es\/recursos\/eventos\/","og_site_name":"MVE Biological Solutions","article_modified_time":"2026-02-18T15:45:28+00:00","og_image":[{"width":2560,"height":901,"url":"https:\/\/mvebio.com\/wp-content\/uploads\/sites\/4\/2023\/10\/dna-elemental-bg-scaled-1.jpeg","type":"image\/jpeg"}],"twitter_card":"summary_large_image","twitter_site":"@MveBioSolutions","schema":{"@context":"https:\/\/schema.org","@graph":[{"@type":"WebPage","@id":"https:\/\/mvebio.com\/es\/recursos\/eventos\/","url":"https:\/\/mvebio.com\/es\/recursos\/eventos\/","name":"Eventos - MVE Biological Solutions","isPartOf":{"@id":"https:\/\/mvebio.com\/es\/#website"},"primaryImageOfPage":{"@id":"https:\/\/mvebio.com\/es\/recursos\/eventos\/#primaryimage"},"image":{"@id":"https:\/\/mvebio.com\/es\/recursos\/eventos\/#primaryimage"},"thumbnailUrl":"https:\/\/mvebio.com\/wp-content\/uploads\/sites\/4\/2023\/10\/dna-elemental-bg-scaled-1.jpeg","datePublished":"2023-03-30T10:08:48+00:00","dateModified":"2026-02-18T15:45:28+00:00","description":"Mant\u00e9ngase informado y conectado con la p\u00e1gina de Eventos de MVE. Descubra las \u00faltimas tendencias e innovaciones en tecnolog\u00eda criog\u00e9nica y ciencias de la vida en los eventos de MVE, donde la colaboraci\u00f3n se une al progreso.","breadcrumb":{"@id":"https:\/\/mvebio.com\/es\/recursos\/eventos\/#breadcrumb"},"inLanguage":"es","potentialAction":[{"@type":"ReadAction","target":["https:\/\/mvebio.com\/es\/recursos\/eventos\/"]}]},{"@type":"ImageObject","inLanguage":"es","@id":"https:\/\/mvebio.com\/es\/recursos\/eventos\/#primaryimage","url":"https:\/\/mvebio.com\/wp-content\/uploads\/sites\/4\/2023\/10\/dna-elemental-bg-scaled-1.jpeg","contentUrl":"https:\/\/mvebio.com\/wp-content\/uploads\/sites\/4\/2023\/10\/dna-elemental-bg-scaled-1.jpeg","width":2560,"height":901},{"@type":"BreadcrumbList","@id":"https:\/\/mvebio.com\/es\/recursos\/eventos\/#breadcrumb","itemListElement":[{"@type":"ListItem","position":1,"name":"Inicio","item":"https:\/\/mvebio.com\/es\/pagina-de-inicio\/"},{"@type":"ListItem","position":2,"name":"Recursos","item":"https:\/\/mvebio.com\/es\/recursos\/"},{"@type":"ListItem","position":3,"name":"Eventos"}]},{"@type":"WebSite","@id":"https:\/\/mvebio.com\/es\/#website","url":"https:\/\/mvebio.com\/es\/","name":"MVE Biological Solutions","description":"Cryogenic freezers and dewars","publisher":{"@id":"https:\/\/mvebio.com\/es\/#organization"},"alternateName":"MVE Bio","potentialAction":[{"@type":"SearchAction","target":{"@type":"EntryPoint","urlTemplate":"https:\/\/mvebio.com\/es\/?s={search_term_string}"},"query-input":{"@type":"PropertyValueSpecification","valueRequired":true,"valueName":"search_term_string"}}],"inLanguage":"es"},{"@type":"Organization","@id":"https:\/\/mvebio.com\/es\/#organization","name":"MVE Biological Solutions","alternateName":"MVE Bio","url":"https:\/\/mvebio.com\/es\/","logo":{"@type":"ImageObject","inLanguage":"es","@id":"https:\/\/mvebio.com\/es\/#\/schema\/logo\/image\/","url":"https:\/\/mvebio.com\/wp-content\/uploads\/sites\/4\/2023\/12\/mve-square.png","contentUrl":"https:\/\/mvebio.com\/wp-content\/uploads\/sites\/4\/2023\/12\/mve-square.png","width":1200,"height":1200,"caption":"MVE Biological Solutions"},"image":{"@id":"https:\/\/mvebio.com\/es\/#\/schema\/logo\/image\/"},"sameAs":["https:\/\/x.com\/MveBioSolutions","https:\/\/www.linkedin.com\/company\/mvebio\/"]}]}},"_links":{"self":[{"href":"https:\/\/mvebio.com\/es\/wp-json\/wp\/v2\/pages\/11459","targetHints":{"allow":["GET"]}}],"collection":[{"href":"https:\/\/mvebio.com\/es\/wp-json\/wp\/v2\/pages"}],"about":[{"href":"https:\/\/mvebio.com\/es\/wp-json\/wp\/v2\/types\/page"}],"author":[{"embeddable":true,"href":"https:\/\/mvebio.com\/es\/wp-json\/wp\/v2\/users\/1"}],"replies":[{"embeddable":true,"href":"https:\/\/mvebio.com\/es\/wp-json\/wp\/v2\/comments?post=11459"}],"version-history":[{"count":1,"href":"https:\/\/mvebio.com\/es\/wp-json\/wp\/v2\/pages\/11459\/revisions"}],"predecessor-version":[{"id":11462,"href":"https:\/\/mvebio.com\/es\/wp-json\/wp\/v2\/pages\/11459\/revisions\/11462"}],"up":[{"embeddable":true,"href":"https:\/\/mvebio.com\/es\/wp-json\/wp\/v2\/pages\/11473"}],"wp:featuredmedia":[{"embeddable":true,"href":"https:\/\/mvebio.com\/es\/wp-json\/wp\/v2\/media\/3478"}],"wp:attachment":[{"href":"https:\/\/mvebio.com\/es\/wp-json\/wp\/v2\/media?parent=11459"}],"curies":[{"name":"wp","href":"https:\/\/api.w.org\/{rel}","templated":true}]}}