{"id":11455,"date":"2023-09-08T18:47:44","date_gmt":"2023-09-08T17:47:44","guid":{"rendered":"https:\/\/mvebio.com\/politica-de-cookies\/"},"modified":"2026-02-18T10:45:28","modified_gmt":"2026-02-18T15:45:28","slug":"politica-de-cookies","status":"publish","type":"page","link":"https:\/\/mvebio.com\/es\/politica-de-cookies\/","title":{"rendered":"Pol\u00edtica de cookies"},"content":{"rendered":"","protected":false},"excerpt":{"rendered":"","protected":false},"author":1,"featured_media":0,"parent":0,"menu_order":0,"comment_status":"closed","ping_status":"closed","template":"","meta":{"_acf_changed":false,"footnotes":""},"class_list":["post-11455","page","type-page","status-publish","hentry"],"acf":[],"yoast_head":"<!-- This site is optimized with the Yoast SEO plugin v27.2 - https:\/\/yoast.com\/product\/yoast-seo-wordpress\/ -->\n<title>Pol\u00edtica de cookies - MVE Biological Solutions<\/title>\n<meta name=\"description\" content=\"En MVE Biological Solutions, damos prioridad a su privacidad y nos esforzamos por mantener una comunicaci\u00f3n clara. Obtenga m\u00e1s informaci\u00f3n sobre el uso que hacemos de las cookies y tome decisiones informadas para disfrutar de una experiencia de navegaci\u00f3n fluida y personalizada.\" \/>\n<meta name=\"robots\" content=\"index, follow, max-snippet:-1, max-image-preview:large, max-video-preview:-1\" \/>\n<link rel=\"canonical\" href=\"https:\/\/mvebio.com\/es\/politica-de-cookies\/\" \/>\n<meta property=\"og:locale\" content=\"es_ES\" \/>\n<meta property=\"og:type\" content=\"article\" \/>\n<meta property=\"og:title\" content=\"Pol\u00edtica de cookies - MVE Biological Solutions\" \/>\n<meta property=\"og:description\" content=\"En MVE Biological Solutions, damos prioridad a su privacidad y nos esforzamos por mantener una comunicaci\u00f3n clara. Obtenga m\u00e1s informaci\u00f3n sobre el uso que hacemos de las cookies y tome decisiones informadas para disfrutar de una experiencia de navegaci\u00f3n fluida y personalizada.\" \/>\n<meta property=\"og:url\" content=\"https:\/\/mvebio.com\/es\/politica-de-cookies\/\" \/>\n<meta property=\"og:site_name\" content=\"MVE Biological Solutions\" \/>\n<meta property=\"article:modified_time\" content=\"2026-02-18T15:45:28+00:00\" \/>\n<meta property=\"og:image\" content=\"https:\/\/mvebio.com\/wp-content\/uploads\/sites\/4\/2023\/12\/mve-seo.png\" \/>\n\t<meta property=\"og:image:width\" content=\"1200\" \/>\n\t<meta property=\"og:image:height\" content=\"675\" \/>\n\t<meta property=\"og:image:type\" content=\"image\/png\" \/>\n<meta name=\"twitter:card\" content=\"summary_large_image\" \/>\n<meta name=\"twitter:site\" content=\"@MveBioSolutions\" \/>\n<script type=\"application\/ld+json\" class=\"yoast-schema-graph\">{\"@context\":\"https:\/\/schema.org\",\"@graph\":[{\"@type\":\"WebPage\",\"@id\":\"https:\/\/mvebio.com\/es\/politica-de-cookies\/\",\"url\":\"https:\/\/mvebio.com\/es\/politica-de-cookies\/\",\"name\":\"Pol\u00edtica de cookies - MVE Biological Solutions\",\"isPartOf\":{\"@id\":\"https:\/\/mvebio.com\/es\/#website\"},\"datePublished\":\"2023-09-08T17:47:44+00:00\",\"dateModified\":\"2026-02-18T15:45:28+00:00\",\"description\":\"En MVE Biological Solutions, damos prioridad a su privacidad y nos esforzamos por mantener una comunicaci\u00f3n clara. Obtenga m\u00e1s informaci\u00f3n sobre el uso que hacemos de las cookies y tome decisiones informadas para disfrutar de una experiencia de navegaci\u00f3n fluida y personalizada.\",\"breadcrumb\":{\"@id\":\"https:\/\/mvebio.com\/es\/politica-de-cookies\/#breadcrumb\"},\"inLanguage\":\"es\",\"potentialAction\":[{\"@type\":\"ReadAction\",\"target\":[\"https:\/\/mvebio.com\/es\/politica-de-cookies\/\"]}]},{\"@type\":\"BreadcrumbList\",\"@id\":\"https:\/\/mvebio.com\/es\/politica-de-cookies\/#breadcrumb\",\"itemListElement\":[{\"@type\":\"ListItem\",\"position\":1,\"name\":\"Inicio\",\"item\":\"https:\/\/mvebio.com\/es\/pagina-de-inicio\/\"},{\"@type\":\"ListItem\",\"position\":2,\"name\":\"Pol\u00edtica de cookies\"}]},{\"@type\":\"WebSite\",\"@id\":\"https:\/\/mvebio.com\/es\/#website\",\"url\":\"https:\/\/mvebio.com\/es\/\",\"name\":\"MVE Biological Solutions\",\"description\":\"Cryogenic freezers and dewars\",\"publisher\":{\"@id\":\"https:\/\/mvebio.com\/es\/#organization\"},\"alternateName\":\"MVE Bio\",\"potentialAction\":[{\"@type\":\"SearchAction\",\"target\":{\"@type\":\"EntryPoint\",\"urlTemplate\":\"https:\/\/mvebio.com\/es\/?s={search_term_string}\"},\"query-input\":{\"@type\":\"PropertyValueSpecification\",\"valueRequired\":true,\"valueName\":\"search_term_string\"}}],\"inLanguage\":\"es\"},{\"@type\":\"Organization\",\"@id\":\"https:\/\/mvebio.com\/es\/#organization\",\"name\":\"MVE Biological Solutions\",\"alternateName\":\"MVE Bio\",\"url\":\"https:\/\/mvebio.com\/es\/\",\"logo\":{\"@type\":\"ImageObject\",\"inLanguage\":\"es\",\"@id\":\"https:\/\/mvebio.com\/es\/#\/schema\/logo\/image\/\",\"url\":\"https:\/\/mvebio.com\/wp-content\/uploads\/sites\/4\/2023\/12\/mve-square.png\",\"contentUrl\":\"https:\/\/mvebio.com\/wp-content\/uploads\/sites\/4\/2023\/12\/mve-square.png\",\"width\":1200,\"height\":1200,\"caption\":\"MVE Biological Solutions\"},\"image\":{\"@id\":\"https:\/\/mvebio.com\/es\/#\/schema\/logo\/image\/\"},\"sameAs\":[\"https:\/\/x.com\/MveBioSolutions\",\"https:\/\/www.linkedin.com\/company\/mvebio\/\"]}]}<\/script>\n<!-- \/ Yoast SEO plugin. -->","yoast_head_json":{"title":"Pol\u00edtica de cookies - MVE Biological Solutions","description":"En MVE Biological Solutions, damos prioridad a su privacidad y nos esforzamos por mantener una comunicaci\u00f3n clara. Obtenga m\u00e1s informaci\u00f3n sobre el uso que hacemos de las cookies y tome decisiones informadas para disfrutar de una experiencia de navegaci\u00f3n fluida y personalizada.","robots":{"index":"index","follow":"follow","max-snippet":"max-snippet:-1","max-image-preview":"max-image-preview:large","max-video-preview":"max-video-preview:-1"},"canonical":"https:\/\/mvebio.com\/es\/politica-de-cookies\/","og_locale":"es_ES","og_type":"article","og_title":"Pol\u00edtica de cookies - MVE Biological Solutions","og_description":"En MVE Biological Solutions, damos prioridad a su privacidad y nos esforzamos por mantener una comunicaci\u00f3n clara. Obtenga m\u00e1s informaci\u00f3n sobre el uso que hacemos de las cookies y tome decisiones informadas para disfrutar de una experiencia de navegaci\u00f3n fluida y personalizada.","og_url":"https:\/\/mvebio.com\/es\/politica-de-cookies\/","og_site_name":"MVE Biological Solutions","article_modified_time":"2026-02-18T15:45:28+00:00","og_image":[{"width":1200,"height":675,"url":"https:\/\/mvebio.com\/wp-content\/uploads\/sites\/4\/2023\/12\/mve-seo.png","type":"image\/png"}],"twitter_card":"summary_large_image","twitter_site":"@MveBioSolutions","schema":{"@context":"https:\/\/schema.org","@graph":[{"@type":"WebPage","@id":"https:\/\/mvebio.com\/es\/politica-de-cookies\/","url":"https:\/\/mvebio.com\/es\/politica-de-cookies\/","name":"Pol\u00edtica de cookies - MVE Biological Solutions","isPartOf":{"@id":"https:\/\/mvebio.com\/es\/#website"},"datePublished":"2023-09-08T17:47:44+00:00","dateModified":"2026-02-18T15:45:28+00:00","description":"En MVE Biological Solutions, damos prioridad a su privacidad y nos esforzamos por mantener una comunicaci\u00f3n clara. Obtenga m\u00e1s informaci\u00f3n sobre el uso que hacemos de las cookies y tome decisiones informadas para disfrutar de una experiencia de navegaci\u00f3n fluida y personalizada.","breadcrumb":{"@id":"https:\/\/mvebio.com\/es\/politica-de-cookies\/#breadcrumb"},"inLanguage":"es","potentialAction":[{"@type":"ReadAction","target":["https:\/\/mvebio.com\/es\/politica-de-cookies\/"]}]},{"@type":"BreadcrumbList","@id":"https:\/\/mvebio.com\/es\/politica-de-cookies\/#breadcrumb","itemListElement":[{"@type":"ListItem","position":1,"name":"Inicio","item":"https:\/\/mvebio.com\/es\/pagina-de-inicio\/"},{"@type":"ListItem","position":2,"name":"Pol\u00edtica de cookies"}]},{"@type":"WebSite","@id":"https:\/\/mvebio.com\/es\/#website","url":"https:\/\/mvebio.com\/es\/","name":"MVE Biological Solutions","description":"Cryogenic freezers and dewars","publisher":{"@id":"https:\/\/mvebio.com\/es\/#organization"},"alternateName":"MVE Bio","potentialAction":[{"@type":"SearchAction","target":{"@type":"EntryPoint","urlTemplate":"https:\/\/mvebio.com\/es\/?s={search_term_string}"},"query-input":{"@type":"PropertyValueSpecification","valueRequired":true,"valueName":"search_term_string"}}],"inLanguage":"es"},{"@type":"Organization","@id":"https:\/\/mvebio.com\/es\/#organization","name":"MVE Biological Solutions","alternateName":"MVE Bio","url":"https:\/\/mvebio.com\/es\/","logo":{"@type":"ImageObject","inLanguage":"es","@id":"https:\/\/mvebio.com\/es\/#\/schema\/logo\/image\/","url":"https:\/\/mvebio.com\/wp-content\/uploads\/sites\/4\/2023\/12\/mve-square.png","contentUrl":"https:\/\/mvebio.com\/wp-content\/uploads\/sites\/4\/2023\/12\/mve-square.png","width":1200,"height":1200,"caption":"MVE Biological Solutions"},"image":{"@id":"https:\/\/mvebio.com\/es\/#\/schema\/logo\/image\/"},"sameAs":["https:\/\/x.com\/MveBioSolutions","https:\/\/www.linkedin.com\/company\/mvebio\/"]}]}},"_links":{"self":[{"href":"https:\/\/mvebio.com\/es\/wp-json\/wp\/v2\/pages\/11455","targetHints":{"allow":["GET"]}}],"collection":[{"href":"https:\/\/mvebio.com\/es\/wp-json\/wp\/v2\/pages"}],"about":[{"href":"https:\/\/mvebio.com\/es\/wp-json\/wp\/v2\/types\/page"}],"author":[{"embeddable":true,"href":"https:\/\/mvebio.com\/es\/wp-json\/wp\/v2\/users\/1"}],"replies":[{"embeddable":true,"href":"https:\/\/mvebio.com\/es\/wp-json\/wp\/v2\/comments?post=11455"}],"version-history":[{"count":1,"href":"https:\/\/mvebio.com\/es\/wp-json\/wp\/v2\/pages\/11455\/revisions"}],"predecessor-version":[{"id":11793,"href":"https:\/\/mvebio.com\/es\/wp-json\/wp\/v2\/pages\/11455\/revisions\/11793"}],"wp:attachment":[{"href":"https:\/\/mvebio.com\/es\/wp-json\/wp\/v2\/media?parent=11455"}],"curies":[{"name":"wp","href":"https:\/\/api.w.org\/{rel}","templated":true}]}}