{"id":14728,"date":"2025-01-06T13:47:26","date_gmt":"2025-01-06T18:47:26","guid":{"rendered":"https:\/\/mvebio.com\/ressourcen\/fda-registrierung\/"},"modified":"2025-01-06T13:47:26","modified_gmt":"2025-01-06T18:47:26","slug":"fda-registrierung","status":"publish","type":"page","link":"https:\/\/mvebio.com\/de\/ressourcen\/fda-registrierung\/","title":{"rendered":"FDA-Registrierung"},"content":{"rendered":"","protected":false},"excerpt":{"rendered":"","protected":false},"author":24,"featured_media":5272,"parent":12643,"menu_order":0,"comment_status":"closed","ping_status":"closed","template":"","meta":{"_acf_changed":false,"footnotes":""},"class_list":["post-14728","page","type-page","status-publish","has-post-thumbnail","hentry"],"acf":[],"yoast_head":"<!-- This site is optimized with the Yoast SEO plugin v27.2 - https:\/\/yoast.com\/product\/yoast-seo-wordpress\/ -->\n<title>FDA-Registrierung - MVE Biological Solutions<\/title>\n<meta name=\"description\" content=\"MVE Biological Solutions akzeptiert R\u00fcckgaben f\u00fcr die meisten Artikel innerhalb von 30 Tagen nach dem Kauf. Alle zur\u00fcckgesandten Artikel m\u00fcssen neu und unbenutzt sein und sich in der Originalverpackung befinden. F\u00fcr R\u00fccksendungen wird eine Wiedereinlagerungsgeb\u00fchr erhoben.\" \/>\n<meta name=\"robots\" content=\"index, follow, max-snippet:-1, max-image-preview:large, max-video-preview:-1\" \/>\n<link rel=\"canonical\" href=\"https:\/\/mvebio.com\/de\/ressourcen\/fda-registrierung\/\" \/>\n<meta property=\"og:locale\" content=\"de_DE\" \/>\n<meta property=\"og:type\" content=\"article\" \/>\n<meta property=\"og:title\" content=\"FDA-Registrierung - MVE Biological Solutions\" \/>\n<meta property=\"og:description\" content=\"MVE Biological Solutions akzeptiert R\u00fcckgaben f\u00fcr die meisten Artikel innerhalb von 30 Tagen nach dem Kauf. Alle zur\u00fcckgesandten Artikel m\u00fcssen neu und unbenutzt sein und sich in der Originalverpackung befinden. F\u00fcr R\u00fccksendungen wird eine Wiedereinlagerungsgeb\u00fchr erhoben.\" \/>\n<meta property=\"og:url\" content=\"https:\/\/mvebio.com\/de\/ressourcen\/fda-registrierung\/\" \/>\n<meta property=\"og:site_name\" content=\"MVE Biological Solutions\" \/>\n<meta property=\"og:image\" content=\"https:\/\/mvebio.com\/wp-content\/uploads\/sites\/4\/2023\/12\/MVE_Header_8-1024x459.png\" \/>\n\t<meta property=\"og:image:width\" content=\"1024\" \/>\n\t<meta property=\"og:image:height\" content=\"459\" \/>\n\t<meta property=\"og:image:type\" content=\"image\/png\" \/>\n<meta name=\"twitter:card\" content=\"summary_large_image\" \/>\n<meta name=\"twitter:site\" content=\"@MveBioSolutions\" \/>\n<script type=\"application\/ld+json\" class=\"yoast-schema-graph\">{\"@context\":\"https:\/\/schema.org\",\"@graph\":[{\"@type\":\"WebPage\",\"@id\":\"https:\/\/mvebio.com\/de\/ressourcen\/fda-registrierung\/\",\"url\":\"https:\/\/mvebio.com\/de\/ressourcen\/fda-registrierung\/\",\"name\":\"FDA-Registrierung - MVE Biological Solutions\",\"isPartOf\":{\"@id\":\"https:\/\/mvebio.com\/de\/#website\"},\"primaryImageOfPage\":{\"@id\":\"https:\/\/mvebio.com\/de\/ressourcen\/fda-registrierung\/#primaryimage\"},\"image\":{\"@id\":\"https:\/\/mvebio.com\/de\/ressourcen\/fda-registrierung\/#primaryimage\"},\"thumbnailUrl\":\"https:\/\/mvebio.com\/wp-content\/uploads\/sites\/4\/2023\/12\/MVE_Header_8.jpg\",\"datePublished\":\"2025-01-06T18:47:26+00:00\",\"description\":\"MVE Biological Solutions akzeptiert R\u00fcckgaben f\u00fcr die meisten Artikel innerhalb von 30 Tagen nach dem Kauf. Alle zur\u00fcckgesandten Artikel m\u00fcssen neu und unbenutzt sein und sich in der Originalverpackung befinden. F\u00fcr R\u00fccksendungen wird eine Wiedereinlagerungsgeb\u00fchr erhoben.\",\"breadcrumb\":{\"@id\":\"https:\/\/mvebio.com\/de\/ressourcen\/fda-registrierung\/#breadcrumb\"},\"inLanguage\":\"de\",\"potentialAction\":[{\"@type\":\"ReadAction\",\"target\":[\"https:\/\/mvebio.com\/de\/ressourcen\/fda-registrierung\/\"]}]},{\"@type\":\"ImageObject\",\"inLanguage\":\"de\",\"@id\":\"https:\/\/mvebio.com\/de\/ressourcen\/fda-registrierung\/#primaryimage\",\"url\":\"https:\/\/mvebio.com\/wp-content\/uploads\/sites\/4\/2023\/12\/MVE_Header_8.jpg\",\"contentUrl\":\"https:\/\/mvebio.com\/wp-content\/uploads\/sites\/4\/2023\/12\/MVE_Header_8.jpg\",\"width\":7441,\"height\":3338},{\"@type\":\"BreadcrumbList\",\"@id\":\"https:\/\/mvebio.com\/de\/ressourcen\/fda-registrierung\/#breadcrumb\",\"itemListElement\":[{\"@type\":\"ListItem\",\"position\":1,\"name\":\"Startseite\",\"item\":\"https:\/\/mvebio.com\/de\/homepage\/\"},{\"@type\":\"ListItem\",\"position\":2,\"name\":\"Ressourcen\",\"item\":\"https:\/\/mvebio.com\/de\/ressourcen\/\"},{\"@type\":\"ListItem\",\"position\":3,\"name\":\"FDA-Registrierung\"}]},{\"@type\":\"WebSite\",\"@id\":\"https:\/\/mvebio.com\/de\/#website\",\"url\":\"https:\/\/mvebio.com\/de\/\",\"name\":\"MVE Biological Solutions\",\"description\":\"Cryogenic freezers and dewars\",\"publisher\":{\"@id\":\"https:\/\/mvebio.com\/de\/#organization\"},\"alternateName\":\"MVE Bio\",\"potentialAction\":[{\"@type\":\"SearchAction\",\"target\":{\"@type\":\"EntryPoint\",\"urlTemplate\":\"https:\/\/mvebio.com\/de\/?s={search_term_string}\"},\"query-input\":{\"@type\":\"PropertyValueSpecification\",\"valueRequired\":true,\"valueName\":\"search_term_string\"}}],\"inLanguage\":\"de\"},{\"@type\":\"Organization\",\"@id\":\"https:\/\/mvebio.com\/de\/#organization\",\"name\":\"MVE Biological Solutions\",\"alternateName\":\"MVE Bio\",\"url\":\"https:\/\/mvebio.com\/de\/\",\"logo\":{\"@type\":\"ImageObject\",\"inLanguage\":\"de\",\"@id\":\"https:\/\/mvebio.com\/de\/#\/schema\/logo\/image\/\",\"url\":\"https:\/\/mvebio.com\/wp-content\/uploads\/sites\/4\/2023\/12\/mve-square.png\",\"contentUrl\":\"https:\/\/mvebio.com\/wp-content\/uploads\/sites\/4\/2023\/12\/mve-square.png\",\"width\":1200,\"height\":1200,\"caption\":\"MVE Biological Solutions\"},\"image\":{\"@id\":\"https:\/\/mvebio.com\/de\/#\/schema\/logo\/image\/\"},\"sameAs\":[\"https:\/\/x.com\/MveBioSolutions\",\"https:\/\/www.linkedin.com\/company\/mvebio\/\"]}]}<\/script>\n<!-- \/ Yoast SEO plugin. -->","yoast_head_json":{"title":"FDA-Registrierung - MVE Biological Solutions","description":"MVE Biological Solutions akzeptiert R\u00fcckgaben f\u00fcr die meisten Artikel innerhalb von 30 Tagen nach dem Kauf. Alle zur\u00fcckgesandten Artikel m\u00fcssen neu und unbenutzt sein und sich in der Originalverpackung befinden. F\u00fcr R\u00fccksendungen wird eine Wiedereinlagerungsgeb\u00fchr erhoben.","robots":{"index":"index","follow":"follow","max-snippet":"max-snippet:-1","max-image-preview":"max-image-preview:large","max-video-preview":"max-video-preview:-1"},"canonical":"https:\/\/mvebio.com\/de\/ressourcen\/fda-registrierung\/","og_locale":"de_DE","og_type":"article","og_title":"FDA-Registrierung - MVE Biological Solutions","og_description":"MVE Biological Solutions akzeptiert R\u00fcckgaben f\u00fcr die meisten Artikel innerhalb von 30 Tagen nach dem Kauf. Alle zur\u00fcckgesandten Artikel m\u00fcssen neu und unbenutzt sein und sich in der Originalverpackung befinden. F\u00fcr R\u00fccksendungen wird eine Wiedereinlagerungsgeb\u00fchr erhoben.","og_url":"https:\/\/mvebio.com\/de\/ressourcen\/fda-registrierung\/","og_site_name":"MVE Biological Solutions","og_image":[{"width":1024,"height":459,"url":"https:\/\/mvebio.com\/wp-content\/uploads\/sites\/4\/2023\/12\/MVE_Header_8-1024x459.png","type":"image\/png"}],"twitter_card":"summary_large_image","twitter_site":"@MveBioSolutions","schema":{"@context":"https:\/\/schema.org","@graph":[{"@type":"WebPage","@id":"https:\/\/mvebio.com\/de\/ressourcen\/fda-registrierung\/","url":"https:\/\/mvebio.com\/de\/ressourcen\/fda-registrierung\/","name":"FDA-Registrierung - MVE Biological Solutions","isPartOf":{"@id":"https:\/\/mvebio.com\/de\/#website"},"primaryImageOfPage":{"@id":"https:\/\/mvebio.com\/de\/ressourcen\/fda-registrierung\/#primaryimage"},"image":{"@id":"https:\/\/mvebio.com\/de\/ressourcen\/fda-registrierung\/#primaryimage"},"thumbnailUrl":"https:\/\/mvebio.com\/wp-content\/uploads\/sites\/4\/2023\/12\/MVE_Header_8.jpg","datePublished":"2025-01-06T18:47:26+00:00","description":"MVE Biological Solutions akzeptiert R\u00fcckgaben f\u00fcr die meisten Artikel innerhalb von 30 Tagen nach dem Kauf. Alle zur\u00fcckgesandten Artikel m\u00fcssen neu und unbenutzt sein und sich in der Originalverpackung befinden. F\u00fcr R\u00fccksendungen wird eine Wiedereinlagerungsgeb\u00fchr erhoben.","breadcrumb":{"@id":"https:\/\/mvebio.com\/de\/ressourcen\/fda-registrierung\/#breadcrumb"},"inLanguage":"de","potentialAction":[{"@type":"ReadAction","target":["https:\/\/mvebio.com\/de\/ressourcen\/fda-registrierung\/"]}]},{"@type":"ImageObject","inLanguage":"de","@id":"https:\/\/mvebio.com\/de\/ressourcen\/fda-registrierung\/#primaryimage","url":"https:\/\/mvebio.com\/wp-content\/uploads\/sites\/4\/2023\/12\/MVE_Header_8.jpg","contentUrl":"https:\/\/mvebio.com\/wp-content\/uploads\/sites\/4\/2023\/12\/MVE_Header_8.jpg","width":7441,"height":3338},{"@type":"BreadcrumbList","@id":"https:\/\/mvebio.com\/de\/ressourcen\/fda-registrierung\/#breadcrumb","itemListElement":[{"@type":"ListItem","position":1,"name":"Startseite","item":"https:\/\/mvebio.com\/de\/homepage\/"},{"@type":"ListItem","position":2,"name":"Ressourcen","item":"https:\/\/mvebio.com\/de\/ressourcen\/"},{"@type":"ListItem","position":3,"name":"FDA-Registrierung"}]},{"@type":"WebSite","@id":"https:\/\/mvebio.com\/de\/#website","url":"https:\/\/mvebio.com\/de\/","name":"MVE Biological Solutions","description":"Cryogenic freezers and dewars","publisher":{"@id":"https:\/\/mvebio.com\/de\/#organization"},"alternateName":"MVE Bio","potentialAction":[{"@type":"SearchAction","target":{"@type":"EntryPoint","urlTemplate":"https:\/\/mvebio.com\/de\/?s={search_term_string}"},"query-input":{"@type":"PropertyValueSpecification","valueRequired":true,"valueName":"search_term_string"}}],"inLanguage":"de"},{"@type":"Organization","@id":"https:\/\/mvebio.com\/de\/#organization","name":"MVE Biological Solutions","alternateName":"MVE Bio","url":"https:\/\/mvebio.com\/de\/","logo":{"@type":"ImageObject","inLanguage":"de","@id":"https:\/\/mvebio.com\/de\/#\/schema\/logo\/image\/","url":"https:\/\/mvebio.com\/wp-content\/uploads\/sites\/4\/2023\/12\/mve-square.png","contentUrl":"https:\/\/mvebio.com\/wp-content\/uploads\/sites\/4\/2023\/12\/mve-square.png","width":1200,"height":1200,"caption":"MVE Biological Solutions"},"image":{"@id":"https:\/\/mvebio.com\/de\/#\/schema\/logo\/image\/"},"sameAs":["https:\/\/x.com\/MveBioSolutions","https:\/\/www.linkedin.com\/company\/mvebio\/"]}]}},"_links":{"self":[{"href":"https:\/\/mvebio.com\/de\/wp-json\/wp\/v2\/pages\/14728","targetHints":{"allow":["GET"]}}],"collection":[{"href":"https:\/\/mvebio.com\/de\/wp-json\/wp\/v2\/pages"}],"about":[{"href":"https:\/\/mvebio.com\/de\/wp-json\/wp\/v2\/types\/page"}],"author":[{"embeddable":true,"href":"https:\/\/mvebio.com\/de\/wp-json\/wp\/v2\/users\/24"}],"replies":[{"embeddable":true,"href":"https:\/\/mvebio.com\/de\/wp-json\/wp\/v2\/comments?post=14728"}],"version-history":[{"count":0,"href":"https:\/\/mvebio.com\/de\/wp-json\/wp\/v2\/pages\/14728\/revisions"}],"up":[{"embeddable":true,"href":"https:\/\/mvebio.com\/de\/wp-json\/wp\/v2\/pages\/12643"}],"wp:featuredmedia":[{"embeddable":true,"href":"https:\/\/mvebio.com\/de\/wp-json\/wp\/v2\/media\/5272"}],"wp:attachment":[{"href":"https:\/\/mvebio.com\/de\/wp-json\/wp\/v2\/media?parent=14728"}],"curies":[{"name":"wp","href":"https:\/\/api.w.org\/{rel}","templated":true}]}}