{"id":14727,"date":"2025-03-11T14:53:04","date_gmt":"2025-03-11T18:53:04","guid":{"rendered":"https:\/\/mvebio.com\/unsere-produkte\/biowissenschaften-gefrierschraenke\/mve-he-800-c\/"},"modified":"2025-03-11T14:53:04","modified_gmt":"2025-03-11T18:53:04","slug":"mve-he-800-c","status":"publish","type":"page","link":"https:\/\/mvebio.com\/de\/unsere-produkte\/biowissenschaften-gefrierschraenke\/mve-he-800-c\/","title":{"rendered":"MVE HE 800 C"},"content":{"rendered":"","protected":false},"excerpt":{"rendered":"<p>Fortgeschrittenes Biorepository\/ Gefrierfarm\/ Bio-Banking\/ Kryolagerung von Stammzellen<\/p>\n","protected":false},"author":24,"featured_media":13424,"parent":12654,"menu_order":0,"comment_status":"closed","ping_status":"closed","template":"","meta":{"_acf_changed":false,"footnotes":""},"class_list":["post-14727","page","type-page","status-publish","has-post-thumbnail","hentry"],"acf":[],"yoast_head":"<!-- This site is optimized with the Yoast SEO plugin v27.2 - https:\/\/yoast.com\/product\/yoast-seo-wordpress\/ -->\n<title>MVE HE 800 C - MVE Biological Solutions<\/title>\n<meta name=\"description\" content=\"Unsere \u00e4u\u00dferst vielseitige HE-Serie bietet eine ultrakalte Dampfspeicherung von -190\u00b0C. Aus diesem Grund ist sie die erste Wahl f\u00fcr die Kryogenik von Stammzellen und f\u00fcr biologische und \u00f6kologische Lagerst\u00e4tten auf der ganzen Welt.\" \/>\n<meta name=\"robots\" content=\"index, follow, max-snippet:-1, max-image-preview:large, max-video-preview:-1\" \/>\n<link rel=\"canonical\" href=\"https:\/\/mvebio.com\/de\/unsere-produkte\/biowissenschaften-gefrierschraenke\/mve-he-800-c\/\" \/>\n<meta property=\"og:locale\" content=\"de_DE\" \/>\n<meta property=\"og:type\" content=\"article\" \/>\n<meta property=\"og:title\" content=\"MVE HE 800 C - MVE Biological Solutions\" \/>\n<meta property=\"og:description\" content=\"Unsere \u00e4u\u00dferst vielseitige HE-Serie bietet eine ultrakalte Dampfspeicherung von -190\u00b0C. Aus diesem Grund ist sie die erste Wahl f\u00fcr die Kryogenik von Stammzellen und f\u00fcr biologische und \u00f6kologische Lagerst\u00e4tten auf der ganzen Welt.\" \/>\n<meta property=\"og:url\" content=\"https:\/\/mvebio.com\/de\/unsere-produkte\/biowissenschaften-gefrierschraenke\/mve-he-800-c\/\" \/>\n<meta property=\"og:site_name\" content=\"MVE Biological Solutions\" \/>\n<meta property=\"og:image\" content=\"https:\/\/mvebio.com\/wp-content\/uploads\/sites\/4\/2025\/03\/800-C-Full-Render.png\" \/>\n\t<meta property=\"og:image:width\" content=\"1920\" \/>\n\t<meta property=\"og:image:height\" content=\"880\" \/>\n\t<meta property=\"og:image:type\" content=\"image\/png\" \/>\n<meta name=\"twitter:card\" content=\"summary_large_image\" \/>\n<meta name=\"twitter:site\" content=\"@MveBioSolutions\" \/>\n<script type=\"application\/ld+json\" class=\"yoast-schema-graph\">{\"@context\":\"https:\/\/schema.org\",\"@graph\":[{\"@type\":\"WebPage\",\"@id\":\"https:\/\/mvebio.com\/de\/unsere-produkte\/biowissenschaften-gefrierschraenke\/mve-he-800-c\/\",\"url\":\"https:\/\/mvebio.com\/de\/unsere-produkte\/biowissenschaften-gefrierschraenke\/mve-he-800-c\/\",\"name\":\"MVE HE 800 C - MVE Biological Solutions\",\"isPartOf\":{\"@id\":\"https:\/\/mvebio.com\/de\/#website\"},\"primaryImageOfPage\":{\"@id\":\"https:\/\/mvebio.com\/de\/unsere-produkte\/biowissenschaften-gefrierschraenke\/mve-he-800-c\/#primaryimage\"},\"image\":{\"@id\":\"https:\/\/mvebio.com\/de\/unsere-produkte\/biowissenschaften-gefrierschraenke\/mve-he-800-c\/#primaryimage\"},\"thumbnailUrl\":\"https:\/\/mvebio.com\/wp-content\/uploads\/sites\/4\/2025\/03\/800-C-Full-Render.png\",\"datePublished\":\"2025-03-11T18:53:04+00:00\",\"description\":\"Unsere \u00e4u\u00dferst vielseitige HE-Serie bietet eine ultrakalte Dampfspeicherung von -190\u00b0C. Aus diesem Grund ist sie die erste Wahl f\u00fcr die Kryogenik von Stammzellen und f\u00fcr biologische und \u00f6kologische Lagerst\u00e4tten auf der ganzen Welt.\",\"breadcrumb\":{\"@id\":\"https:\/\/mvebio.com\/de\/unsere-produkte\/biowissenschaften-gefrierschraenke\/mve-he-800-c\/#breadcrumb\"},\"inLanguage\":\"de\",\"potentialAction\":[{\"@type\":\"ReadAction\",\"target\":[\"https:\/\/mvebio.com\/de\/unsere-produkte\/biowissenschaften-gefrierschraenke\/mve-he-800-c\/\"]}]},{\"@type\":\"ImageObject\",\"inLanguage\":\"de\",\"@id\":\"https:\/\/mvebio.com\/de\/unsere-produkte\/biowissenschaften-gefrierschraenke\/mve-he-800-c\/#primaryimage\",\"url\":\"https:\/\/mvebio.com\/wp-content\/uploads\/sites\/4\/2025\/03\/800-C-Full-Render.png\",\"contentUrl\":\"https:\/\/mvebio.com\/wp-content\/uploads\/sites\/4\/2025\/03\/800-C-Full-Render.png\",\"width\":1920,\"height\":880,\"caption\":\"Animation Vorschau_Full Render\"},{\"@type\":\"BreadcrumbList\",\"@id\":\"https:\/\/mvebio.com\/de\/unsere-produkte\/biowissenschaften-gefrierschraenke\/mve-he-800-c\/#breadcrumb\",\"itemListElement\":[{\"@type\":\"ListItem\",\"position\":1,\"name\":\"Startseite\",\"item\":\"https:\/\/mvebio.com\/de\/homepage\/\"},{\"@type\":\"ListItem\",\"position\":2,\"name\":\"Unsere Produkte\",\"item\":\"https:\/\/mvebio.com\/de\/unsere-produkte\/\"},{\"@type\":\"ListItem\",\"position\":3,\"name\":\"Biowissenschaften (Gefrierschr\u00e4nke)\",\"item\":\"https:\/\/mvebio.com\/de\/unsere-produkte\/biowissenschaften-gefrierschraenke\/\"},{\"@type\":\"ListItem\",\"position\":4,\"name\":\"MVE HE 800 C\"}]},{\"@type\":\"WebSite\",\"@id\":\"https:\/\/mvebio.com\/de\/#website\",\"url\":\"https:\/\/mvebio.com\/de\/\",\"name\":\"MVE Biological Solutions\",\"description\":\"Cryogenic freezers and dewars\",\"publisher\":{\"@id\":\"https:\/\/mvebio.com\/de\/#organization\"},\"alternateName\":\"MVE Bio\",\"potentialAction\":[{\"@type\":\"SearchAction\",\"target\":{\"@type\":\"EntryPoint\",\"urlTemplate\":\"https:\/\/mvebio.com\/de\/?s={search_term_string}\"},\"query-input\":{\"@type\":\"PropertyValueSpecification\",\"valueRequired\":true,\"valueName\":\"search_term_string\"}}],\"inLanguage\":\"de\"},{\"@type\":\"Organization\",\"@id\":\"https:\/\/mvebio.com\/de\/#organization\",\"name\":\"MVE Biological Solutions\",\"alternateName\":\"MVE Bio\",\"url\":\"https:\/\/mvebio.com\/de\/\",\"logo\":{\"@type\":\"ImageObject\",\"inLanguage\":\"de\",\"@id\":\"https:\/\/mvebio.com\/de\/#\/schema\/logo\/image\/\",\"url\":\"https:\/\/mvebio.com\/wp-content\/uploads\/sites\/4\/2023\/12\/mve-square.png\",\"contentUrl\":\"https:\/\/mvebio.com\/wp-content\/uploads\/sites\/4\/2023\/12\/mve-square.png\",\"width\":1200,\"height\":1200,\"caption\":\"MVE Biological Solutions\"},\"image\":{\"@id\":\"https:\/\/mvebio.com\/de\/#\/schema\/logo\/image\/\"},\"sameAs\":[\"https:\/\/x.com\/MveBioSolutions\",\"https:\/\/www.linkedin.com\/company\/mvebio\/\"]}]}<\/script>\n<!-- \/ Yoast SEO plugin. -->","yoast_head_json":{"title":"MVE HE 800 C - MVE Biological Solutions","description":"Unsere \u00e4u\u00dferst vielseitige HE-Serie bietet eine ultrakalte Dampfspeicherung von -190\u00b0C. Aus diesem Grund ist sie die erste Wahl f\u00fcr die Kryogenik von Stammzellen und f\u00fcr biologische und \u00f6kologische Lagerst\u00e4tten auf der ganzen Welt.","robots":{"index":"index","follow":"follow","max-snippet":"max-snippet:-1","max-image-preview":"max-image-preview:large","max-video-preview":"max-video-preview:-1"},"canonical":"https:\/\/mvebio.com\/de\/unsere-produkte\/biowissenschaften-gefrierschraenke\/mve-he-800-c\/","og_locale":"de_DE","og_type":"article","og_title":"MVE HE 800 C - MVE Biological Solutions","og_description":"Unsere \u00e4u\u00dferst vielseitige HE-Serie bietet eine ultrakalte Dampfspeicherung von -190\u00b0C. Aus diesem Grund ist sie die erste Wahl f\u00fcr die Kryogenik von Stammzellen und f\u00fcr biologische und \u00f6kologische Lagerst\u00e4tten auf der ganzen Welt.","og_url":"https:\/\/mvebio.com\/de\/unsere-produkte\/biowissenschaften-gefrierschraenke\/mve-he-800-c\/","og_site_name":"MVE Biological Solutions","og_image":[{"width":1920,"height":880,"url":"https:\/\/mvebio.com\/wp-content\/uploads\/sites\/4\/2025\/03\/800-C-Full-Render.png","type":"image\/png"}],"twitter_card":"summary_large_image","twitter_site":"@MveBioSolutions","schema":{"@context":"https:\/\/schema.org","@graph":[{"@type":"WebPage","@id":"https:\/\/mvebio.com\/de\/unsere-produkte\/biowissenschaften-gefrierschraenke\/mve-he-800-c\/","url":"https:\/\/mvebio.com\/de\/unsere-produkte\/biowissenschaften-gefrierschraenke\/mve-he-800-c\/","name":"MVE HE 800 C - MVE Biological Solutions","isPartOf":{"@id":"https:\/\/mvebio.com\/de\/#website"},"primaryImageOfPage":{"@id":"https:\/\/mvebio.com\/de\/unsere-produkte\/biowissenschaften-gefrierschraenke\/mve-he-800-c\/#primaryimage"},"image":{"@id":"https:\/\/mvebio.com\/de\/unsere-produkte\/biowissenschaften-gefrierschraenke\/mve-he-800-c\/#primaryimage"},"thumbnailUrl":"https:\/\/mvebio.com\/wp-content\/uploads\/sites\/4\/2025\/03\/800-C-Full-Render.png","datePublished":"2025-03-11T18:53:04+00:00","description":"Unsere \u00e4u\u00dferst vielseitige HE-Serie bietet eine ultrakalte Dampfspeicherung von -190\u00b0C. Aus diesem Grund ist sie die erste Wahl f\u00fcr die Kryogenik von Stammzellen und f\u00fcr biologische und \u00f6kologische Lagerst\u00e4tten auf der ganzen Welt.","breadcrumb":{"@id":"https:\/\/mvebio.com\/de\/unsere-produkte\/biowissenschaften-gefrierschraenke\/mve-he-800-c\/#breadcrumb"},"inLanguage":"de","potentialAction":[{"@type":"ReadAction","target":["https:\/\/mvebio.com\/de\/unsere-produkte\/biowissenschaften-gefrierschraenke\/mve-he-800-c\/"]}]},{"@type":"ImageObject","inLanguage":"de","@id":"https:\/\/mvebio.com\/de\/unsere-produkte\/biowissenschaften-gefrierschraenke\/mve-he-800-c\/#primaryimage","url":"https:\/\/mvebio.com\/wp-content\/uploads\/sites\/4\/2025\/03\/800-C-Full-Render.png","contentUrl":"https:\/\/mvebio.com\/wp-content\/uploads\/sites\/4\/2025\/03\/800-C-Full-Render.png","width":1920,"height":880,"caption":"Animation Vorschau_Full Render"},{"@type":"BreadcrumbList","@id":"https:\/\/mvebio.com\/de\/unsere-produkte\/biowissenschaften-gefrierschraenke\/mve-he-800-c\/#breadcrumb","itemListElement":[{"@type":"ListItem","position":1,"name":"Startseite","item":"https:\/\/mvebio.com\/de\/homepage\/"},{"@type":"ListItem","position":2,"name":"Unsere Produkte","item":"https:\/\/mvebio.com\/de\/unsere-produkte\/"},{"@type":"ListItem","position":3,"name":"Biowissenschaften (Gefrierschr\u00e4nke)","item":"https:\/\/mvebio.com\/de\/unsere-produkte\/biowissenschaften-gefrierschraenke\/"},{"@type":"ListItem","position":4,"name":"MVE HE 800 C"}]},{"@type":"WebSite","@id":"https:\/\/mvebio.com\/de\/#website","url":"https:\/\/mvebio.com\/de\/","name":"MVE Biological Solutions","description":"Cryogenic freezers and dewars","publisher":{"@id":"https:\/\/mvebio.com\/de\/#organization"},"alternateName":"MVE Bio","potentialAction":[{"@type":"SearchAction","target":{"@type":"EntryPoint","urlTemplate":"https:\/\/mvebio.com\/de\/?s={search_term_string}"},"query-input":{"@type":"PropertyValueSpecification","valueRequired":true,"valueName":"search_term_string"}}],"inLanguage":"de"},{"@type":"Organization","@id":"https:\/\/mvebio.com\/de\/#organization","name":"MVE Biological Solutions","alternateName":"MVE Bio","url":"https:\/\/mvebio.com\/de\/","logo":{"@type":"ImageObject","inLanguage":"de","@id":"https:\/\/mvebio.com\/de\/#\/schema\/logo\/image\/","url":"https:\/\/mvebio.com\/wp-content\/uploads\/sites\/4\/2023\/12\/mve-square.png","contentUrl":"https:\/\/mvebio.com\/wp-content\/uploads\/sites\/4\/2023\/12\/mve-square.png","width":1200,"height":1200,"caption":"MVE Biological Solutions"},"image":{"@id":"https:\/\/mvebio.com\/de\/#\/schema\/logo\/image\/"},"sameAs":["https:\/\/x.com\/MveBioSolutions","https:\/\/www.linkedin.com\/company\/mvebio\/"]}]}},"_links":{"self":[{"href":"https:\/\/mvebio.com\/de\/wp-json\/wp\/v2\/pages\/14727","targetHints":{"allow":["GET"]}}],"collection":[{"href":"https:\/\/mvebio.com\/de\/wp-json\/wp\/v2\/pages"}],"about":[{"href":"https:\/\/mvebio.com\/de\/wp-json\/wp\/v2\/types\/page"}],"author":[{"embeddable":true,"href":"https:\/\/mvebio.com\/de\/wp-json\/wp\/v2\/users\/24"}],"replies":[{"embeddable":true,"href":"https:\/\/mvebio.com\/de\/wp-json\/wp\/v2\/comments?post=14727"}],"version-history":[{"count":0,"href":"https:\/\/mvebio.com\/de\/wp-json\/wp\/v2\/pages\/14727\/revisions"}],"up":[{"embeddable":true,"href":"https:\/\/mvebio.com\/de\/wp-json\/wp\/v2\/pages\/12654"}],"wp:featuredmedia":[{"embeddable":true,"href":"https:\/\/mvebio.com\/de\/wp-json\/wp\/v2\/media\/13424"}],"wp:attachment":[{"href":"https:\/\/mvebio.com\/de\/wp-json\/wp\/v2\/media?parent=14727"}],"curies":[{"name":"wp","href":"https:\/\/api.w.org\/{rel}","templated":true}]}}