{"id":12783,"date":"2023-03-30T10:25:25","date_gmt":"2023-03-30T09:25:25","guid":{"rendered":"https:\/\/mvebio.com\/ueber-uns\/die-cryoport-unternehmensfamilie\/"},"modified":"2026-02-18T11:17:29","modified_gmt":"2026-02-18T16:17:29","slug":"die-cryoport-unternehmensfamilie","status":"publish","type":"page","link":"https:\/\/mvebio.com\/de\/ueber-uns\/die-cryoport-unternehmensfamilie\/","title":{"rendered":"Die Cryoport-Unternehmensfamilie"},"content":{"rendered":"","protected":false},"excerpt":{"rendered":"","protected":false},"author":1,"featured_media":0,"parent":12771,"menu_order":0,"comment_status":"closed","ping_status":"closed","template":"","meta":{"_acf_changed":false,"footnotes":""},"class_list":["post-12783","page","type-page","status-publish","hentry"],"acf":[],"yoast_head":"<!-- This site is optimized with the Yoast SEO plugin v27.2 - https:\/\/yoast.com\/product\/yoast-seo-wordpress\/ -->\n<title>Die Cryoport-Unternehmensfamilie - MVE Biological Solutions<\/title>\n<meta name=\"description\" content=\"Cryoport, Inc. ist ein f\u00fchrender Anbieter von temperaturgesteuerten Lieferkettenl\u00f6sungen f\u00fcr die Biowissenschaftsbranche. \u00dcber seine branchenf\u00fchrenden Tochtergesellschaften - Cryoport Systems, MVE Biological Solutions und CRYOGENE - bietet das Unternehmen eine sich st\u00e4ndig weiterentwickelnde Plattform von wichtigen Produkten und L\u00f6sungen an, darunter fortschrittliche Verpackungen, Informatik, spezielle Logistikdienste, Biolagerungsdienste und Kryoger\u00e4te.\" \/>\n<meta name=\"robots\" content=\"index, follow, max-snippet:-1, max-image-preview:large, max-video-preview:-1\" \/>\n<link rel=\"canonical\" href=\"https:\/\/mvebio.com\/de\/ueber-uns\/die-cryoport-unternehmensfamilie\/\" \/>\n<meta property=\"og:locale\" content=\"de_DE\" \/>\n<meta property=\"og:type\" content=\"article\" \/>\n<meta property=\"og:title\" content=\"Die Cryoport-Unternehmensfamilie - MVE Biological Solutions\" \/>\n<meta property=\"og:description\" content=\"Cryoport, Inc. ist ein f\u00fchrender Anbieter von temperaturgesteuerten Lieferkettenl\u00f6sungen f\u00fcr die Biowissenschaftsbranche. \u00dcber seine branchenf\u00fchrenden Tochtergesellschaften - Cryoport Systems, MVE Biological Solutions und CRYOGENE - bietet das Unternehmen eine sich st\u00e4ndig weiterentwickelnde Plattform von wichtigen Produkten und L\u00f6sungen an, darunter fortschrittliche Verpackungen, Informatik, spezielle Logistikdienste, Biolagerungsdienste und Kryoger\u00e4te.\" \/>\n<meta property=\"og:url\" content=\"https:\/\/mvebio.com\/de\/ueber-uns\/die-cryoport-unternehmensfamilie\/\" \/>\n<meta property=\"og:site_name\" content=\"MVE Biological Solutions\" \/>\n<meta property=\"article:modified_time\" content=\"2026-02-18T16:17:29+00:00\" \/>\n<meta property=\"og:image\" content=\"https:\/\/mvebio.com\/wp-content\/uploads\/sites\/4\/2023\/12\/mve-seo.png\" \/>\n\t<meta property=\"og:image:width\" content=\"1200\" \/>\n\t<meta property=\"og:image:height\" content=\"675\" \/>\n\t<meta property=\"og:image:type\" content=\"image\/png\" \/>\n<meta name=\"twitter:card\" content=\"summary_large_image\" \/>\n<meta name=\"twitter:site\" content=\"@MveBioSolutions\" \/>\n<script type=\"application\/ld+json\" class=\"yoast-schema-graph\">{\"@context\":\"https:\/\/schema.org\",\"@graph\":[{\"@type\":\"WebPage\",\"@id\":\"https:\/\/mvebio.com\/de\/ueber-uns\/die-cryoport-unternehmensfamilie\/\",\"url\":\"https:\/\/mvebio.com\/de\/ueber-uns\/die-cryoport-unternehmensfamilie\/\",\"name\":\"Die Cryoport-Unternehmensfamilie - MVE Biological Solutions\",\"isPartOf\":{\"@id\":\"https:\/\/mvebio.com\/de\/#website\"},\"datePublished\":\"2023-03-30T09:25:25+00:00\",\"dateModified\":\"2026-02-18T16:17:29+00:00\",\"description\":\"Cryoport, Inc. ist ein f\u00fchrender Anbieter von temperaturgesteuerten Lieferkettenl\u00f6sungen f\u00fcr die Biowissenschaftsbranche. \u00dcber seine branchenf\u00fchrenden Tochtergesellschaften - Cryoport Systems, MVE Biological Solutions und CRYOGENE - bietet das Unternehmen eine sich st\u00e4ndig weiterentwickelnde Plattform von wichtigen Produkten und L\u00f6sungen an, darunter fortschrittliche Verpackungen, Informatik, spezielle Logistikdienste, Biolagerungsdienste und Kryoger\u00e4te.\",\"breadcrumb\":{\"@id\":\"https:\/\/mvebio.com\/de\/ueber-uns\/die-cryoport-unternehmensfamilie\/#breadcrumb\"},\"inLanguage\":\"de\",\"potentialAction\":[{\"@type\":\"ReadAction\",\"target\":[\"https:\/\/mvebio.com\/de\/ueber-uns\/die-cryoport-unternehmensfamilie\/\"]}]},{\"@type\":\"BreadcrumbList\",\"@id\":\"https:\/\/mvebio.com\/de\/ueber-uns\/die-cryoport-unternehmensfamilie\/#breadcrumb\",\"itemListElement\":[{\"@type\":\"ListItem\",\"position\":1,\"name\":\"Startseite\",\"item\":\"https:\/\/mvebio.com\/de\/homepage\/\"},{\"@type\":\"ListItem\",\"position\":2,\"name\":\"\u00dcber uns\",\"item\":\"https:\/\/mvebio.com\/de\/ueber-uns\/\"},{\"@type\":\"ListItem\",\"position\":3,\"name\":\"Die Cryoport-Unternehmensfamilie\"}]},{\"@type\":\"WebSite\",\"@id\":\"https:\/\/mvebio.com\/de\/#website\",\"url\":\"https:\/\/mvebio.com\/de\/\",\"name\":\"MVE Biological Solutions\",\"description\":\"Cryogenic freezers and dewars\",\"publisher\":{\"@id\":\"https:\/\/mvebio.com\/de\/#organization\"},\"alternateName\":\"MVE Bio\",\"potentialAction\":[{\"@type\":\"SearchAction\",\"target\":{\"@type\":\"EntryPoint\",\"urlTemplate\":\"https:\/\/mvebio.com\/de\/?s={search_term_string}\"},\"query-input\":{\"@type\":\"PropertyValueSpecification\",\"valueRequired\":true,\"valueName\":\"search_term_string\"}}],\"inLanguage\":\"de\"},{\"@type\":\"Organization\",\"@id\":\"https:\/\/mvebio.com\/de\/#organization\",\"name\":\"MVE Biological Solutions\",\"alternateName\":\"MVE Bio\",\"url\":\"https:\/\/mvebio.com\/de\/\",\"logo\":{\"@type\":\"ImageObject\",\"inLanguage\":\"de\",\"@id\":\"https:\/\/mvebio.com\/de\/#\/schema\/logo\/image\/\",\"url\":\"https:\/\/mvebio.com\/wp-content\/uploads\/sites\/4\/2023\/12\/mve-square.png\",\"contentUrl\":\"https:\/\/mvebio.com\/wp-content\/uploads\/sites\/4\/2023\/12\/mve-square.png\",\"width\":1200,\"height\":1200,\"caption\":\"MVE Biological Solutions\"},\"image\":{\"@id\":\"https:\/\/mvebio.com\/de\/#\/schema\/logo\/image\/\"},\"sameAs\":[\"https:\/\/x.com\/MveBioSolutions\",\"https:\/\/www.linkedin.com\/company\/mvebio\/\"]}]}<\/script>\n<!-- \/ Yoast SEO plugin. -->","yoast_head_json":{"title":"Die Cryoport-Unternehmensfamilie - MVE Biological Solutions","description":"Cryoport, Inc. ist ein f\u00fchrender Anbieter von temperaturgesteuerten Lieferkettenl\u00f6sungen f\u00fcr die Biowissenschaftsbranche. \u00dcber seine branchenf\u00fchrenden Tochtergesellschaften - Cryoport Systems, MVE Biological Solutions und CRYOGENE - bietet das Unternehmen eine sich st\u00e4ndig weiterentwickelnde Plattform von wichtigen Produkten und L\u00f6sungen an, darunter fortschrittliche Verpackungen, Informatik, spezielle Logistikdienste, Biolagerungsdienste und Kryoger\u00e4te.","robots":{"index":"index","follow":"follow","max-snippet":"max-snippet:-1","max-image-preview":"max-image-preview:large","max-video-preview":"max-video-preview:-1"},"canonical":"https:\/\/mvebio.com\/de\/ueber-uns\/die-cryoport-unternehmensfamilie\/","og_locale":"de_DE","og_type":"article","og_title":"Die Cryoport-Unternehmensfamilie - MVE Biological Solutions","og_description":"Cryoport, Inc. ist ein f\u00fchrender Anbieter von temperaturgesteuerten Lieferkettenl\u00f6sungen f\u00fcr die Biowissenschaftsbranche. \u00dcber seine branchenf\u00fchrenden Tochtergesellschaften - Cryoport Systems, MVE Biological Solutions und CRYOGENE - bietet das Unternehmen eine sich st\u00e4ndig weiterentwickelnde Plattform von wichtigen Produkten und L\u00f6sungen an, darunter fortschrittliche Verpackungen, Informatik, spezielle Logistikdienste, Biolagerungsdienste und Kryoger\u00e4te.","og_url":"https:\/\/mvebio.com\/de\/ueber-uns\/die-cryoport-unternehmensfamilie\/","og_site_name":"MVE Biological Solutions","article_modified_time":"2026-02-18T16:17:29+00:00","og_image":[{"width":1200,"height":675,"url":"https:\/\/mvebio.com\/wp-content\/uploads\/sites\/4\/2023\/12\/mve-seo.png","type":"image\/png"}],"twitter_card":"summary_large_image","twitter_site":"@MveBioSolutions","schema":{"@context":"https:\/\/schema.org","@graph":[{"@type":"WebPage","@id":"https:\/\/mvebio.com\/de\/ueber-uns\/die-cryoport-unternehmensfamilie\/","url":"https:\/\/mvebio.com\/de\/ueber-uns\/die-cryoport-unternehmensfamilie\/","name":"Die Cryoport-Unternehmensfamilie - MVE Biological Solutions","isPartOf":{"@id":"https:\/\/mvebio.com\/de\/#website"},"datePublished":"2023-03-30T09:25:25+00:00","dateModified":"2026-02-18T16:17:29+00:00","description":"Cryoport, Inc. ist ein f\u00fchrender Anbieter von temperaturgesteuerten Lieferkettenl\u00f6sungen f\u00fcr die Biowissenschaftsbranche. \u00dcber seine branchenf\u00fchrenden Tochtergesellschaften - Cryoport Systems, MVE Biological Solutions und CRYOGENE - bietet das Unternehmen eine sich st\u00e4ndig weiterentwickelnde Plattform von wichtigen Produkten und L\u00f6sungen an, darunter fortschrittliche Verpackungen, Informatik, spezielle Logistikdienste, Biolagerungsdienste und Kryoger\u00e4te.","breadcrumb":{"@id":"https:\/\/mvebio.com\/de\/ueber-uns\/die-cryoport-unternehmensfamilie\/#breadcrumb"},"inLanguage":"de","potentialAction":[{"@type":"ReadAction","target":["https:\/\/mvebio.com\/de\/ueber-uns\/die-cryoport-unternehmensfamilie\/"]}]},{"@type":"BreadcrumbList","@id":"https:\/\/mvebio.com\/de\/ueber-uns\/die-cryoport-unternehmensfamilie\/#breadcrumb","itemListElement":[{"@type":"ListItem","position":1,"name":"Startseite","item":"https:\/\/mvebio.com\/de\/homepage\/"},{"@type":"ListItem","position":2,"name":"\u00dcber uns","item":"https:\/\/mvebio.com\/de\/ueber-uns\/"},{"@type":"ListItem","position":3,"name":"Die Cryoport-Unternehmensfamilie"}]},{"@type":"WebSite","@id":"https:\/\/mvebio.com\/de\/#website","url":"https:\/\/mvebio.com\/de\/","name":"MVE Biological Solutions","description":"Cryogenic freezers and dewars","publisher":{"@id":"https:\/\/mvebio.com\/de\/#organization"},"alternateName":"MVE Bio","potentialAction":[{"@type":"SearchAction","target":{"@type":"EntryPoint","urlTemplate":"https:\/\/mvebio.com\/de\/?s={search_term_string}"},"query-input":{"@type":"PropertyValueSpecification","valueRequired":true,"valueName":"search_term_string"}}],"inLanguage":"de"},{"@type":"Organization","@id":"https:\/\/mvebio.com\/de\/#organization","name":"MVE Biological Solutions","alternateName":"MVE Bio","url":"https:\/\/mvebio.com\/de\/","logo":{"@type":"ImageObject","inLanguage":"de","@id":"https:\/\/mvebio.com\/de\/#\/schema\/logo\/image\/","url":"https:\/\/mvebio.com\/wp-content\/uploads\/sites\/4\/2023\/12\/mve-square.png","contentUrl":"https:\/\/mvebio.com\/wp-content\/uploads\/sites\/4\/2023\/12\/mve-square.png","width":1200,"height":1200,"caption":"MVE Biological Solutions"},"image":{"@id":"https:\/\/mvebio.com\/de\/#\/schema\/logo\/image\/"},"sameAs":["https:\/\/x.com\/MveBioSolutions","https:\/\/www.linkedin.com\/company\/mvebio\/"]}]}},"_links":{"self":[{"href":"https:\/\/mvebio.com\/de\/wp-json\/wp\/v2\/pages\/12783","targetHints":{"allow":["GET"]}}],"collection":[{"href":"https:\/\/mvebio.com\/de\/wp-json\/wp\/v2\/pages"}],"about":[{"href":"https:\/\/mvebio.com\/de\/wp-json\/wp\/v2\/types\/page"}],"author":[{"embeddable":true,"href":"https:\/\/mvebio.com\/de\/wp-json\/wp\/v2\/users\/1"}],"replies":[{"embeddable":true,"href":"https:\/\/mvebio.com\/de\/wp-json\/wp\/v2\/comments?post=12783"}],"version-history":[{"count":1,"href":"https:\/\/mvebio.com\/de\/wp-json\/wp\/v2\/pages\/12783\/revisions"}],"predecessor-version":[{"id":14615,"href":"https:\/\/mvebio.com\/de\/wp-json\/wp\/v2\/pages\/12783\/revisions\/14615"}],"up":[{"embeddable":true,"href":"https:\/\/mvebio.com\/de\/wp-json\/wp\/v2\/pages\/12771"}],"wp:attachment":[{"href":"https:\/\/mvebio.com\/de\/wp-json\/wp\/v2\/media?parent=12783"}],"curies":[{"name":"wp","href":"https:\/\/api.w.org\/{rel}","templated":true}]}}