{"id":12774,"date":"2022-09-28T12:58:19","date_gmt":"2022-09-28T16:58:19","guid":{"rendered":"https:\/\/mvebio.com\/ressourcen\/distributor-support\/"},"modified":"2026-02-18T11:17:56","modified_gmt":"2026-02-18T16:17:56","slug":"vertriebsunterstuetzung","status":"publish","type":"page","link":"https:\/\/mvebio.com\/de\/ressourcen\/vertriebsunterstuetzung\/","title":{"rendered":"Distributor Support"},"content":{"rendered":"","protected":true},"excerpt":{"rendered":"","protected":true},"author":1,"featured_media":3474,"parent":12643,"menu_order":0,"comment_status":"closed","ping_status":"closed","template":"","meta":{"_acf_changed":false,"footnotes":""},"class_list":["post-12774","page","type-page","status-publish","post-password-required","hentry"],"acf":[],"yoast_head":"<!-- This site is optimized with the Yoast SEO plugin v27.4 - https:\/\/yoast.com\/product\/yoast-seo-wordpress\/ -->\n<title>Distributor Support - MVE Biological Solutions<\/title>\n<meta name=\"description\" content=\"Bei MVE Biological Solutions legen wir gro\u00dfen Wert auf starke Partnerschaften und bieten Ihnen die Unterst\u00fctzung, die Sie f\u00fcr Ihren Erfolg ben\u00f6tigen. Entdecken Sie die Seite Distributor Support und erschlie\u00dfen Sie sich eine Welt voller M\u00f6glichkeiten in der Kryotechnik und den Biowissenschaften.\" \/>\n<meta name=\"robots\" content=\"noindex, nofollow\" \/>\n<meta property=\"og:locale\" content=\"de_DE\" \/>\n<meta property=\"og:type\" content=\"article\" \/>\n<meta property=\"og:title\" content=\"Distributor Support - MVE Biological Solutions\" \/>\n<meta property=\"og:description\" content=\"Bei MVE Biological Solutions legen wir gro\u00dfen Wert auf starke Partnerschaften und bieten Ihnen die Unterst\u00fctzung, die Sie f\u00fcr Ihren Erfolg ben\u00f6tigen. Entdecken Sie die Seite Distributor Support und erschlie\u00dfen Sie sich eine Welt voller M\u00f6glichkeiten in der Kryotechnik und den Biowissenschaften.\" \/>\n<meta property=\"og:url\" content=\"https:\/\/mvebio.com\/de\/ressourcen\/vertriebsunterstuetzung\/\" \/>\n<meta property=\"og:site_name\" content=\"MVE Biological Solutions\" \/>\n<meta property=\"article:modified_time\" content=\"2026-02-18T16:17:56+00:00\" \/>\n<meta name=\"twitter:card\" content=\"summary_large_image\" \/>\n<meta name=\"twitter:site\" content=\"@MveBioSolutions\" \/>\n<meta name=\"twitter:label1\" content=\"Gesch\u00e4tzte Lesezeit\" \/>\n\t<meta name=\"twitter:data1\" content=\"3\u00a0Minuten\" \/>\n<script type=\"application\/ld+json\" class=\"yoast-schema-graph\">{\"@context\":\"https:\\\/\\\/schema.org\",\"@graph\":[{\"@type\":\"WebPage\",\"@id\":\"https:\\\/\\\/mvebio.com\\\/de\\\/ressourcen\\\/vertriebsunterstuetzung\\\/\",\"url\":\"https:\\\/\\\/mvebio.com\\\/de\\\/ressourcen\\\/vertriebsunterstuetzung\\\/\",\"name\":\"Distributor Support - MVE Biological Solutions\",\"isPartOf\":{\"@id\":\"https:\\\/\\\/mvebio.com\\\/de\\\/#website\"},\"datePublished\":\"2022-09-28T16:58:19+00:00\",\"dateModified\":\"2026-02-18T16:17:56+00:00\",\"breadcrumb\":{\"@id\":\"https:\\\/\\\/mvebio.com\\\/de\\\/ressourcen\\\/vertriebsunterstuetzung\\\/#breadcrumb\"},\"inLanguage\":\"de\"},{\"@type\":\"WebSite\",\"@id\":\"https:\\\/\\\/mvebio.com\\\/de\\\/#website\",\"url\":\"https:\\\/\\\/mvebio.com\\\/de\\\/\",\"name\":\"MVE Biological Solutions\",\"description\":\"Cryogenic freezers and dewars\",\"publisher\":{\"@id\":\"https:\\\/\\\/mvebio.com\\\/de\\\/#organization\"},\"alternateName\":\"MVE Bio\",\"potentialAction\":[{\"@type\":\"SearchAction\",\"target\":{\"@type\":\"EntryPoint\",\"urlTemplate\":\"https:\\\/\\\/mvebio.com\\\/de\\\/?s={search_term_string}\"},\"query-input\":{\"@type\":\"PropertyValueSpecification\",\"valueRequired\":true,\"valueName\":\"search_term_string\"}}],\"inLanguage\":\"de\"},{\"@type\":\"Organization\",\"@id\":\"https:\\\/\\\/mvebio.com\\\/de\\\/#organization\",\"name\":\"MVE Biological Solutions\",\"alternateName\":\"MVE Bio\",\"url\":\"https:\\\/\\\/mvebio.com\\\/de\\\/\",\"logo\":{\"@type\":\"ImageObject\",\"inLanguage\":\"de\",\"@id\":\"https:\\\/\\\/mvebio.com\\\/de\\\/#\\\/schema\\\/logo\\\/image\\\/\",\"url\":\"https:\\\/\\\/mvebio.com\\\/wp-content\\\/uploads\\\/sites\\\/4\\\/2023\\\/12\\\/mve-square.png\",\"contentUrl\":\"https:\\\/\\\/mvebio.com\\\/wp-content\\\/uploads\\\/sites\\\/4\\\/2023\\\/12\\\/mve-square.png\",\"width\":1200,\"height\":1200,\"caption\":\"MVE Biological Solutions\"},\"image\":{\"@id\":\"https:\\\/\\\/mvebio.com\\\/de\\\/#\\\/schema\\\/logo\\\/image\\\/\"},\"sameAs\":[\"https:\\\/\\\/x.com\\\/MveBioSolutions\",\"https:\\\/\\\/www.linkedin.com\\\/company\\\/mvebio\\\/\"]}]}<\/script>\n<!-- \/ Yoast SEO plugin. -->","yoast_head_json":{"title":"Distributor Support - MVE Biological Solutions","description":"Bei MVE Biological Solutions legen wir gro\u00dfen Wert auf starke Partnerschaften und bieten Ihnen die Unterst\u00fctzung, die Sie f\u00fcr Ihren Erfolg ben\u00f6tigen. Entdecken Sie die Seite Distributor Support und erschlie\u00dfen Sie sich eine Welt voller M\u00f6glichkeiten in der Kryotechnik und den Biowissenschaften.","robots":{"index":"noindex","follow":"nofollow"},"og_locale":"de_DE","og_type":"article","og_title":"Distributor Support - MVE Biological Solutions","og_description":"Bei MVE Biological Solutions legen wir gro\u00dfen Wert auf starke Partnerschaften und bieten Ihnen die Unterst\u00fctzung, die Sie f\u00fcr Ihren Erfolg ben\u00f6tigen. Entdecken Sie die Seite Distributor Support und erschlie\u00dfen Sie sich eine Welt voller M\u00f6glichkeiten in der Kryotechnik und den Biowissenschaften.","og_url":"https:\/\/mvebio.com\/de\/ressourcen\/vertriebsunterstuetzung\/","og_site_name":"MVE Biological Solutions","article_modified_time":"2026-02-18T16:17:56+00:00","twitter_card":"summary_large_image","twitter_site":"@MveBioSolutions","twitter_misc":{"Gesch\u00e4tzte Lesezeit":"3\u00a0Minuten"},"schema":{"@context":"https:\/\/schema.org","@graph":[{"@type":"WebPage","@id":"https:\/\/mvebio.com\/de\/ressourcen\/vertriebsunterstuetzung\/","url":"https:\/\/mvebio.com\/de\/ressourcen\/vertriebsunterstuetzung\/","name":"Distributor Support - MVE Biological Solutions","isPartOf":{"@id":"https:\/\/mvebio.com\/de\/#website"},"datePublished":"2022-09-28T16:58:19+00:00","dateModified":"2026-02-18T16:17:56+00:00","breadcrumb":{"@id":"https:\/\/mvebio.com\/de\/ressourcen\/vertriebsunterstuetzung\/#breadcrumb"},"inLanguage":"de"},{"@type":"WebSite","@id":"https:\/\/mvebio.com\/de\/#website","url":"https:\/\/mvebio.com\/de\/","name":"MVE Biological Solutions","description":"Cryogenic freezers and dewars","publisher":{"@id":"https:\/\/mvebio.com\/de\/#organization"},"alternateName":"MVE Bio","potentialAction":[{"@type":"SearchAction","target":{"@type":"EntryPoint","urlTemplate":"https:\/\/mvebio.com\/de\/?s={search_term_string}"},"query-input":{"@type":"PropertyValueSpecification","valueRequired":true,"valueName":"search_term_string"}}],"inLanguage":"de"},{"@type":"Organization","@id":"https:\/\/mvebio.com\/de\/#organization","name":"MVE Biological Solutions","alternateName":"MVE Bio","url":"https:\/\/mvebio.com\/de\/","logo":{"@type":"ImageObject","inLanguage":"de","@id":"https:\/\/mvebio.com\/de\/#\/schema\/logo\/image\/","url":"https:\/\/mvebio.com\/wp-content\/uploads\/sites\/4\/2023\/12\/mve-square.png","contentUrl":"https:\/\/mvebio.com\/wp-content\/uploads\/sites\/4\/2023\/12\/mve-square.png","width":1200,"height":1200,"caption":"MVE Biological Solutions"},"image":{"@id":"https:\/\/mvebio.com\/de\/#\/schema\/logo\/image\/"},"sameAs":["https:\/\/x.com\/MveBioSolutions","https:\/\/www.linkedin.com\/company\/mvebio\/"]}]}},"_links":{"self":[{"href":"https:\/\/mvebio.com\/de\/wp-json\/wp\/v2\/pages\/12774","targetHints":{"allow":["GET"]}}],"collection":[{"href":"https:\/\/mvebio.com\/de\/wp-json\/wp\/v2\/pages"}],"about":[{"href":"https:\/\/mvebio.com\/de\/wp-json\/wp\/v2\/types\/page"}],"author":[{"embeddable":true,"href":"https:\/\/mvebio.com\/de\/wp-json\/wp\/v2\/users\/1"}],"replies":[{"embeddable":true,"href":"https:\/\/mvebio.com\/de\/wp-json\/wp\/v2\/comments?post=12774"}],"version-history":[{"count":3,"href":"https:\/\/mvebio.com\/de\/wp-json\/wp\/v2\/pages\/12774\/revisions"}],"predecessor-version":[{"id":14633,"href":"https:\/\/mvebio.com\/de\/wp-json\/wp\/v2\/pages\/12774\/revisions\/14633"}],"up":[{"embeddable":true,"href":"https:\/\/mvebio.com\/de\/wp-json\/wp\/v2\/pages\/12643"}],"wp:featuredmedia":[{"embeddable":true,"href":"https:\/\/mvebio.com\/de\/wp-json\/wp\/v2\/media\/3474"}],"wp:attachment":[{"href":"https:\/\/mvebio.com\/de\/wp-json\/wp\/v2\/media?parent=12774"}],"curies":[{"name":"wp","href":"https:\/\/api.w.org\/{rel}","templated":true}]}}