{"id":12771,"date":"2022-11-11T12:28:58","date_gmt":"2022-11-11T12:28:58","guid":{"rendered":"https:\/\/mvebio.com\/ueber-uns\/"},"modified":"2026-02-18T11:16:51","modified_gmt":"2026-02-18T16:16:51","slug":"ueber-uns","status":"publish","type":"page","link":"https:\/\/mvebio.com\/de\/ueber-uns\/","title":{"rendered":"\u00dcber uns"},"content":{"rendered":"","protected":false},"excerpt":{"rendered":"","protected":false},"author":1,"featured_media":5288,"parent":0,"menu_order":0,"comment_status":"closed","ping_status":"closed","template":"","meta":{"_acf_changed":false,"footnotes":""},"class_list":["post-12771","page","type-page","status-publish","has-post-thumbnail","hentry"],"acf":[],"yoast_head":"<!-- This site is optimized with the Yoast SEO plugin v27.2 - https:\/\/yoast.com\/product\/yoast-seo-wordpress\/ -->\n<title>\u00dcber uns - MVE Biological Solutions<\/title>\n<meta name=\"description\" content=\"MVE ist der weltweit f\u00fchrende Hersteller von hochwertigen kryogenen Gefrierschr\u00e4nken und Aluminium-Dewars. Wir bieten auch eine gro\u00dfe Auswahl an Zubeh\u00f6r f\u00fcr eine sicherere, bequemere und effizientere kryogene Lagerung in Ihrer Biobank, Ihrem Bioregal oder Ihrer Gefrierfarm. Und wir nutzen unsere \u00fcber 60-j\u00e4hrige Erfahrung, um unser Angebot kontinuierlich zu verbessern und zu erneuern. Die Sektoren Life Science und Tiergesundheit wenden sich vertrauensvoll an uns. Sie wissen, dass unsere biologischen L\u00f6sungen die Sicherheit bieten, die sie brauchen, um Leben zu retten und zu verbessern... ein Gewebe und ein Impfstoff nach dem anderen.\" \/>\n<meta name=\"robots\" content=\"index, follow, max-snippet:-1, max-image-preview:large, max-video-preview:-1\" \/>\n<link rel=\"canonical\" href=\"https:\/\/mvebio.com\/de\/ueber-uns\/\" \/>\n<meta property=\"og:locale\" content=\"de_DE\" \/>\n<meta property=\"og:type\" content=\"article\" \/>\n<meta property=\"og:title\" content=\"\u00dcber uns - MVE Biological Solutions\" \/>\n<meta property=\"og:description\" content=\"MVE ist der weltweit f\u00fchrende Hersteller von hochwertigen kryogenen Gefrierschr\u00e4nken und Aluminium-Dewars. Wir bieten auch eine gro\u00dfe Auswahl an Zubeh\u00f6r f\u00fcr eine sicherere, bequemere und effizientere kryogene Lagerung in Ihrer Biobank, Ihrem Bioregal oder Ihrer Gefrierfarm. Und wir nutzen unsere \u00fcber 60-j\u00e4hrige Erfahrung, um unser Angebot kontinuierlich zu verbessern und zu erneuern. Die Sektoren Life Science und Tiergesundheit wenden sich vertrauensvoll an uns. Sie wissen, dass unsere biologischen L\u00f6sungen die Sicherheit bieten, die sie brauchen, um Leben zu retten und zu verbessern... ein Gewebe und ein Impfstoff nach dem anderen.\" \/>\n<meta property=\"og:url\" content=\"https:\/\/mvebio.com\/de\/ueber-uns\/\" \/>\n<meta property=\"og:site_name\" content=\"MVE Biological Solutions\" \/>\n<meta property=\"article:modified_time\" content=\"2026-02-18T16:16:51+00:00\" \/>\n<meta property=\"og:image\" content=\"https:\/\/mvebio.com\/wp-content\/uploads\/sites\/4\/2023\/12\/MVE_Header_1-1024x459.png\" \/>\n\t<meta property=\"og:image:width\" content=\"1024\" \/>\n\t<meta property=\"og:image:height\" content=\"459\" \/>\n\t<meta property=\"og:image:type\" content=\"image\/png\" \/>\n<meta name=\"twitter:card\" content=\"summary_large_image\" \/>\n<meta name=\"twitter:site\" content=\"@MveBioSolutions\" \/>\n<script type=\"application\/ld+json\" class=\"yoast-schema-graph\">{\"@context\":\"https:\/\/schema.org\",\"@graph\":[{\"@type\":\"WebPage\",\"@id\":\"https:\/\/mvebio.com\/de\/ueber-uns\/\",\"url\":\"https:\/\/mvebio.com\/de\/ueber-uns\/\",\"name\":\"\u00dcber uns - MVE Biological Solutions\",\"isPartOf\":{\"@id\":\"https:\/\/mvebio.com\/de\/#website\"},\"primaryImageOfPage\":{\"@id\":\"https:\/\/mvebio.com\/de\/ueber-uns\/#primaryimage\"},\"image\":{\"@id\":\"https:\/\/mvebio.com\/de\/ueber-uns\/#primaryimage\"},\"thumbnailUrl\":\"https:\/\/mvebio.com\/wp-content\/uploads\/sites\/4\/2023\/12\/MVE_Header_1.jpg\",\"datePublished\":\"2022-11-11T12:28:58+00:00\",\"dateModified\":\"2026-02-18T16:16:51+00:00\",\"description\":\"MVE ist der weltweit f\u00fchrende Hersteller von hochwertigen kryogenen Gefrierschr\u00e4nken und Aluminium-Dewars. Wir bieten auch eine gro\u00dfe Auswahl an Zubeh\u00f6r f\u00fcr eine sicherere, bequemere und effizientere kryogene Lagerung in Ihrer Biobank, Ihrem Bioregal oder Ihrer Gefrierfarm. Und wir nutzen unsere \u00fcber 60-j\u00e4hrige Erfahrung, um unser Angebot kontinuierlich zu verbessern und zu erneuern. Die Sektoren Life Science und Tiergesundheit wenden sich vertrauensvoll an uns. Sie wissen, dass unsere biologischen L\u00f6sungen die Sicherheit bieten, die sie brauchen, um Leben zu retten und zu verbessern... ein Gewebe und ein Impfstoff nach dem anderen.\",\"breadcrumb\":{\"@id\":\"https:\/\/mvebio.com\/de\/ueber-uns\/#breadcrumb\"},\"inLanguage\":\"de\",\"potentialAction\":[{\"@type\":\"ReadAction\",\"target\":[\"https:\/\/mvebio.com\/de\/ueber-uns\/\"]}]},{\"@type\":\"ImageObject\",\"inLanguage\":\"de\",\"@id\":\"https:\/\/mvebio.com\/de\/ueber-uns\/#primaryimage\",\"url\":\"https:\/\/mvebio.com\/wp-content\/uploads\/sites\/4\/2023\/12\/MVE_Header_1.jpg\",\"contentUrl\":\"https:\/\/mvebio.com\/wp-content\/uploads\/sites\/4\/2023\/12\/MVE_Header_1.jpg\",\"width\":7441,\"height\":3339},{\"@type\":\"BreadcrumbList\",\"@id\":\"https:\/\/mvebio.com\/de\/ueber-uns\/#breadcrumb\",\"itemListElement\":[{\"@type\":\"ListItem\",\"position\":1,\"name\":\"Startseite\",\"item\":\"https:\/\/mvebio.com\/de\/homepage\/\"},{\"@type\":\"ListItem\",\"position\":2,\"name\":\"\u00dcber uns\"}]},{\"@type\":\"WebSite\",\"@id\":\"https:\/\/mvebio.com\/de\/#website\",\"url\":\"https:\/\/mvebio.com\/de\/\",\"name\":\"MVE Biological Solutions\",\"description\":\"Cryogenic freezers and dewars\",\"publisher\":{\"@id\":\"https:\/\/mvebio.com\/de\/#organization\"},\"alternateName\":\"MVE Bio\",\"potentialAction\":[{\"@type\":\"SearchAction\",\"target\":{\"@type\":\"EntryPoint\",\"urlTemplate\":\"https:\/\/mvebio.com\/de\/?s={search_term_string}\"},\"query-input\":{\"@type\":\"PropertyValueSpecification\",\"valueRequired\":true,\"valueName\":\"search_term_string\"}}],\"inLanguage\":\"de\"},{\"@type\":\"Organization\",\"@id\":\"https:\/\/mvebio.com\/de\/#organization\",\"name\":\"MVE Biological Solutions\",\"alternateName\":\"MVE Bio\",\"url\":\"https:\/\/mvebio.com\/de\/\",\"logo\":{\"@type\":\"ImageObject\",\"inLanguage\":\"de\",\"@id\":\"https:\/\/mvebio.com\/de\/#\/schema\/logo\/image\/\",\"url\":\"https:\/\/mvebio.com\/wp-content\/uploads\/sites\/4\/2023\/12\/mve-square.png\",\"contentUrl\":\"https:\/\/mvebio.com\/wp-content\/uploads\/sites\/4\/2023\/12\/mve-square.png\",\"width\":1200,\"height\":1200,\"caption\":\"MVE Biological Solutions\"},\"image\":{\"@id\":\"https:\/\/mvebio.com\/de\/#\/schema\/logo\/image\/\"},\"sameAs\":[\"https:\/\/x.com\/MveBioSolutions\",\"https:\/\/www.linkedin.com\/company\/mvebio\/\"]}]}<\/script>\n<!-- \/ Yoast SEO plugin. -->","yoast_head_json":{"title":"\u00dcber uns - MVE Biological Solutions","description":"MVE ist der weltweit f\u00fchrende Hersteller von hochwertigen kryogenen Gefrierschr\u00e4nken und Aluminium-Dewars. Wir bieten auch eine gro\u00dfe Auswahl an Zubeh\u00f6r f\u00fcr eine sicherere, bequemere und effizientere kryogene Lagerung in Ihrer Biobank, Ihrem Bioregal oder Ihrer Gefrierfarm. Und wir nutzen unsere \u00fcber 60-j\u00e4hrige Erfahrung, um unser Angebot kontinuierlich zu verbessern und zu erneuern. Die Sektoren Life Science und Tiergesundheit wenden sich vertrauensvoll an uns. Sie wissen, dass unsere biologischen L\u00f6sungen die Sicherheit bieten, die sie brauchen, um Leben zu retten und zu verbessern... ein Gewebe und ein Impfstoff nach dem anderen.","robots":{"index":"index","follow":"follow","max-snippet":"max-snippet:-1","max-image-preview":"max-image-preview:large","max-video-preview":"max-video-preview:-1"},"canonical":"https:\/\/mvebio.com\/de\/ueber-uns\/","og_locale":"de_DE","og_type":"article","og_title":"\u00dcber uns - MVE Biological Solutions","og_description":"MVE ist der weltweit f\u00fchrende Hersteller von hochwertigen kryogenen Gefrierschr\u00e4nken und Aluminium-Dewars. Wir bieten auch eine gro\u00dfe Auswahl an Zubeh\u00f6r f\u00fcr eine sicherere, bequemere und effizientere kryogene Lagerung in Ihrer Biobank, Ihrem Bioregal oder Ihrer Gefrierfarm. Und wir nutzen unsere \u00fcber 60-j\u00e4hrige Erfahrung, um unser Angebot kontinuierlich zu verbessern und zu erneuern. Die Sektoren Life Science und Tiergesundheit wenden sich vertrauensvoll an uns. Sie wissen, dass unsere biologischen L\u00f6sungen die Sicherheit bieten, die sie brauchen, um Leben zu retten und zu verbessern... ein Gewebe und ein Impfstoff nach dem anderen.","og_url":"https:\/\/mvebio.com\/de\/ueber-uns\/","og_site_name":"MVE Biological Solutions","article_modified_time":"2026-02-18T16:16:51+00:00","og_image":[{"width":1024,"height":459,"url":"https:\/\/mvebio.com\/wp-content\/uploads\/sites\/4\/2023\/12\/MVE_Header_1-1024x459.png","type":"image\/png"}],"twitter_card":"summary_large_image","twitter_site":"@MveBioSolutions","schema":{"@context":"https:\/\/schema.org","@graph":[{"@type":"WebPage","@id":"https:\/\/mvebio.com\/de\/ueber-uns\/","url":"https:\/\/mvebio.com\/de\/ueber-uns\/","name":"\u00dcber uns - MVE Biological Solutions","isPartOf":{"@id":"https:\/\/mvebio.com\/de\/#website"},"primaryImageOfPage":{"@id":"https:\/\/mvebio.com\/de\/ueber-uns\/#primaryimage"},"image":{"@id":"https:\/\/mvebio.com\/de\/ueber-uns\/#primaryimage"},"thumbnailUrl":"https:\/\/mvebio.com\/wp-content\/uploads\/sites\/4\/2023\/12\/MVE_Header_1.jpg","datePublished":"2022-11-11T12:28:58+00:00","dateModified":"2026-02-18T16:16:51+00:00","description":"MVE ist der weltweit f\u00fchrende Hersteller von hochwertigen kryogenen Gefrierschr\u00e4nken und Aluminium-Dewars. Wir bieten auch eine gro\u00dfe Auswahl an Zubeh\u00f6r f\u00fcr eine sicherere, bequemere und effizientere kryogene Lagerung in Ihrer Biobank, Ihrem Bioregal oder Ihrer Gefrierfarm. Und wir nutzen unsere \u00fcber 60-j\u00e4hrige Erfahrung, um unser Angebot kontinuierlich zu verbessern und zu erneuern. Die Sektoren Life Science und Tiergesundheit wenden sich vertrauensvoll an uns. Sie wissen, dass unsere biologischen L\u00f6sungen die Sicherheit bieten, die sie brauchen, um Leben zu retten und zu verbessern... ein Gewebe und ein Impfstoff nach dem anderen.","breadcrumb":{"@id":"https:\/\/mvebio.com\/de\/ueber-uns\/#breadcrumb"},"inLanguage":"de","potentialAction":[{"@type":"ReadAction","target":["https:\/\/mvebio.com\/de\/ueber-uns\/"]}]},{"@type":"ImageObject","inLanguage":"de","@id":"https:\/\/mvebio.com\/de\/ueber-uns\/#primaryimage","url":"https:\/\/mvebio.com\/wp-content\/uploads\/sites\/4\/2023\/12\/MVE_Header_1.jpg","contentUrl":"https:\/\/mvebio.com\/wp-content\/uploads\/sites\/4\/2023\/12\/MVE_Header_1.jpg","width":7441,"height":3339},{"@type":"BreadcrumbList","@id":"https:\/\/mvebio.com\/de\/ueber-uns\/#breadcrumb","itemListElement":[{"@type":"ListItem","position":1,"name":"Startseite","item":"https:\/\/mvebio.com\/de\/homepage\/"},{"@type":"ListItem","position":2,"name":"\u00dcber uns"}]},{"@type":"WebSite","@id":"https:\/\/mvebio.com\/de\/#website","url":"https:\/\/mvebio.com\/de\/","name":"MVE Biological Solutions","description":"Cryogenic freezers and dewars","publisher":{"@id":"https:\/\/mvebio.com\/de\/#organization"},"alternateName":"MVE Bio","potentialAction":[{"@type":"SearchAction","target":{"@type":"EntryPoint","urlTemplate":"https:\/\/mvebio.com\/de\/?s={search_term_string}"},"query-input":{"@type":"PropertyValueSpecification","valueRequired":true,"valueName":"search_term_string"}}],"inLanguage":"de"},{"@type":"Organization","@id":"https:\/\/mvebio.com\/de\/#organization","name":"MVE Biological Solutions","alternateName":"MVE Bio","url":"https:\/\/mvebio.com\/de\/","logo":{"@type":"ImageObject","inLanguage":"de","@id":"https:\/\/mvebio.com\/de\/#\/schema\/logo\/image\/","url":"https:\/\/mvebio.com\/wp-content\/uploads\/sites\/4\/2023\/12\/mve-square.png","contentUrl":"https:\/\/mvebio.com\/wp-content\/uploads\/sites\/4\/2023\/12\/mve-square.png","width":1200,"height":1200,"caption":"MVE Biological Solutions"},"image":{"@id":"https:\/\/mvebio.com\/de\/#\/schema\/logo\/image\/"},"sameAs":["https:\/\/x.com\/MveBioSolutions","https:\/\/www.linkedin.com\/company\/mvebio\/"]}]}},"_links":{"self":[{"href":"https:\/\/mvebio.com\/de\/wp-json\/wp\/v2\/pages\/12771","targetHints":{"allow":["GET"]}}],"collection":[{"href":"https:\/\/mvebio.com\/de\/wp-json\/wp\/v2\/pages"}],"about":[{"href":"https:\/\/mvebio.com\/de\/wp-json\/wp\/v2\/types\/page"}],"author":[{"embeddable":true,"href":"https:\/\/mvebio.com\/de\/wp-json\/wp\/v2\/users\/1"}],"replies":[{"embeddable":true,"href":"https:\/\/mvebio.com\/de\/wp-json\/wp\/v2\/comments?post=12771"}],"version-history":[{"count":1,"href":"https:\/\/mvebio.com\/de\/wp-json\/wp\/v2\/pages\/12771\/revisions"}],"predecessor-version":[{"id":14574,"href":"https:\/\/mvebio.com\/de\/wp-json\/wp\/v2\/pages\/12771\/revisions\/14574"}],"wp:featuredmedia":[{"embeddable":true,"href":"https:\/\/mvebio.com\/de\/wp-json\/wp\/v2\/media\/5288"}],"wp:attachment":[{"href":"https:\/\/mvebio.com\/de\/wp-json\/wp\/v2\/media?parent=12771"}],"curies":[{"name":"wp","href":"https:\/\/api.w.org\/{rel}","templated":true}]}}