{"id":12762,"date":"2022-09-28T12:48:58","date_gmt":"2022-09-28T11:48:58","guid":{"rendered":"https:\/\/mvebio.com\/lebenswissenschaften-aluminium\/one-way-shipper\/"},"modified":"2026-02-18T11:17:14","modified_gmt":"2026-02-18T16:17:14","slug":"einwegversand","status":"publish","type":"page","link":"https:\/\/mvebio.com\/de\/unsere-produkte\/lebenswissenschaften-aluminium\/einwegversand\/","title":{"rendered":"One Way Shipper"},"content":{"rendered":"","protected":false},"excerpt":{"rendered":"<p>Entdecken Sie den problemlosen kryogenen Versand<\/p>\n","protected":false},"author":1,"featured_media":10557,"parent":12712,"menu_order":0,"comment_status":"closed","ping_status":"closed","template":"","meta":{"_acf_changed":false,"footnotes":""},"class_list":["post-12762","page","type-page","status-publish","has-post-thumbnail","hentry"],"acf":[],"yoast_head":"<!-- This site is optimized with the Yoast SEO plugin v27.2 - https:\/\/yoast.com\/product\/yoast-seo-wordpress\/ -->\n<title>One Way Shipper - MVE Biological Solutions<\/title>\n<meta name=\"description\" content=\"Die BL-7- und CryoCube-Versandbeh\u00e4lter sind die einfachen, stressfreien kryogenen Versandl\u00f6sungen f\u00fcr die Biowissenschaften. Mit diesen Einwegversendern k\u00f6nnen Sie Ihre Proben aus Gefrierfarmen, Biobanken oder Ihrem Biorepository transportieren, ohne dass Sie das Ger\u00e4t zur\u00fcckschicken m\u00fcssen. Die Verlegung von Embryonen, Sperma und anderen biologischen Proben war noch nie so einfach. Dank der Bequemlichkeit dieser Produkte k\u00f6nnen Sie Ihre Zeit mit der Verwaltung von Mustern verbringen, anstatt mit Ihrer Flotte von Versendern.\" \/>\n<meta name=\"robots\" content=\"index, follow, max-snippet:-1, max-image-preview:large, max-video-preview:-1\" \/>\n<link rel=\"canonical\" href=\"https:\/\/mvebio.com\/de\/unsere-produkte\/lebenswissenschaften-aluminium\/einwegversand\/\" \/>\n<meta property=\"og:locale\" content=\"de_DE\" \/>\n<meta property=\"og:type\" content=\"article\" \/>\n<meta property=\"og:title\" content=\"One Way Shipper - MVE Biological Solutions\" \/>\n<meta property=\"og:description\" content=\"Die BL-7- und CryoCube-Versandbeh\u00e4lter sind die einfachen, stressfreien kryogenen Versandl\u00f6sungen f\u00fcr die Biowissenschaften. Mit diesen Einwegversendern k\u00f6nnen Sie Ihre Proben aus Gefrierfarmen, Biobanken oder Ihrem Biorepository transportieren, ohne dass Sie das Ger\u00e4t zur\u00fcckschicken m\u00fcssen. Die Verlegung von Embryonen, Sperma und anderen biologischen Proben war noch nie so einfach. Dank der Bequemlichkeit dieser Produkte k\u00f6nnen Sie Ihre Zeit mit der Verwaltung von Mustern verbringen, anstatt mit Ihrer Flotte von Versendern.\" \/>\n<meta property=\"og:url\" content=\"https:\/\/mvebio.com\/de\/unsere-produkte\/lebenswissenschaften-aluminium\/einwegversand\/\" \/>\n<meta property=\"og:site_name\" content=\"MVE Biological Solutions\" \/>\n<meta property=\"article:modified_time\" content=\"2026-02-18T16:17:14+00:00\" \/>\n<meta property=\"og:image\" content=\"https:\/\/mvebio.com\/wp-content\/uploads\/sites\/4\/2023\/12\/MVE-BL7-Box-1.jpg\" \/>\n\t<meta property=\"og:image:width\" content=\"1200\" \/>\n\t<meta property=\"og:image:height\" content=\"562\" \/>\n\t<meta property=\"og:image:type\" content=\"image\/jpeg\" \/>\n<meta name=\"twitter:card\" content=\"summary_large_image\" \/>\n<meta name=\"twitter:site\" content=\"@MveBioSolutions\" \/>\n<meta name=\"twitter:label1\" content=\"Gesch\u00e4tzte Lesezeit\" \/>\n\t<meta name=\"twitter:data1\" content=\"4\u00a0Minuten\" \/>\n<script type=\"application\/ld+json\" class=\"yoast-schema-graph\">{\"@context\":\"https:\/\/schema.org\",\"@graph\":[{\"@type\":\"WebPage\",\"@id\":\"https:\/\/mvebio.com\/de\/unsere-produkte\/lebenswissenschaften-aluminium\/einwegversand\/\",\"url\":\"https:\/\/mvebio.com\/de\/unsere-produkte\/lebenswissenschaften-aluminium\/einwegversand\/\",\"name\":\"One Way Shipper - MVE Biological Solutions\",\"isPartOf\":{\"@id\":\"https:\/\/mvebio.com\/de\/#website\"},\"primaryImageOfPage\":{\"@id\":\"https:\/\/mvebio.com\/de\/unsere-produkte\/lebenswissenschaften-aluminium\/einwegversand\/#primaryimage\"},\"image\":{\"@id\":\"https:\/\/mvebio.com\/de\/unsere-produkte\/lebenswissenschaften-aluminium\/einwegversand\/#primaryimage\"},\"thumbnailUrl\":\"https:\/\/mvebio.com\/wp-content\/uploads\/sites\/4\/2023\/12\/MVE-BL7-Box-1.jpg\",\"datePublished\":\"2022-09-28T11:48:58+00:00\",\"dateModified\":\"2026-02-18T16:17:14+00:00\",\"description\":\"Die BL-7- und CryoCube-Versandbeh\u00e4lter sind die einfachen, stressfreien kryogenen Versandl\u00f6sungen f\u00fcr die Biowissenschaften. Mit diesen Einwegversendern k\u00f6nnen Sie Ihre Proben aus Gefrierfarmen, Biobanken oder Ihrem Biorepository transportieren, ohne dass Sie das Ger\u00e4t zur\u00fcckschicken m\u00fcssen. Die Verlegung von Embryonen, Sperma und anderen biologischen Proben war noch nie so einfach. Dank der Bequemlichkeit dieser Produkte k\u00f6nnen Sie Ihre Zeit mit der Verwaltung von Mustern verbringen, anstatt mit Ihrer Flotte von Versendern.\",\"breadcrumb\":{\"@id\":\"https:\/\/mvebio.com\/de\/unsere-produkte\/lebenswissenschaften-aluminium\/einwegversand\/#breadcrumb\"},\"inLanguage\":\"de\",\"potentialAction\":[{\"@type\":\"ReadAction\",\"target\":[\"https:\/\/mvebio.com\/de\/unsere-produkte\/lebenswissenschaften-aluminium\/einwegversand\/\"]}]},{\"@type\":\"ImageObject\",\"inLanguage\":\"de\",\"@id\":\"https:\/\/mvebio.com\/de\/unsere-produkte\/lebenswissenschaften-aluminium\/einwegversand\/#primaryimage\",\"url\":\"https:\/\/mvebio.com\/wp-content\/uploads\/sites\/4\/2023\/12\/MVE-BL7-Box-1.jpg\",\"contentUrl\":\"https:\/\/mvebio.com\/wp-content\/uploads\/sites\/4\/2023\/12\/MVE-BL7-Box-1.jpg\",\"width\":1200,\"height\":562,\"caption\":\"BL7\"},{\"@type\":\"BreadcrumbList\",\"@id\":\"https:\/\/mvebio.com\/de\/unsere-produkte\/lebenswissenschaften-aluminium\/einwegversand\/#breadcrumb\",\"itemListElement\":[{\"@type\":\"ListItem\",\"position\":1,\"name\":\"Startseite\",\"item\":\"https:\/\/mvebio.com\/de\/homepage\/\"},{\"@type\":\"ListItem\",\"position\":2,\"name\":\"Unsere Produkte\",\"item\":\"https:\/\/mvebio.com\/de\/unsere-produkte\/\"},{\"@type\":\"ListItem\",\"position\":3,\"name\":\"Lebenswissenschaften (Aluminium)\",\"item\":\"https:\/\/mvebio.com\/de\/unsere-produkte\/lebenswissenschaften-aluminium\/\"},{\"@type\":\"ListItem\",\"position\":4,\"name\":\"One Way Shipper\"}]},{\"@type\":\"WebSite\",\"@id\":\"https:\/\/mvebio.com\/de\/#website\",\"url\":\"https:\/\/mvebio.com\/de\/\",\"name\":\"MVE Biological Solutions\",\"description\":\"Cryogenic freezers and dewars\",\"publisher\":{\"@id\":\"https:\/\/mvebio.com\/de\/#organization\"},\"alternateName\":\"MVE Bio\",\"potentialAction\":[{\"@type\":\"SearchAction\",\"target\":{\"@type\":\"EntryPoint\",\"urlTemplate\":\"https:\/\/mvebio.com\/de\/?s={search_term_string}\"},\"query-input\":{\"@type\":\"PropertyValueSpecification\",\"valueRequired\":true,\"valueName\":\"search_term_string\"}}],\"inLanguage\":\"de\"},{\"@type\":\"Organization\",\"@id\":\"https:\/\/mvebio.com\/de\/#organization\",\"name\":\"MVE Biological Solutions\",\"alternateName\":\"MVE Bio\",\"url\":\"https:\/\/mvebio.com\/de\/\",\"logo\":{\"@type\":\"ImageObject\",\"inLanguage\":\"de\",\"@id\":\"https:\/\/mvebio.com\/de\/#\/schema\/logo\/image\/\",\"url\":\"https:\/\/mvebio.com\/wp-content\/uploads\/sites\/4\/2023\/12\/mve-square.png\",\"contentUrl\":\"https:\/\/mvebio.com\/wp-content\/uploads\/sites\/4\/2023\/12\/mve-square.png\",\"width\":1200,\"height\":1200,\"caption\":\"MVE Biological Solutions\"},\"image\":{\"@id\":\"https:\/\/mvebio.com\/de\/#\/schema\/logo\/image\/\"},\"sameAs\":[\"https:\/\/x.com\/MveBioSolutions\",\"https:\/\/www.linkedin.com\/company\/mvebio\/\"]}]}<\/script>\n<!-- \/ Yoast SEO plugin. -->","yoast_head_json":{"title":"One Way Shipper - MVE Biological Solutions","description":"Die BL-7- und CryoCube-Versandbeh\u00e4lter sind die einfachen, stressfreien kryogenen Versandl\u00f6sungen f\u00fcr die Biowissenschaften. Mit diesen Einwegversendern k\u00f6nnen Sie Ihre Proben aus Gefrierfarmen, Biobanken oder Ihrem Biorepository transportieren, ohne dass Sie das Ger\u00e4t zur\u00fcckschicken m\u00fcssen. Die Verlegung von Embryonen, Sperma und anderen biologischen Proben war noch nie so einfach. Dank der Bequemlichkeit dieser Produkte k\u00f6nnen Sie Ihre Zeit mit der Verwaltung von Mustern verbringen, anstatt mit Ihrer Flotte von Versendern.","robots":{"index":"index","follow":"follow","max-snippet":"max-snippet:-1","max-image-preview":"max-image-preview:large","max-video-preview":"max-video-preview:-1"},"canonical":"https:\/\/mvebio.com\/de\/unsere-produkte\/lebenswissenschaften-aluminium\/einwegversand\/","og_locale":"de_DE","og_type":"article","og_title":"One Way Shipper - MVE Biological Solutions","og_description":"Die BL-7- und CryoCube-Versandbeh\u00e4lter sind die einfachen, stressfreien kryogenen Versandl\u00f6sungen f\u00fcr die Biowissenschaften. Mit diesen Einwegversendern k\u00f6nnen Sie Ihre Proben aus Gefrierfarmen, Biobanken oder Ihrem Biorepository transportieren, ohne dass Sie das Ger\u00e4t zur\u00fcckschicken m\u00fcssen. Die Verlegung von Embryonen, Sperma und anderen biologischen Proben war noch nie so einfach. Dank der Bequemlichkeit dieser Produkte k\u00f6nnen Sie Ihre Zeit mit der Verwaltung von Mustern verbringen, anstatt mit Ihrer Flotte von Versendern.","og_url":"https:\/\/mvebio.com\/de\/unsere-produkte\/lebenswissenschaften-aluminium\/einwegversand\/","og_site_name":"MVE Biological Solutions","article_modified_time":"2026-02-18T16:17:14+00:00","og_image":[{"width":1200,"height":562,"url":"https:\/\/mvebio.com\/wp-content\/uploads\/sites\/4\/2023\/12\/MVE-BL7-Box-1.jpg","type":"image\/jpeg"}],"twitter_card":"summary_large_image","twitter_site":"@MveBioSolutions","twitter_misc":{"Gesch\u00e4tzte Lesezeit":"4\u00a0Minuten"},"schema":{"@context":"https:\/\/schema.org","@graph":[{"@type":"WebPage","@id":"https:\/\/mvebio.com\/de\/unsere-produkte\/lebenswissenschaften-aluminium\/einwegversand\/","url":"https:\/\/mvebio.com\/de\/unsere-produkte\/lebenswissenschaften-aluminium\/einwegversand\/","name":"One Way Shipper - MVE Biological Solutions","isPartOf":{"@id":"https:\/\/mvebio.com\/de\/#website"},"primaryImageOfPage":{"@id":"https:\/\/mvebio.com\/de\/unsere-produkte\/lebenswissenschaften-aluminium\/einwegversand\/#primaryimage"},"image":{"@id":"https:\/\/mvebio.com\/de\/unsere-produkte\/lebenswissenschaften-aluminium\/einwegversand\/#primaryimage"},"thumbnailUrl":"https:\/\/mvebio.com\/wp-content\/uploads\/sites\/4\/2023\/12\/MVE-BL7-Box-1.jpg","datePublished":"2022-09-28T11:48:58+00:00","dateModified":"2026-02-18T16:17:14+00:00","description":"Die BL-7- und CryoCube-Versandbeh\u00e4lter sind die einfachen, stressfreien kryogenen Versandl\u00f6sungen f\u00fcr die Biowissenschaften. Mit diesen Einwegversendern k\u00f6nnen Sie Ihre Proben aus Gefrierfarmen, Biobanken oder Ihrem Biorepository transportieren, ohne dass Sie das Ger\u00e4t zur\u00fcckschicken m\u00fcssen. Die Verlegung von Embryonen, Sperma und anderen biologischen Proben war noch nie so einfach. Dank der Bequemlichkeit dieser Produkte k\u00f6nnen Sie Ihre Zeit mit der Verwaltung von Mustern verbringen, anstatt mit Ihrer Flotte von Versendern.","breadcrumb":{"@id":"https:\/\/mvebio.com\/de\/unsere-produkte\/lebenswissenschaften-aluminium\/einwegversand\/#breadcrumb"},"inLanguage":"de","potentialAction":[{"@type":"ReadAction","target":["https:\/\/mvebio.com\/de\/unsere-produkte\/lebenswissenschaften-aluminium\/einwegversand\/"]}]},{"@type":"ImageObject","inLanguage":"de","@id":"https:\/\/mvebio.com\/de\/unsere-produkte\/lebenswissenschaften-aluminium\/einwegversand\/#primaryimage","url":"https:\/\/mvebio.com\/wp-content\/uploads\/sites\/4\/2023\/12\/MVE-BL7-Box-1.jpg","contentUrl":"https:\/\/mvebio.com\/wp-content\/uploads\/sites\/4\/2023\/12\/MVE-BL7-Box-1.jpg","width":1200,"height":562,"caption":"BL7"},{"@type":"BreadcrumbList","@id":"https:\/\/mvebio.com\/de\/unsere-produkte\/lebenswissenschaften-aluminium\/einwegversand\/#breadcrumb","itemListElement":[{"@type":"ListItem","position":1,"name":"Startseite","item":"https:\/\/mvebio.com\/de\/homepage\/"},{"@type":"ListItem","position":2,"name":"Unsere Produkte","item":"https:\/\/mvebio.com\/de\/unsere-produkte\/"},{"@type":"ListItem","position":3,"name":"Lebenswissenschaften (Aluminium)","item":"https:\/\/mvebio.com\/de\/unsere-produkte\/lebenswissenschaften-aluminium\/"},{"@type":"ListItem","position":4,"name":"One Way Shipper"}]},{"@type":"WebSite","@id":"https:\/\/mvebio.com\/de\/#website","url":"https:\/\/mvebio.com\/de\/","name":"MVE Biological Solutions","description":"Cryogenic freezers and dewars","publisher":{"@id":"https:\/\/mvebio.com\/de\/#organization"},"alternateName":"MVE Bio","potentialAction":[{"@type":"SearchAction","target":{"@type":"EntryPoint","urlTemplate":"https:\/\/mvebio.com\/de\/?s={search_term_string}"},"query-input":{"@type":"PropertyValueSpecification","valueRequired":true,"valueName":"search_term_string"}}],"inLanguage":"de"},{"@type":"Organization","@id":"https:\/\/mvebio.com\/de\/#organization","name":"MVE Biological Solutions","alternateName":"MVE Bio","url":"https:\/\/mvebio.com\/de\/","logo":{"@type":"ImageObject","inLanguage":"de","@id":"https:\/\/mvebio.com\/de\/#\/schema\/logo\/image\/","url":"https:\/\/mvebio.com\/wp-content\/uploads\/sites\/4\/2023\/12\/mve-square.png","contentUrl":"https:\/\/mvebio.com\/wp-content\/uploads\/sites\/4\/2023\/12\/mve-square.png","width":1200,"height":1200,"caption":"MVE Biological Solutions"},"image":{"@id":"https:\/\/mvebio.com\/de\/#\/schema\/logo\/image\/"},"sameAs":["https:\/\/x.com\/MveBioSolutions","https:\/\/www.linkedin.com\/company\/mvebio\/"]}]}},"_links":{"self":[{"href":"https:\/\/mvebio.com\/de\/wp-json\/wp\/v2\/pages\/12762","targetHints":{"allow":["GET"]}}],"collection":[{"href":"https:\/\/mvebio.com\/de\/wp-json\/wp\/v2\/pages"}],"about":[{"href":"https:\/\/mvebio.com\/de\/wp-json\/wp\/v2\/types\/page"}],"author":[{"embeddable":true,"href":"https:\/\/mvebio.com\/de\/wp-json\/wp\/v2\/users\/1"}],"replies":[{"embeddable":true,"href":"https:\/\/mvebio.com\/de\/wp-json\/wp\/v2\/comments?post=12762"}],"version-history":[{"count":3,"href":"https:\/\/mvebio.com\/de\/wp-json\/wp\/v2\/pages\/12762\/revisions"}],"predecessor-version":[{"id":14601,"href":"https:\/\/mvebio.com\/de\/wp-json\/wp\/v2\/pages\/12762\/revisions\/14601"}],"up":[{"embeddable":true,"href":"https:\/\/mvebio.com\/de\/wp-json\/wp\/v2\/pages\/12712"}],"wp:featuredmedia":[{"embeddable":true,"href":"https:\/\/mvebio.com\/de\/wp-json\/wp\/v2\/media\/10557"}],"wp:attachment":[{"href":"https:\/\/mvebio.com\/de\/wp-json\/wp\/v2\/media?parent=12762"}],"curies":[{"name":"wp","href":"https:\/\/api.w.org\/{rel}","templated":true}]}}