{"id":12760,"date":"2022-09-28T12:11:35","date_gmt":"2022-09-28T11:11:35","guid":{"rendered":"https:\/\/mvebio.com\/zuechter-aluminium\/mve-sc-xc-series\/"},"modified":"2026-02-18T11:18:27","modified_gmt":"2026-02-18T16:18:27","slug":"mve-sc-xc-serie","status":"publish","type":"page","link":"https:\/\/mvebio.com\/de\/unsere-produkte\/zuechter-aluminium\/mve-sc-xc-serie\/","title":{"rendered":"MVE SC &amp; XC Series"},"content":{"rendered":"","protected":false},"excerpt":{"rendered":"<p>Leichte Probenaufbewahrung f\u00fcr Z\u00fcchter<\/p>\n","protected":false},"author":1,"featured_media":10613,"parent":12751,"menu_order":0,"comment_status":"closed","ping_status":"closed","template":"","meta":{"_acf_changed":false,"footnotes":""},"class_list":["post-12760","page","type-page","status-publish","has-post-thumbnail","hentry"],"acf":[],"yoast_head":"<!-- This site is optimized with the Yoast SEO plugin v27.2 - https:\/\/yoast.com\/product\/yoast-seo-wordpress\/ -->\n<title>Kryogenische Dewars f\u00fcr Z\u00fcchter | Die MVE SC &amp; XC Serie<\/title>\n<meta name=\"description\" content=\"Die MVE SC- und XC-Serie sind leichtgewichtige Probenaufbewahrungssysteme f\u00fcr Z\u00fcchter. Sind Sie auf der Suche nach einem Dewar f\u00fcr die langfristige Lagerung von Samen, Embryonen oder Eizellen? Und brauchen Sie einen tragbaren, leichten Beh\u00e4lter, der eine gro\u00dfe Anzahl von Strohhalmen aufnehmen kann? Dann k\u00f6nnten die Aluminium-Dewars der Serien Standard Capacity (SC) und Extra Capacity (XC) genau das Richtige f\u00fcr Sie sein.\" \/>\n<meta name=\"robots\" content=\"index, follow, max-snippet:-1, max-image-preview:large, max-video-preview:-1\" \/>\n<link rel=\"canonical\" href=\"https:\/\/mvebio.com\/de\/unsere-produkte\/zuechter-aluminium\/mve-sc-xc-serie\/\" \/>\n<meta property=\"og:locale\" content=\"de_DE\" \/>\n<meta property=\"og:type\" content=\"article\" \/>\n<meta property=\"og:title\" content=\"Kryogenische Dewars f\u00fcr Z\u00fcchter | Die MVE SC &amp; XC Serie\" \/>\n<meta property=\"og:description\" content=\"Die MVE SC- und XC-Serie sind leichtgewichtige Probenaufbewahrungssysteme f\u00fcr Z\u00fcchter. Sind Sie auf der Suche nach einem Dewar f\u00fcr die langfristige Lagerung von Samen, Embryonen oder Eizellen? Und brauchen Sie einen tragbaren, leichten Beh\u00e4lter, der eine gro\u00dfe Anzahl von Strohhalmen aufnehmen kann? Dann k\u00f6nnten die Aluminium-Dewars der Serien Standard Capacity (SC) und Extra Capacity (XC) genau das Richtige f\u00fcr Sie sein.\" \/>\n<meta property=\"og:url\" content=\"https:\/\/mvebio.com\/de\/unsere-produkte\/zuechter-aluminium\/mve-sc-xc-serie\/\" \/>\n<meta property=\"og:site_name\" content=\"MVE Biological Solutions\" \/>\n<meta property=\"article:modified_time\" content=\"2026-02-18T16:18:27+00:00\" \/>\n<meta property=\"og:image\" content=\"https:\/\/mvebio.com\/wp-content\/uploads\/sites\/4\/2023\/12\/XC-Series-2.jpg\" \/>\n\t<meta property=\"og:image:width\" content=\"1200\" \/>\n\t<meta property=\"og:image:height\" content=\"562\" \/>\n\t<meta property=\"og:image:type\" content=\"image\/jpeg\" \/>\n<meta name=\"twitter:card\" content=\"summary_large_image\" \/>\n<meta name=\"twitter:site\" content=\"@MveBioSolutions\" \/>\n<meta name=\"twitter:label1\" content=\"Gesch\u00e4tzte Lesezeit\" \/>\n\t<meta name=\"twitter:data1\" content=\"7\u00a0Minuten\" \/>\n<script type=\"application\/ld+json\" class=\"yoast-schema-graph\">{\"@context\":\"https:\/\/schema.org\",\"@graph\":[{\"@type\":\"WebPage\",\"@id\":\"https:\/\/mvebio.com\/de\/unsere-produkte\/zuechter-aluminium\/mve-sc-xc-serie\/\",\"url\":\"https:\/\/mvebio.com\/de\/unsere-produkte\/zuechter-aluminium\/mve-sc-xc-serie\/\",\"name\":\"Kryogenische Dewars f\u00fcr Z\u00fcchter | Die MVE SC & XC Serie\",\"isPartOf\":{\"@id\":\"https:\/\/mvebio.com\/de\/#website\"},\"primaryImageOfPage\":{\"@id\":\"https:\/\/mvebio.com\/de\/unsere-produkte\/zuechter-aluminium\/mve-sc-xc-serie\/#primaryimage\"},\"image\":{\"@id\":\"https:\/\/mvebio.com\/de\/unsere-produkte\/zuechter-aluminium\/mve-sc-xc-serie\/#primaryimage\"},\"thumbnailUrl\":\"https:\/\/mvebio.com\/wp-content\/uploads\/sites\/4\/2023\/12\/XC-Series-2.jpg\",\"datePublished\":\"2022-09-28T11:11:35+00:00\",\"dateModified\":\"2026-02-18T16:18:27+00:00\",\"description\":\"Die MVE SC- und XC-Serie sind leichtgewichtige Probenaufbewahrungssysteme f\u00fcr Z\u00fcchter. Sind Sie auf der Suche nach einem Dewar f\u00fcr die langfristige Lagerung von Samen, Embryonen oder Eizellen? Und brauchen Sie einen tragbaren, leichten Beh\u00e4lter, der eine gro\u00dfe Anzahl von Strohhalmen aufnehmen kann? Dann k\u00f6nnten die Aluminium-Dewars der Serien Standard Capacity (SC) und Extra Capacity (XC) genau das Richtige f\u00fcr Sie sein.\",\"breadcrumb\":{\"@id\":\"https:\/\/mvebio.com\/de\/unsere-produkte\/zuechter-aluminium\/mve-sc-xc-serie\/#breadcrumb\"},\"inLanguage\":\"de\",\"potentialAction\":[{\"@type\":\"ReadAction\",\"target\":[\"https:\/\/mvebio.com\/de\/unsere-produkte\/zuechter-aluminium\/mve-sc-xc-serie\/\"]}]},{\"@type\":\"ImageObject\",\"inLanguage\":\"de\",\"@id\":\"https:\/\/mvebio.com\/de\/unsere-produkte\/zuechter-aluminium\/mve-sc-xc-serie\/#primaryimage\",\"url\":\"https:\/\/mvebio.com\/wp-content\/uploads\/sites\/4\/2023\/12\/XC-Series-2.jpg\",\"contentUrl\":\"https:\/\/mvebio.com\/wp-content\/uploads\/sites\/4\/2023\/12\/XC-Series-2.jpg\",\"width\":1200,\"height\":562,\"caption\":\"XC-Serie\"},{\"@type\":\"BreadcrumbList\",\"@id\":\"https:\/\/mvebio.com\/de\/unsere-produkte\/zuechter-aluminium\/mve-sc-xc-serie\/#breadcrumb\",\"itemListElement\":[{\"@type\":\"ListItem\",\"position\":1,\"name\":\"Startseite\",\"item\":\"https:\/\/mvebio.com\/de\/homepage\/\"},{\"@type\":\"ListItem\",\"position\":2,\"name\":\"Unsere Produkte\",\"item\":\"https:\/\/mvebio.com\/de\/unsere-produkte\/\"},{\"@type\":\"ListItem\",\"position\":3,\"name\":\"Z\u00fcchter (Aluminium)\",\"item\":\"https:\/\/mvebio.com\/de\/unsere-produkte\/zuechter-aluminium\/\"},{\"@type\":\"ListItem\",\"position\":4,\"name\":\"MVE SC &amp; XC Series\"}]},{\"@type\":\"WebSite\",\"@id\":\"https:\/\/mvebio.com\/de\/#website\",\"url\":\"https:\/\/mvebio.com\/de\/\",\"name\":\"MVE Biological Solutions\",\"description\":\"Cryogenic freezers and dewars\",\"publisher\":{\"@id\":\"https:\/\/mvebio.com\/de\/#organization\"},\"alternateName\":\"MVE Bio\",\"potentialAction\":[{\"@type\":\"SearchAction\",\"target\":{\"@type\":\"EntryPoint\",\"urlTemplate\":\"https:\/\/mvebio.com\/de\/?s={search_term_string}\"},\"query-input\":{\"@type\":\"PropertyValueSpecification\",\"valueRequired\":true,\"valueName\":\"search_term_string\"}}],\"inLanguage\":\"de\"},{\"@type\":\"Organization\",\"@id\":\"https:\/\/mvebio.com\/de\/#organization\",\"name\":\"MVE Biological Solutions\",\"alternateName\":\"MVE Bio\",\"url\":\"https:\/\/mvebio.com\/de\/\",\"logo\":{\"@type\":\"ImageObject\",\"inLanguage\":\"de\",\"@id\":\"https:\/\/mvebio.com\/de\/#\/schema\/logo\/image\/\",\"url\":\"https:\/\/mvebio.com\/wp-content\/uploads\/sites\/4\/2023\/12\/mve-square.png\",\"contentUrl\":\"https:\/\/mvebio.com\/wp-content\/uploads\/sites\/4\/2023\/12\/mve-square.png\",\"width\":1200,\"height\":1200,\"caption\":\"MVE Biological Solutions\"},\"image\":{\"@id\":\"https:\/\/mvebio.com\/de\/#\/schema\/logo\/image\/\"},\"sameAs\":[\"https:\/\/x.com\/MveBioSolutions\",\"https:\/\/www.linkedin.com\/company\/mvebio\/\"]}]}<\/script>\n<!-- \/ Yoast SEO plugin. -->","yoast_head_json":{"title":"Kryogenische Dewars f\u00fcr Z\u00fcchter | Die MVE SC & XC Serie","description":"Die MVE SC- und XC-Serie sind leichtgewichtige Probenaufbewahrungssysteme f\u00fcr Z\u00fcchter. Sind Sie auf der Suche nach einem Dewar f\u00fcr die langfristige Lagerung von Samen, Embryonen oder Eizellen? Und brauchen Sie einen tragbaren, leichten Beh\u00e4lter, der eine gro\u00dfe Anzahl von Strohhalmen aufnehmen kann? Dann k\u00f6nnten die Aluminium-Dewars der Serien Standard Capacity (SC) und Extra Capacity (XC) genau das Richtige f\u00fcr Sie sein.","robots":{"index":"index","follow":"follow","max-snippet":"max-snippet:-1","max-image-preview":"max-image-preview:large","max-video-preview":"max-video-preview:-1"},"canonical":"https:\/\/mvebio.com\/de\/unsere-produkte\/zuechter-aluminium\/mve-sc-xc-serie\/","og_locale":"de_DE","og_type":"article","og_title":"Kryogenische Dewars f\u00fcr Z\u00fcchter | Die MVE SC & XC Serie","og_description":"Die MVE SC- und XC-Serie sind leichtgewichtige Probenaufbewahrungssysteme f\u00fcr Z\u00fcchter. Sind Sie auf der Suche nach einem Dewar f\u00fcr die langfristige Lagerung von Samen, Embryonen oder Eizellen? Und brauchen Sie einen tragbaren, leichten Beh\u00e4lter, der eine gro\u00dfe Anzahl von Strohhalmen aufnehmen kann? Dann k\u00f6nnten die Aluminium-Dewars der Serien Standard Capacity (SC) und Extra Capacity (XC) genau das Richtige f\u00fcr Sie sein.","og_url":"https:\/\/mvebio.com\/de\/unsere-produkte\/zuechter-aluminium\/mve-sc-xc-serie\/","og_site_name":"MVE Biological Solutions","article_modified_time":"2026-02-18T16:18:27+00:00","og_image":[{"width":1200,"height":562,"url":"https:\/\/mvebio.com\/wp-content\/uploads\/sites\/4\/2023\/12\/XC-Series-2.jpg","type":"image\/jpeg"}],"twitter_card":"summary_large_image","twitter_site":"@MveBioSolutions","twitter_misc":{"Gesch\u00e4tzte Lesezeit":"7\u00a0Minuten"},"schema":{"@context":"https:\/\/schema.org","@graph":[{"@type":"WebPage","@id":"https:\/\/mvebio.com\/de\/unsere-produkte\/zuechter-aluminium\/mve-sc-xc-serie\/","url":"https:\/\/mvebio.com\/de\/unsere-produkte\/zuechter-aluminium\/mve-sc-xc-serie\/","name":"Kryogenische Dewars f\u00fcr Z\u00fcchter | Die MVE SC & XC Serie","isPartOf":{"@id":"https:\/\/mvebio.com\/de\/#website"},"primaryImageOfPage":{"@id":"https:\/\/mvebio.com\/de\/unsere-produkte\/zuechter-aluminium\/mve-sc-xc-serie\/#primaryimage"},"image":{"@id":"https:\/\/mvebio.com\/de\/unsere-produkte\/zuechter-aluminium\/mve-sc-xc-serie\/#primaryimage"},"thumbnailUrl":"https:\/\/mvebio.com\/wp-content\/uploads\/sites\/4\/2023\/12\/XC-Series-2.jpg","datePublished":"2022-09-28T11:11:35+00:00","dateModified":"2026-02-18T16:18:27+00:00","description":"Die MVE SC- und XC-Serie sind leichtgewichtige Probenaufbewahrungssysteme f\u00fcr Z\u00fcchter. Sind Sie auf der Suche nach einem Dewar f\u00fcr die langfristige Lagerung von Samen, Embryonen oder Eizellen? Und brauchen Sie einen tragbaren, leichten Beh\u00e4lter, der eine gro\u00dfe Anzahl von Strohhalmen aufnehmen kann? Dann k\u00f6nnten die Aluminium-Dewars der Serien Standard Capacity (SC) und Extra Capacity (XC) genau das Richtige f\u00fcr Sie sein.","breadcrumb":{"@id":"https:\/\/mvebio.com\/de\/unsere-produkte\/zuechter-aluminium\/mve-sc-xc-serie\/#breadcrumb"},"inLanguage":"de","potentialAction":[{"@type":"ReadAction","target":["https:\/\/mvebio.com\/de\/unsere-produkte\/zuechter-aluminium\/mve-sc-xc-serie\/"]}]},{"@type":"ImageObject","inLanguage":"de","@id":"https:\/\/mvebio.com\/de\/unsere-produkte\/zuechter-aluminium\/mve-sc-xc-serie\/#primaryimage","url":"https:\/\/mvebio.com\/wp-content\/uploads\/sites\/4\/2023\/12\/XC-Series-2.jpg","contentUrl":"https:\/\/mvebio.com\/wp-content\/uploads\/sites\/4\/2023\/12\/XC-Series-2.jpg","width":1200,"height":562,"caption":"XC-Serie"},{"@type":"BreadcrumbList","@id":"https:\/\/mvebio.com\/de\/unsere-produkte\/zuechter-aluminium\/mve-sc-xc-serie\/#breadcrumb","itemListElement":[{"@type":"ListItem","position":1,"name":"Startseite","item":"https:\/\/mvebio.com\/de\/homepage\/"},{"@type":"ListItem","position":2,"name":"Unsere Produkte","item":"https:\/\/mvebio.com\/de\/unsere-produkte\/"},{"@type":"ListItem","position":3,"name":"Z\u00fcchter (Aluminium)","item":"https:\/\/mvebio.com\/de\/unsere-produkte\/zuechter-aluminium\/"},{"@type":"ListItem","position":4,"name":"MVE SC &amp; XC Series"}]},{"@type":"WebSite","@id":"https:\/\/mvebio.com\/de\/#website","url":"https:\/\/mvebio.com\/de\/","name":"MVE Biological Solutions","description":"Cryogenic freezers and dewars","publisher":{"@id":"https:\/\/mvebio.com\/de\/#organization"},"alternateName":"MVE Bio","potentialAction":[{"@type":"SearchAction","target":{"@type":"EntryPoint","urlTemplate":"https:\/\/mvebio.com\/de\/?s={search_term_string}"},"query-input":{"@type":"PropertyValueSpecification","valueRequired":true,"valueName":"search_term_string"}}],"inLanguage":"de"},{"@type":"Organization","@id":"https:\/\/mvebio.com\/de\/#organization","name":"MVE Biological Solutions","alternateName":"MVE Bio","url":"https:\/\/mvebio.com\/de\/","logo":{"@type":"ImageObject","inLanguage":"de","@id":"https:\/\/mvebio.com\/de\/#\/schema\/logo\/image\/","url":"https:\/\/mvebio.com\/wp-content\/uploads\/sites\/4\/2023\/12\/mve-square.png","contentUrl":"https:\/\/mvebio.com\/wp-content\/uploads\/sites\/4\/2023\/12\/mve-square.png","width":1200,"height":1200,"caption":"MVE Biological Solutions"},"image":{"@id":"https:\/\/mvebio.com\/de\/#\/schema\/logo\/image\/"},"sameAs":["https:\/\/x.com\/MveBioSolutions","https:\/\/www.linkedin.com\/company\/mvebio\/"]}]}},"_links":{"self":[{"href":"https:\/\/mvebio.com\/de\/wp-json\/wp\/v2\/pages\/12760","targetHints":{"allow":["GET"]}}],"collection":[{"href":"https:\/\/mvebio.com\/de\/wp-json\/wp\/v2\/pages"}],"about":[{"href":"https:\/\/mvebio.com\/de\/wp-json\/wp\/v2\/types\/page"}],"author":[{"embeddable":true,"href":"https:\/\/mvebio.com\/de\/wp-json\/wp\/v2\/users\/1"}],"replies":[{"embeddable":true,"href":"https:\/\/mvebio.com\/de\/wp-json\/wp\/v2\/comments?post=12760"}],"version-history":[{"count":2,"href":"https:\/\/mvebio.com\/de\/wp-json\/wp\/v2\/pages\/12760\/revisions"}],"predecessor-version":[{"id":14662,"href":"https:\/\/mvebio.com\/de\/wp-json\/wp\/v2\/pages\/12760\/revisions\/14662"}],"up":[{"embeddable":true,"href":"https:\/\/mvebio.com\/de\/wp-json\/wp\/v2\/pages\/12751"}],"wp:featuredmedia":[{"embeddable":true,"href":"https:\/\/mvebio.com\/de\/wp-json\/wp\/v2\/media\/10613"}],"wp:attachment":[{"href":"https:\/\/mvebio.com\/de\/wp-json\/wp\/v2\/media?parent=12760"}],"curies":[{"name":"wp","href":"https:\/\/api.w.org\/{rel}","templated":true}]}}