{"id":12756,"date":"2022-09-28T12:34:15","date_gmt":"2022-09-28T11:34:15","guid":{"rendered":"https:\/\/mvebio.com\/zuechter-aluminium\/mve-spectrum-series\/"},"modified":"2026-02-18T11:18:08","modified_gmt":"2026-02-18T16:18:08","slug":"mve-spectrum-serie","status":"publish","type":"page","link":"https:\/\/mvebio.com\/de\/unsere-produkte\/zuechter-aluminium\/mve-spectrum-serie\/","title":{"rendered":"MVE Spectrum Series"},"content":{"rendered":"","protected":false},"excerpt":{"rendered":"<p>Effiziente, leichte Lagerung f\u00fcr den Z\u00fcchtermarkt<\/p>\n","protected":false},"author":1,"featured_media":10637,"parent":12751,"menu_order":0,"comment_status":"closed","ping_status":"closed","template":"","meta":{"_acf_changed":false,"footnotes":""},"class_list":["post-12756","page","type-page","status-publish","has-post-thumbnail","hentry"],"acf":[],"yoast_head":"<!-- This site is optimized with the Yoast SEO plugin v27.2 - https:\/\/yoast.com\/product\/yoast-seo-wordpress\/ -->\n<title>MVE Spectrum Series - MVE Biological Solutions<\/title>\n<meta name=\"description\" content=\"Lagerung von Bullensperma mit kleiner Kapazit\u00e4t. Sind Sie ein Z\u00fcchter im Bereich der Tierhaltung? Ben\u00f6tigen Sie eine L\u00f6sung zur Lagerung von Bullensperma mit geringer Kapazit\u00e4t? Dann k\u00f6nnten die MVE Spectrum Series und Spectrum 20 Signature das Richtige f\u00fcr Sie sein.\" \/>\n<meta name=\"robots\" content=\"index, follow, max-snippet:-1, max-image-preview:large, max-video-preview:-1\" \/>\n<link rel=\"canonical\" href=\"https:\/\/mvebio.com\/de\/unsere-produkte\/zuechter-aluminium\/mve-spectrum-serie\/\" \/>\n<meta property=\"og:locale\" content=\"de_DE\" \/>\n<meta property=\"og:type\" content=\"article\" \/>\n<meta property=\"og:title\" content=\"MVE Spectrum Series - MVE Biological Solutions\" \/>\n<meta property=\"og:description\" content=\"Lagerung von Bullensperma mit kleiner Kapazit\u00e4t. Sind Sie ein Z\u00fcchter im Bereich der Tierhaltung? Ben\u00f6tigen Sie eine L\u00f6sung zur Lagerung von Bullensperma mit geringer Kapazit\u00e4t? Dann k\u00f6nnten die MVE Spectrum Series und Spectrum 20 Signature das Richtige f\u00fcr Sie sein.\" \/>\n<meta property=\"og:url\" content=\"https:\/\/mvebio.com\/de\/unsere-produkte\/zuechter-aluminium\/mve-spectrum-serie\/\" \/>\n<meta property=\"og:site_name\" content=\"MVE Biological Solutions\" \/>\n<meta property=\"article:modified_time\" content=\"2026-02-18T16:18:08+00:00\" \/>\n<meta property=\"og:image\" content=\"https:\/\/mvebio.com\/wp-content\/uploads\/sites\/4\/2023\/12\/Spectrum-Series-feature.jpg\" \/>\n\t<meta property=\"og:image:width\" content=\"1200\" \/>\n\t<meta property=\"og:image:height\" content=\"563\" \/>\n\t<meta property=\"og:image:type\" content=\"image\/jpeg\" \/>\n<meta name=\"twitter:card\" content=\"summary_large_image\" \/>\n<meta name=\"twitter:site\" content=\"@MveBioSolutions\" \/>\n<meta name=\"twitter:label1\" content=\"Gesch\u00e4tzte Lesezeit\" \/>\n\t<meta name=\"twitter:data1\" content=\"5\u00a0Minuten\" \/>\n<script type=\"application\/ld+json\" class=\"yoast-schema-graph\">{\"@context\":\"https:\/\/schema.org\",\"@graph\":[{\"@type\":\"WebPage\",\"@id\":\"https:\/\/mvebio.com\/de\/unsere-produkte\/zuechter-aluminium\/mve-spectrum-serie\/\",\"url\":\"https:\/\/mvebio.com\/de\/unsere-produkte\/zuechter-aluminium\/mve-spectrum-serie\/\",\"name\":\"MVE Spectrum Series - MVE Biological Solutions\",\"isPartOf\":{\"@id\":\"https:\/\/mvebio.com\/de\/#website\"},\"primaryImageOfPage\":{\"@id\":\"https:\/\/mvebio.com\/de\/unsere-produkte\/zuechter-aluminium\/mve-spectrum-serie\/#primaryimage\"},\"image\":{\"@id\":\"https:\/\/mvebio.com\/de\/unsere-produkte\/zuechter-aluminium\/mve-spectrum-serie\/#primaryimage\"},\"thumbnailUrl\":\"https:\/\/mvebio.com\/wp-content\/uploads\/sites\/4\/2023\/12\/Spectrum-Series-feature.jpg\",\"datePublished\":\"2022-09-28T11:34:15+00:00\",\"dateModified\":\"2026-02-18T16:18:08+00:00\",\"description\":\"Lagerung von Bullensperma mit kleiner Kapazit\u00e4t. Sind Sie ein Z\u00fcchter im Bereich der Tierhaltung? Ben\u00f6tigen Sie eine L\u00f6sung zur Lagerung von Bullensperma mit geringer Kapazit\u00e4t? Dann k\u00f6nnten die MVE Spectrum Series und Spectrum 20 Signature das Richtige f\u00fcr Sie sein.\",\"breadcrumb\":{\"@id\":\"https:\/\/mvebio.com\/de\/unsere-produkte\/zuechter-aluminium\/mve-spectrum-serie\/#breadcrumb\"},\"inLanguage\":\"de\",\"potentialAction\":[{\"@type\":\"ReadAction\",\"target\":[\"https:\/\/mvebio.com\/de\/unsere-produkte\/zuechter-aluminium\/mve-spectrum-serie\/\"]}]},{\"@type\":\"ImageObject\",\"inLanguage\":\"de\",\"@id\":\"https:\/\/mvebio.com\/de\/unsere-produkte\/zuechter-aluminium\/mve-spectrum-serie\/#primaryimage\",\"url\":\"https:\/\/mvebio.com\/wp-content\/uploads\/sites\/4\/2023\/12\/Spectrum-Series-feature.jpg\",\"contentUrl\":\"https:\/\/mvebio.com\/wp-content\/uploads\/sites\/4\/2023\/12\/Spectrum-Series-feature.jpg\",\"width\":1200,\"height\":563,\"caption\":\"Spectrum Serie\"},{\"@type\":\"BreadcrumbList\",\"@id\":\"https:\/\/mvebio.com\/de\/unsere-produkte\/zuechter-aluminium\/mve-spectrum-serie\/#breadcrumb\",\"itemListElement\":[{\"@type\":\"ListItem\",\"position\":1,\"name\":\"Startseite\",\"item\":\"https:\/\/mvebio.com\/de\/homepage\/\"},{\"@type\":\"ListItem\",\"position\":2,\"name\":\"Unsere Produkte\",\"item\":\"https:\/\/mvebio.com\/de\/unsere-produkte\/\"},{\"@type\":\"ListItem\",\"position\":3,\"name\":\"Z\u00fcchter (Aluminium)\",\"item\":\"https:\/\/mvebio.com\/de\/unsere-produkte\/zuechter-aluminium\/\"},{\"@type\":\"ListItem\",\"position\":4,\"name\":\"MVE Spectrum Series\"}]},{\"@type\":\"WebSite\",\"@id\":\"https:\/\/mvebio.com\/de\/#website\",\"url\":\"https:\/\/mvebio.com\/de\/\",\"name\":\"MVE Biological Solutions\",\"description\":\"Cryogenic freezers and dewars\",\"publisher\":{\"@id\":\"https:\/\/mvebio.com\/de\/#organization\"},\"alternateName\":\"MVE Bio\",\"potentialAction\":[{\"@type\":\"SearchAction\",\"target\":{\"@type\":\"EntryPoint\",\"urlTemplate\":\"https:\/\/mvebio.com\/de\/?s={search_term_string}\"},\"query-input\":{\"@type\":\"PropertyValueSpecification\",\"valueRequired\":true,\"valueName\":\"search_term_string\"}}],\"inLanguage\":\"de\"},{\"@type\":\"Organization\",\"@id\":\"https:\/\/mvebio.com\/de\/#organization\",\"name\":\"MVE Biological Solutions\",\"alternateName\":\"MVE Bio\",\"url\":\"https:\/\/mvebio.com\/de\/\",\"logo\":{\"@type\":\"ImageObject\",\"inLanguage\":\"de\",\"@id\":\"https:\/\/mvebio.com\/de\/#\/schema\/logo\/image\/\",\"url\":\"https:\/\/mvebio.com\/wp-content\/uploads\/sites\/4\/2023\/12\/mve-square.png\",\"contentUrl\":\"https:\/\/mvebio.com\/wp-content\/uploads\/sites\/4\/2023\/12\/mve-square.png\",\"width\":1200,\"height\":1200,\"caption\":\"MVE Biological Solutions\"},\"image\":{\"@id\":\"https:\/\/mvebio.com\/de\/#\/schema\/logo\/image\/\"},\"sameAs\":[\"https:\/\/x.com\/MveBioSolutions\",\"https:\/\/www.linkedin.com\/company\/mvebio\/\"]}]}<\/script>\n<!-- \/ Yoast SEO plugin. -->","yoast_head_json":{"title":"MVE Spectrum Series - MVE Biological Solutions","description":"Lagerung von Bullensperma mit kleiner Kapazit\u00e4t. Sind Sie ein Z\u00fcchter im Bereich der Tierhaltung? Ben\u00f6tigen Sie eine L\u00f6sung zur Lagerung von Bullensperma mit geringer Kapazit\u00e4t? Dann k\u00f6nnten die MVE Spectrum Series und Spectrum 20 Signature das Richtige f\u00fcr Sie sein.","robots":{"index":"index","follow":"follow","max-snippet":"max-snippet:-1","max-image-preview":"max-image-preview:large","max-video-preview":"max-video-preview:-1"},"canonical":"https:\/\/mvebio.com\/de\/unsere-produkte\/zuechter-aluminium\/mve-spectrum-serie\/","og_locale":"de_DE","og_type":"article","og_title":"MVE Spectrum Series - MVE Biological Solutions","og_description":"Lagerung von Bullensperma mit kleiner Kapazit\u00e4t. Sind Sie ein Z\u00fcchter im Bereich der Tierhaltung? Ben\u00f6tigen Sie eine L\u00f6sung zur Lagerung von Bullensperma mit geringer Kapazit\u00e4t? Dann k\u00f6nnten die MVE Spectrum Series und Spectrum 20 Signature das Richtige f\u00fcr Sie sein.","og_url":"https:\/\/mvebio.com\/de\/unsere-produkte\/zuechter-aluminium\/mve-spectrum-serie\/","og_site_name":"MVE Biological Solutions","article_modified_time":"2026-02-18T16:18:08+00:00","og_image":[{"width":1200,"height":563,"url":"https:\/\/mvebio.com\/wp-content\/uploads\/sites\/4\/2023\/12\/Spectrum-Series-feature.jpg","type":"image\/jpeg"}],"twitter_card":"summary_large_image","twitter_site":"@MveBioSolutions","twitter_misc":{"Gesch\u00e4tzte Lesezeit":"5\u00a0Minuten"},"schema":{"@context":"https:\/\/schema.org","@graph":[{"@type":"WebPage","@id":"https:\/\/mvebio.com\/de\/unsere-produkte\/zuechter-aluminium\/mve-spectrum-serie\/","url":"https:\/\/mvebio.com\/de\/unsere-produkte\/zuechter-aluminium\/mve-spectrum-serie\/","name":"MVE Spectrum Series - MVE Biological Solutions","isPartOf":{"@id":"https:\/\/mvebio.com\/de\/#website"},"primaryImageOfPage":{"@id":"https:\/\/mvebio.com\/de\/unsere-produkte\/zuechter-aluminium\/mve-spectrum-serie\/#primaryimage"},"image":{"@id":"https:\/\/mvebio.com\/de\/unsere-produkte\/zuechter-aluminium\/mve-spectrum-serie\/#primaryimage"},"thumbnailUrl":"https:\/\/mvebio.com\/wp-content\/uploads\/sites\/4\/2023\/12\/Spectrum-Series-feature.jpg","datePublished":"2022-09-28T11:34:15+00:00","dateModified":"2026-02-18T16:18:08+00:00","description":"Lagerung von Bullensperma mit kleiner Kapazit\u00e4t. Sind Sie ein Z\u00fcchter im Bereich der Tierhaltung? Ben\u00f6tigen Sie eine L\u00f6sung zur Lagerung von Bullensperma mit geringer Kapazit\u00e4t? Dann k\u00f6nnten die MVE Spectrum Series und Spectrum 20 Signature das Richtige f\u00fcr Sie sein.","breadcrumb":{"@id":"https:\/\/mvebio.com\/de\/unsere-produkte\/zuechter-aluminium\/mve-spectrum-serie\/#breadcrumb"},"inLanguage":"de","potentialAction":[{"@type":"ReadAction","target":["https:\/\/mvebio.com\/de\/unsere-produkte\/zuechter-aluminium\/mve-spectrum-serie\/"]}]},{"@type":"ImageObject","inLanguage":"de","@id":"https:\/\/mvebio.com\/de\/unsere-produkte\/zuechter-aluminium\/mve-spectrum-serie\/#primaryimage","url":"https:\/\/mvebio.com\/wp-content\/uploads\/sites\/4\/2023\/12\/Spectrum-Series-feature.jpg","contentUrl":"https:\/\/mvebio.com\/wp-content\/uploads\/sites\/4\/2023\/12\/Spectrum-Series-feature.jpg","width":1200,"height":563,"caption":"Spectrum Serie"},{"@type":"BreadcrumbList","@id":"https:\/\/mvebio.com\/de\/unsere-produkte\/zuechter-aluminium\/mve-spectrum-serie\/#breadcrumb","itemListElement":[{"@type":"ListItem","position":1,"name":"Startseite","item":"https:\/\/mvebio.com\/de\/homepage\/"},{"@type":"ListItem","position":2,"name":"Unsere Produkte","item":"https:\/\/mvebio.com\/de\/unsere-produkte\/"},{"@type":"ListItem","position":3,"name":"Z\u00fcchter (Aluminium)","item":"https:\/\/mvebio.com\/de\/unsere-produkte\/zuechter-aluminium\/"},{"@type":"ListItem","position":4,"name":"MVE Spectrum Series"}]},{"@type":"WebSite","@id":"https:\/\/mvebio.com\/de\/#website","url":"https:\/\/mvebio.com\/de\/","name":"MVE Biological Solutions","description":"Cryogenic freezers and dewars","publisher":{"@id":"https:\/\/mvebio.com\/de\/#organization"},"alternateName":"MVE Bio","potentialAction":[{"@type":"SearchAction","target":{"@type":"EntryPoint","urlTemplate":"https:\/\/mvebio.com\/de\/?s={search_term_string}"},"query-input":{"@type":"PropertyValueSpecification","valueRequired":true,"valueName":"search_term_string"}}],"inLanguage":"de"},{"@type":"Organization","@id":"https:\/\/mvebio.com\/de\/#organization","name":"MVE Biological Solutions","alternateName":"MVE Bio","url":"https:\/\/mvebio.com\/de\/","logo":{"@type":"ImageObject","inLanguage":"de","@id":"https:\/\/mvebio.com\/de\/#\/schema\/logo\/image\/","url":"https:\/\/mvebio.com\/wp-content\/uploads\/sites\/4\/2023\/12\/mve-square.png","contentUrl":"https:\/\/mvebio.com\/wp-content\/uploads\/sites\/4\/2023\/12\/mve-square.png","width":1200,"height":1200,"caption":"MVE Biological Solutions"},"image":{"@id":"https:\/\/mvebio.com\/de\/#\/schema\/logo\/image\/"},"sameAs":["https:\/\/x.com\/MveBioSolutions","https:\/\/www.linkedin.com\/company\/mvebio\/"]}]}},"_links":{"self":[{"href":"https:\/\/mvebio.com\/de\/wp-json\/wp\/v2\/pages\/12756","targetHints":{"allow":["GET"]}}],"collection":[{"href":"https:\/\/mvebio.com\/de\/wp-json\/wp\/v2\/pages"}],"about":[{"href":"https:\/\/mvebio.com\/de\/wp-json\/wp\/v2\/types\/page"}],"author":[{"embeddable":true,"href":"https:\/\/mvebio.com\/de\/wp-json\/wp\/v2\/users\/1"}],"replies":[{"embeddable":true,"href":"https:\/\/mvebio.com\/de\/wp-json\/wp\/v2\/comments?post=12756"}],"version-history":[{"count":2,"href":"https:\/\/mvebio.com\/de\/wp-json\/wp\/v2\/pages\/12756\/revisions"}],"predecessor-version":[{"id":14641,"href":"https:\/\/mvebio.com\/de\/wp-json\/wp\/v2\/pages\/12756\/revisions\/14641"}],"up":[{"embeddable":true,"href":"https:\/\/mvebio.com\/de\/wp-json\/wp\/v2\/pages\/12751"}],"wp:featuredmedia":[{"embeddable":true,"href":"https:\/\/mvebio.com\/de\/wp-json\/wp\/v2\/media\/10637"}],"wp:attachment":[{"href":"https:\/\/mvebio.com\/de\/wp-json\/wp\/v2\/media?parent=12756"}],"curies":[{"name":"wp","href":"https:\/\/api.w.org\/{rel}","templated":true}]}}