{"id":12712,"date":"2022-09-28T11:12:47","date_gmt":"2022-09-28T10:12:47","guid":{"rendered":"https:\/\/mvebio.com\/lebenswissenschaften-aluminium\/"},"modified":"2026-02-18T11:16:53","modified_gmt":"2026-02-18T16:16:53","slug":"lebenswissenschaften-aluminium","status":"publish","type":"page","link":"https:\/\/mvebio.com\/de\/unsere-produkte\/lebenswissenschaften-aluminium\/","title":{"rendered":"Lebenswissenschaften (Aluminium)"},"content":{"rendered":"","protected":false},"excerpt":{"rendered":"","protected":false},"author":1,"featured_media":10557,"parent":12784,"menu_order":0,"comment_status":"closed","ping_status":"closed","template":"","meta":{"_acf_changed":false,"footnotes":""},"class_list":["post-12712","page","type-page","status-publish","has-post-thumbnail","hentry"],"acf":[],"yoast_head":"<!-- This site is optimized with the Yoast SEO plugin v27.2 - https:\/\/yoast.com\/product\/yoast-seo-wordpress\/ -->\n<title>Lebenswissenschaften (Aluminium) - MVE Biological Solutions<\/title>\n<meta name=\"description\" content=\"Bei MVE trifft Exzellenz auf Vielseitigkeit in unserem Angebot an Aluminiumprodukten, die auf die dynamischen Bed\u00fcrfnisse von Life-Science-Anwendungen zugeschnitten sind. Unsere Aluminiuml\u00f6sungen stehen an der Spitze der Innovation und bieten Ihnen unvergleichliche Zuverl\u00e4ssigkeit und Langlebigkeit f\u00fcr die sichere Aufbewahrung und den Transport von kritischen biologischen Proben. Wir wissen, dass Pr\u00e4zision in den Biowissenschaften eine entscheidende Rolle spielt, und unsere Aluminiumprodukte wurden so entwickelt, dass sie die anspruchsvollen Standards der Branche erf\u00fcllen und \u00fcbertreffen.\" \/>\n<meta name=\"robots\" content=\"index, follow, max-snippet:-1, max-image-preview:large, max-video-preview:-1\" \/>\n<link rel=\"canonical\" href=\"https:\/\/mvebio.com\/de\/unsere-produkte\/lebenswissenschaften-aluminium\/\" \/>\n<meta property=\"og:locale\" content=\"de_DE\" \/>\n<meta property=\"og:type\" content=\"article\" \/>\n<meta property=\"og:title\" content=\"Lebenswissenschaften (Aluminium) - MVE Biological Solutions\" \/>\n<meta property=\"og:description\" content=\"Bei MVE trifft Exzellenz auf Vielseitigkeit in unserem Angebot an Aluminiumprodukten, die auf die dynamischen Bed\u00fcrfnisse von Life-Science-Anwendungen zugeschnitten sind. Unsere Aluminiuml\u00f6sungen stehen an der Spitze der Innovation und bieten Ihnen unvergleichliche Zuverl\u00e4ssigkeit und Langlebigkeit f\u00fcr die sichere Aufbewahrung und den Transport von kritischen biologischen Proben. Wir wissen, dass Pr\u00e4zision in den Biowissenschaften eine entscheidende Rolle spielt, und unsere Aluminiumprodukte wurden so entwickelt, dass sie die anspruchsvollen Standards der Branche erf\u00fcllen und \u00fcbertreffen.\" \/>\n<meta property=\"og:url\" content=\"https:\/\/mvebio.com\/de\/unsere-produkte\/lebenswissenschaften-aluminium\/\" \/>\n<meta property=\"og:site_name\" content=\"MVE Biological Solutions\" \/>\n<meta property=\"article:modified_time\" content=\"2026-02-18T16:16:53+00:00\" \/>\n<meta property=\"og:image\" content=\"https:\/\/mvebio.com\/wp-content\/uploads\/sites\/4\/2023\/12\/MVE-BL7-Box-1.jpg\" \/>\n\t<meta property=\"og:image:width\" content=\"1200\" \/>\n\t<meta property=\"og:image:height\" content=\"562\" \/>\n\t<meta property=\"og:image:type\" content=\"image\/jpeg\" \/>\n<meta name=\"twitter:card\" content=\"summary_large_image\" \/>\n<meta name=\"twitter:site\" content=\"@MveBioSolutions\" \/>\n<script type=\"application\/ld+json\" class=\"yoast-schema-graph\">{\"@context\":\"https:\/\/schema.org\",\"@graph\":[{\"@type\":\"WebPage\",\"@id\":\"https:\/\/mvebio.com\/de\/unsere-produkte\/lebenswissenschaften-aluminium\/\",\"url\":\"https:\/\/mvebio.com\/de\/unsere-produkte\/lebenswissenschaften-aluminium\/\",\"name\":\"Lebenswissenschaften (Aluminium) - MVE Biological Solutions\",\"isPartOf\":{\"@id\":\"https:\/\/mvebio.com\/de\/#website\"},\"primaryImageOfPage\":{\"@id\":\"https:\/\/mvebio.com\/de\/unsere-produkte\/lebenswissenschaften-aluminium\/#primaryimage\"},\"image\":{\"@id\":\"https:\/\/mvebio.com\/de\/unsere-produkte\/lebenswissenschaften-aluminium\/#primaryimage\"},\"thumbnailUrl\":\"https:\/\/mvebio.com\/wp-content\/uploads\/sites\/4\/2023\/12\/MVE-BL7-Box-1.jpg\",\"datePublished\":\"2022-09-28T10:12:47+00:00\",\"dateModified\":\"2026-02-18T16:16:53+00:00\",\"description\":\"Bei MVE trifft Exzellenz auf Vielseitigkeit in unserem Angebot an Aluminiumprodukten, die auf die dynamischen Bed\u00fcrfnisse von Life-Science-Anwendungen zugeschnitten sind. Unsere Aluminiuml\u00f6sungen stehen an der Spitze der Innovation und bieten Ihnen unvergleichliche Zuverl\u00e4ssigkeit und Langlebigkeit f\u00fcr die sichere Aufbewahrung und den Transport von kritischen biologischen Proben. Wir wissen, dass Pr\u00e4zision in den Biowissenschaften eine entscheidende Rolle spielt, und unsere Aluminiumprodukte wurden so entwickelt, dass sie die anspruchsvollen Standards der Branche erf\u00fcllen und \u00fcbertreffen.\",\"breadcrumb\":{\"@id\":\"https:\/\/mvebio.com\/de\/unsere-produkte\/lebenswissenschaften-aluminium\/#breadcrumb\"},\"inLanguage\":\"de\",\"potentialAction\":[{\"@type\":\"ReadAction\",\"target\":[\"https:\/\/mvebio.com\/de\/unsere-produkte\/lebenswissenschaften-aluminium\/\"]}]},{\"@type\":\"ImageObject\",\"inLanguage\":\"de\",\"@id\":\"https:\/\/mvebio.com\/de\/unsere-produkte\/lebenswissenschaften-aluminium\/#primaryimage\",\"url\":\"https:\/\/mvebio.com\/wp-content\/uploads\/sites\/4\/2023\/12\/MVE-BL7-Box-1.jpg\",\"contentUrl\":\"https:\/\/mvebio.com\/wp-content\/uploads\/sites\/4\/2023\/12\/MVE-BL7-Box-1.jpg\",\"width\":1200,\"height\":562,\"caption\":\"BL7\"},{\"@type\":\"BreadcrumbList\",\"@id\":\"https:\/\/mvebio.com\/de\/unsere-produkte\/lebenswissenschaften-aluminium\/#breadcrumb\",\"itemListElement\":[{\"@type\":\"ListItem\",\"position\":1,\"name\":\"Startseite\",\"item\":\"https:\/\/mvebio.com\/de\/homepage\/\"},{\"@type\":\"ListItem\",\"position\":2,\"name\":\"Unsere Produkte\",\"item\":\"https:\/\/mvebio.com\/de\/unsere-produkte\/\"},{\"@type\":\"ListItem\",\"position\":3,\"name\":\"Lebenswissenschaften (Aluminium)\"}]},{\"@type\":\"WebSite\",\"@id\":\"https:\/\/mvebio.com\/de\/#website\",\"url\":\"https:\/\/mvebio.com\/de\/\",\"name\":\"MVE Biological Solutions\",\"description\":\"Cryogenic freezers and dewars\",\"publisher\":{\"@id\":\"https:\/\/mvebio.com\/de\/#organization\"},\"alternateName\":\"MVE Bio\",\"potentialAction\":[{\"@type\":\"SearchAction\",\"target\":{\"@type\":\"EntryPoint\",\"urlTemplate\":\"https:\/\/mvebio.com\/de\/?s={search_term_string}\"},\"query-input\":{\"@type\":\"PropertyValueSpecification\",\"valueRequired\":true,\"valueName\":\"search_term_string\"}}],\"inLanguage\":\"de\"},{\"@type\":\"Organization\",\"@id\":\"https:\/\/mvebio.com\/de\/#organization\",\"name\":\"MVE Biological Solutions\",\"alternateName\":\"MVE Bio\",\"url\":\"https:\/\/mvebio.com\/de\/\",\"logo\":{\"@type\":\"ImageObject\",\"inLanguage\":\"de\",\"@id\":\"https:\/\/mvebio.com\/de\/#\/schema\/logo\/image\/\",\"url\":\"https:\/\/mvebio.com\/wp-content\/uploads\/sites\/4\/2023\/12\/mve-square.png\",\"contentUrl\":\"https:\/\/mvebio.com\/wp-content\/uploads\/sites\/4\/2023\/12\/mve-square.png\",\"width\":1200,\"height\":1200,\"caption\":\"MVE Biological Solutions\"},\"image\":{\"@id\":\"https:\/\/mvebio.com\/de\/#\/schema\/logo\/image\/\"},\"sameAs\":[\"https:\/\/x.com\/MveBioSolutions\",\"https:\/\/www.linkedin.com\/company\/mvebio\/\"]}]}<\/script>\n<!-- \/ Yoast SEO plugin. -->","yoast_head_json":{"title":"Lebenswissenschaften (Aluminium) - MVE Biological Solutions","description":"Bei MVE trifft Exzellenz auf Vielseitigkeit in unserem Angebot an Aluminiumprodukten, die auf die dynamischen Bed\u00fcrfnisse von Life-Science-Anwendungen zugeschnitten sind. Unsere Aluminiuml\u00f6sungen stehen an der Spitze der Innovation und bieten Ihnen unvergleichliche Zuverl\u00e4ssigkeit und Langlebigkeit f\u00fcr die sichere Aufbewahrung und den Transport von kritischen biologischen Proben. Wir wissen, dass Pr\u00e4zision in den Biowissenschaften eine entscheidende Rolle spielt, und unsere Aluminiumprodukte wurden so entwickelt, dass sie die anspruchsvollen Standards der Branche erf\u00fcllen und \u00fcbertreffen.","robots":{"index":"index","follow":"follow","max-snippet":"max-snippet:-1","max-image-preview":"max-image-preview:large","max-video-preview":"max-video-preview:-1"},"canonical":"https:\/\/mvebio.com\/de\/unsere-produkte\/lebenswissenschaften-aluminium\/","og_locale":"de_DE","og_type":"article","og_title":"Lebenswissenschaften (Aluminium) - MVE Biological Solutions","og_description":"Bei MVE trifft Exzellenz auf Vielseitigkeit in unserem Angebot an Aluminiumprodukten, die auf die dynamischen Bed\u00fcrfnisse von Life-Science-Anwendungen zugeschnitten sind. Unsere Aluminiuml\u00f6sungen stehen an der Spitze der Innovation und bieten Ihnen unvergleichliche Zuverl\u00e4ssigkeit und Langlebigkeit f\u00fcr die sichere Aufbewahrung und den Transport von kritischen biologischen Proben. Wir wissen, dass Pr\u00e4zision in den Biowissenschaften eine entscheidende Rolle spielt, und unsere Aluminiumprodukte wurden so entwickelt, dass sie die anspruchsvollen Standards der Branche erf\u00fcllen und \u00fcbertreffen.","og_url":"https:\/\/mvebio.com\/de\/unsere-produkte\/lebenswissenschaften-aluminium\/","og_site_name":"MVE Biological Solutions","article_modified_time":"2026-02-18T16:16:53+00:00","og_image":[{"width":1200,"height":562,"url":"https:\/\/mvebio.com\/wp-content\/uploads\/sites\/4\/2023\/12\/MVE-BL7-Box-1.jpg","type":"image\/jpeg"}],"twitter_card":"summary_large_image","twitter_site":"@MveBioSolutions","schema":{"@context":"https:\/\/schema.org","@graph":[{"@type":"WebPage","@id":"https:\/\/mvebio.com\/de\/unsere-produkte\/lebenswissenschaften-aluminium\/","url":"https:\/\/mvebio.com\/de\/unsere-produkte\/lebenswissenschaften-aluminium\/","name":"Lebenswissenschaften (Aluminium) - MVE Biological Solutions","isPartOf":{"@id":"https:\/\/mvebio.com\/de\/#website"},"primaryImageOfPage":{"@id":"https:\/\/mvebio.com\/de\/unsere-produkte\/lebenswissenschaften-aluminium\/#primaryimage"},"image":{"@id":"https:\/\/mvebio.com\/de\/unsere-produkte\/lebenswissenschaften-aluminium\/#primaryimage"},"thumbnailUrl":"https:\/\/mvebio.com\/wp-content\/uploads\/sites\/4\/2023\/12\/MVE-BL7-Box-1.jpg","datePublished":"2022-09-28T10:12:47+00:00","dateModified":"2026-02-18T16:16:53+00:00","description":"Bei MVE trifft Exzellenz auf Vielseitigkeit in unserem Angebot an Aluminiumprodukten, die auf die dynamischen Bed\u00fcrfnisse von Life-Science-Anwendungen zugeschnitten sind. Unsere Aluminiuml\u00f6sungen stehen an der Spitze der Innovation und bieten Ihnen unvergleichliche Zuverl\u00e4ssigkeit und Langlebigkeit f\u00fcr die sichere Aufbewahrung und den Transport von kritischen biologischen Proben. Wir wissen, dass Pr\u00e4zision in den Biowissenschaften eine entscheidende Rolle spielt, und unsere Aluminiumprodukte wurden so entwickelt, dass sie die anspruchsvollen Standards der Branche erf\u00fcllen und \u00fcbertreffen.","breadcrumb":{"@id":"https:\/\/mvebio.com\/de\/unsere-produkte\/lebenswissenschaften-aluminium\/#breadcrumb"},"inLanguage":"de","potentialAction":[{"@type":"ReadAction","target":["https:\/\/mvebio.com\/de\/unsere-produkte\/lebenswissenschaften-aluminium\/"]}]},{"@type":"ImageObject","inLanguage":"de","@id":"https:\/\/mvebio.com\/de\/unsere-produkte\/lebenswissenschaften-aluminium\/#primaryimage","url":"https:\/\/mvebio.com\/wp-content\/uploads\/sites\/4\/2023\/12\/MVE-BL7-Box-1.jpg","contentUrl":"https:\/\/mvebio.com\/wp-content\/uploads\/sites\/4\/2023\/12\/MVE-BL7-Box-1.jpg","width":1200,"height":562,"caption":"BL7"},{"@type":"BreadcrumbList","@id":"https:\/\/mvebio.com\/de\/unsere-produkte\/lebenswissenschaften-aluminium\/#breadcrumb","itemListElement":[{"@type":"ListItem","position":1,"name":"Startseite","item":"https:\/\/mvebio.com\/de\/homepage\/"},{"@type":"ListItem","position":2,"name":"Unsere Produkte","item":"https:\/\/mvebio.com\/de\/unsere-produkte\/"},{"@type":"ListItem","position":3,"name":"Lebenswissenschaften (Aluminium)"}]},{"@type":"WebSite","@id":"https:\/\/mvebio.com\/de\/#website","url":"https:\/\/mvebio.com\/de\/","name":"MVE Biological Solutions","description":"Cryogenic freezers and dewars","publisher":{"@id":"https:\/\/mvebio.com\/de\/#organization"},"alternateName":"MVE Bio","potentialAction":[{"@type":"SearchAction","target":{"@type":"EntryPoint","urlTemplate":"https:\/\/mvebio.com\/de\/?s={search_term_string}"},"query-input":{"@type":"PropertyValueSpecification","valueRequired":true,"valueName":"search_term_string"}}],"inLanguage":"de"},{"@type":"Organization","@id":"https:\/\/mvebio.com\/de\/#organization","name":"MVE Biological Solutions","alternateName":"MVE Bio","url":"https:\/\/mvebio.com\/de\/","logo":{"@type":"ImageObject","inLanguage":"de","@id":"https:\/\/mvebio.com\/de\/#\/schema\/logo\/image\/","url":"https:\/\/mvebio.com\/wp-content\/uploads\/sites\/4\/2023\/12\/mve-square.png","contentUrl":"https:\/\/mvebio.com\/wp-content\/uploads\/sites\/4\/2023\/12\/mve-square.png","width":1200,"height":1200,"caption":"MVE Biological Solutions"},"image":{"@id":"https:\/\/mvebio.com\/de\/#\/schema\/logo\/image\/"},"sameAs":["https:\/\/x.com\/MveBioSolutions","https:\/\/www.linkedin.com\/company\/mvebio\/"]}]}},"_links":{"self":[{"href":"https:\/\/mvebio.com\/de\/wp-json\/wp\/v2\/pages\/12712","targetHints":{"allow":["GET"]}}],"collection":[{"href":"https:\/\/mvebio.com\/de\/wp-json\/wp\/v2\/pages"}],"about":[{"href":"https:\/\/mvebio.com\/de\/wp-json\/wp\/v2\/types\/page"}],"author":[{"embeddable":true,"href":"https:\/\/mvebio.com\/de\/wp-json\/wp\/v2\/users\/1"}],"replies":[{"embeddable":true,"href":"https:\/\/mvebio.com\/de\/wp-json\/wp\/v2\/comments?post=12712"}],"version-history":[{"count":1,"href":"https:\/\/mvebio.com\/de\/wp-json\/wp\/v2\/pages\/12712\/revisions"}],"predecessor-version":[{"id":12785,"href":"https:\/\/mvebio.com\/de\/wp-json\/wp\/v2\/pages\/12712\/revisions\/12785"}],"up":[{"embeddable":true,"href":"https:\/\/mvebio.com\/de\/wp-json\/wp\/v2\/pages\/12784"}],"wp:featuredmedia":[{"embeddable":true,"href":"https:\/\/mvebio.com\/de\/wp-json\/wp\/v2\/media\/10557"}],"wp:attachment":[{"href":"https:\/\/mvebio.com\/de\/wp-json\/wp\/v2\/media?parent=12712"}],"curies":[{"name":"wp","href":"https:\/\/api.w.org\/{rel}","templated":true}]}}