{"id":12704,"date":"2023-11-02T15:06:48","date_gmt":"2023-11-02T15:06:48","guid":{"rendered":"https:\/\/mvebio.com\/zuechter-gefrierschraenke\/mve-stock-series\/"},"modified":"2026-02-18T10:41:45","modified_gmt":"2026-02-18T15:41:45","slug":"mve-aktienserie","status":"publish","type":"page","link":"https:\/\/mvebio.com\/de\/unsere-produkte\/zuechter-gefrierschraenke\/mve-aktienserie\/","title":{"rendered":"MVE Stock Series"},"content":{"rendered":"","protected":false},"excerpt":{"rendered":"<p>Sichere Lagerung von Embryonen und Bullensperma f\u00fcr den Tierhaltungssektor<\/p>\n","protected":false},"author":1,"featured_media":10530,"parent":12677,"menu_order":0,"comment_status":"closed","ping_status":"closed","template":"","meta":{"_acf_changed":false,"footnotes":""},"class_list":["post-12704","page","type-page","status-publish","has-post-thumbnail","hentry"],"acf":[],"yoast_head":"<!-- This site is optimized with the Yoast SEO plugin v27.2 - https:\/\/yoast.com\/product\/yoast-seo-wordpress\/ -->\n<title>MVE Stock Series - MVE Biological Solutions<\/title>\n<meta name=\"description\" content=\"Ideale Gefriertruhe f\u00fcr die Lagerung Ihrer Elite-Keimlinge. Die kryogenen Gefrierschr\u00e4nke der MVE Stock-Serie sind die ultimative L\u00f6sung f\u00fcr die Lagerung von Zuchttieren in gro\u00dfen Mengen. Die Gefrierschr\u00e4nke der MVE Stock Series wurden mit Blick auf Effizienz entwickelt und verf\u00fcgen \u00fcber eine breite Hals\u00f6ffnung f\u00fcr einfachen Zugang bei Pull-and-Pack-Lieferungen. Wenn Ihre bew\u00e4hrten Bullen aus der Aluminium-Dewar-Lagerung herauswachsen, sind die Gefrierschr\u00e4nke der Stock-Serie eine kluge Investition, um Ihre Genetik langfristig in gro\u00dfen Mengen zu sichern.\" \/>\n<meta name=\"robots\" content=\"index, follow, max-snippet:-1, max-image-preview:large, max-video-preview:-1\" \/>\n<link rel=\"canonical\" href=\"https:\/\/mvebio.com\/de\/unsere-produkte\/zuechter-gefrierschraenke\/mve-aktienserie\/\" \/>\n<meta property=\"og:locale\" content=\"de_DE\" \/>\n<meta property=\"og:type\" content=\"article\" \/>\n<meta property=\"og:title\" content=\"MVE Stock Series - MVE Biological Solutions\" \/>\n<meta property=\"og:description\" content=\"Ideale Gefriertruhe f\u00fcr die Lagerung Ihrer Elite-Keimlinge. Die kryogenen Gefrierschr\u00e4nke der MVE Stock-Serie sind die ultimative L\u00f6sung f\u00fcr die Lagerung von Zuchttieren in gro\u00dfen Mengen. Die Gefrierschr\u00e4nke der MVE Stock Series wurden mit Blick auf Effizienz entwickelt und verf\u00fcgen \u00fcber eine breite Hals\u00f6ffnung f\u00fcr einfachen Zugang bei Pull-and-Pack-Lieferungen. Wenn Ihre bew\u00e4hrten Bullen aus der Aluminium-Dewar-Lagerung herauswachsen, sind die Gefrierschr\u00e4nke der Stock-Serie eine kluge Investition, um Ihre Genetik langfristig in gro\u00dfen Mengen zu sichern.\" \/>\n<meta property=\"og:url\" content=\"https:\/\/mvebio.com\/de\/unsere-produkte\/zuechter-gefrierschraenke\/mve-aktienserie\/\" \/>\n<meta property=\"og:site_name\" content=\"MVE Biological Solutions\" \/>\n<meta property=\"article:modified_time\" content=\"2026-02-18T15:41:45+00:00\" \/>\n<meta property=\"og:image\" content=\"https:\/\/mvebio.com\/wp-content\/uploads\/sites\/4\/2023\/12\/800-Series-190-816P-190-1.jpg\" \/>\n\t<meta property=\"og:image:width\" content=\"1200\" \/>\n\t<meta property=\"og:image:height\" content=\"563\" \/>\n\t<meta property=\"og:image:type\" content=\"image\/jpeg\" \/>\n<meta name=\"twitter:card\" content=\"summary_large_image\" \/>\n<meta name=\"twitter:site\" content=\"@MveBioSolutions\" \/>\n<meta name=\"twitter:label1\" content=\"Gesch\u00e4tzte Lesezeit\" \/>\n\t<meta name=\"twitter:data1\" content=\"4\u00a0Minuten\" \/>\n<script type=\"application\/ld+json\" class=\"yoast-schema-graph\">{\"@context\":\"https:\/\/schema.org\",\"@graph\":[{\"@type\":\"WebPage\",\"@id\":\"https:\/\/mvebio.com\/de\/unsere-produkte\/zuechter-gefrierschraenke\/mve-aktienserie\/\",\"url\":\"https:\/\/mvebio.com\/de\/unsere-produkte\/zuechter-gefrierschraenke\/mve-aktienserie\/\",\"name\":\"MVE Stock Series - MVE Biological Solutions\",\"isPartOf\":{\"@id\":\"https:\/\/mvebio.com\/de\/#website\"},\"primaryImageOfPage\":{\"@id\":\"https:\/\/mvebio.com\/de\/unsere-produkte\/zuechter-gefrierschraenke\/mve-aktienserie\/#primaryimage\"},\"image\":{\"@id\":\"https:\/\/mvebio.com\/de\/unsere-produkte\/zuechter-gefrierschraenke\/mve-aktienserie\/#primaryimage\"},\"thumbnailUrl\":\"https:\/\/mvebio.com\/wp-content\/uploads\/sites\/4\/2023\/12\/800-Series-190-816P-190-1.jpg\",\"datePublished\":\"2023-11-02T15:06:48+00:00\",\"dateModified\":\"2026-02-18T15:41:45+00:00\",\"description\":\"Ideale Gefriertruhe f\u00fcr die Lagerung Ihrer Elite-Keimlinge. Die kryogenen Gefrierschr\u00e4nke der MVE Stock-Serie sind die ultimative L\u00f6sung f\u00fcr die Lagerung von Zuchttieren in gro\u00dfen Mengen. Die Gefrierschr\u00e4nke der MVE Stock Series wurden mit Blick auf Effizienz entwickelt und verf\u00fcgen \u00fcber eine breite Hals\u00f6ffnung f\u00fcr einfachen Zugang bei Pull-and-Pack-Lieferungen. Wenn Ihre bew\u00e4hrten Bullen aus der Aluminium-Dewar-Lagerung herauswachsen, sind die Gefrierschr\u00e4nke der Stock-Serie eine kluge Investition, um Ihre Genetik langfristig in gro\u00dfen Mengen zu sichern.\",\"breadcrumb\":{\"@id\":\"https:\/\/mvebio.com\/de\/unsere-produkte\/zuechter-gefrierschraenke\/mve-aktienserie\/#breadcrumb\"},\"inLanguage\":\"de\",\"potentialAction\":[{\"@type\":\"ReadAction\",\"target\":[\"https:\/\/mvebio.com\/de\/unsere-produkte\/zuechter-gefrierschraenke\/mve-aktienserie\/\"]}]},{\"@type\":\"ImageObject\",\"inLanguage\":\"de\",\"@id\":\"https:\/\/mvebio.com\/de\/unsere-produkte\/zuechter-gefrierschraenke\/mve-aktienserie\/#primaryimage\",\"url\":\"https:\/\/mvebio.com\/wp-content\/uploads\/sites\/4\/2023\/12\/800-Series-190-816P-190-1.jpg\",\"contentUrl\":\"https:\/\/mvebio.com\/wp-content\/uploads\/sites\/4\/2023\/12\/800-Series-190-816P-190-1.jpg\",\"width\":1200,\"height\":563,\"caption\":\"Serie 800\"},{\"@type\":\"BreadcrumbList\",\"@id\":\"https:\/\/mvebio.com\/de\/unsere-produkte\/zuechter-gefrierschraenke\/mve-aktienserie\/#breadcrumb\",\"itemListElement\":[{\"@type\":\"ListItem\",\"position\":1,\"name\":\"Startseite\",\"item\":\"https:\/\/mvebio.com\/de\/homepage\/\"},{\"@type\":\"ListItem\",\"position\":2,\"name\":\"Unsere Produkte\",\"item\":\"https:\/\/mvebio.com\/de\/unsere-produkte\/\"},{\"@type\":\"ListItem\",\"position\":3,\"name\":\"Z\u00fcchter (Gefrierschr\u00e4nke)\",\"item\":\"https:\/\/mvebio.com\/de\/unsere-produkte\/zuechter-gefrierschraenke\/\"},{\"@type\":\"ListItem\",\"position\":4,\"name\":\"MVE Stock Series\"}]},{\"@type\":\"WebSite\",\"@id\":\"https:\/\/mvebio.com\/de\/#website\",\"url\":\"https:\/\/mvebio.com\/de\/\",\"name\":\"MVE Biological Solutions\",\"description\":\"Cryogenic freezers and dewars\",\"publisher\":{\"@id\":\"https:\/\/mvebio.com\/de\/#organization\"},\"alternateName\":\"MVE Bio\",\"potentialAction\":[{\"@type\":\"SearchAction\",\"target\":{\"@type\":\"EntryPoint\",\"urlTemplate\":\"https:\/\/mvebio.com\/de\/?s={search_term_string}\"},\"query-input\":{\"@type\":\"PropertyValueSpecification\",\"valueRequired\":true,\"valueName\":\"search_term_string\"}}],\"inLanguage\":\"de\"},{\"@type\":\"Organization\",\"@id\":\"https:\/\/mvebio.com\/de\/#organization\",\"name\":\"MVE Biological Solutions\",\"alternateName\":\"MVE Bio\",\"url\":\"https:\/\/mvebio.com\/de\/\",\"logo\":{\"@type\":\"ImageObject\",\"inLanguage\":\"de\",\"@id\":\"https:\/\/mvebio.com\/de\/#\/schema\/logo\/image\/\",\"url\":\"https:\/\/mvebio.com\/wp-content\/uploads\/sites\/4\/2023\/12\/mve-square.png\",\"contentUrl\":\"https:\/\/mvebio.com\/wp-content\/uploads\/sites\/4\/2023\/12\/mve-square.png\",\"width\":1200,\"height\":1200,\"caption\":\"MVE Biological Solutions\"},\"image\":{\"@id\":\"https:\/\/mvebio.com\/de\/#\/schema\/logo\/image\/\"},\"sameAs\":[\"https:\/\/x.com\/MveBioSolutions\",\"https:\/\/www.linkedin.com\/company\/mvebio\/\"]}]}<\/script>\n<!-- \/ Yoast SEO plugin. -->","yoast_head_json":{"title":"MVE Stock Series - MVE Biological Solutions","description":"Ideale Gefriertruhe f\u00fcr die Lagerung Ihrer Elite-Keimlinge. Die kryogenen Gefrierschr\u00e4nke der MVE Stock-Serie sind die ultimative L\u00f6sung f\u00fcr die Lagerung von Zuchttieren in gro\u00dfen Mengen. Die Gefrierschr\u00e4nke der MVE Stock Series wurden mit Blick auf Effizienz entwickelt und verf\u00fcgen \u00fcber eine breite Hals\u00f6ffnung f\u00fcr einfachen Zugang bei Pull-and-Pack-Lieferungen. Wenn Ihre bew\u00e4hrten Bullen aus der Aluminium-Dewar-Lagerung herauswachsen, sind die Gefrierschr\u00e4nke der Stock-Serie eine kluge Investition, um Ihre Genetik langfristig in gro\u00dfen Mengen zu sichern.","robots":{"index":"index","follow":"follow","max-snippet":"max-snippet:-1","max-image-preview":"max-image-preview:large","max-video-preview":"max-video-preview:-1"},"canonical":"https:\/\/mvebio.com\/de\/unsere-produkte\/zuechter-gefrierschraenke\/mve-aktienserie\/","og_locale":"de_DE","og_type":"article","og_title":"MVE Stock Series - MVE Biological Solutions","og_description":"Ideale Gefriertruhe f\u00fcr die Lagerung Ihrer Elite-Keimlinge. Die kryogenen Gefrierschr\u00e4nke der MVE Stock-Serie sind die ultimative L\u00f6sung f\u00fcr die Lagerung von Zuchttieren in gro\u00dfen Mengen. Die Gefrierschr\u00e4nke der MVE Stock Series wurden mit Blick auf Effizienz entwickelt und verf\u00fcgen \u00fcber eine breite Hals\u00f6ffnung f\u00fcr einfachen Zugang bei Pull-and-Pack-Lieferungen. Wenn Ihre bew\u00e4hrten Bullen aus der Aluminium-Dewar-Lagerung herauswachsen, sind die Gefrierschr\u00e4nke der Stock-Serie eine kluge Investition, um Ihre Genetik langfristig in gro\u00dfen Mengen zu sichern.","og_url":"https:\/\/mvebio.com\/de\/unsere-produkte\/zuechter-gefrierschraenke\/mve-aktienserie\/","og_site_name":"MVE Biological Solutions","article_modified_time":"2026-02-18T15:41:45+00:00","og_image":[{"width":1200,"height":563,"url":"https:\/\/mvebio.com\/wp-content\/uploads\/sites\/4\/2023\/12\/800-Series-190-816P-190-1.jpg","type":"image\/jpeg"}],"twitter_card":"summary_large_image","twitter_site":"@MveBioSolutions","twitter_misc":{"Gesch\u00e4tzte Lesezeit":"4\u00a0Minuten"},"schema":{"@context":"https:\/\/schema.org","@graph":[{"@type":"WebPage","@id":"https:\/\/mvebio.com\/de\/unsere-produkte\/zuechter-gefrierschraenke\/mve-aktienserie\/","url":"https:\/\/mvebio.com\/de\/unsere-produkte\/zuechter-gefrierschraenke\/mve-aktienserie\/","name":"MVE Stock Series - MVE Biological Solutions","isPartOf":{"@id":"https:\/\/mvebio.com\/de\/#website"},"primaryImageOfPage":{"@id":"https:\/\/mvebio.com\/de\/unsere-produkte\/zuechter-gefrierschraenke\/mve-aktienserie\/#primaryimage"},"image":{"@id":"https:\/\/mvebio.com\/de\/unsere-produkte\/zuechter-gefrierschraenke\/mve-aktienserie\/#primaryimage"},"thumbnailUrl":"https:\/\/mvebio.com\/wp-content\/uploads\/sites\/4\/2023\/12\/800-Series-190-816P-190-1.jpg","datePublished":"2023-11-02T15:06:48+00:00","dateModified":"2026-02-18T15:41:45+00:00","description":"Ideale Gefriertruhe f\u00fcr die Lagerung Ihrer Elite-Keimlinge. Die kryogenen Gefrierschr\u00e4nke der MVE Stock-Serie sind die ultimative L\u00f6sung f\u00fcr die Lagerung von Zuchttieren in gro\u00dfen Mengen. Die Gefrierschr\u00e4nke der MVE Stock Series wurden mit Blick auf Effizienz entwickelt und verf\u00fcgen \u00fcber eine breite Hals\u00f6ffnung f\u00fcr einfachen Zugang bei Pull-and-Pack-Lieferungen. Wenn Ihre bew\u00e4hrten Bullen aus der Aluminium-Dewar-Lagerung herauswachsen, sind die Gefrierschr\u00e4nke der Stock-Serie eine kluge Investition, um Ihre Genetik langfristig in gro\u00dfen Mengen zu sichern.","breadcrumb":{"@id":"https:\/\/mvebio.com\/de\/unsere-produkte\/zuechter-gefrierschraenke\/mve-aktienserie\/#breadcrumb"},"inLanguage":"de","potentialAction":[{"@type":"ReadAction","target":["https:\/\/mvebio.com\/de\/unsere-produkte\/zuechter-gefrierschraenke\/mve-aktienserie\/"]}]},{"@type":"ImageObject","inLanguage":"de","@id":"https:\/\/mvebio.com\/de\/unsere-produkte\/zuechter-gefrierschraenke\/mve-aktienserie\/#primaryimage","url":"https:\/\/mvebio.com\/wp-content\/uploads\/sites\/4\/2023\/12\/800-Series-190-816P-190-1.jpg","contentUrl":"https:\/\/mvebio.com\/wp-content\/uploads\/sites\/4\/2023\/12\/800-Series-190-816P-190-1.jpg","width":1200,"height":563,"caption":"Serie 800"},{"@type":"BreadcrumbList","@id":"https:\/\/mvebio.com\/de\/unsere-produkte\/zuechter-gefrierschraenke\/mve-aktienserie\/#breadcrumb","itemListElement":[{"@type":"ListItem","position":1,"name":"Startseite","item":"https:\/\/mvebio.com\/de\/homepage\/"},{"@type":"ListItem","position":2,"name":"Unsere Produkte","item":"https:\/\/mvebio.com\/de\/unsere-produkte\/"},{"@type":"ListItem","position":3,"name":"Z\u00fcchter (Gefrierschr\u00e4nke)","item":"https:\/\/mvebio.com\/de\/unsere-produkte\/zuechter-gefrierschraenke\/"},{"@type":"ListItem","position":4,"name":"MVE Stock Series"}]},{"@type":"WebSite","@id":"https:\/\/mvebio.com\/de\/#website","url":"https:\/\/mvebio.com\/de\/","name":"MVE Biological Solutions","description":"Cryogenic freezers and dewars","publisher":{"@id":"https:\/\/mvebio.com\/de\/#organization"},"alternateName":"MVE Bio","potentialAction":[{"@type":"SearchAction","target":{"@type":"EntryPoint","urlTemplate":"https:\/\/mvebio.com\/de\/?s={search_term_string}"},"query-input":{"@type":"PropertyValueSpecification","valueRequired":true,"valueName":"search_term_string"}}],"inLanguage":"de"},{"@type":"Organization","@id":"https:\/\/mvebio.com\/de\/#organization","name":"MVE Biological Solutions","alternateName":"MVE Bio","url":"https:\/\/mvebio.com\/de\/","logo":{"@type":"ImageObject","inLanguage":"de","@id":"https:\/\/mvebio.com\/de\/#\/schema\/logo\/image\/","url":"https:\/\/mvebio.com\/wp-content\/uploads\/sites\/4\/2023\/12\/mve-square.png","contentUrl":"https:\/\/mvebio.com\/wp-content\/uploads\/sites\/4\/2023\/12\/mve-square.png","width":1200,"height":1200,"caption":"MVE Biological Solutions"},"image":{"@id":"https:\/\/mvebio.com\/de\/#\/schema\/logo\/image\/"},"sameAs":["https:\/\/x.com\/MveBioSolutions","https:\/\/www.linkedin.com\/company\/mvebio\/"]}]}},"_links":{"self":[{"href":"https:\/\/mvebio.com\/de\/wp-json\/wp\/v2\/pages\/12704","targetHints":{"allow":["GET"]}}],"collection":[{"href":"https:\/\/mvebio.com\/de\/wp-json\/wp\/v2\/pages"}],"about":[{"href":"https:\/\/mvebio.com\/de\/wp-json\/wp\/v2\/types\/page"}],"author":[{"embeddable":true,"href":"https:\/\/mvebio.com\/de\/wp-json\/wp\/v2\/users\/1"}],"replies":[{"embeddable":true,"href":"https:\/\/mvebio.com\/de\/wp-json\/wp\/v2\/comments?post=12704"}],"version-history":[{"count":3,"href":"https:\/\/mvebio.com\/de\/wp-json\/wp\/v2\/pages\/12704\/revisions"}],"predecessor-version":[{"id":14485,"href":"https:\/\/mvebio.com\/de\/wp-json\/wp\/v2\/pages\/12704\/revisions\/14485"}],"up":[{"embeddable":true,"href":"https:\/\/mvebio.com\/de\/wp-json\/wp\/v2\/pages\/12677"}],"wp:featuredmedia":[{"embeddable":true,"href":"https:\/\/mvebio.com\/de\/wp-json\/wp\/v2\/media\/10530"}],"wp:attachment":[{"href":"https:\/\/mvebio.com\/de\/wp-json\/wp\/v2\/media?parent=12704"}],"curies":[{"name":"wp","href":"https:\/\/api.w.org\/{rel}","templated":true}]}}