{"id":12702,"date":"2023-03-30T11:07:53","date_gmt":"2023-03-30T10:07:53","guid":{"rendered":"https:\/\/mvebio.com\/mve-et-series\/"},"modified":"2026-02-18T10:41:46","modified_gmt":"2026-02-18T15:41:46","slug":"mve-et-serie","status":"publish","type":"page","link":"https:\/\/mvebio.com\/de\/unsere-produkte\/zuechter-aluminium\/mve-et-serie\/","title":{"rendered":"MVE ET Series"},"content":{"rendered":"","protected":false},"excerpt":{"rendered":"<p>Wir stellen unseren preisg\u00fcnstigen Dewar vor &#8211; mit Qualit\u00e4tsdesign und -verarbeitung der Marke MVE<\/p>\n","protected":false},"author":1,"featured_media":10654,"parent":12751,"menu_order":0,"comment_status":"closed","ping_status":"closed","template":"","meta":{"_acf_changed":false,"footnotes":""},"class_list":["post-12702","page","type-page","status-publish","has-post-thumbnail","hentry"],"acf":[],"yoast_head":"<!-- This site is optimized with the Yoast SEO plugin v27.2 - https:\/\/yoast.com\/product\/yoast-seo-wordpress\/ -->\n<title>MVE ET Series - MVE Biological Solutions<\/title>\n<meta name=\"description\" content=\"Die Design-Experten von MVE haben jetzt eine Reihe von wirtschaftlichen und kosteneffektiven Dewars speziell f\u00fcr den Einsatz in landwirtschaftlichen Betrieben entwickelt - und dabei an den Techniker f\u00fcr k\u00fcnstliche Besamung gedacht. Jede Komponente wurde pr\u00e4zise entwickelt, um einen globalen, kosteng\u00fcnstigen Samentank zu produzieren, w\u00e4hrend die gleichbleibende Qualit\u00e4t auf h\u00f6chstem Niveau gehalten wurde, damit die Serie den Namen MVE tragen kann.\" \/>\n<meta name=\"robots\" content=\"index, follow, max-snippet:-1, max-image-preview:large, max-video-preview:-1\" \/>\n<link rel=\"canonical\" href=\"https:\/\/mvebio.com\/de\/unsere-produkte\/zuechter-aluminium\/mve-et-serie\/\" \/>\n<meta property=\"og:locale\" content=\"de_DE\" \/>\n<meta property=\"og:type\" content=\"article\" \/>\n<meta property=\"og:title\" content=\"MVE ET Series - MVE Biological Solutions\" \/>\n<meta property=\"og:description\" content=\"Die Design-Experten von MVE haben jetzt eine Reihe von wirtschaftlichen und kosteneffektiven Dewars speziell f\u00fcr den Einsatz in landwirtschaftlichen Betrieben entwickelt - und dabei an den Techniker f\u00fcr k\u00fcnstliche Besamung gedacht. Jede Komponente wurde pr\u00e4zise entwickelt, um einen globalen, kosteng\u00fcnstigen Samentank zu produzieren, w\u00e4hrend die gleichbleibende Qualit\u00e4t auf h\u00f6chstem Niveau gehalten wurde, damit die Serie den Namen MVE tragen kann.\" \/>\n<meta property=\"og:url\" content=\"https:\/\/mvebio.com\/de\/unsere-produkte\/zuechter-aluminium\/mve-et-serie\/\" \/>\n<meta property=\"og:site_name\" content=\"MVE Biological Solutions\" \/>\n<meta property=\"article:modified_time\" content=\"2026-02-18T15:41:46+00:00\" \/>\n<meta property=\"og:image\" content=\"https:\/\/mvebio.com\/wp-content\/uploads\/sites\/4\/2023\/12\/group-ET-tanks-scaled-feature.jpg\" \/>\n\t<meta property=\"og:image:width\" content=\"1200\" \/>\n\t<meta property=\"og:image:height\" content=\"563\" \/>\n\t<meta property=\"og:image:type\" content=\"image\/jpeg\" \/>\n<meta name=\"twitter:card\" content=\"summary_large_image\" \/>\n<meta name=\"twitter:site\" content=\"@MveBioSolutions\" \/>\n<meta name=\"twitter:label1\" content=\"Gesch\u00e4tzte Lesezeit\" \/>\n\t<meta name=\"twitter:data1\" content=\"6\u00a0Minuten\" \/>\n<script type=\"application\/ld+json\" class=\"yoast-schema-graph\">{\"@context\":\"https:\/\/schema.org\",\"@graph\":[{\"@type\":\"WebPage\",\"@id\":\"https:\/\/mvebio.com\/de\/unsere-produkte\/zuechter-aluminium\/mve-et-serie\/\",\"url\":\"https:\/\/mvebio.com\/de\/unsere-produkte\/zuechter-aluminium\/mve-et-serie\/\",\"name\":\"MVE ET Series - MVE Biological Solutions\",\"isPartOf\":{\"@id\":\"https:\/\/mvebio.com\/de\/#website\"},\"primaryImageOfPage\":{\"@id\":\"https:\/\/mvebio.com\/de\/unsere-produkte\/zuechter-aluminium\/mve-et-serie\/#primaryimage\"},\"image\":{\"@id\":\"https:\/\/mvebio.com\/de\/unsere-produkte\/zuechter-aluminium\/mve-et-serie\/#primaryimage\"},\"thumbnailUrl\":\"https:\/\/mvebio.com\/wp-content\/uploads\/sites\/4\/2023\/12\/group-ET-tanks-scaled-feature.jpg\",\"datePublished\":\"2023-03-30T10:07:53+00:00\",\"dateModified\":\"2026-02-18T15:41:46+00:00\",\"description\":\"Die Design-Experten von MVE haben jetzt eine Reihe von wirtschaftlichen und kosteneffektiven Dewars speziell f\u00fcr den Einsatz in landwirtschaftlichen Betrieben entwickelt - und dabei an den Techniker f\u00fcr k\u00fcnstliche Besamung gedacht. Jede Komponente wurde pr\u00e4zise entwickelt, um einen globalen, kosteng\u00fcnstigen Samentank zu produzieren, w\u00e4hrend die gleichbleibende Qualit\u00e4t auf h\u00f6chstem Niveau gehalten wurde, damit die Serie den Namen MVE tragen kann.\",\"breadcrumb\":{\"@id\":\"https:\/\/mvebio.com\/de\/unsere-produkte\/zuechter-aluminium\/mve-et-serie\/#breadcrumb\"},\"inLanguage\":\"de\",\"potentialAction\":[{\"@type\":\"ReadAction\",\"target\":[\"https:\/\/mvebio.com\/de\/unsere-produkte\/zuechter-aluminium\/mve-et-serie\/\"]}]},{\"@type\":\"ImageObject\",\"inLanguage\":\"de\",\"@id\":\"https:\/\/mvebio.com\/de\/unsere-produkte\/zuechter-aluminium\/mve-et-serie\/#primaryimage\",\"url\":\"https:\/\/mvebio.com\/wp-content\/uploads\/sites\/4\/2023\/12\/group-ET-tanks-scaled-feature.jpg\",\"contentUrl\":\"https:\/\/mvebio.com\/wp-content\/uploads\/sites\/4\/2023\/12\/group-ET-tanks-scaled-feature.jpg\",\"width\":1200,\"height\":563,\"caption\":\"ET-Tanks\"},{\"@type\":\"BreadcrumbList\",\"@id\":\"https:\/\/mvebio.com\/de\/unsere-produkte\/zuechter-aluminium\/mve-et-serie\/#breadcrumb\",\"itemListElement\":[{\"@type\":\"ListItem\",\"position\":1,\"name\":\"Startseite\",\"item\":\"https:\/\/mvebio.com\/de\/homepage\/\"},{\"@type\":\"ListItem\",\"position\":2,\"name\":\"Unsere Produkte\",\"item\":\"https:\/\/mvebio.com\/de\/unsere-produkte\/\"},{\"@type\":\"ListItem\",\"position\":3,\"name\":\"Z\u00fcchter (Aluminium)\",\"item\":\"https:\/\/mvebio.com\/de\/unsere-produkte\/zuechter-aluminium\/\"},{\"@type\":\"ListItem\",\"position\":4,\"name\":\"MVE ET Series\"}]},{\"@type\":\"WebSite\",\"@id\":\"https:\/\/mvebio.com\/de\/#website\",\"url\":\"https:\/\/mvebio.com\/de\/\",\"name\":\"MVE Biological Solutions\",\"description\":\"Cryogenic freezers and dewars\",\"publisher\":{\"@id\":\"https:\/\/mvebio.com\/de\/#organization\"},\"alternateName\":\"MVE Bio\",\"potentialAction\":[{\"@type\":\"SearchAction\",\"target\":{\"@type\":\"EntryPoint\",\"urlTemplate\":\"https:\/\/mvebio.com\/de\/?s={search_term_string}\"},\"query-input\":{\"@type\":\"PropertyValueSpecification\",\"valueRequired\":true,\"valueName\":\"search_term_string\"}}],\"inLanguage\":\"de\"},{\"@type\":\"Organization\",\"@id\":\"https:\/\/mvebio.com\/de\/#organization\",\"name\":\"MVE Biological Solutions\",\"alternateName\":\"MVE Bio\",\"url\":\"https:\/\/mvebio.com\/de\/\",\"logo\":{\"@type\":\"ImageObject\",\"inLanguage\":\"de\",\"@id\":\"https:\/\/mvebio.com\/de\/#\/schema\/logo\/image\/\",\"url\":\"https:\/\/mvebio.com\/wp-content\/uploads\/sites\/4\/2023\/12\/mve-square.png\",\"contentUrl\":\"https:\/\/mvebio.com\/wp-content\/uploads\/sites\/4\/2023\/12\/mve-square.png\",\"width\":1200,\"height\":1200,\"caption\":\"MVE Biological Solutions\"},\"image\":{\"@id\":\"https:\/\/mvebio.com\/de\/#\/schema\/logo\/image\/\"},\"sameAs\":[\"https:\/\/x.com\/MveBioSolutions\",\"https:\/\/www.linkedin.com\/company\/mvebio\/\"]}]}<\/script>\n<!-- \/ Yoast SEO plugin. -->","yoast_head_json":{"title":"MVE ET Series - MVE Biological Solutions","description":"Die Design-Experten von MVE haben jetzt eine Reihe von wirtschaftlichen und kosteneffektiven Dewars speziell f\u00fcr den Einsatz in landwirtschaftlichen Betrieben entwickelt - und dabei an den Techniker f\u00fcr k\u00fcnstliche Besamung gedacht. Jede Komponente wurde pr\u00e4zise entwickelt, um einen globalen, kosteng\u00fcnstigen Samentank zu produzieren, w\u00e4hrend die gleichbleibende Qualit\u00e4t auf h\u00f6chstem Niveau gehalten wurde, damit die Serie den Namen MVE tragen kann.","robots":{"index":"index","follow":"follow","max-snippet":"max-snippet:-1","max-image-preview":"max-image-preview:large","max-video-preview":"max-video-preview:-1"},"canonical":"https:\/\/mvebio.com\/de\/unsere-produkte\/zuechter-aluminium\/mve-et-serie\/","og_locale":"de_DE","og_type":"article","og_title":"MVE ET Series - MVE Biological Solutions","og_description":"Die Design-Experten von MVE haben jetzt eine Reihe von wirtschaftlichen und kosteneffektiven Dewars speziell f\u00fcr den Einsatz in landwirtschaftlichen Betrieben entwickelt - und dabei an den Techniker f\u00fcr k\u00fcnstliche Besamung gedacht. Jede Komponente wurde pr\u00e4zise entwickelt, um einen globalen, kosteng\u00fcnstigen Samentank zu produzieren, w\u00e4hrend die gleichbleibende Qualit\u00e4t auf h\u00f6chstem Niveau gehalten wurde, damit die Serie den Namen MVE tragen kann.","og_url":"https:\/\/mvebio.com\/de\/unsere-produkte\/zuechter-aluminium\/mve-et-serie\/","og_site_name":"MVE Biological Solutions","article_modified_time":"2026-02-18T15:41:46+00:00","og_image":[{"width":1200,"height":563,"url":"https:\/\/mvebio.com\/wp-content\/uploads\/sites\/4\/2023\/12\/group-ET-tanks-scaled-feature.jpg","type":"image\/jpeg"}],"twitter_card":"summary_large_image","twitter_site":"@MveBioSolutions","twitter_misc":{"Gesch\u00e4tzte Lesezeit":"6\u00a0Minuten"},"schema":{"@context":"https:\/\/schema.org","@graph":[{"@type":"WebPage","@id":"https:\/\/mvebio.com\/de\/unsere-produkte\/zuechter-aluminium\/mve-et-serie\/","url":"https:\/\/mvebio.com\/de\/unsere-produkte\/zuechter-aluminium\/mve-et-serie\/","name":"MVE ET Series - MVE Biological Solutions","isPartOf":{"@id":"https:\/\/mvebio.com\/de\/#website"},"primaryImageOfPage":{"@id":"https:\/\/mvebio.com\/de\/unsere-produkte\/zuechter-aluminium\/mve-et-serie\/#primaryimage"},"image":{"@id":"https:\/\/mvebio.com\/de\/unsere-produkte\/zuechter-aluminium\/mve-et-serie\/#primaryimage"},"thumbnailUrl":"https:\/\/mvebio.com\/wp-content\/uploads\/sites\/4\/2023\/12\/group-ET-tanks-scaled-feature.jpg","datePublished":"2023-03-30T10:07:53+00:00","dateModified":"2026-02-18T15:41:46+00:00","description":"Die Design-Experten von MVE haben jetzt eine Reihe von wirtschaftlichen und kosteneffektiven Dewars speziell f\u00fcr den Einsatz in landwirtschaftlichen Betrieben entwickelt - und dabei an den Techniker f\u00fcr k\u00fcnstliche Besamung gedacht. Jede Komponente wurde pr\u00e4zise entwickelt, um einen globalen, kosteng\u00fcnstigen Samentank zu produzieren, w\u00e4hrend die gleichbleibende Qualit\u00e4t auf h\u00f6chstem Niveau gehalten wurde, damit die Serie den Namen MVE tragen kann.","breadcrumb":{"@id":"https:\/\/mvebio.com\/de\/unsere-produkte\/zuechter-aluminium\/mve-et-serie\/#breadcrumb"},"inLanguage":"de","potentialAction":[{"@type":"ReadAction","target":["https:\/\/mvebio.com\/de\/unsere-produkte\/zuechter-aluminium\/mve-et-serie\/"]}]},{"@type":"ImageObject","inLanguage":"de","@id":"https:\/\/mvebio.com\/de\/unsere-produkte\/zuechter-aluminium\/mve-et-serie\/#primaryimage","url":"https:\/\/mvebio.com\/wp-content\/uploads\/sites\/4\/2023\/12\/group-ET-tanks-scaled-feature.jpg","contentUrl":"https:\/\/mvebio.com\/wp-content\/uploads\/sites\/4\/2023\/12\/group-ET-tanks-scaled-feature.jpg","width":1200,"height":563,"caption":"ET-Tanks"},{"@type":"BreadcrumbList","@id":"https:\/\/mvebio.com\/de\/unsere-produkte\/zuechter-aluminium\/mve-et-serie\/#breadcrumb","itemListElement":[{"@type":"ListItem","position":1,"name":"Startseite","item":"https:\/\/mvebio.com\/de\/homepage\/"},{"@type":"ListItem","position":2,"name":"Unsere Produkte","item":"https:\/\/mvebio.com\/de\/unsere-produkte\/"},{"@type":"ListItem","position":3,"name":"Z\u00fcchter (Aluminium)","item":"https:\/\/mvebio.com\/de\/unsere-produkte\/zuechter-aluminium\/"},{"@type":"ListItem","position":4,"name":"MVE ET Series"}]},{"@type":"WebSite","@id":"https:\/\/mvebio.com\/de\/#website","url":"https:\/\/mvebio.com\/de\/","name":"MVE Biological Solutions","description":"Cryogenic freezers and dewars","publisher":{"@id":"https:\/\/mvebio.com\/de\/#organization"},"alternateName":"MVE Bio","potentialAction":[{"@type":"SearchAction","target":{"@type":"EntryPoint","urlTemplate":"https:\/\/mvebio.com\/de\/?s={search_term_string}"},"query-input":{"@type":"PropertyValueSpecification","valueRequired":true,"valueName":"search_term_string"}}],"inLanguage":"de"},{"@type":"Organization","@id":"https:\/\/mvebio.com\/de\/#organization","name":"MVE Biological Solutions","alternateName":"MVE Bio","url":"https:\/\/mvebio.com\/de\/","logo":{"@type":"ImageObject","inLanguage":"de","@id":"https:\/\/mvebio.com\/de\/#\/schema\/logo\/image\/","url":"https:\/\/mvebio.com\/wp-content\/uploads\/sites\/4\/2023\/12\/mve-square.png","contentUrl":"https:\/\/mvebio.com\/wp-content\/uploads\/sites\/4\/2023\/12\/mve-square.png","width":1200,"height":1200,"caption":"MVE Biological Solutions"},"image":{"@id":"https:\/\/mvebio.com\/de\/#\/schema\/logo\/image\/"},"sameAs":["https:\/\/x.com\/MveBioSolutions","https:\/\/www.linkedin.com\/company\/mvebio\/"]}]}},"_links":{"self":[{"href":"https:\/\/mvebio.com\/de\/wp-json\/wp\/v2\/pages\/12702","targetHints":{"allow":["GET"]}}],"collection":[{"href":"https:\/\/mvebio.com\/de\/wp-json\/wp\/v2\/pages"}],"about":[{"href":"https:\/\/mvebio.com\/de\/wp-json\/wp\/v2\/types\/page"}],"author":[{"embeddable":true,"href":"https:\/\/mvebio.com\/de\/wp-json\/wp\/v2\/users\/1"}],"replies":[{"embeddable":true,"href":"https:\/\/mvebio.com\/de\/wp-json\/wp\/v2\/comments?post=12702"}],"version-history":[{"count":3,"href":"https:\/\/mvebio.com\/de\/wp-json\/wp\/v2\/pages\/12702\/revisions"}],"predecessor-version":[{"id":14489,"href":"https:\/\/mvebio.com\/de\/wp-json\/wp\/v2\/pages\/12702\/revisions\/14489"}],"up":[{"embeddable":true,"href":"https:\/\/mvebio.com\/de\/wp-json\/wp\/v2\/pages\/12751"}],"wp:featuredmedia":[{"embeddable":true,"href":"https:\/\/mvebio.com\/de\/wp-json\/wp\/v2\/media\/10654"}],"wp:attachment":[{"href":"https:\/\/mvebio.com\/de\/wp-json\/wp\/v2\/media?parent=12702"}],"curies":[{"name":"wp","href":"https:\/\/api.w.org\/{rel}","templated":true}]}}