{"id":12687,"date":"2023-03-30T11:05:59","date_gmt":"2023-03-30T10:05:59","guid":{"rendered":"https:\/\/mvebio.com\/mve-lab-series\/"},"modified":"2026-02-18T10:46:33","modified_gmt":"2026-02-18T15:46:33","slug":"mve-laborreihe","status":"publish","type":"page","link":"https:\/\/mvebio.com\/de\/unsere-produkte\/zuechter-aluminium\/mve-laborreihe\/","title":{"rendered":"MVE Lab Series"},"content":{"rendered":"","protected":false},"excerpt":{"rendered":"<p>Erg\u00e4nzen Sie Ihren Spermatank mit unserer Lab-Serie von Aluminium-Dewars<\/p>\n","protected":false},"author":1,"featured_media":10621,"parent":12751,"menu_order":0,"comment_status":"closed","ping_status":"closed","template":"","meta":{"_acf_changed":false,"footnotes":""},"class_list":["post-12687","page","type-page","status-publish","has-post-thumbnail","hentry"],"acf":[],"yoast_head":"<!-- This site is optimized with the Yoast SEO plugin v27.2 - https:\/\/yoast.com\/product\/yoast-seo-wordpress\/ -->\n<title>MVE Lab Series - MVE Biological Solutions<\/title>\n<meta name=\"description\" content=\"Unsere Dewars der Lab-Serie wurden f\u00fcr die effiziente Lagerung von Fl\u00fcssigstickstoff entwickelt, um Spermatanks bei Bedarf effektiv aufzuf\u00fcllen. Sie bieten eine sichere, bequeme und wirtschaftliche M\u00f6glichkeit zur Lagerung von Fl\u00fcssigstickstoff. Und nat\u00fcrlich m\u00fcssen Sie den Stickstoff auch dosieren. Mit den Aluminium-Dewars der MVE Lab-Serie erledigen Sie diese Aufgabe entweder durch manuelles Ausgie\u00dfen von Fl\u00fcssigstickstoff oder mit dem Auslassger\u00e4t, dem Dipper oder dem CryoTipper. Deshalb sind sie die Dewars der Wahl f\u00fcr die Lagerung von Fl\u00fcssigstickstoff auf der ganzen Welt.\" \/>\n<meta name=\"robots\" content=\"index, follow, max-snippet:-1, max-image-preview:large, max-video-preview:-1\" \/>\n<link rel=\"canonical\" href=\"https:\/\/mvebio.com\/de\/unsere-produkte\/zuechter-aluminium\/mve-laborreihe\/\" \/>\n<meta property=\"og:locale\" content=\"de_DE\" \/>\n<meta property=\"og:type\" content=\"article\" \/>\n<meta property=\"og:title\" content=\"MVE Lab Series - MVE Biological Solutions\" \/>\n<meta property=\"og:description\" content=\"Unsere Dewars der Lab-Serie wurden f\u00fcr die effiziente Lagerung von Fl\u00fcssigstickstoff entwickelt, um Spermatanks bei Bedarf effektiv aufzuf\u00fcllen. Sie bieten eine sichere, bequeme und wirtschaftliche M\u00f6glichkeit zur Lagerung von Fl\u00fcssigstickstoff. Und nat\u00fcrlich m\u00fcssen Sie den Stickstoff auch dosieren. Mit den Aluminium-Dewars der MVE Lab-Serie erledigen Sie diese Aufgabe entweder durch manuelles Ausgie\u00dfen von Fl\u00fcssigstickstoff oder mit dem Auslassger\u00e4t, dem Dipper oder dem CryoTipper. Deshalb sind sie die Dewars der Wahl f\u00fcr die Lagerung von Fl\u00fcssigstickstoff auf der ganzen Welt.\" \/>\n<meta property=\"og:url\" content=\"https:\/\/mvebio.com\/de\/unsere-produkte\/zuechter-aluminium\/mve-laborreihe\/\" \/>\n<meta property=\"og:site_name\" content=\"MVE Biological Solutions\" \/>\n<meta property=\"article:modified_time\" content=\"2026-02-18T15:46:33+00:00\" \/>\n<meta property=\"og:image\" content=\"https:\/\/mvebio.com\/wp-content\/uploads\/sites\/4\/2023\/12\/lab-series-2.jpg\" \/>\n\t<meta property=\"og:image:width\" content=\"1200\" \/>\n\t<meta property=\"og:image:height\" content=\"562\" \/>\n\t<meta property=\"og:image:type\" content=\"image\/jpeg\" \/>\n<meta name=\"twitter:card\" content=\"summary_large_image\" \/>\n<meta name=\"twitter:site\" content=\"@MveBioSolutions\" \/>\n<meta name=\"twitter:label1\" content=\"Gesch\u00e4tzte Lesezeit\" \/>\n\t<meta name=\"twitter:data1\" content=\"4\u00a0Minuten\" \/>\n<script type=\"application\/ld+json\" class=\"yoast-schema-graph\">{\"@context\":\"https:\/\/schema.org\",\"@graph\":[{\"@type\":\"WebPage\",\"@id\":\"https:\/\/mvebio.com\/de\/unsere-produkte\/zuechter-aluminium\/mve-laborreihe\/\",\"url\":\"https:\/\/mvebio.com\/de\/unsere-produkte\/zuechter-aluminium\/mve-laborreihe\/\",\"name\":\"MVE Lab Series - MVE Biological Solutions\",\"isPartOf\":{\"@id\":\"https:\/\/mvebio.com\/de\/#website\"},\"primaryImageOfPage\":{\"@id\":\"https:\/\/mvebio.com\/de\/unsere-produkte\/zuechter-aluminium\/mve-laborreihe\/#primaryimage\"},\"image\":{\"@id\":\"https:\/\/mvebio.com\/de\/unsere-produkte\/zuechter-aluminium\/mve-laborreihe\/#primaryimage\"},\"thumbnailUrl\":\"https:\/\/mvebio.com\/wp-content\/uploads\/sites\/4\/2023\/12\/lab-series-2.jpg\",\"datePublished\":\"2023-03-30T10:05:59+00:00\",\"dateModified\":\"2026-02-18T15:46:33+00:00\",\"description\":\"Unsere Dewars der Lab-Serie wurden f\u00fcr die effiziente Lagerung von Fl\u00fcssigstickstoff entwickelt, um Spermatanks bei Bedarf effektiv aufzuf\u00fcllen. Sie bieten eine sichere, bequeme und wirtschaftliche M\u00f6glichkeit zur Lagerung von Fl\u00fcssigstickstoff. Und nat\u00fcrlich m\u00fcssen Sie den Stickstoff auch dosieren. Mit den Aluminium-Dewars der MVE Lab-Serie erledigen Sie diese Aufgabe entweder durch manuelles Ausgie\u00dfen von Fl\u00fcssigstickstoff oder mit dem Auslassger\u00e4t, dem Dipper oder dem CryoTipper. Deshalb sind sie die Dewars der Wahl f\u00fcr die Lagerung von Fl\u00fcssigstickstoff auf der ganzen Welt.\",\"breadcrumb\":{\"@id\":\"https:\/\/mvebio.com\/de\/unsere-produkte\/zuechter-aluminium\/mve-laborreihe\/#breadcrumb\"},\"inLanguage\":\"de\",\"potentialAction\":[{\"@type\":\"ReadAction\",\"target\":[\"https:\/\/mvebio.com\/de\/unsere-produkte\/zuechter-aluminium\/mve-laborreihe\/\"]}]},{\"@type\":\"ImageObject\",\"inLanguage\":\"de\",\"@id\":\"https:\/\/mvebio.com\/de\/unsere-produkte\/zuechter-aluminium\/mve-laborreihe\/#primaryimage\",\"url\":\"https:\/\/mvebio.com\/wp-content\/uploads\/sites\/4\/2023\/12\/lab-series-2.jpg\",\"contentUrl\":\"https:\/\/mvebio.com\/wp-content\/uploads\/sites\/4\/2023\/12\/lab-series-2.jpg\",\"width\":1200,\"height\":562},{\"@type\":\"BreadcrumbList\",\"@id\":\"https:\/\/mvebio.com\/de\/unsere-produkte\/zuechter-aluminium\/mve-laborreihe\/#breadcrumb\",\"itemListElement\":[{\"@type\":\"ListItem\",\"position\":1,\"name\":\"Startseite\",\"item\":\"https:\/\/mvebio.com\/de\/homepage\/\"},{\"@type\":\"ListItem\",\"position\":2,\"name\":\"Unsere Produkte\",\"item\":\"https:\/\/mvebio.com\/de\/unsere-produkte\/\"},{\"@type\":\"ListItem\",\"position\":3,\"name\":\"Z\u00fcchter (Aluminium)\",\"item\":\"https:\/\/mvebio.com\/de\/unsere-produkte\/zuechter-aluminium\/\"},{\"@type\":\"ListItem\",\"position\":4,\"name\":\"MVE Lab Series\"}]},{\"@type\":\"WebSite\",\"@id\":\"https:\/\/mvebio.com\/de\/#website\",\"url\":\"https:\/\/mvebio.com\/de\/\",\"name\":\"MVE Biological Solutions\",\"description\":\"Cryogenic freezers and dewars\",\"publisher\":{\"@id\":\"https:\/\/mvebio.com\/de\/#organization\"},\"alternateName\":\"MVE Bio\",\"potentialAction\":[{\"@type\":\"SearchAction\",\"target\":{\"@type\":\"EntryPoint\",\"urlTemplate\":\"https:\/\/mvebio.com\/de\/?s={search_term_string}\"},\"query-input\":{\"@type\":\"PropertyValueSpecification\",\"valueRequired\":true,\"valueName\":\"search_term_string\"}}],\"inLanguage\":\"de\"},{\"@type\":\"Organization\",\"@id\":\"https:\/\/mvebio.com\/de\/#organization\",\"name\":\"MVE Biological Solutions\",\"alternateName\":\"MVE Bio\",\"url\":\"https:\/\/mvebio.com\/de\/\",\"logo\":{\"@type\":\"ImageObject\",\"inLanguage\":\"de\",\"@id\":\"https:\/\/mvebio.com\/de\/#\/schema\/logo\/image\/\",\"url\":\"https:\/\/mvebio.com\/wp-content\/uploads\/sites\/4\/2023\/12\/mve-square.png\",\"contentUrl\":\"https:\/\/mvebio.com\/wp-content\/uploads\/sites\/4\/2023\/12\/mve-square.png\",\"width\":1200,\"height\":1200,\"caption\":\"MVE Biological Solutions\"},\"image\":{\"@id\":\"https:\/\/mvebio.com\/de\/#\/schema\/logo\/image\/\"},\"sameAs\":[\"https:\/\/x.com\/MveBioSolutions\",\"https:\/\/www.linkedin.com\/company\/mvebio\/\"]}]}<\/script>\n<!-- \/ Yoast SEO plugin. -->","yoast_head_json":{"title":"MVE Lab Series - MVE Biological Solutions","description":"Unsere Dewars der Lab-Serie wurden f\u00fcr die effiziente Lagerung von Fl\u00fcssigstickstoff entwickelt, um Spermatanks bei Bedarf effektiv aufzuf\u00fcllen. Sie bieten eine sichere, bequeme und wirtschaftliche M\u00f6glichkeit zur Lagerung von Fl\u00fcssigstickstoff. Und nat\u00fcrlich m\u00fcssen Sie den Stickstoff auch dosieren. Mit den Aluminium-Dewars der MVE Lab-Serie erledigen Sie diese Aufgabe entweder durch manuelles Ausgie\u00dfen von Fl\u00fcssigstickstoff oder mit dem Auslassger\u00e4t, dem Dipper oder dem CryoTipper. Deshalb sind sie die Dewars der Wahl f\u00fcr die Lagerung von Fl\u00fcssigstickstoff auf der ganzen Welt.","robots":{"index":"index","follow":"follow","max-snippet":"max-snippet:-1","max-image-preview":"max-image-preview:large","max-video-preview":"max-video-preview:-1"},"canonical":"https:\/\/mvebio.com\/de\/unsere-produkte\/zuechter-aluminium\/mve-laborreihe\/","og_locale":"de_DE","og_type":"article","og_title":"MVE Lab Series - MVE Biological Solutions","og_description":"Unsere Dewars der Lab-Serie wurden f\u00fcr die effiziente Lagerung von Fl\u00fcssigstickstoff entwickelt, um Spermatanks bei Bedarf effektiv aufzuf\u00fcllen. Sie bieten eine sichere, bequeme und wirtschaftliche M\u00f6glichkeit zur Lagerung von Fl\u00fcssigstickstoff. Und nat\u00fcrlich m\u00fcssen Sie den Stickstoff auch dosieren. Mit den Aluminium-Dewars der MVE Lab-Serie erledigen Sie diese Aufgabe entweder durch manuelles Ausgie\u00dfen von Fl\u00fcssigstickstoff oder mit dem Auslassger\u00e4t, dem Dipper oder dem CryoTipper. Deshalb sind sie die Dewars der Wahl f\u00fcr die Lagerung von Fl\u00fcssigstickstoff auf der ganzen Welt.","og_url":"https:\/\/mvebio.com\/de\/unsere-produkte\/zuechter-aluminium\/mve-laborreihe\/","og_site_name":"MVE Biological Solutions","article_modified_time":"2026-02-18T15:46:33+00:00","og_image":[{"width":1200,"height":562,"url":"https:\/\/mvebio.com\/wp-content\/uploads\/sites\/4\/2023\/12\/lab-series-2.jpg","type":"image\/jpeg"}],"twitter_card":"summary_large_image","twitter_site":"@MveBioSolutions","twitter_misc":{"Gesch\u00e4tzte Lesezeit":"4\u00a0Minuten"},"schema":{"@context":"https:\/\/schema.org","@graph":[{"@type":"WebPage","@id":"https:\/\/mvebio.com\/de\/unsere-produkte\/zuechter-aluminium\/mve-laborreihe\/","url":"https:\/\/mvebio.com\/de\/unsere-produkte\/zuechter-aluminium\/mve-laborreihe\/","name":"MVE Lab Series - MVE Biological Solutions","isPartOf":{"@id":"https:\/\/mvebio.com\/de\/#website"},"primaryImageOfPage":{"@id":"https:\/\/mvebio.com\/de\/unsere-produkte\/zuechter-aluminium\/mve-laborreihe\/#primaryimage"},"image":{"@id":"https:\/\/mvebio.com\/de\/unsere-produkte\/zuechter-aluminium\/mve-laborreihe\/#primaryimage"},"thumbnailUrl":"https:\/\/mvebio.com\/wp-content\/uploads\/sites\/4\/2023\/12\/lab-series-2.jpg","datePublished":"2023-03-30T10:05:59+00:00","dateModified":"2026-02-18T15:46:33+00:00","description":"Unsere Dewars der Lab-Serie wurden f\u00fcr die effiziente Lagerung von Fl\u00fcssigstickstoff entwickelt, um Spermatanks bei Bedarf effektiv aufzuf\u00fcllen. Sie bieten eine sichere, bequeme und wirtschaftliche M\u00f6glichkeit zur Lagerung von Fl\u00fcssigstickstoff. Und nat\u00fcrlich m\u00fcssen Sie den Stickstoff auch dosieren. Mit den Aluminium-Dewars der MVE Lab-Serie erledigen Sie diese Aufgabe entweder durch manuelles Ausgie\u00dfen von Fl\u00fcssigstickstoff oder mit dem Auslassger\u00e4t, dem Dipper oder dem CryoTipper. Deshalb sind sie die Dewars der Wahl f\u00fcr die Lagerung von Fl\u00fcssigstickstoff auf der ganzen Welt.","breadcrumb":{"@id":"https:\/\/mvebio.com\/de\/unsere-produkte\/zuechter-aluminium\/mve-laborreihe\/#breadcrumb"},"inLanguage":"de","potentialAction":[{"@type":"ReadAction","target":["https:\/\/mvebio.com\/de\/unsere-produkte\/zuechter-aluminium\/mve-laborreihe\/"]}]},{"@type":"ImageObject","inLanguage":"de","@id":"https:\/\/mvebio.com\/de\/unsere-produkte\/zuechter-aluminium\/mve-laborreihe\/#primaryimage","url":"https:\/\/mvebio.com\/wp-content\/uploads\/sites\/4\/2023\/12\/lab-series-2.jpg","contentUrl":"https:\/\/mvebio.com\/wp-content\/uploads\/sites\/4\/2023\/12\/lab-series-2.jpg","width":1200,"height":562},{"@type":"BreadcrumbList","@id":"https:\/\/mvebio.com\/de\/unsere-produkte\/zuechter-aluminium\/mve-laborreihe\/#breadcrumb","itemListElement":[{"@type":"ListItem","position":1,"name":"Startseite","item":"https:\/\/mvebio.com\/de\/homepage\/"},{"@type":"ListItem","position":2,"name":"Unsere Produkte","item":"https:\/\/mvebio.com\/de\/unsere-produkte\/"},{"@type":"ListItem","position":3,"name":"Z\u00fcchter (Aluminium)","item":"https:\/\/mvebio.com\/de\/unsere-produkte\/zuechter-aluminium\/"},{"@type":"ListItem","position":4,"name":"MVE Lab Series"}]},{"@type":"WebSite","@id":"https:\/\/mvebio.com\/de\/#website","url":"https:\/\/mvebio.com\/de\/","name":"MVE Biological Solutions","description":"Cryogenic freezers and dewars","publisher":{"@id":"https:\/\/mvebio.com\/de\/#organization"},"alternateName":"MVE Bio","potentialAction":[{"@type":"SearchAction","target":{"@type":"EntryPoint","urlTemplate":"https:\/\/mvebio.com\/de\/?s={search_term_string}"},"query-input":{"@type":"PropertyValueSpecification","valueRequired":true,"valueName":"search_term_string"}}],"inLanguage":"de"},{"@type":"Organization","@id":"https:\/\/mvebio.com\/de\/#organization","name":"MVE Biological Solutions","alternateName":"MVE Bio","url":"https:\/\/mvebio.com\/de\/","logo":{"@type":"ImageObject","inLanguage":"de","@id":"https:\/\/mvebio.com\/de\/#\/schema\/logo\/image\/","url":"https:\/\/mvebio.com\/wp-content\/uploads\/sites\/4\/2023\/12\/mve-square.png","contentUrl":"https:\/\/mvebio.com\/wp-content\/uploads\/sites\/4\/2023\/12\/mve-square.png","width":1200,"height":1200,"caption":"MVE Biological Solutions"},"image":{"@id":"https:\/\/mvebio.com\/de\/#\/schema\/logo\/image\/"},"sameAs":["https:\/\/x.com\/MveBioSolutions","https:\/\/www.linkedin.com\/company\/mvebio\/"]}]}},"_links":{"self":[{"href":"https:\/\/mvebio.com\/de\/wp-json\/wp\/v2\/pages\/12687","targetHints":{"allow":["GET"]}}],"collection":[{"href":"https:\/\/mvebio.com\/de\/wp-json\/wp\/v2\/pages"}],"about":[{"href":"https:\/\/mvebio.com\/de\/wp-json\/wp\/v2\/types\/page"}],"author":[{"embeddable":true,"href":"https:\/\/mvebio.com\/de\/wp-json\/wp\/v2\/users\/1"}],"replies":[{"embeddable":true,"href":"https:\/\/mvebio.com\/de\/wp-json\/wp\/v2\/comments?post=12687"}],"version-history":[{"count":3,"href":"https:\/\/mvebio.com\/de\/wp-json\/wp\/v2\/pages\/12687\/revisions"}],"predecessor-version":[{"id":14549,"href":"https:\/\/mvebio.com\/de\/wp-json\/wp\/v2\/pages\/12687\/revisions\/14549"}],"up":[{"embeddable":true,"href":"https:\/\/mvebio.com\/de\/wp-json\/wp\/v2\/pages\/12751"}],"wp:featuredmedia":[{"embeddable":true,"href":"https:\/\/mvebio.com\/de\/wp-json\/wp\/v2\/media\/10621"}],"wp:attachment":[{"href":"https:\/\/mvebio.com\/de\/wp-json\/wp\/v2\/media?parent=12687"}],"curies":[{"name":"wp","href":"https:\/\/api.w.org\/{rel}","templated":true}]}}