{"id":12672,"date":"2023-03-30T10:53:18","date_gmt":"2023-03-30T09:53:18","guid":{"rendered":"https:\/\/mvebio.com\/mve-cryosystem-series\/"},"modified":"2026-02-18T10:41:57","modified_gmt":"2026-02-18T15:41:57","slug":"mve-cryosystem-serie","status":"publish","type":"page","link":"https:\/\/mvebio.com\/de\/unsere-produkte\/lebenswissenschaften-aluminium\/mve-cryosystem-serie\/","title":{"rendered":"MVE CryoSystem Series"},"content":{"rendered":"","protected":false},"excerpt":{"rendered":"<p>Effiziente, leichte kryogene Dewars f\u00fcr Ihr Biorepository<\/p>\n","protected":false},"author":1,"featured_media":10565,"parent":12712,"menu_order":0,"comment_status":"closed","ping_status":"closed","template":"","meta":{"_acf_changed":false,"footnotes":""},"class_list":["post-12672","page","type-page","status-publish","has-post-thumbnail","hentry"],"acf":[],"yoast_head":"<!-- This site is optimized with the Yoast SEO plugin v27.2 - https:\/\/yoast.com\/product\/yoast-seo-wordpress\/ -->\n<title>MVE CryoSystem Series - MVE Biological Solutions<\/title>\n<meta name=\"description\" content=\"Effiziente, leichte kryogene Dewars f\u00fcr Ihr Biorepository. Diese hocheffizienten Aluminium-Dewars sind leicht und kompakt, was sie zu den wirtschaftlichsten ihrer Klasse macht. Sie vereinen die Vorteile eines geringen Stickstoffverbrauchs mit einer mittleren Fl\u00e4schchenkapazit\u00e4t und helfen Ihnen, die Anforderungen Ihres Biorepositorys zu erf\u00fcllen.\" \/>\n<meta name=\"robots\" content=\"index, follow, max-snippet:-1, max-image-preview:large, max-video-preview:-1\" \/>\n<link rel=\"canonical\" href=\"https:\/\/mvebio.com\/de\/unsere-produkte\/lebenswissenschaften-aluminium\/mve-cryosystem-serie\/\" \/>\n<meta property=\"og:locale\" content=\"de_DE\" \/>\n<meta property=\"og:type\" content=\"article\" \/>\n<meta property=\"og:title\" content=\"MVE CryoSystem Series - MVE Biological Solutions\" \/>\n<meta property=\"og:description\" content=\"Effiziente, leichte kryogene Dewars f\u00fcr Ihr Biorepository. Diese hocheffizienten Aluminium-Dewars sind leicht und kompakt, was sie zu den wirtschaftlichsten ihrer Klasse macht. Sie vereinen die Vorteile eines geringen Stickstoffverbrauchs mit einer mittleren Fl\u00e4schchenkapazit\u00e4t und helfen Ihnen, die Anforderungen Ihres Biorepositorys zu erf\u00fcllen.\" \/>\n<meta property=\"og:url\" content=\"https:\/\/mvebio.com\/de\/unsere-produkte\/lebenswissenschaften-aluminium\/mve-cryosystem-serie\/\" \/>\n<meta property=\"og:site_name\" content=\"MVE Biological Solutions\" \/>\n<meta property=\"article:modified_time\" content=\"2026-02-18T15:41:57+00:00\" \/>\n<meta property=\"og:image\" content=\"https:\/\/mvebio.com\/wp-content\/uploads\/sites\/4\/2023\/12\/Cryosystem-6000-TEC3000-1.jpg\" \/>\n\t<meta property=\"og:image:width\" content=\"1200\" \/>\n\t<meta property=\"og:image:height\" content=\"562\" \/>\n\t<meta property=\"og:image:type\" content=\"image\/jpeg\" \/>\n<meta name=\"twitter:card\" content=\"summary_large_image\" \/>\n<meta name=\"twitter:site\" content=\"@MveBioSolutions\" \/>\n<meta name=\"twitter:label1\" content=\"Gesch\u00e4tzte Lesezeit\" \/>\n\t<meta name=\"twitter:data1\" content=\"6\u00a0Minuten\" \/>\n<script type=\"application\/ld+json\" class=\"yoast-schema-graph\">{\"@context\":\"https:\/\/schema.org\",\"@graph\":[{\"@type\":\"WebPage\",\"@id\":\"https:\/\/mvebio.com\/de\/unsere-produkte\/lebenswissenschaften-aluminium\/mve-cryosystem-serie\/\",\"url\":\"https:\/\/mvebio.com\/de\/unsere-produkte\/lebenswissenschaften-aluminium\/mve-cryosystem-serie\/\",\"name\":\"MVE CryoSystem Series - MVE Biological Solutions\",\"isPartOf\":{\"@id\":\"https:\/\/mvebio.com\/de\/#website\"},\"primaryImageOfPage\":{\"@id\":\"https:\/\/mvebio.com\/de\/unsere-produkte\/lebenswissenschaften-aluminium\/mve-cryosystem-serie\/#primaryimage\"},\"image\":{\"@id\":\"https:\/\/mvebio.com\/de\/unsere-produkte\/lebenswissenschaften-aluminium\/mve-cryosystem-serie\/#primaryimage\"},\"thumbnailUrl\":\"https:\/\/mvebio.com\/wp-content\/uploads\/sites\/4\/2023\/12\/Cryosystem-6000-TEC3000-1.jpg\",\"datePublished\":\"2023-03-30T09:53:18+00:00\",\"dateModified\":\"2026-02-18T15:41:57+00:00\",\"description\":\"Effiziente, leichte kryogene Dewars f\u00fcr Ihr Biorepository. Diese hocheffizienten Aluminium-Dewars sind leicht und kompakt, was sie zu den wirtschaftlichsten ihrer Klasse macht. Sie vereinen die Vorteile eines geringen Stickstoffverbrauchs mit einer mittleren Fl\u00e4schchenkapazit\u00e4t und helfen Ihnen, die Anforderungen Ihres Biorepositorys zu erf\u00fcllen.\",\"breadcrumb\":{\"@id\":\"https:\/\/mvebio.com\/de\/unsere-produkte\/lebenswissenschaften-aluminium\/mve-cryosystem-serie\/#breadcrumb\"},\"inLanguage\":\"de\",\"potentialAction\":[{\"@type\":\"ReadAction\",\"target\":[\"https:\/\/mvebio.com\/de\/unsere-produkte\/lebenswissenschaften-aluminium\/mve-cryosystem-serie\/\"]}]},{\"@type\":\"ImageObject\",\"inLanguage\":\"de\",\"@id\":\"https:\/\/mvebio.com\/de\/unsere-produkte\/lebenswissenschaften-aluminium\/mve-cryosystem-serie\/#primaryimage\",\"url\":\"https:\/\/mvebio.com\/wp-content\/uploads\/sites\/4\/2023\/12\/Cryosystem-6000-TEC3000-1.jpg\",\"contentUrl\":\"https:\/\/mvebio.com\/wp-content\/uploads\/sites\/4\/2023\/12\/Cryosystem-6000-TEC3000-1.jpg\",\"width\":1200,\"height\":562,\"caption\":\"Kryosystem 6000\"},{\"@type\":\"BreadcrumbList\",\"@id\":\"https:\/\/mvebio.com\/de\/unsere-produkte\/lebenswissenschaften-aluminium\/mve-cryosystem-serie\/#breadcrumb\",\"itemListElement\":[{\"@type\":\"ListItem\",\"position\":1,\"name\":\"Startseite\",\"item\":\"https:\/\/mvebio.com\/de\/homepage\/\"},{\"@type\":\"ListItem\",\"position\":2,\"name\":\"Unsere Produkte\",\"item\":\"https:\/\/mvebio.com\/de\/unsere-produkte\/\"},{\"@type\":\"ListItem\",\"position\":3,\"name\":\"Lebenswissenschaften (Aluminium)\",\"item\":\"https:\/\/mvebio.com\/de\/unsere-produkte\/lebenswissenschaften-aluminium\/\"},{\"@type\":\"ListItem\",\"position\":4,\"name\":\"MVE CryoSystem Series\"}]},{\"@type\":\"WebSite\",\"@id\":\"https:\/\/mvebio.com\/de\/#website\",\"url\":\"https:\/\/mvebio.com\/de\/\",\"name\":\"MVE Biological Solutions\",\"description\":\"Cryogenic freezers and dewars\",\"publisher\":{\"@id\":\"https:\/\/mvebio.com\/de\/#organization\"},\"alternateName\":\"MVE Bio\",\"potentialAction\":[{\"@type\":\"SearchAction\",\"target\":{\"@type\":\"EntryPoint\",\"urlTemplate\":\"https:\/\/mvebio.com\/de\/?s={search_term_string}\"},\"query-input\":{\"@type\":\"PropertyValueSpecification\",\"valueRequired\":true,\"valueName\":\"search_term_string\"}}],\"inLanguage\":\"de\"},{\"@type\":\"Organization\",\"@id\":\"https:\/\/mvebio.com\/de\/#organization\",\"name\":\"MVE Biological Solutions\",\"alternateName\":\"MVE Bio\",\"url\":\"https:\/\/mvebio.com\/de\/\",\"logo\":{\"@type\":\"ImageObject\",\"inLanguage\":\"de\",\"@id\":\"https:\/\/mvebio.com\/de\/#\/schema\/logo\/image\/\",\"url\":\"https:\/\/mvebio.com\/wp-content\/uploads\/sites\/4\/2023\/12\/mve-square.png\",\"contentUrl\":\"https:\/\/mvebio.com\/wp-content\/uploads\/sites\/4\/2023\/12\/mve-square.png\",\"width\":1200,\"height\":1200,\"caption\":\"MVE Biological Solutions\"},\"image\":{\"@id\":\"https:\/\/mvebio.com\/de\/#\/schema\/logo\/image\/\"},\"sameAs\":[\"https:\/\/x.com\/MveBioSolutions\",\"https:\/\/www.linkedin.com\/company\/mvebio\/\"]}]}<\/script>\n<!-- \/ Yoast SEO plugin. -->","yoast_head_json":{"title":"MVE CryoSystem Series - MVE Biological Solutions","description":"Effiziente, leichte kryogene Dewars f\u00fcr Ihr Biorepository. Diese hocheffizienten Aluminium-Dewars sind leicht und kompakt, was sie zu den wirtschaftlichsten ihrer Klasse macht. Sie vereinen die Vorteile eines geringen Stickstoffverbrauchs mit einer mittleren Fl\u00e4schchenkapazit\u00e4t und helfen Ihnen, die Anforderungen Ihres Biorepositorys zu erf\u00fcllen.","robots":{"index":"index","follow":"follow","max-snippet":"max-snippet:-1","max-image-preview":"max-image-preview:large","max-video-preview":"max-video-preview:-1"},"canonical":"https:\/\/mvebio.com\/de\/unsere-produkte\/lebenswissenschaften-aluminium\/mve-cryosystem-serie\/","og_locale":"de_DE","og_type":"article","og_title":"MVE CryoSystem Series - MVE Biological Solutions","og_description":"Effiziente, leichte kryogene Dewars f\u00fcr Ihr Biorepository. Diese hocheffizienten Aluminium-Dewars sind leicht und kompakt, was sie zu den wirtschaftlichsten ihrer Klasse macht. Sie vereinen die Vorteile eines geringen Stickstoffverbrauchs mit einer mittleren Fl\u00e4schchenkapazit\u00e4t und helfen Ihnen, die Anforderungen Ihres Biorepositorys zu erf\u00fcllen.","og_url":"https:\/\/mvebio.com\/de\/unsere-produkte\/lebenswissenschaften-aluminium\/mve-cryosystem-serie\/","og_site_name":"MVE Biological Solutions","article_modified_time":"2026-02-18T15:41:57+00:00","og_image":[{"width":1200,"height":562,"url":"https:\/\/mvebio.com\/wp-content\/uploads\/sites\/4\/2023\/12\/Cryosystem-6000-TEC3000-1.jpg","type":"image\/jpeg"}],"twitter_card":"summary_large_image","twitter_site":"@MveBioSolutions","twitter_misc":{"Gesch\u00e4tzte Lesezeit":"6\u00a0Minuten"},"schema":{"@context":"https:\/\/schema.org","@graph":[{"@type":"WebPage","@id":"https:\/\/mvebio.com\/de\/unsere-produkte\/lebenswissenschaften-aluminium\/mve-cryosystem-serie\/","url":"https:\/\/mvebio.com\/de\/unsere-produkte\/lebenswissenschaften-aluminium\/mve-cryosystem-serie\/","name":"MVE CryoSystem Series - MVE Biological Solutions","isPartOf":{"@id":"https:\/\/mvebio.com\/de\/#website"},"primaryImageOfPage":{"@id":"https:\/\/mvebio.com\/de\/unsere-produkte\/lebenswissenschaften-aluminium\/mve-cryosystem-serie\/#primaryimage"},"image":{"@id":"https:\/\/mvebio.com\/de\/unsere-produkte\/lebenswissenschaften-aluminium\/mve-cryosystem-serie\/#primaryimage"},"thumbnailUrl":"https:\/\/mvebio.com\/wp-content\/uploads\/sites\/4\/2023\/12\/Cryosystem-6000-TEC3000-1.jpg","datePublished":"2023-03-30T09:53:18+00:00","dateModified":"2026-02-18T15:41:57+00:00","description":"Effiziente, leichte kryogene Dewars f\u00fcr Ihr Biorepository. Diese hocheffizienten Aluminium-Dewars sind leicht und kompakt, was sie zu den wirtschaftlichsten ihrer Klasse macht. Sie vereinen die Vorteile eines geringen Stickstoffverbrauchs mit einer mittleren Fl\u00e4schchenkapazit\u00e4t und helfen Ihnen, die Anforderungen Ihres Biorepositorys zu erf\u00fcllen.","breadcrumb":{"@id":"https:\/\/mvebio.com\/de\/unsere-produkte\/lebenswissenschaften-aluminium\/mve-cryosystem-serie\/#breadcrumb"},"inLanguage":"de","potentialAction":[{"@type":"ReadAction","target":["https:\/\/mvebio.com\/de\/unsere-produkte\/lebenswissenschaften-aluminium\/mve-cryosystem-serie\/"]}]},{"@type":"ImageObject","inLanguage":"de","@id":"https:\/\/mvebio.com\/de\/unsere-produkte\/lebenswissenschaften-aluminium\/mve-cryosystem-serie\/#primaryimage","url":"https:\/\/mvebio.com\/wp-content\/uploads\/sites\/4\/2023\/12\/Cryosystem-6000-TEC3000-1.jpg","contentUrl":"https:\/\/mvebio.com\/wp-content\/uploads\/sites\/4\/2023\/12\/Cryosystem-6000-TEC3000-1.jpg","width":1200,"height":562,"caption":"Kryosystem 6000"},{"@type":"BreadcrumbList","@id":"https:\/\/mvebio.com\/de\/unsere-produkte\/lebenswissenschaften-aluminium\/mve-cryosystem-serie\/#breadcrumb","itemListElement":[{"@type":"ListItem","position":1,"name":"Startseite","item":"https:\/\/mvebio.com\/de\/homepage\/"},{"@type":"ListItem","position":2,"name":"Unsere Produkte","item":"https:\/\/mvebio.com\/de\/unsere-produkte\/"},{"@type":"ListItem","position":3,"name":"Lebenswissenschaften (Aluminium)","item":"https:\/\/mvebio.com\/de\/unsere-produkte\/lebenswissenschaften-aluminium\/"},{"@type":"ListItem","position":4,"name":"MVE CryoSystem Series"}]},{"@type":"WebSite","@id":"https:\/\/mvebio.com\/de\/#website","url":"https:\/\/mvebio.com\/de\/","name":"MVE Biological Solutions","description":"Cryogenic freezers and dewars","publisher":{"@id":"https:\/\/mvebio.com\/de\/#organization"},"alternateName":"MVE Bio","potentialAction":[{"@type":"SearchAction","target":{"@type":"EntryPoint","urlTemplate":"https:\/\/mvebio.com\/de\/?s={search_term_string}"},"query-input":{"@type":"PropertyValueSpecification","valueRequired":true,"valueName":"search_term_string"}}],"inLanguage":"de"},{"@type":"Organization","@id":"https:\/\/mvebio.com\/de\/#organization","name":"MVE Biological Solutions","alternateName":"MVE Bio","url":"https:\/\/mvebio.com\/de\/","logo":{"@type":"ImageObject","inLanguage":"de","@id":"https:\/\/mvebio.com\/de\/#\/schema\/logo\/image\/","url":"https:\/\/mvebio.com\/wp-content\/uploads\/sites\/4\/2023\/12\/mve-square.png","contentUrl":"https:\/\/mvebio.com\/wp-content\/uploads\/sites\/4\/2023\/12\/mve-square.png","width":1200,"height":1200,"caption":"MVE Biological Solutions"},"image":{"@id":"https:\/\/mvebio.com\/de\/#\/schema\/logo\/image\/"},"sameAs":["https:\/\/x.com\/MveBioSolutions","https:\/\/www.linkedin.com\/company\/mvebio\/"]}]}},"_links":{"self":[{"href":"https:\/\/mvebio.com\/de\/wp-json\/wp\/v2\/pages\/12672","targetHints":{"allow":["GET"]}}],"collection":[{"href":"https:\/\/mvebio.com\/de\/wp-json\/wp\/v2\/pages"}],"about":[{"href":"https:\/\/mvebio.com\/de\/wp-json\/wp\/v2\/types\/page"}],"author":[{"embeddable":true,"href":"https:\/\/mvebio.com\/de\/wp-json\/wp\/v2\/users\/1"}],"replies":[{"embeddable":true,"href":"https:\/\/mvebio.com\/de\/wp-json\/wp\/v2\/comments?post=12672"}],"version-history":[{"count":3,"href":"https:\/\/mvebio.com\/de\/wp-json\/wp\/v2\/pages\/12672\/revisions"}],"predecessor-version":[{"id":14506,"href":"https:\/\/mvebio.com\/de\/wp-json\/wp\/v2\/pages\/12672\/revisions\/14506"}],"up":[{"embeddable":true,"href":"https:\/\/mvebio.com\/de\/wp-json\/wp\/v2\/pages\/12712"}],"wp:featuredmedia":[{"embeddable":true,"href":"https:\/\/mvebio.com\/de\/wp-json\/wp\/v2\/media\/10565"}],"wp:attachment":[{"href":"https:\/\/mvebio.com\/de\/wp-json\/wp\/v2\/media?parent=12672"}],"curies":[{"name":"wp","href":"https:\/\/api.w.org\/{rel}","templated":true}]}}