{"id":12669,"date":"2023-03-30T10:48:20","date_gmt":"2023-03-30T09:48:20","guid":{"rendered":"https:\/\/mvebio.com\/biowissenschaften-gefrierschraenke\/mve-series\/"},"modified":"2026-02-18T11:16:44","modified_gmt":"2026-02-18T16:16:44","slug":"mve-serie","status":"publish","type":"page","link":"https:\/\/mvebio.com\/de\/unsere-produkte\/biowissenschaften-gefrierschraenke\/mve-serie\/","title":{"rendered":"MVE Series"},"content":{"rendered":"","protected":false},"excerpt":{"rendered":"<p>Maximale Tiefk\u00fchllagerung und die l\u00e4ngsten Haltezeiten der Branche<\/p>\n","protected":false},"author":1,"featured_media":10522,"parent":12654,"menu_order":0,"comment_status":"closed","ping_status":"closed","template":"","meta":{"_acf_changed":false,"footnotes":""},"class_list":["post-12669","page","type-page","status-publish","has-post-thumbnail","hentry"],"acf":[],"yoast_head":"<!-- This site is optimized with the Yoast SEO plugin v27.2 - https:\/\/yoast.com\/product\/yoast-seo-wordpress\/ -->\n<title>MVE Series - MVE Biological Solutions<\/title>\n<meta name=\"description\" content=\"Die MVE-Serie kryogener Gefrierschr\u00e4nke ist perfekt f\u00fcr die Biowissenschaften. Mit einer ausreichenden Lagerkapazit\u00e4t f\u00fcr bis zu 39.000 1,2\/2,0 ml Fl\u00e4schchen haben Sie viel Platz f\u00fcr Ihre wertvollen Proben. Und dank der 60-j\u00e4hrigen Erfahrung von MVE in der Herstellung von Modellen mit offenem Verdeck k\u00f6nnen Sie sich darauf verlassen, dass Ihr wertvoller Inhalt lebensf\u00e4hig und gesch\u00fctzt bleibt.\" \/>\n<meta name=\"robots\" content=\"index, follow, max-snippet:-1, max-image-preview:large, max-video-preview:-1\" \/>\n<link rel=\"canonical\" href=\"https:\/\/mvebio.com\/de\/unsere-produkte\/biowissenschaften-gefrierschraenke\/mve-serie\/\" \/>\n<meta property=\"og:locale\" content=\"de_DE\" \/>\n<meta property=\"og:type\" content=\"article\" \/>\n<meta property=\"og:title\" content=\"MVE Series - MVE Biological Solutions\" \/>\n<meta property=\"og:description\" content=\"Die MVE-Serie kryogener Gefrierschr\u00e4nke ist perfekt f\u00fcr die Biowissenschaften. Mit einer ausreichenden Lagerkapazit\u00e4t f\u00fcr bis zu 39.000 1,2\/2,0 ml Fl\u00e4schchen haben Sie viel Platz f\u00fcr Ihre wertvollen Proben. Und dank der 60-j\u00e4hrigen Erfahrung von MVE in der Herstellung von Modellen mit offenem Verdeck k\u00f6nnen Sie sich darauf verlassen, dass Ihr wertvoller Inhalt lebensf\u00e4hig und gesch\u00fctzt bleibt.\" \/>\n<meta property=\"og:url\" content=\"https:\/\/mvebio.com\/de\/unsere-produkte\/biowissenschaften-gefrierschraenke\/mve-serie\/\" \/>\n<meta property=\"og:site_name\" content=\"MVE Biological Solutions\" \/>\n<meta property=\"article:modified_time\" content=\"2026-02-18T16:16:44+00:00\" \/>\n<meta property=\"og:image\" content=\"https:\/\/mvebio.com\/wp-content\/uploads\/sites\/4\/2023\/12\/MVE-Series-1-e1701460226836.jpg\" \/>\n\t<meta property=\"og:image:width\" content=\"1200\" \/>\n\t<meta property=\"og:image:height\" content=\"562\" \/>\n\t<meta property=\"og:image:type\" content=\"image\/jpeg\" \/>\n<meta name=\"twitter:card\" content=\"summary_large_image\" \/>\n<meta name=\"twitter:site\" content=\"@MveBioSolutions\" \/>\n<meta name=\"twitter:label1\" content=\"Gesch\u00e4tzte Lesezeit\" \/>\n\t<meta name=\"twitter:data1\" content=\"4\u00a0Minuten\" \/>\n<script type=\"application\/ld+json\" class=\"yoast-schema-graph\">{\"@context\":\"https:\/\/schema.org\",\"@graph\":[{\"@type\":\"WebPage\",\"@id\":\"https:\/\/mvebio.com\/de\/unsere-produkte\/biowissenschaften-gefrierschraenke\/mve-serie\/\",\"url\":\"https:\/\/mvebio.com\/de\/unsere-produkte\/biowissenschaften-gefrierschraenke\/mve-serie\/\",\"name\":\"MVE Series - MVE Biological Solutions\",\"isPartOf\":{\"@id\":\"https:\/\/mvebio.com\/de\/#website\"},\"primaryImageOfPage\":{\"@id\":\"https:\/\/mvebio.com\/de\/unsere-produkte\/biowissenschaften-gefrierschraenke\/mve-serie\/#primaryimage\"},\"image\":{\"@id\":\"https:\/\/mvebio.com\/de\/unsere-produkte\/biowissenschaften-gefrierschraenke\/mve-serie\/#primaryimage\"},\"thumbnailUrl\":\"https:\/\/mvebio.com\/wp-content\/uploads\/sites\/4\/2023\/12\/MVE-Series-1-e1701460226836.jpg\",\"datePublished\":\"2023-03-30T09:48:20+00:00\",\"dateModified\":\"2026-02-18T16:16:44+00:00\",\"description\":\"Die MVE-Serie kryogener Gefrierschr\u00e4nke ist perfekt f\u00fcr die Biowissenschaften. Mit einer ausreichenden Lagerkapazit\u00e4t f\u00fcr bis zu 39.000 1,2\/2,0 ml Fl\u00e4schchen haben Sie viel Platz f\u00fcr Ihre wertvollen Proben. Und dank der 60-j\u00e4hrigen Erfahrung von MVE in der Herstellung von Modellen mit offenem Verdeck k\u00f6nnen Sie sich darauf verlassen, dass Ihr wertvoller Inhalt lebensf\u00e4hig und gesch\u00fctzt bleibt.\",\"breadcrumb\":{\"@id\":\"https:\/\/mvebio.com\/de\/unsere-produkte\/biowissenschaften-gefrierschraenke\/mve-serie\/#breadcrumb\"},\"inLanguage\":\"de\",\"potentialAction\":[{\"@type\":\"ReadAction\",\"target\":[\"https:\/\/mvebio.com\/de\/unsere-produkte\/biowissenschaften-gefrierschraenke\/mve-serie\/\"]}]},{\"@type\":\"ImageObject\",\"inLanguage\":\"de\",\"@id\":\"https:\/\/mvebio.com\/de\/unsere-produkte\/biowissenschaften-gefrierschraenke\/mve-serie\/#primaryimage\",\"url\":\"https:\/\/mvebio.com\/wp-content\/uploads\/sites\/4\/2023\/12\/MVE-Series-1-e1701460226836.jpg\",\"contentUrl\":\"https:\/\/mvebio.com\/wp-content\/uploads\/sites\/4\/2023\/12\/MVE-Series-1-e1701460226836.jpg\",\"width\":1200,\"height\":562,\"caption\":\"MVE Series\"},{\"@type\":\"BreadcrumbList\",\"@id\":\"https:\/\/mvebio.com\/de\/unsere-produkte\/biowissenschaften-gefrierschraenke\/mve-serie\/#breadcrumb\",\"itemListElement\":[{\"@type\":\"ListItem\",\"position\":1,\"name\":\"Startseite\",\"item\":\"https:\/\/mvebio.com\/de\/homepage\/\"},{\"@type\":\"ListItem\",\"position\":2,\"name\":\"Unsere Produkte\",\"item\":\"https:\/\/mvebio.com\/de\/unsere-produkte\/\"},{\"@type\":\"ListItem\",\"position\":3,\"name\":\"Biowissenschaften (Gefrierschr\u00e4nke)\",\"item\":\"https:\/\/mvebio.com\/de\/unsere-produkte\/biowissenschaften-gefrierschraenke\/\"},{\"@type\":\"ListItem\",\"position\":4,\"name\":\"MVE Series\"}]},{\"@type\":\"WebSite\",\"@id\":\"https:\/\/mvebio.com\/de\/#website\",\"url\":\"https:\/\/mvebio.com\/de\/\",\"name\":\"MVE Biological Solutions\",\"description\":\"Cryogenic freezers and dewars\",\"publisher\":{\"@id\":\"https:\/\/mvebio.com\/de\/#organization\"},\"alternateName\":\"MVE Bio\",\"potentialAction\":[{\"@type\":\"SearchAction\",\"target\":{\"@type\":\"EntryPoint\",\"urlTemplate\":\"https:\/\/mvebio.com\/de\/?s={search_term_string}\"},\"query-input\":{\"@type\":\"PropertyValueSpecification\",\"valueRequired\":true,\"valueName\":\"search_term_string\"}}],\"inLanguage\":\"de\"},{\"@type\":\"Organization\",\"@id\":\"https:\/\/mvebio.com\/de\/#organization\",\"name\":\"MVE Biological Solutions\",\"alternateName\":\"MVE Bio\",\"url\":\"https:\/\/mvebio.com\/de\/\",\"logo\":{\"@type\":\"ImageObject\",\"inLanguage\":\"de\",\"@id\":\"https:\/\/mvebio.com\/de\/#\/schema\/logo\/image\/\",\"url\":\"https:\/\/mvebio.com\/wp-content\/uploads\/sites\/4\/2023\/12\/mve-square.png\",\"contentUrl\":\"https:\/\/mvebio.com\/wp-content\/uploads\/sites\/4\/2023\/12\/mve-square.png\",\"width\":1200,\"height\":1200,\"caption\":\"MVE Biological Solutions\"},\"image\":{\"@id\":\"https:\/\/mvebio.com\/de\/#\/schema\/logo\/image\/\"},\"sameAs\":[\"https:\/\/x.com\/MveBioSolutions\",\"https:\/\/www.linkedin.com\/company\/mvebio\/\"]}]}<\/script>\n<!-- \/ Yoast SEO plugin. -->","yoast_head_json":{"title":"MVE Series - MVE Biological Solutions","description":"Die MVE-Serie kryogener Gefrierschr\u00e4nke ist perfekt f\u00fcr die Biowissenschaften. Mit einer ausreichenden Lagerkapazit\u00e4t f\u00fcr bis zu 39.000 1,2\/2,0 ml Fl\u00e4schchen haben Sie viel Platz f\u00fcr Ihre wertvollen Proben. Und dank der 60-j\u00e4hrigen Erfahrung von MVE in der Herstellung von Modellen mit offenem Verdeck k\u00f6nnen Sie sich darauf verlassen, dass Ihr wertvoller Inhalt lebensf\u00e4hig und gesch\u00fctzt bleibt.","robots":{"index":"index","follow":"follow","max-snippet":"max-snippet:-1","max-image-preview":"max-image-preview:large","max-video-preview":"max-video-preview:-1"},"canonical":"https:\/\/mvebio.com\/de\/unsere-produkte\/biowissenschaften-gefrierschraenke\/mve-serie\/","og_locale":"de_DE","og_type":"article","og_title":"MVE Series - MVE Biological Solutions","og_description":"Die MVE-Serie kryogener Gefrierschr\u00e4nke ist perfekt f\u00fcr die Biowissenschaften. Mit einer ausreichenden Lagerkapazit\u00e4t f\u00fcr bis zu 39.000 1,2\/2,0 ml Fl\u00e4schchen haben Sie viel Platz f\u00fcr Ihre wertvollen Proben. Und dank der 60-j\u00e4hrigen Erfahrung von MVE in der Herstellung von Modellen mit offenem Verdeck k\u00f6nnen Sie sich darauf verlassen, dass Ihr wertvoller Inhalt lebensf\u00e4hig und gesch\u00fctzt bleibt.","og_url":"https:\/\/mvebio.com\/de\/unsere-produkte\/biowissenschaften-gefrierschraenke\/mve-serie\/","og_site_name":"MVE Biological Solutions","article_modified_time":"2026-02-18T16:16:44+00:00","og_image":[{"width":1200,"height":562,"url":"https:\/\/mvebio.com\/wp-content\/uploads\/sites\/4\/2023\/12\/MVE-Series-1-e1701460226836.jpg","type":"image\/jpeg"}],"twitter_card":"summary_large_image","twitter_site":"@MveBioSolutions","twitter_misc":{"Gesch\u00e4tzte Lesezeit":"4\u00a0Minuten"},"schema":{"@context":"https:\/\/schema.org","@graph":[{"@type":"WebPage","@id":"https:\/\/mvebio.com\/de\/unsere-produkte\/biowissenschaften-gefrierschraenke\/mve-serie\/","url":"https:\/\/mvebio.com\/de\/unsere-produkte\/biowissenschaften-gefrierschraenke\/mve-serie\/","name":"MVE Series - MVE Biological Solutions","isPartOf":{"@id":"https:\/\/mvebio.com\/de\/#website"},"primaryImageOfPage":{"@id":"https:\/\/mvebio.com\/de\/unsere-produkte\/biowissenschaften-gefrierschraenke\/mve-serie\/#primaryimage"},"image":{"@id":"https:\/\/mvebio.com\/de\/unsere-produkte\/biowissenschaften-gefrierschraenke\/mve-serie\/#primaryimage"},"thumbnailUrl":"https:\/\/mvebio.com\/wp-content\/uploads\/sites\/4\/2023\/12\/MVE-Series-1-e1701460226836.jpg","datePublished":"2023-03-30T09:48:20+00:00","dateModified":"2026-02-18T16:16:44+00:00","description":"Die MVE-Serie kryogener Gefrierschr\u00e4nke ist perfekt f\u00fcr die Biowissenschaften. Mit einer ausreichenden Lagerkapazit\u00e4t f\u00fcr bis zu 39.000 1,2\/2,0 ml Fl\u00e4schchen haben Sie viel Platz f\u00fcr Ihre wertvollen Proben. Und dank der 60-j\u00e4hrigen Erfahrung von MVE in der Herstellung von Modellen mit offenem Verdeck k\u00f6nnen Sie sich darauf verlassen, dass Ihr wertvoller Inhalt lebensf\u00e4hig und gesch\u00fctzt bleibt.","breadcrumb":{"@id":"https:\/\/mvebio.com\/de\/unsere-produkte\/biowissenschaften-gefrierschraenke\/mve-serie\/#breadcrumb"},"inLanguage":"de","potentialAction":[{"@type":"ReadAction","target":["https:\/\/mvebio.com\/de\/unsere-produkte\/biowissenschaften-gefrierschraenke\/mve-serie\/"]}]},{"@type":"ImageObject","inLanguage":"de","@id":"https:\/\/mvebio.com\/de\/unsere-produkte\/biowissenschaften-gefrierschraenke\/mve-serie\/#primaryimage","url":"https:\/\/mvebio.com\/wp-content\/uploads\/sites\/4\/2023\/12\/MVE-Series-1-e1701460226836.jpg","contentUrl":"https:\/\/mvebio.com\/wp-content\/uploads\/sites\/4\/2023\/12\/MVE-Series-1-e1701460226836.jpg","width":1200,"height":562,"caption":"MVE Series"},{"@type":"BreadcrumbList","@id":"https:\/\/mvebio.com\/de\/unsere-produkte\/biowissenschaften-gefrierschraenke\/mve-serie\/#breadcrumb","itemListElement":[{"@type":"ListItem","position":1,"name":"Startseite","item":"https:\/\/mvebio.com\/de\/homepage\/"},{"@type":"ListItem","position":2,"name":"Unsere Produkte","item":"https:\/\/mvebio.com\/de\/unsere-produkte\/"},{"@type":"ListItem","position":3,"name":"Biowissenschaften (Gefrierschr\u00e4nke)","item":"https:\/\/mvebio.com\/de\/unsere-produkte\/biowissenschaften-gefrierschraenke\/"},{"@type":"ListItem","position":4,"name":"MVE Series"}]},{"@type":"WebSite","@id":"https:\/\/mvebio.com\/de\/#website","url":"https:\/\/mvebio.com\/de\/","name":"MVE Biological Solutions","description":"Cryogenic freezers and dewars","publisher":{"@id":"https:\/\/mvebio.com\/de\/#organization"},"alternateName":"MVE Bio","potentialAction":[{"@type":"SearchAction","target":{"@type":"EntryPoint","urlTemplate":"https:\/\/mvebio.com\/de\/?s={search_term_string}"},"query-input":{"@type":"PropertyValueSpecification","valueRequired":true,"valueName":"search_term_string"}}],"inLanguage":"de"},{"@type":"Organization","@id":"https:\/\/mvebio.com\/de\/#organization","name":"MVE Biological Solutions","alternateName":"MVE Bio","url":"https:\/\/mvebio.com\/de\/","logo":{"@type":"ImageObject","inLanguage":"de","@id":"https:\/\/mvebio.com\/de\/#\/schema\/logo\/image\/","url":"https:\/\/mvebio.com\/wp-content\/uploads\/sites\/4\/2023\/12\/mve-square.png","contentUrl":"https:\/\/mvebio.com\/wp-content\/uploads\/sites\/4\/2023\/12\/mve-square.png","width":1200,"height":1200,"caption":"MVE Biological Solutions"},"image":{"@id":"https:\/\/mvebio.com\/de\/#\/schema\/logo\/image\/"},"sameAs":["https:\/\/x.com\/MveBioSolutions","https:\/\/www.linkedin.com\/company\/mvebio\/"]}]}},"_links":{"self":[{"href":"https:\/\/mvebio.com\/de\/wp-json\/wp\/v2\/pages\/12669","targetHints":{"allow":["GET"]}}],"collection":[{"href":"https:\/\/mvebio.com\/de\/wp-json\/wp\/v2\/pages"}],"about":[{"href":"https:\/\/mvebio.com\/de\/wp-json\/wp\/v2\/types\/page"}],"author":[{"embeddable":true,"href":"https:\/\/mvebio.com\/de\/wp-json\/wp\/v2\/users\/1"}],"replies":[{"embeddable":true,"href":"https:\/\/mvebio.com\/de\/wp-json\/wp\/v2\/comments?post=12669"}],"version-history":[{"count":2,"href":"https:\/\/mvebio.com\/de\/wp-json\/wp\/v2\/pages\/12669\/revisions"}],"predecessor-version":[{"id":14567,"href":"https:\/\/mvebio.com\/de\/wp-json\/wp\/v2\/pages\/12669\/revisions\/14567"}],"up":[{"embeddable":true,"href":"https:\/\/mvebio.com\/de\/wp-json\/wp\/v2\/pages\/12654"}],"wp:featuredmedia":[{"embeddable":true,"href":"https:\/\/mvebio.com\/de\/wp-json\/wp\/v2\/media\/10522"}],"wp:attachment":[{"href":"https:\/\/mvebio.com\/de\/wp-json\/wp\/v2\/media?parent=12669"}],"curies":[{"name":"wp","href":"https:\/\/api.w.org\/{rel}","templated":true}]}}