{"id":12667,"date":"2023-03-30T10:49:57","date_gmt":"2023-03-30T09:49:57","guid":{"rendered":"https:\/\/mvebio.com\/biowissenschaften-gefrierschraenke\/mve-1536-pd-dry-shipper\/"},"modified":"2026-02-18T11:16:43","modified_gmt":"2026-02-18T16:16:43","slug":"mve-1536-pd-trockenversender","status":"publish","type":"page","link":"https:\/\/mvebio.com\/de\/unsere-produkte\/biowissenschaften-gefrierschraenke\/mve-1536-pd-trockenversender\/","title":{"rendered":"MVE 1536 PD Dry Shipper"},"content":{"rendered":"","protected":false},"excerpt":{"rendered":"<p>Sicherer Versand von Proben im Dampflager mit absoluter Sorglosigkeit<\/p>\n","protected":false},"author":1,"featured_media":10546,"parent":12654,"menu_order":0,"comment_status":"closed","ping_status":"closed","template":"","meta":{"_acf_changed":false,"footnotes":""},"class_list":["post-12667","page","type-page","status-publish","has-post-thumbnail","hentry"],"acf":[],"yoast_head":"<!-- This site is optimized with the Yoast SEO plugin v27.2 - https:\/\/yoast.com\/product\/yoast-seo-wordpress\/ -->\n<title>MVE 1536 PD Dry Shipper - MVE Biological Solutions<\/title>\n<meta name=\"description\" content=\"Versenden Sie gro\u00dfe Mengen kritischer Proben sicher mit diesem robusten Ger\u00e4t, und Sie k\u00f6nnen sicher sein, dass sie so ankommen, wie Sie sie hinterlassen haben. Mit dem Datenlogger, der standardm\u00e4\u00dfig im Lieferumfang des MVE 1536 PD Dry Shippers enthalten ist, k\u00f6nnen Sie sogar den Transporttemperaturbereich \u00fcberpr\u00fcfen. Der Logger liefert Ihnen eine minutengenaue Aufzeichnung der Temperatur Ihrer Probe w\u00e4hrend des Transports.\" \/>\n<meta name=\"robots\" content=\"index, follow, max-snippet:-1, max-image-preview:large, max-video-preview:-1\" \/>\n<link rel=\"canonical\" href=\"https:\/\/mvebio.com\/de\/unsere-produkte\/biowissenschaften-gefrierschraenke\/mve-1536-pd-trockenversender\/\" \/>\n<meta property=\"og:locale\" content=\"de_DE\" \/>\n<meta property=\"og:type\" content=\"article\" \/>\n<meta property=\"og:title\" content=\"MVE 1536 PD Dry Shipper - MVE Biological Solutions\" \/>\n<meta property=\"og:description\" content=\"Versenden Sie gro\u00dfe Mengen kritischer Proben sicher mit diesem robusten Ger\u00e4t, und Sie k\u00f6nnen sicher sein, dass sie so ankommen, wie Sie sie hinterlassen haben. Mit dem Datenlogger, der standardm\u00e4\u00dfig im Lieferumfang des MVE 1536 PD Dry Shippers enthalten ist, k\u00f6nnen Sie sogar den Transporttemperaturbereich \u00fcberpr\u00fcfen. Der Logger liefert Ihnen eine minutengenaue Aufzeichnung der Temperatur Ihrer Probe w\u00e4hrend des Transports.\" \/>\n<meta property=\"og:url\" content=\"https:\/\/mvebio.com\/de\/unsere-produkte\/biowissenschaften-gefrierschraenke\/mve-1536-pd-trockenversender\/\" \/>\n<meta property=\"og:site_name\" content=\"MVE Biological Solutions\" \/>\n<meta property=\"article:modified_time\" content=\"2026-02-18T16:16:43+00:00\" \/>\n<meta property=\"og:image\" content=\"https:\/\/mvebio.com\/wp-content\/uploads\/sites\/4\/2023\/12\/mve-1536-dry-shipper-1.jpg\" \/>\n\t<meta property=\"og:image:width\" content=\"1200\" \/>\n\t<meta property=\"og:image:height\" content=\"563\" \/>\n\t<meta property=\"og:image:type\" content=\"image\/jpeg\" \/>\n<meta name=\"twitter:card\" content=\"summary_large_image\" \/>\n<meta name=\"twitter:site\" content=\"@MveBioSolutions\" \/>\n<meta name=\"twitter:label1\" content=\"Gesch\u00e4tzte Lesezeit\" \/>\n\t<meta name=\"twitter:data1\" content=\"3\u00a0Minuten\" \/>\n<script type=\"application\/ld+json\" class=\"yoast-schema-graph\">{\"@context\":\"https:\/\/schema.org\",\"@graph\":[{\"@type\":\"WebPage\",\"@id\":\"https:\/\/mvebio.com\/de\/unsere-produkte\/biowissenschaften-gefrierschraenke\/mve-1536-pd-trockenversender\/\",\"url\":\"https:\/\/mvebio.com\/de\/unsere-produkte\/biowissenschaften-gefrierschraenke\/mve-1536-pd-trockenversender\/\",\"name\":\"MVE 1536 PD Dry Shipper - MVE Biological Solutions\",\"isPartOf\":{\"@id\":\"https:\/\/mvebio.com\/de\/#website\"},\"primaryImageOfPage\":{\"@id\":\"https:\/\/mvebio.com\/de\/unsere-produkte\/biowissenschaften-gefrierschraenke\/mve-1536-pd-trockenversender\/#primaryimage\"},\"image\":{\"@id\":\"https:\/\/mvebio.com\/de\/unsere-produkte\/biowissenschaften-gefrierschraenke\/mve-1536-pd-trockenversender\/#primaryimage\"},\"thumbnailUrl\":\"https:\/\/mvebio.com\/wp-content\/uploads\/sites\/4\/2023\/12\/mve-1536-dry-shipper-1.jpg\",\"datePublished\":\"2023-03-30T09:49:57+00:00\",\"dateModified\":\"2026-02-18T16:16:43+00:00\",\"description\":\"Versenden Sie gro\u00dfe Mengen kritischer Proben sicher mit diesem robusten Ger\u00e4t, und Sie k\u00f6nnen sicher sein, dass sie so ankommen, wie Sie sie hinterlassen haben. Mit dem Datenlogger, der standardm\u00e4\u00dfig im Lieferumfang des MVE 1536 PD Dry Shippers enthalten ist, k\u00f6nnen Sie sogar den Transporttemperaturbereich \u00fcberpr\u00fcfen. Der Logger liefert Ihnen eine minutengenaue Aufzeichnung der Temperatur Ihrer Probe w\u00e4hrend des Transports.\",\"breadcrumb\":{\"@id\":\"https:\/\/mvebio.com\/de\/unsere-produkte\/biowissenschaften-gefrierschraenke\/mve-1536-pd-trockenversender\/#breadcrumb\"},\"inLanguage\":\"de\",\"potentialAction\":[{\"@type\":\"ReadAction\",\"target\":[\"https:\/\/mvebio.com\/de\/unsere-produkte\/biowissenschaften-gefrierschraenke\/mve-1536-pd-trockenversender\/\"]}]},{\"@type\":\"ImageObject\",\"inLanguage\":\"de\",\"@id\":\"https:\/\/mvebio.com\/de\/unsere-produkte\/biowissenschaften-gefrierschraenke\/mve-1536-pd-trockenversender\/#primaryimage\",\"url\":\"https:\/\/mvebio.com\/wp-content\/uploads\/sites\/4\/2023\/12\/mve-1536-dry-shipper-1.jpg\",\"contentUrl\":\"https:\/\/mvebio.com\/wp-content\/uploads\/sites\/4\/2023\/12\/mve-1536-dry-shipper-1.jpg\",\"width\":1200,\"height\":563,\"caption\":\"MVE Trockenverlader\"},{\"@type\":\"BreadcrumbList\",\"@id\":\"https:\/\/mvebio.com\/de\/unsere-produkte\/biowissenschaften-gefrierschraenke\/mve-1536-pd-trockenversender\/#breadcrumb\",\"itemListElement\":[{\"@type\":\"ListItem\",\"position\":1,\"name\":\"Startseite\",\"item\":\"https:\/\/mvebio.com\/de\/homepage\/\"},{\"@type\":\"ListItem\",\"position\":2,\"name\":\"Unsere Produkte\",\"item\":\"https:\/\/mvebio.com\/de\/unsere-produkte\/\"},{\"@type\":\"ListItem\",\"position\":3,\"name\":\"Biowissenschaften (Gefrierschr\u00e4nke)\",\"item\":\"https:\/\/mvebio.com\/de\/unsere-produkte\/biowissenschaften-gefrierschraenke\/\"},{\"@type\":\"ListItem\",\"position\":4,\"name\":\"MVE 1536 PD Dry Shipper\"}]},{\"@type\":\"WebSite\",\"@id\":\"https:\/\/mvebio.com\/de\/#website\",\"url\":\"https:\/\/mvebio.com\/de\/\",\"name\":\"MVE Biological Solutions\",\"description\":\"Cryogenic freezers and dewars\",\"publisher\":{\"@id\":\"https:\/\/mvebio.com\/de\/#organization\"},\"alternateName\":\"MVE Bio\",\"potentialAction\":[{\"@type\":\"SearchAction\",\"target\":{\"@type\":\"EntryPoint\",\"urlTemplate\":\"https:\/\/mvebio.com\/de\/?s={search_term_string}\"},\"query-input\":{\"@type\":\"PropertyValueSpecification\",\"valueRequired\":true,\"valueName\":\"search_term_string\"}}],\"inLanguage\":\"de\"},{\"@type\":\"Organization\",\"@id\":\"https:\/\/mvebio.com\/de\/#organization\",\"name\":\"MVE Biological Solutions\",\"alternateName\":\"MVE Bio\",\"url\":\"https:\/\/mvebio.com\/de\/\",\"logo\":{\"@type\":\"ImageObject\",\"inLanguage\":\"de\",\"@id\":\"https:\/\/mvebio.com\/de\/#\/schema\/logo\/image\/\",\"url\":\"https:\/\/mvebio.com\/wp-content\/uploads\/sites\/4\/2023\/12\/mve-square.png\",\"contentUrl\":\"https:\/\/mvebio.com\/wp-content\/uploads\/sites\/4\/2023\/12\/mve-square.png\",\"width\":1200,\"height\":1200,\"caption\":\"MVE Biological Solutions\"},\"image\":{\"@id\":\"https:\/\/mvebio.com\/de\/#\/schema\/logo\/image\/\"},\"sameAs\":[\"https:\/\/x.com\/MveBioSolutions\",\"https:\/\/www.linkedin.com\/company\/mvebio\/\"]}]}<\/script>\n<!-- \/ Yoast SEO plugin. -->","yoast_head_json":{"title":"MVE 1536 PD Dry Shipper - MVE Biological Solutions","description":"Versenden Sie gro\u00dfe Mengen kritischer Proben sicher mit diesem robusten Ger\u00e4t, und Sie k\u00f6nnen sicher sein, dass sie so ankommen, wie Sie sie hinterlassen haben. Mit dem Datenlogger, der standardm\u00e4\u00dfig im Lieferumfang des MVE 1536 PD Dry Shippers enthalten ist, k\u00f6nnen Sie sogar den Transporttemperaturbereich \u00fcberpr\u00fcfen. Der Logger liefert Ihnen eine minutengenaue Aufzeichnung der Temperatur Ihrer Probe w\u00e4hrend des Transports.","robots":{"index":"index","follow":"follow","max-snippet":"max-snippet:-1","max-image-preview":"max-image-preview:large","max-video-preview":"max-video-preview:-1"},"canonical":"https:\/\/mvebio.com\/de\/unsere-produkte\/biowissenschaften-gefrierschraenke\/mve-1536-pd-trockenversender\/","og_locale":"de_DE","og_type":"article","og_title":"MVE 1536 PD Dry Shipper - MVE Biological Solutions","og_description":"Versenden Sie gro\u00dfe Mengen kritischer Proben sicher mit diesem robusten Ger\u00e4t, und Sie k\u00f6nnen sicher sein, dass sie so ankommen, wie Sie sie hinterlassen haben. Mit dem Datenlogger, der standardm\u00e4\u00dfig im Lieferumfang des MVE 1536 PD Dry Shippers enthalten ist, k\u00f6nnen Sie sogar den Transporttemperaturbereich \u00fcberpr\u00fcfen. Der Logger liefert Ihnen eine minutengenaue Aufzeichnung der Temperatur Ihrer Probe w\u00e4hrend des Transports.","og_url":"https:\/\/mvebio.com\/de\/unsere-produkte\/biowissenschaften-gefrierschraenke\/mve-1536-pd-trockenversender\/","og_site_name":"MVE Biological Solutions","article_modified_time":"2026-02-18T16:16:43+00:00","og_image":[{"width":1200,"height":563,"url":"https:\/\/mvebio.com\/wp-content\/uploads\/sites\/4\/2023\/12\/mve-1536-dry-shipper-1.jpg","type":"image\/jpeg"}],"twitter_card":"summary_large_image","twitter_site":"@MveBioSolutions","twitter_misc":{"Gesch\u00e4tzte Lesezeit":"3\u00a0Minuten"},"schema":{"@context":"https:\/\/schema.org","@graph":[{"@type":"WebPage","@id":"https:\/\/mvebio.com\/de\/unsere-produkte\/biowissenschaften-gefrierschraenke\/mve-1536-pd-trockenversender\/","url":"https:\/\/mvebio.com\/de\/unsere-produkte\/biowissenschaften-gefrierschraenke\/mve-1536-pd-trockenversender\/","name":"MVE 1536 PD Dry Shipper - MVE Biological Solutions","isPartOf":{"@id":"https:\/\/mvebio.com\/de\/#website"},"primaryImageOfPage":{"@id":"https:\/\/mvebio.com\/de\/unsere-produkte\/biowissenschaften-gefrierschraenke\/mve-1536-pd-trockenversender\/#primaryimage"},"image":{"@id":"https:\/\/mvebio.com\/de\/unsere-produkte\/biowissenschaften-gefrierschraenke\/mve-1536-pd-trockenversender\/#primaryimage"},"thumbnailUrl":"https:\/\/mvebio.com\/wp-content\/uploads\/sites\/4\/2023\/12\/mve-1536-dry-shipper-1.jpg","datePublished":"2023-03-30T09:49:57+00:00","dateModified":"2026-02-18T16:16:43+00:00","description":"Versenden Sie gro\u00dfe Mengen kritischer Proben sicher mit diesem robusten Ger\u00e4t, und Sie k\u00f6nnen sicher sein, dass sie so ankommen, wie Sie sie hinterlassen haben. Mit dem Datenlogger, der standardm\u00e4\u00dfig im Lieferumfang des MVE 1536 PD Dry Shippers enthalten ist, k\u00f6nnen Sie sogar den Transporttemperaturbereich \u00fcberpr\u00fcfen. Der Logger liefert Ihnen eine minutengenaue Aufzeichnung der Temperatur Ihrer Probe w\u00e4hrend des Transports.","breadcrumb":{"@id":"https:\/\/mvebio.com\/de\/unsere-produkte\/biowissenschaften-gefrierschraenke\/mve-1536-pd-trockenversender\/#breadcrumb"},"inLanguage":"de","potentialAction":[{"@type":"ReadAction","target":["https:\/\/mvebio.com\/de\/unsere-produkte\/biowissenschaften-gefrierschraenke\/mve-1536-pd-trockenversender\/"]}]},{"@type":"ImageObject","inLanguage":"de","@id":"https:\/\/mvebio.com\/de\/unsere-produkte\/biowissenschaften-gefrierschraenke\/mve-1536-pd-trockenversender\/#primaryimage","url":"https:\/\/mvebio.com\/wp-content\/uploads\/sites\/4\/2023\/12\/mve-1536-dry-shipper-1.jpg","contentUrl":"https:\/\/mvebio.com\/wp-content\/uploads\/sites\/4\/2023\/12\/mve-1536-dry-shipper-1.jpg","width":1200,"height":563,"caption":"MVE Trockenverlader"},{"@type":"BreadcrumbList","@id":"https:\/\/mvebio.com\/de\/unsere-produkte\/biowissenschaften-gefrierschraenke\/mve-1536-pd-trockenversender\/#breadcrumb","itemListElement":[{"@type":"ListItem","position":1,"name":"Startseite","item":"https:\/\/mvebio.com\/de\/homepage\/"},{"@type":"ListItem","position":2,"name":"Unsere Produkte","item":"https:\/\/mvebio.com\/de\/unsere-produkte\/"},{"@type":"ListItem","position":3,"name":"Biowissenschaften (Gefrierschr\u00e4nke)","item":"https:\/\/mvebio.com\/de\/unsere-produkte\/biowissenschaften-gefrierschraenke\/"},{"@type":"ListItem","position":4,"name":"MVE 1536 PD Dry Shipper"}]},{"@type":"WebSite","@id":"https:\/\/mvebio.com\/de\/#website","url":"https:\/\/mvebio.com\/de\/","name":"MVE Biological Solutions","description":"Cryogenic freezers and dewars","publisher":{"@id":"https:\/\/mvebio.com\/de\/#organization"},"alternateName":"MVE Bio","potentialAction":[{"@type":"SearchAction","target":{"@type":"EntryPoint","urlTemplate":"https:\/\/mvebio.com\/de\/?s={search_term_string}"},"query-input":{"@type":"PropertyValueSpecification","valueRequired":true,"valueName":"search_term_string"}}],"inLanguage":"de"},{"@type":"Organization","@id":"https:\/\/mvebio.com\/de\/#organization","name":"MVE Biological Solutions","alternateName":"MVE Bio","url":"https:\/\/mvebio.com\/de\/","logo":{"@type":"ImageObject","inLanguage":"de","@id":"https:\/\/mvebio.com\/de\/#\/schema\/logo\/image\/","url":"https:\/\/mvebio.com\/wp-content\/uploads\/sites\/4\/2023\/12\/mve-square.png","contentUrl":"https:\/\/mvebio.com\/wp-content\/uploads\/sites\/4\/2023\/12\/mve-square.png","width":1200,"height":1200,"caption":"MVE Biological Solutions"},"image":{"@id":"https:\/\/mvebio.com\/de\/#\/schema\/logo\/image\/"},"sameAs":["https:\/\/x.com\/MveBioSolutions","https:\/\/www.linkedin.com\/company\/mvebio\/"]}]}},"_links":{"self":[{"href":"https:\/\/mvebio.com\/de\/wp-json\/wp\/v2\/pages\/12667","targetHints":{"allow":["GET"]}}],"collection":[{"href":"https:\/\/mvebio.com\/de\/wp-json\/wp\/v2\/pages"}],"about":[{"href":"https:\/\/mvebio.com\/de\/wp-json\/wp\/v2\/types\/page"}],"author":[{"embeddable":true,"href":"https:\/\/mvebio.com\/de\/wp-json\/wp\/v2\/users\/1"}],"replies":[{"embeddable":true,"href":"https:\/\/mvebio.com\/de\/wp-json\/wp\/v2\/comments?post=12667"}],"version-history":[{"count":2,"href":"https:\/\/mvebio.com\/de\/wp-json\/wp\/v2\/pages\/12667\/revisions"}],"predecessor-version":[{"id":14564,"href":"https:\/\/mvebio.com\/de\/wp-json\/wp\/v2\/pages\/12667\/revisions\/14564"}],"up":[{"embeddable":true,"href":"https:\/\/mvebio.com\/de\/wp-json\/wp\/v2\/pages\/12654"}],"wp:featuredmedia":[{"embeddable":true,"href":"https:\/\/mvebio.com\/de\/wp-json\/wp\/v2\/media\/10546"}],"wp:attachment":[{"href":"https:\/\/mvebio.com\/de\/wp-json\/wp\/v2\/media?parent=12667"}],"curies":[{"name":"wp","href":"https:\/\/api.w.org\/{rel}","templated":true}]}}