{"id":12663,"date":"2023-03-30T10:49:14","date_gmt":"2023-03-30T09:49:14","guid":{"rendered":"https:\/\/mvebio.com\/biowissenschaften-gefrierschraenke\/mve-cryocart\/"},"modified":"2026-02-18T11:16:43","modified_gmt":"2026-02-18T16:16:43","slug":"mve-cryocart","status":"publish","type":"page","link":"https:\/\/mvebio.com\/de\/unsere-produkte\/biowissenschaften-gefrierschraenke\/mve-cryocart\/","title":{"rendered":"MVE CryoCart"},"content":{"rendered":"","protected":false},"excerpt":{"rendered":"<p>Effiziente Bearbeitung und Transport kritischer biologischer Proben<\/p>\n","protected":false},"author":1,"featured_media":10538,"parent":12654,"menu_order":0,"comment_status":"closed","ping_status":"closed","template":"","meta":{"_acf_changed":false,"footnotes":""},"class_list":["post-12663","page","type-page","status-publish","has-post-thumbnail","hentry"],"acf":[],"yoast_head":"<!-- This site is optimized with the Yoast SEO plugin v27.2 - https:\/\/yoast.com\/product\/yoast-seo-wordpress\/ -->\n<title>MVE CryoCart - MVE Biological Solutions<\/title>\n<meta name=\"description\" content=\"Laden und transportieren Sie Ihre kryogenen Proben mit Vertrauen. Arbeiten Sie in einem Biorepository, einer Gefrierfarm oder einer Biobankeinrichtung? Und m\u00fcssen Sie gro\u00dfe Mengen kryogener Proben mit einer tragbaren kryogenen Werkbank transportieren - von einem Tank zum anderen - ohne deren Lebensf\u00e4higkeit zu gef\u00e4hrden? Dann k\u00f6nnte der MVE CryoCart genau das Richtige f\u00fcr Sie sein. Dieses innovative Ger\u00e4t ist seit mehr als einem Jahrzehnt der Standard bei der Minimierung von Time-Out-of-Environment-Events f\u00fcr zellul\u00e4re Produkte.\" \/>\n<meta name=\"robots\" content=\"index, follow, max-snippet:-1, max-image-preview:large, max-video-preview:-1\" \/>\n<link rel=\"canonical\" href=\"https:\/\/mvebio.com\/de\/unsere-produkte\/biowissenschaften-gefrierschraenke\/mve-cryocart\/\" \/>\n<meta property=\"og:locale\" content=\"de_DE\" \/>\n<meta property=\"og:type\" content=\"article\" \/>\n<meta property=\"og:title\" content=\"MVE CryoCart - MVE Biological Solutions\" \/>\n<meta property=\"og:description\" content=\"Laden und transportieren Sie Ihre kryogenen Proben mit Vertrauen. Arbeiten Sie in einem Biorepository, einer Gefrierfarm oder einer Biobankeinrichtung? Und m\u00fcssen Sie gro\u00dfe Mengen kryogener Proben mit einer tragbaren kryogenen Werkbank transportieren - von einem Tank zum anderen - ohne deren Lebensf\u00e4higkeit zu gef\u00e4hrden? Dann k\u00f6nnte der MVE CryoCart genau das Richtige f\u00fcr Sie sein. Dieses innovative Ger\u00e4t ist seit mehr als einem Jahrzehnt der Standard bei der Minimierung von Time-Out-of-Environment-Events f\u00fcr zellul\u00e4re Produkte.\" \/>\n<meta property=\"og:url\" content=\"https:\/\/mvebio.com\/de\/unsere-produkte\/biowissenschaften-gefrierschraenke\/mve-cryocart\/\" \/>\n<meta property=\"og:site_name\" content=\"MVE Biological Solutions\" \/>\n<meta property=\"article:modified_time\" content=\"2026-02-18T16:16:43+00:00\" \/>\n<meta property=\"og:image\" content=\"https:\/\/mvebio.com\/wp-content\/uploads\/sites\/4\/2023\/12\/Cryo-Cart-1.jpg\" \/>\n\t<meta property=\"og:image:width\" content=\"1200\" \/>\n\t<meta property=\"og:image:height\" content=\"563\" \/>\n\t<meta property=\"og:image:type\" content=\"image\/jpeg\" \/>\n<meta name=\"twitter:card\" content=\"summary_large_image\" \/>\n<meta name=\"twitter:site\" content=\"@MveBioSolutions\" \/>\n<script type=\"application\/ld+json\" class=\"yoast-schema-graph\">{\"@context\":\"https:\/\/schema.org\",\"@graph\":[{\"@type\":\"WebPage\",\"@id\":\"https:\/\/mvebio.com\/de\/unsere-produkte\/biowissenschaften-gefrierschraenke\/mve-cryocart\/\",\"url\":\"https:\/\/mvebio.com\/de\/unsere-produkte\/biowissenschaften-gefrierschraenke\/mve-cryocart\/\",\"name\":\"MVE CryoCart - MVE Biological Solutions\",\"isPartOf\":{\"@id\":\"https:\/\/mvebio.com\/de\/#website\"},\"primaryImageOfPage\":{\"@id\":\"https:\/\/mvebio.com\/de\/unsere-produkte\/biowissenschaften-gefrierschraenke\/mve-cryocart\/#primaryimage\"},\"image\":{\"@id\":\"https:\/\/mvebio.com\/de\/unsere-produkte\/biowissenschaften-gefrierschraenke\/mve-cryocart\/#primaryimage\"},\"thumbnailUrl\":\"https:\/\/mvebio.com\/wp-content\/uploads\/sites\/4\/2023\/12\/Cryo-Cart-1.jpg\",\"datePublished\":\"2023-03-30T09:49:14+00:00\",\"dateModified\":\"2026-02-18T16:16:43+00:00\",\"description\":\"Laden und transportieren Sie Ihre kryogenen Proben mit Vertrauen. Arbeiten Sie in einem Biorepository, einer Gefrierfarm oder einer Biobankeinrichtung? Und m\u00fcssen Sie gro\u00dfe Mengen kryogener Proben mit einer tragbaren kryogenen Werkbank transportieren - von einem Tank zum anderen - ohne deren Lebensf\u00e4higkeit zu gef\u00e4hrden? Dann k\u00f6nnte der MVE CryoCart genau das Richtige f\u00fcr Sie sein. Dieses innovative Ger\u00e4t ist seit mehr als einem Jahrzehnt der Standard bei der Minimierung von Time-Out-of-Environment-Events f\u00fcr zellul\u00e4re Produkte.\",\"breadcrumb\":{\"@id\":\"https:\/\/mvebio.com\/de\/unsere-produkte\/biowissenschaften-gefrierschraenke\/mve-cryocart\/#breadcrumb\"},\"inLanguage\":\"de\",\"potentialAction\":[{\"@type\":\"ReadAction\",\"target\":[\"https:\/\/mvebio.com\/de\/unsere-produkte\/biowissenschaften-gefrierschraenke\/mve-cryocart\/\"]}]},{\"@type\":\"ImageObject\",\"inLanguage\":\"de\",\"@id\":\"https:\/\/mvebio.com\/de\/unsere-produkte\/biowissenschaften-gefrierschraenke\/mve-cryocart\/#primaryimage\",\"url\":\"https:\/\/mvebio.com\/wp-content\/uploads\/sites\/4\/2023\/12\/Cryo-Cart-1.jpg\",\"contentUrl\":\"https:\/\/mvebio.com\/wp-content\/uploads\/sites\/4\/2023\/12\/Cryo-Cart-1.jpg\",\"width\":1200,\"height\":563,\"caption\":\"CryoCart\"},{\"@type\":\"BreadcrumbList\",\"@id\":\"https:\/\/mvebio.com\/de\/unsere-produkte\/biowissenschaften-gefrierschraenke\/mve-cryocart\/#breadcrumb\",\"itemListElement\":[{\"@type\":\"ListItem\",\"position\":1,\"name\":\"Startseite\",\"item\":\"https:\/\/mvebio.com\/de\/homepage\/\"},{\"@type\":\"ListItem\",\"position\":2,\"name\":\"Unsere Produkte\",\"item\":\"https:\/\/mvebio.com\/de\/unsere-produkte\/\"},{\"@type\":\"ListItem\",\"position\":3,\"name\":\"Biowissenschaften (Gefrierschr\u00e4nke)\",\"item\":\"https:\/\/mvebio.com\/de\/unsere-produkte\/biowissenschaften-gefrierschraenke\/\"},{\"@type\":\"ListItem\",\"position\":4,\"name\":\"MVE CryoCart\"}]},{\"@type\":\"WebSite\",\"@id\":\"https:\/\/mvebio.com\/de\/#website\",\"url\":\"https:\/\/mvebio.com\/de\/\",\"name\":\"MVE Biological Solutions\",\"description\":\"Cryogenic freezers and dewars\",\"publisher\":{\"@id\":\"https:\/\/mvebio.com\/de\/#organization\"},\"alternateName\":\"MVE Bio\",\"potentialAction\":[{\"@type\":\"SearchAction\",\"target\":{\"@type\":\"EntryPoint\",\"urlTemplate\":\"https:\/\/mvebio.com\/de\/?s={search_term_string}\"},\"query-input\":{\"@type\":\"PropertyValueSpecification\",\"valueRequired\":true,\"valueName\":\"search_term_string\"}}],\"inLanguage\":\"de\"},{\"@type\":\"Organization\",\"@id\":\"https:\/\/mvebio.com\/de\/#organization\",\"name\":\"MVE Biological Solutions\",\"alternateName\":\"MVE Bio\",\"url\":\"https:\/\/mvebio.com\/de\/\",\"logo\":{\"@type\":\"ImageObject\",\"inLanguage\":\"de\",\"@id\":\"https:\/\/mvebio.com\/de\/#\/schema\/logo\/image\/\",\"url\":\"https:\/\/mvebio.com\/wp-content\/uploads\/sites\/4\/2023\/12\/mve-square.png\",\"contentUrl\":\"https:\/\/mvebio.com\/wp-content\/uploads\/sites\/4\/2023\/12\/mve-square.png\",\"width\":1200,\"height\":1200,\"caption\":\"MVE Biological Solutions\"},\"image\":{\"@id\":\"https:\/\/mvebio.com\/de\/#\/schema\/logo\/image\/\"},\"sameAs\":[\"https:\/\/x.com\/MveBioSolutions\",\"https:\/\/www.linkedin.com\/company\/mvebio\/\"]}]}<\/script>\n<!-- \/ Yoast SEO plugin. -->","yoast_head_json":{"title":"MVE CryoCart - MVE Biological Solutions","description":"Laden und transportieren Sie Ihre kryogenen Proben mit Vertrauen. Arbeiten Sie in einem Biorepository, einer Gefrierfarm oder einer Biobankeinrichtung? Und m\u00fcssen Sie gro\u00dfe Mengen kryogener Proben mit einer tragbaren kryogenen Werkbank transportieren - von einem Tank zum anderen - ohne deren Lebensf\u00e4higkeit zu gef\u00e4hrden? Dann k\u00f6nnte der MVE CryoCart genau das Richtige f\u00fcr Sie sein. Dieses innovative Ger\u00e4t ist seit mehr als einem Jahrzehnt der Standard bei der Minimierung von Time-Out-of-Environment-Events f\u00fcr zellul\u00e4re Produkte.","robots":{"index":"index","follow":"follow","max-snippet":"max-snippet:-1","max-image-preview":"max-image-preview:large","max-video-preview":"max-video-preview:-1"},"canonical":"https:\/\/mvebio.com\/de\/unsere-produkte\/biowissenschaften-gefrierschraenke\/mve-cryocart\/","og_locale":"de_DE","og_type":"article","og_title":"MVE CryoCart - MVE Biological Solutions","og_description":"Laden und transportieren Sie Ihre kryogenen Proben mit Vertrauen. Arbeiten Sie in einem Biorepository, einer Gefrierfarm oder einer Biobankeinrichtung? Und m\u00fcssen Sie gro\u00dfe Mengen kryogener Proben mit einer tragbaren kryogenen Werkbank transportieren - von einem Tank zum anderen - ohne deren Lebensf\u00e4higkeit zu gef\u00e4hrden? Dann k\u00f6nnte der MVE CryoCart genau das Richtige f\u00fcr Sie sein. Dieses innovative Ger\u00e4t ist seit mehr als einem Jahrzehnt der Standard bei der Minimierung von Time-Out-of-Environment-Events f\u00fcr zellul\u00e4re Produkte.","og_url":"https:\/\/mvebio.com\/de\/unsere-produkte\/biowissenschaften-gefrierschraenke\/mve-cryocart\/","og_site_name":"MVE Biological Solutions","article_modified_time":"2026-02-18T16:16:43+00:00","og_image":[{"width":1200,"height":563,"url":"https:\/\/mvebio.com\/wp-content\/uploads\/sites\/4\/2023\/12\/Cryo-Cart-1.jpg","type":"image\/jpeg"}],"twitter_card":"summary_large_image","twitter_site":"@MveBioSolutions","schema":{"@context":"https:\/\/schema.org","@graph":[{"@type":"WebPage","@id":"https:\/\/mvebio.com\/de\/unsere-produkte\/biowissenschaften-gefrierschraenke\/mve-cryocart\/","url":"https:\/\/mvebio.com\/de\/unsere-produkte\/biowissenschaften-gefrierschraenke\/mve-cryocart\/","name":"MVE CryoCart - MVE Biological Solutions","isPartOf":{"@id":"https:\/\/mvebio.com\/de\/#website"},"primaryImageOfPage":{"@id":"https:\/\/mvebio.com\/de\/unsere-produkte\/biowissenschaften-gefrierschraenke\/mve-cryocart\/#primaryimage"},"image":{"@id":"https:\/\/mvebio.com\/de\/unsere-produkte\/biowissenschaften-gefrierschraenke\/mve-cryocart\/#primaryimage"},"thumbnailUrl":"https:\/\/mvebio.com\/wp-content\/uploads\/sites\/4\/2023\/12\/Cryo-Cart-1.jpg","datePublished":"2023-03-30T09:49:14+00:00","dateModified":"2026-02-18T16:16:43+00:00","description":"Laden und transportieren Sie Ihre kryogenen Proben mit Vertrauen. Arbeiten Sie in einem Biorepository, einer Gefrierfarm oder einer Biobankeinrichtung? Und m\u00fcssen Sie gro\u00dfe Mengen kryogener Proben mit einer tragbaren kryogenen Werkbank transportieren - von einem Tank zum anderen - ohne deren Lebensf\u00e4higkeit zu gef\u00e4hrden? Dann k\u00f6nnte der MVE CryoCart genau das Richtige f\u00fcr Sie sein. Dieses innovative Ger\u00e4t ist seit mehr als einem Jahrzehnt der Standard bei der Minimierung von Time-Out-of-Environment-Events f\u00fcr zellul\u00e4re Produkte.","breadcrumb":{"@id":"https:\/\/mvebio.com\/de\/unsere-produkte\/biowissenschaften-gefrierschraenke\/mve-cryocart\/#breadcrumb"},"inLanguage":"de","potentialAction":[{"@type":"ReadAction","target":["https:\/\/mvebio.com\/de\/unsere-produkte\/biowissenschaften-gefrierschraenke\/mve-cryocart\/"]}]},{"@type":"ImageObject","inLanguage":"de","@id":"https:\/\/mvebio.com\/de\/unsere-produkte\/biowissenschaften-gefrierschraenke\/mve-cryocart\/#primaryimage","url":"https:\/\/mvebio.com\/wp-content\/uploads\/sites\/4\/2023\/12\/Cryo-Cart-1.jpg","contentUrl":"https:\/\/mvebio.com\/wp-content\/uploads\/sites\/4\/2023\/12\/Cryo-Cart-1.jpg","width":1200,"height":563,"caption":"CryoCart"},{"@type":"BreadcrumbList","@id":"https:\/\/mvebio.com\/de\/unsere-produkte\/biowissenschaften-gefrierschraenke\/mve-cryocart\/#breadcrumb","itemListElement":[{"@type":"ListItem","position":1,"name":"Startseite","item":"https:\/\/mvebio.com\/de\/homepage\/"},{"@type":"ListItem","position":2,"name":"Unsere Produkte","item":"https:\/\/mvebio.com\/de\/unsere-produkte\/"},{"@type":"ListItem","position":3,"name":"Biowissenschaften (Gefrierschr\u00e4nke)","item":"https:\/\/mvebio.com\/de\/unsere-produkte\/biowissenschaften-gefrierschraenke\/"},{"@type":"ListItem","position":4,"name":"MVE CryoCart"}]},{"@type":"WebSite","@id":"https:\/\/mvebio.com\/de\/#website","url":"https:\/\/mvebio.com\/de\/","name":"MVE Biological Solutions","description":"Cryogenic freezers and dewars","publisher":{"@id":"https:\/\/mvebio.com\/de\/#organization"},"alternateName":"MVE Bio","potentialAction":[{"@type":"SearchAction","target":{"@type":"EntryPoint","urlTemplate":"https:\/\/mvebio.com\/de\/?s={search_term_string}"},"query-input":{"@type":"PropertyValueSpecification","valueRequired":true,"valueName":"search_term_string"}}],"inLanguage":"de"},{"@type":"Organization","@id":"https:\/\/mvebio.com\/de\/#organization","name":"MVE Biological Solutions","alternateName":"MVE Bio","url":"https:\/\/mvebio.com\/de\/","logo":{"@type":"ImageObject","inLanguage":"de","@id":"https:\/\/mvebio.com\/de\/#\/schema\/logo\/image\/","url":"https:\/\/mvebio.com\/wp-content\/uploads\/sites\/4\/2023\/12\/mve-square.png","contentUrl":"https:\/\/mvebio.com\/wp-content\/uploads\/sites\/4\/2023\/12\/mve-square.png","width":1200,"height":1200,"caption":"MVE Biological Solutions"},"image":{"@id":"https:\/\/mvebio.com\/de\/#\/schema\/logo\/image\/"},"sameAs":["https:\/\/x.com\/MveBioSolutions","https:\/\/www.linkedin.com\/company\/mvebio\/"]}]}},"_links":{"self":[{"href":"https:\/\/mvebio.com\/de\/wp-json\/wp\/v2\/pages\/12663","targetHints":{"allow":["GET"]}}],"collection":[{"href":"https:\/\/mvebio.com\/de\/wp-json\/wp\/v2\/pages"}],"about":[{"href":"https:\/\/mvebio.com\/de\/wp-json\/wp\/v2\/types\/page"}],"author":[{"embeddable":true,"href":"https:\/\/mvebio.com\/de\/wp-json\/wp\/v2\/users\/1"}],"replies":[{"embeddable":true,"href":"https:\/\/mvebio.com\/de\/wp-json\/wp\/v2\/comments?post=12663"}],"version-history":[{"count":1,"href":"https:\/\/mvebio.com\/de\/wp-json\/wp\/v2\/pages\/12663\/revisions"}],"predecessor-version":[{"id":14566,"href":"https:\/\/mvebio.com\/de\/wp-json\/wp\/v2\/pages\/12663\/revisions\/14566"}],"up":[{"embeddable":true,"href":"https:\/\/mvebio.com\/de\/wp-json\/wp\/v2\/pages\/12654"}],"wp:featuredmedia":[{"embeddable":true,"href":"https:\/\/mvebio.com\/de\/wp-json\/wp\/v2\/media\/10538"}],"wp:attachment":[{"href":"https:\/\/mvebio.com\/de\/wp-json\/wp\/v2\/media?parent=12663"}],"curies":[{"name":"wp","href":"https:\/\/api.w.org\/{rel}","templated":true}]}}