{"id":12662,"date":"2023-03-30T10:47:49","date_gmt":"2023-03-30T09:47:49","guid":{"rendered":"https:\/\/mvebio.com\/biowissenschaften-gefrierschraenke\/mve-vario-series\/"},"modified":"2026-02-18T11:18:28","modified_gmt":"2026-02-18T16:18:28","slug":"mve-vario-serie","status":"publish","type":"page","link":"https:\/\/mvebio.com\/de\/unsere-produkte\/biowissenschaften-gefrierschraenke\/mve-vario-serie\/","title":{"rendered":"MVE Vario Series"},"content":{"rendered":"","protected":false},"excerpt":{"rendered":"<p>Kryogene Lagerung bei ultraniedrigen Temperaturen und extrem niedrigen Betriebskosten<\/p>\n","protected":false},"author":1,"featured_media":10514,"parent":12654,"menu_order":0,"comment_status":"closed","ping_status":"closed","template":"","meta":{"_acf_changed":false,"footnotes":""},"class_list":["post-12662","page","type-page","status-publish","has-post-thumbnail","hentry"],"acf":[],"yoast_head":"<!-- This site is optimized with the Yoast SEO plugin v27.2 - https:\/\/yoast.com\/product\/yoast-seo-wordpress\/ -->\n<title>MVE Vario Series - MVE Biological Solutions<\/title>\n<meta name=\"description\" content=\"Wenn Sie eine energieeffiziente Biobanking-L\u00f6sung ben\u00f6tigen, die extrem niedrige Temperaturen bietet, k\u00f6nnte die MVE Vario Serie das Richtige f\u00fcr Sie sein. Mit dieser innovativen Alternative zu mechanischen Gefrierger\u00e4ten haben Sie die Kontrolle. Denn sowohl die MVE 1500 als auch die 1800 Vario Modelle bieten benutzerdefinierte Temperaturen zwischen -20\u00b0C und -150\u00b0C. Und mit dem erh\u00e4ltlichen Umbausatz k\u00f6nnen Sie den Vario als hocheffizienten -190C Gefrierschrank betreiben.\" \/>\n<meta name=\"robots\" content=\"index, follow, max-snippet:-1, max-image-preview:large, max-video-preview:-1\" \/>\n<link rel=\"canonical\" href=\"https:\/\/mvebio.com\/de\/unsere-produkte\/biowissenschaften-gefrierschraenke\/mve-vario-serie\/\" \/>\n<meta property=\"og:locale\" content=\"de_DE\" \/>\n<meta property=\"og:type\" content=\"article\" \/>\n<meta property=\"og:title\" content=\"MVE Vario Series - MVE Biological Solutions\" \/>\n<meta property=\"og:description\" content=\"Wenn Sie eine energieeffiziente Biobanking-L\u00f6sung ben\u00f6tigen, die extrem niedrige Temperaturen bietet, k\u00f6nnte die MVE Vario Serie das Richtige f\u00fcr Sie sein. Mit dieser innovativen Alternative zu mechanischen Gefrierger\u00e4ten haben Sie die Kontrolle. Denn sowohl die MVE 1500 als auch die 1800 Vario Modelle bieten benutzerdefinierte Temperaturen zwischen -20\u00b0C und -150\u00b0C. Und mit dem erh\u00e4ltlichen Umbausatz k\u00f6nnen Sie den Vario als hocheffizienten -190C Gefrierschrank betreiben.\" \/>\n<meta property=\"og:url\" content=\"https:\/\/mvebio.com\/de\/unsere-produkte\/biowissenschaften-gefrierschraenke\/mve-vario-serie\/\" \/>\n<meta property=\"og:site_name\" content=\"MVE Biological Solutions\" \/>\n<meta property=\"article:modified_time\" content=\"2026-02-18T16:18:28+00:00\" \/>\n<meta property=\"og:image\" content=\"https:\/\/mvebio.com\/wp-content\/uploads\/sites\/4\/2023\/12\/Vario-Series-1800-1.jpg\" \/>\n\t<meta property=\"og:image:width\" content=\"1200\" \/>\n\t<meta property=\"og:image:height\" content=\"562\" \/>\n\t<meta property=\"og:image:type\" content=\"image\/jpeg\" \/>\n<meta name=\"twitter:card\" content=\"summary_large_image\" \/>\n<meta name=\"twitter:site\" content=\"@MveBioSolutions\" \/>\n<meta name=\"twitter:label1\" content=\"Gesch\u00e4tzte Lesezeit\" \/>\n\t<meta name=\"twitter:data1\" content=\"4\u00a0Minuten\" \/>\n<script type=\"application\/ld+json\" class=\"yoast-schema-graph\">{\"@context\":\"https:\/\/schema.org\",\"@graph\":[{\"@type\":\"WebPage\",\"@id\":\"https:\/\/mvebio.com\/de\/unsere-produkte\/biowissenschaften-gefrierschraenke\/mve-vario-serie\/\",\"url\":\"https:\/\/mvebio.com\/de\/unsere-produkte\/biowissenschaften-gefrierschraenke\/mve-vario-serie\/\",\"name\":\"MVE Vario Series - MVE Biological Solutions\",\"isPartOf\":{\"@id\":\"https:\/\/mvebio.com\/de\/#website\"},\"primaryImageOfPage\":{\"@id\":\"https:\/\/mvebio.com\/de\/unsere-produkte\/biowissenschaften-gefrierschraenke\/mve-vario-serie\/#primaryimage\"},\"image\":{\"@id\":\"https:\/\/mvebio.com\/de\/unsere-produkte\/biowissenschaften-gefrierschraenke\/mve-vario-serie\/#primaryimage\"},\"thumbnailUrl\":\"https:\/\/mvebio.com\/wp-content\/uploads\/sites\/4\/2023\/12\/Vario-Series-1800-1.jpg\",\"datePublished\":\"2023-03-30T09:47:49+00:00\",\"dateModified\":\"2026-02-18T16:18:28+00:00\",\"description\":\"Wenn Sie eine energieeffiziente Biobanking-L\u00f6sung ben\u00f6tigen, die extrem niedrige Temperaturen bietet, k\u00f6nnte die MVE Vario Serie das Richtige f\u00fcr Sie sein. Mit dieser innovativen Alternative zu mechanischen Gefrierger\u00e4ten haben Sie die Kontrolle. Denn sowohl die MVE 1500 als auch die 1800 Vario Modelle bieten benutzerdefinierte Temperaturen zwischen -20\u00b0C und -150\u00b0C. Und mit dem erh\u00e4ltlichen Umbausatz k\u00f6nnen Sie den Vario als hocheffizienten -190C Gefrierschrank betreiben.\",\"breadcrumb\":{\"@id\":\"https:\/\/mvebio.com\/de\/unsere-produkte\/biowissenschaften-gefrierschraenke\/mve-vario-serie\/#breadcrumb\"},\"inLanguage\":\"de\",\"potentialAction\":[{\"@type\":\"ReadAction\",\"target\":[\"https:\/\/mvebio.com\/de\/unsere-produkte\/biowissenschaften-gefrierschraenke\/mve-vario-serie\/\"]}]},{\"@type\":\"ImageObject\",\"inLanguage\":\"de\",\"@id\":\"https:\/\/mvebio.com\/de\/unsere-produkte\/biowissenschaften-gefrierschraenke\/mve-vario-serie\/#primaryimage\",\"url\":\"https:\/\/mvebio.com\/wp-content\/uploads\/sites\/4\/2023\/12\/Vario-Series-1800-1.jpg\",\"contentUrl\":\"https:\/\/mvebio.com\/wp-content\/uploads\/sites\/4\/2023\/12\/Vario-Series-1800-1.jpg\",\"width\":1200,\"height\":562,\"caption\":\"Vario Serie 1800\"},{\"@type\":\"BreadcrumbList\",\"@id\":\"https:\/\/mvebio.com\/de\/unsere-produkte\/biowissenschaften-gefrierschraenke\/mve-vario-serie\/#breadcrumb\",\"itemListElement\":[{\"@type\":\"ListItem\",\"position\":1,\"name\":\"Startseite\",\"item\":\"https:\/\/mvebio.com\/de\/homepage\/\"},{\"@type\":\"ListItem\",\"position\":2,\"name\":\"Unsere Produkte\",\"item\":\"https:\/\/mvebio.com\/de\/unsere-produkte\/\"},{\"@type\":\"ListItem\",\"position\":3,\"name\":\"Biowissenschaften (Gefrierschr\u00e4nke)\",\"item\":\"https:\/\/mvebio.com\/de\/unsere-produkte\/biowissenschaften-gefrierschraenke\/\"},{\"@type\":\"ListItem\",\"position\":4,\"name\":\"MVE Vario Series\"}]},{\"@type\":\"WebSite\",\"@id\":\"https:\/\/mvebio.com\/de\/#website\",\"url\":\"https:\/\/mvebio.com\/de\/\",\"name\":\"MVE Biological Solutions\",\"description\":\"Cryogenic freezers and dewars\",\"publisher\":{\"@id\":\"https:\/\/mvebio.com\/de\/#organization\"},\"alternateName\":\"MVE Bio\",\"potentialAction\":[{\"@type\":\"SearchAction\",\"target\":{\"@type\":\"EntryPoint\",\"urlTemplate\":\"https:\/\/mvebio.com\/de\/?s={search_term_string}\"},\"query-input\":{\"@type\":\"PropertyValueSpecification\",\"valueRequired\":true,\"valueName\":\"search_term_string\"}}],\"inLanguage\":\"de\"},{\"@type\":\"Organization\",\"@id\":\"https:\/\/mvebio.com\/de\/#organization\",\"name\":\"MVE Biological Solutions\",\"alternateName\":\"MVE Bio\",\"url\":\"https:\/\/mvebio.com\/de\/\",\"logo\":{\"@type\":\"ImageObject\",\"inLanguage\":\"de\",\"@id\":\"https:\/\/mvebio.com\/de\/#\/schema\/logo\/image\/\",\"url\":\"https:\/\/mvebio.com\/wp-content\/uploads\/sites\/4\/2023\/12\/mve-square.png\",\"contentUrl\":\"https:\/\/mvebio.com\/wp-content\/uploads\/sites\/4\/2023\/12\/mve-square.png\",\"width\":1200,\"height\":1200,\"caption\":\"MVE Biological Solutions\"},\"image\":{\"@id\":\"https:\/\/mvebio.com\/de\/#\/schema\/logo\/image\/\"},\"sameAs\":[\"https:\/\/x.com\/MveBioSolutions\",\"https:\/\/www.linkedin.com\/company\/mvebio\/\"]}]}<\/script>\n<!-- \/ Yoast SEO plugin. -->","yoast_head_json":{"title":"MVE Vario Series - MVE Biological Solutions","description":"Wenn Sie eine energieeffiziente Biobanking-L\u00f6sung ben\u00f6tigen, die extrem niedrige Temperaturen bietet, k\u00f6nnte die MVE Vario Serie das Richtige f\u00fcr Sie sein. Mit dieser innovativen Alternative zu mechanischen Gefrierger\u00e4ten haben Sie die Kontrolle. Denn sowohl die MVE 1500 als auch die 1800 Vario Modelle bieten benutzerdefinierte Temperaturen zwischen -20\u00b0C und -150\u00b0C. Und mit dem erh\u00e4ltlichen Umbausatz k\u00f6nnen Sie den Vario als hocheffizienten -190C Gefrierschrank betreiben.","robots":{"index":"index","follow":"follow","max-snippet":"max-snippet:-1","max-image-preview":"max-image-preview:large","max-video-preview":"max-video-preview:-1"},"canonical":"https:\/\/mvebio.com\/de\/unsere-produkte\/biowissenschaften-gefrierschraenke\/mve-vario-serie\/","og_locale":"de_DE","og_type":"article","og_title":"MVE Vario Series - MVE Biological Solutions","og_description":"Wenn Sie eine energieeffiziente Biobanking-L\u00f6sung ben\u00f6tigen, die extrem niedrige Temperaturen bietet, k\u00f6nnte die MVE Vario Serie das Richtige f\u00fcr Sie sein. Mit dieser innovativen Alternative zu mechanischen Gefrierger\u00e4ten haben Sie die Kontrolle. Denn sowohl die MVE 1500 als auch die 1800 Vario Modelle bieten benutzerdefinierte Temperaturen zwischen -20\u00b0C und -150\u00b0C. Und mit dem erh\u00e4ltlichen Umbausatz k\u00f6nnen Sie den Vario als hocheffizienten -190C Gefrierschrank betreiben.","og_url":"https:\/\/mvebio.com\/de\/unsere-produkte\/biowissenschaften-gefrierschraenke\/mve-vario-serie\/","og_site_name":"MVE Biological Solutions","article_modified_time":"2026-02-18T16:18:28+00:00","og_image":[{"width":1200,"height":562,"url":"https:\/\/mvebio.com\/wp-content\/uploads\/sites\/4\/2023\/12\/Vario-Series-1800-1.jpg","type":"image\/jpeg"}],"twitter_card":"summary_large_image","twitter_site":"@MveBioSolutions","twitter_misc":{"Gesch\u00e4tzte Lesezeit":"4\u00a0Minuten"},"schema":{"@context":"https:\/\/schema.org","@graph":[{"@type":"WebPage","@id":"https:\/\/mvebio.com\/de\/unsere-produkte\/biowissenschaften-gefrierschraenke\/mve-vario-serie\/","url":"https:\/\/mvebio.com\/de\/unsere-produkte\/biowissenschaften-gefrierschraenke\/mve-vario-serie\/","name":"MVE Vario Series - MVE Biological Solutions","isPartOf":{"@id":"https:\/\/mvebio.com\/de\/#website"},"primaryImageOfPage":{"@id":"https:\/\/mvebio.com\/de\/unsere-produkte\/biowissenschaften-gefrierschraenke\/mve-vario-serie\/#primaryimage"},"image":{"@id":"https:\/\/mvebio.com\/de\/unsere-produkte\/biowissenschaften-gefrierschraenke\/mve-vario-serie\/#primaryimage"},"thumbnailUrl":"https:\/\/mvebio.com\/wp-content\/uploads\/sites\/4\/2023\/12\/Vario-Series-1800-1.jpg","datePublished":"2023-03-30T09:47:49+00:00","dateModified":"2026-02-18T16:18:28+00:00","description":"Wenn Sie eine energieeffiziente Biobanking-L\u00f6sung ben\u00f6tigen, die extrem niedrige Temperaturen bietet, k\u00f6nnte die MVE Vario Serie das Richtige f\u00fcr Sie sein. Mit dieser innovativen Alternative zu mechanischen Gefrierger\u00e4ten haben Sie die Kontrolle. Denn sowohl die MVE 1500 als auch die 1800 Vario Modelle bieten benutzerdefinierte Temperaturen zwischen -20\u00b0C und -150\u00b0C. Und mit dem erh\u00e4ltlichen Umbausatz k\u00f6nnen Sie den Vario als hocheffizienten -190C Gefrierschrank betreiben.","breadcrumb":{"@id":"https:\/\/mvebio.com\/de\/unsere-produkte\/biowissenschaften-gefrierschraenke\/mve-vario-serie\/#breadcrumb"},"inLanguage":"de","potentialAction":[{"@type":"ReadAction","target":["https:\/\/mvebio.com\/de\/unsere-produkte\/biowissenschaften-gefrierschraenke\/mve-vario-serie\/"]}]},{"@type":"ImageObject","inLanguage":"de","@id":"https:\/\/mvebio.com\/de\/unsere-produkte\/biowissenschaften-gefrierschraenke\/mve-vario-serie\/#primaryimage","url":"https:\/\/mvebio.com\/wp-content\/uploads\/sites\/4\/2023\/12\/Vario-Series-1800-1.jpg","contentUrl":"https:\/\/mvebio.com\/wp-content\/uploads\/sites\/4\/2023\/12\/Vario-Series-1800-1.jpg","width":1200,"height":562,"caption":"Vario Serie 1800"},{"@type":"BreadcrumbList","@id":"https:\/\/mvebio.com\/de\/unsere-produkte\/biowissenschaften-gefrierschraenke\/mve-vario-serie\/#breadcrumb","itemListElement":[{"@type":"ListItem","position":1,"name":"Startseite","item":"https:\/\/mvebio.com\/de\/homepage\/"},{"@type":"ListItem","position":2,"name":"Unsere Produkte","item":"https:\/\/mvebio.com\/de\/unsere-produkte\/"},{"@type":"ListItem","position":3,"name":"Biowissenschaften (Gefrierschr\u00e4nke)","item":"https:\/\/mvebio.com\/de\/unsere-produkte\/biowissenschaften-gefrierschraenke\/"},{"@type":"ListItem","position":4,"name":"MVE Vario Series"}]},{"@type":"WebSite","@id":"https:\/\/mvebio.com\/de\/#website","url":"https:\/\/mvebio.com\/de\/","name":"MVE Biological Solutions","description":"Cryogenic freezers and dewars","publisher":{"@id":"https:\/\/mvebio.com\/de\/#organization"},"alternateName":"MVE Bio","potentialAction":[{"@type":"SearchAction","target":{"@type":"EntryPoint","urlTemplate":"https:\/\/mvebio.com\/de\/?s={search_term_string}"},"query-input":{"@type":"PropertyValueSpecification","valueRequired":true,"valueName":"search_term_string"}}],"inLanguage":"de"},{"@type":"Organization","@id":"https:\/\/mvebio.com\/de\/#organization","name":"MVE Biological Solutions","alternateName":"MVE Bio","url":"https:\/\/mvebio.com\/de\/","logo":{"@type":"ImageObject","inLanguage":"de","@id":"https:\/\/mvebio.com\/de\/#\/schema\/logo\/image\/","url":"https:\/\/mvebio.com\/wp-content\/uploads\/sites\/4\/2023\/12\/mve-square.png","contentUrl":"https:\/\/mvebio.com\/wp-content\/uploads\/sites\/4\/2023\/12\/mve-square.png","width":1200,"height":1200,"caption":"MVE Biological Solutions"},"image":{"@id":"https:\/\/mvebio.com\/de\/#\/schema\/logo\/image\/"},"sameAs":["https:\/\/x.com\/MveBioSolutions","https:\/\/www.linkedin.com\/company\/mvebio\/"]}]}},"_links":{"self":[{"href":"https:\/\/mvebio.com\/de\/wp-json\/wp\/v2\/pages\/12662","targetHints":{"allow":["GET"]}}],"collection":[{"href":"https:\/\/mvebio.com\/de\/wp-json\/wp\/v2\/pages"}],"about":[{"href":"https:\/\/mvebio.com\/de\/wp-json\/wp\/v2\/types\/page"}],"author":[{"embeddable":true,"href":"https:\/\/mvebio.com\/de\/wp-json\/wp\/v2\/users\/1"}],"replies":[{"embeddable":true,"href":"https:\/\/mvebio.com\/de\/wp-json\/wp\/v2\/comments?post=12662"}],"version-history":[{"count":2,"href":"https:\/\/mvebio.com\/de\/wp-json\/wp\/v2\/pages\/12662\/revisions"}],"predecessor-version":[{"id":14664,"href":"https:\/\/mvebio.com\/de\/wp-json\/wp\/v2\/pages\/12662\/revisions\/14664"}],"up":[{"embeddable":true,"href":"https:\/\/mvebio.com\/de\/wp-json\/wp\/v2\/pages\/12654"}],"wp:featuredmedia":[{"embeddable":true,"href":"https:\/\/mvebio.com\/de\/wp-json\/wp\/v2\/media\/10514"}],"wp:attachment":[{"href":"https:\/\/mvebio.com\/de\/wp-json\/wp\/v2\/media?parent=12662"}],"curies":[{"name":"wp","href":"https:\/\/api.w.org\/{rel}","templated":true}]}}