{"id":12654,"date":"2023-03-30T10:46:27","date_gmt":"2023-03-30T14:46:27","guid":{"rendered":"https:\/\/mvebio.com\/biowissenschaften-gefrierschraenke\/"},"modified":"2026-02-18T11:16:49","modified_gmt":"2026-02-18T16:16:49","slug":"biowissenschaften-gefrierschraenke","status":"publish","type":"page","link":"https:\/\/mvebio.com\/de\/unsere-produkte\/biowissenschaften-gefrierschraenke\/","title":{"rendered":"Biowissenschaften (Gefrierschr\u00e4nke)"},"content":{"rendered":"","protected":false},"excerpt":{"rendered":"","protected":false},"author":1,"featured_media":10488,"parent":12784,"menu_order":0,"comment_status":"closed","ping_status":"closed","template":"","meta":{"_acf_changed":false,"footnotes":""},"class_list":["post-12654","page","type-page","status-publish","has-post-thumbnail","hentry"],"acf":[],"yoast_head":"<!-- This site is optimized with the Yoast SEO plugin v27.2 - https:\/\/yoast.com\/product\/yoast-seo-wordpress\/ -->\n<title>Biowissenschaften (Gefrierschr\u00e4nke) - MVE Biological Solutions<\/title>\n<meta name=\"description\" content=\"Entdecken Sie un\u00fcbertroffene Zuverl\u00e4ssigkeit und Pr\u00e4zision mit den Life Science Gefrierger\u00e4ten von MVE Biological Solutions. Entdecken Sie unsere fortschrittlichen kryogenen Lagerungsl\u00f6sungen f\u00fcr die Life Sciences Industrie. Sorgen Sie mit modernster Technologie f\u00fcr eine optimale Konservierung wertvoller biologischer Proben. Verbessern Sie Ihre Forschungsf\u00e4higkeiten mit MVE Biological Solutions - wo Innovation die Anforderungen der biowissenschaftlichen Tiefk\u00fchlindustrie erf\u00fcllt\" \/>\n<meta name=\"robots\" content=\"index, follow, max-snippet:-1, max-image-preview:large, max-video-preview:-1\" \/>\n<link rel=\"canonical\" href=\"https:\/\/mvebio.com\/de\/unsere-produkte\/biowissenschaften-gefrierschraenke\/\" \/>\n<meta property=\"og:locale\" content=\"de_DE\" \/>\n<meta property=\"og:type\" content=\"article\" \/>\n<meta property=\"og:title\" content=\"Biowissenschaften (Gefrierschr\u00e4nke) - MVE Biological Solutions\" \/>\n<meta property=\"og:description\" content=\"Entdecken Sie un\u00fcbertroffene Zuverl\u00e4ssigkeit und Pr\u00e4zision mit den Life Science Gefrierger\u00e4ten von MVE Biological Solutions. Entdecken Sie unsere fortschrittlichen kryogenen Lagerungsl\u00f6sungen f\u00fcr die Life Sciences Industrie. Sorgen Sie mit modernster Technologie f\u00fcr eine optimale Konservierung wertvoller biologischer Proben. Verbessern Sie Ihre Forschungsf\u00e4higkeiten mit MVE Biological Solutions - wo Innovation die Anforderungen der biowissenschaftlichen Tiefk\u00fchlindustrie erf\u00fcllt\" \/>\n<meta property=\"og:url\" content=\"https:\/\/mvebio.com\/de\/unsere-produkte\/biowissenschaften-gefrierschraenke\/\" \/>\n<meta property=\"og:site_name\" content=\"MVE Biological Solutions\" \/>\n<meta property=\"article:modified_time\" content=\"2026-02-18T16:16:49+00:00\" \/>\n<meta property=\"og:image\" content=\"https:\/\/mvebio.com\/wp-content\/uploads\/sites\/4\/2023\/12\/MVE_Fusion-2.jpg\" \/>\n\t<meta property=\"og:image:width\" content=\"1200\" \/>\n\t<meta property=\"og:image:height\" content=\"562\" \/>\n\t<meta property=\"og:image:type\" content=\"image\/jpeg\" \/>\n<meta name=\"twitter:card\" content=\"summary_large_image\" \/>\n<meta name=\"twitter:site\" content=\"@MveBioSolutions\" \/>\n<script type=\"application\/ld+json\" class=\"yoast-schema-graph\">{\"@context\":\"https:\/\/schema.org\",\"@graph\":[{\"@type\":\"WebPage\",\"@id\":\"https:\/\/mvebio.com\/de\/unsere-produkte\/biowissenschaften-gefrierschraenke\/\",\"url\":\"https:\/\/mvebio.com\/de\/unsere-produkte\/biowissenschaften-gefrierschraenke\/\",\"name\":\"Biowissenschaften (Gefrierschr\u00e4nke) - MVE Biological Solutions\",\"isPartOf\":{\"@id\":\"https:\/\/mvebio.com\/de\/#website\"},\"primaryImageOfPage\":{\"@id\":\"https:\/\/mvebio.com\/de\/unsere-produkte\/biowissenschaften-gefrierschraenke\/#primaryimage\"},\"image\":{\"@id\":\"https:\/\/mvebio.com\/de\/unsere-produkte\/biowissenschaften-gefrierschraenke\/#primaryimage\"},\"thumbnailUrl\":\"https:\/\/mvebio.com\/wp-content\/uploads\/sites\/4\/2023\/12\/MVE_Fusion-2.jpg\",\"datePublished\":\"2023-03-30T14:46:27+00:00\",\"dateModified\":\"2026-02-18T16:16:49+00:00\",\"description\":\"Entdecken Sie un\u00fcbertroffene Zuverl\u00e4ssigkeit und Pr\u00e4zision mit den Life Science Gefrierger\u00e4ten von MVE Biological Solutions. Entdecken Sie unsere fortschrittlichen kryogenen Lagerungsl\u00f6sungen f\u00fcr die Life Sciences Industrie. Sorgen Sie mit modernster Technologie f\u00fcr eine optimale Konservierung wertvoller biologischer Proben. Verbessern Sie Ihre Forschungsf\u00e4higkeiten mit MVE Biological Solutions - wo Innovation die Anforderungen der biowissenschaftlichen Tiefk\u00fchlindustrie erf\u00fcllt\",\"breadcrumb\":{\"@id\":\"https:\/\/mvebio.com\/de\/unsere-produkte\/biowissenschaften-gefrierschraenke\/#breadcrumb\"},\"inLanguage\":\"de\",\"potentialAction\":[{\"@type\":\"ReadAction\",\"target\":[\"https:\/\/mvebio.com\/de\/unsere-produkte\/biowissenschaften-gefrierschraenke\/\"]}]},{\"@type\":\"ImageObject\",\"inLanguage\":\"de\",\"@id\":\"https:\/\/mvebio.com\/de\/unsere-produkte\/biowissenschaften-gefrierschraenke\/#primaryimage\",\"url\":\"https:\/\/mvebio.com\/wp-content\/uploads\/sites\/4\/2023\/12\/MVE_Fusion-2.jpg\",\"contentUrl\":\"https:\/\/mvebio.com\/wp-content\/uploads\/sites\/4\/2023\/12\/MVE_Fusion-2.jpg\",\"width\":1200,\"height\":562,\"caption\":\"MVE Fusion\"},{\"@type\":\"BreadcrumbList\",\"@id\":\"https:\/\/mvebio.com\/de\/unsere-produkte\/biowissenschaften-gefrierschraenke\/#breadcrumb\",\"itemListElement\":[{\"@type\":\"ListItem\",\"position\":1,\"name\":\"Startseite\",\"item\":\"https:\/\/mvebio.com\/de\/homepage\/\"},{\"@type\":\"ListItem\",\"position\":2,\"name\":\"Unsere Produkte\",\"item\":\"https:\/\/mvebio.com\/de\/unsere-produkte\/\"},{\"@type\":\"ListItem\",\"position\":3,\"name\":\"Biowissenschaften (Gefrierschr\u00e4nke)\"}]},{\"@type\":\"WebSite\",\"@id\":\"https:\/\/mvebio.com\/de\/#website\",\"url\":\"https:\/\/mvebio.com\/de\/\",\"name\":\"MVE Biological Solutions\",\"description\":\"Cryogenic freezers and dewars\",\"publisher\":{\"@id\":\"https:\/\/mvebio.com\/de\/#organization\"},\"alternateName\":\"MVE Bio\",\"potentialAction\":[{\"@type\":\"SearchAction\",\"target\":{\"@type\":\"EntryPoint\",\"urlTemplate\":\"https:\/\/mvebio.com\/de\/?s={search_term_string}\"},\"query-input\":{\"@type\":\"PropertyValueSpecification\",\"valueRequired\":true,\"valueName\":\"search_term_string\"}}],\"inLanguage\":\"de\"},{\"@type\":\"Organization\",\"@id\":\"https:\/\/mvebio.com\/de\/#organization\",\"name\":\"MVE Biological Solutions\",\"alternateName\":\"MVE Bio\",\"url\":\"https:\/\/mvebio.com\/de\/\",\"logo\":{\"@type\":\"ImageObject\",\"inLanguage\":\"de\",\"@id\":\"https:\/\/mvebio.com\/de\/#\/schema\/logo\/image\/\",\"url\":\"https:\/\/mvebio.com\/wp-content\/uploads\/sites\/4\/2023\/12\/mve-square.png\",\"contentUrl\":\"https:\/\/mvebio.com\/wp-content\/uploads\/sites\/4\/2023\/12\/mve-square.png\",\"width\":1200,\"height\":1200,\"caption\":\"MVE Biological Solutions\"},\"image\":{\"@id\":\"https:\/\/mvebio.com\/de\/#\/schema\/logo\/image\/\"},\"sameAs\":[\"https:\/\/x.com\/MveBioSolutions\",\"https:\/\/www.linkedin.com\/company\/mvebio\/\"]}]}<\/script>\n<!-- \/ Yoast SEO plugin. -->","yoast_head_json":{"title":"Biowissenschaften (Gefrierschr\u00e4nke) - MVE Biological Solutions","description":"Entdecken Sie un\u00fcbertroffene Zuverl\u00e4ssigkeit und Pr\u00e4zision mit den Life Science Gefrierger\u00e4ten von MVE Biological Solutions. Entdecken Sie unsere fortschrittlichen kryogenen Lagerungsl\u00f6sungen f\u00fcr die Life Sciences Industrie. Sorgen Sie mit modernster Technologie f\u00fcr eine optimale Konservierung wertvoller biologischer Proben. Verbessern Sie Ihre Forschungsf\u00e4higkeiten mit MVE Biological Solutions - wo Innovation die Anforderungen der biowissenschaftlichen Tiefk\u00fchlindustrie erf\u00fcllt","robots":{"index":"index","follow":"follow","max-snippet":"max-snippet:-1","max-image-preview":"max-image-preview:large","max-video-preview":"max-video-preview:-1"},"canonical":"https:\/\/mvebio.com\/de\/unsere-produkte\/biowissenschaften-gefrierschraenke\/","og_locale":"de_DE","og_type":"article","og_title":"Biowissenschaften (Gefrierschr\u00e4nke) - MVE Biological Solutions","og_description":"Entdecken Sie un\u00fcbertroffene Zuverl\u00e4ssigkeit und Pr\u00e4zision mit den Life Science Gefrierger\u00e4ten von MVE Biological Solutions. Entdecken Sie unsere fortschrittlichen kryogenen Lagerungsl\u00f6sungen f\u00fcr die Life Sciences Industrie. Sorgen Sie mit modernster Technologie f\u00fcr eine optimale Konservierung wertvoller biologischer Proben. Verbessern Sie Ihre Forschungsf\u00e4higkeiten mit MVE Biological Solutions - wo Innovation die Anforderungen der biowissenschaftlichen Tiefk\u00fchlindustrie erf\u00fcllt","og_url":"https:\/\/mvebio.com\/de\/unsere-produkte\/biowissenschaften-gefrierschraenke\/","og_site_name":"MVE Biological Solutions","article_modified_time":"2026-02-18T16:16:49+00:00","og_image":[{"width":1200,"height":562,"url":"https:\/\/mvebio.com\/wp-content\/uploads\/sites\/4\/2023\/12\/MVE_Fusion-2.jpg","type":"image\/jpeg"}],"twitter_card":"summary_large_image","twitter_site":"@MveBioSolutions","schema":{"@context":"https:\/\/schema.org","@graph":[{"@type":"WebPage","@id":"https:\/\/mvebio.com\/de\/unsere-produkte\/biowissenschaften-gefrierschraenke\/","url":"https:\/\/mvebio.com\/de\/unsere-produkte\/biowissenschaften-gefrierschraenke\/","name":"Biowissenschaften (Gefrierschr\u00e4nke) - MVE Biological Solutions","isPartOf":{"@id":"https:\/\/mvebio.com\/de\/#website"},"primaryImageOfPage":{"@id":"https:\/\/mvebio.com\/de\/unsere-produkte\/biowissenschaften-gefrierschraenke\/#primaryimage"},"image":{"@id":"https:\/\/mvebio.com\/de\/unsere-produkte\/biowissenschaften-gefrierschraenke\/#primaryimage"},"thumbnailUrl":"https:\/\/mvebio.com\/wp-content\/uploads\/sites\/4\/2023\/12\/MVE_Fusion-2.jpg","datePublished":"2023-03-30T14:46:27+00:00","dateModified":"2026-02-18T16:16:49+00:00","description":"Entdecken Sie un\u00fcbertroffene Zuverl\u00e4ssigkeit und Pr\u00e4zision mit den Life Science Gefrierger\u00e4ten von MVE Biological Solutions. Entdecken Sie unsere fortschrittlichen kryogenen Lagerungsl\u00f6sungen f\u00fcr die Life Sciences Industrie. Sorgen Sie mit modernster Technologie f\u00fcr eine optimale Konservierung wertvoller biologischer Proben. Verbessern Sie Ihre Forschungsf\u00e4higkeiten mit MVE Biological Solutions - wo Innovation die Anforderungen der biowissenschaftlichen Tiefk\u00fchlindustrie erf\u00fcllt","breadcrumb":{"@id":"https:\/\/mvebio.com\/de\/unsere-produkte\/biowissenschaften-gefrierschraenke\/#breadcrumb"},"inLanguage":"de","potentialAction":[{"@type":"ReadAction","target":["https:\/\/mvebio.com\/de\/unsere-produkte\/biowissenschaften-gefrierschraenke\/"]}]},{"@type":"ImageObject","inLanguage":"de","@id":"https:\/\/mvebio.com\/de\/unsere-produkte\/biowissenschaften-gefrierschraenke\/#primaryimage","url":"https:\/\/mvebio.com\/wp-content\/uploads\/sites\/4\/2023\/12\/MVE_Fusion-2.jpg","contentUrl":"https:\/\/mvebio.com\/wp-content\/uploads\/sites\/4\/2023\/12\/MVE_Fusion-2.jpg","width":1200,"height":562,"caption":"MVE Fusion"},{"@type":"BreadcrumbList","@id":"https:\/\/mvebio.com\/de\/unsere-produkte\/biowissenschaften-gefrierschraenke\/#breadcrumb","itemListElement":[{"@type":"ListItem","position":1,"name":"Startseite","item":"https:\/\/mvebio.com\/de\/homepage\/"},{"@type":"ListItem","position":2,"name":"Unsere Produkte","item":"https:\/\/mvebio.com\/de\/unsere-produkte\/"},{"@type":"ListItem","position":3,"name":"Biowissenschaften (Gefrierschr\u00e4nke)"}]},{"@type":"WebSite","@id":"https:\/\/mvebio.com\/de\/#website","url":"https:\/\/mvebio.com\/de\/","name":"MVE Biological Solutions","description":"Cryogenic freezers and dewars","publisher":{"@id":"https:\/\/mvebio.com\/de\/#organization"},"alternateName":"MVE Bio","potentialAction":[{"@type":"SearchAction","target":{"@type":"EntryPoint","urlTemplate":"https:\/\/mvebio.com\/de\/?s={search_term_string}"},"query-input":{"@type":"PropertyValueSpecification","valueRequired":true,"valueName":"search_term_string"}}],"inLanguage":"de"},{"@type":"Organization","@id":"https:\/\/mvebio.com\/de\/#organization","name":"MVE Biological Solutions","alternateName":"MVE Bio","url":"https:\/\/mvebio.com\/de\/","logo":{"@type":"ImageObject","inLanguage":"de","@id":"https:\/\/mvebio.com\/de\/#\/schema\/logo\/image\/","url":"https:\/\/mvebio.com\/wp-content\/uploads\/sites\/4\/2023\/12\/mve-square.png","contentUrl":"https:\/\/mvebio.com\/wp-content\/uploads\/sites\/4\/2023\/12\/mve-square.png","width":1200,"height":1200,"caption":"MVE Biological Solutions"},"image":{"@id":"https:\/\/mvebio.com\/de\/#\/schema\/logo\/image\/"},"sameAs":["https:\/\/x.com\/MveBioSolutions","https:\/\/www.linkedin.com\/company\/mvebio\/"]}]}},"_links":{"self":[{"href":"https:\/\/mvebio.com\/de\/wp-json\/wp\/v2\/pages\/12654","targetHints":{"allow":["GET"]}}],"collection":[{"href":"https:\/\/mvebio.com\/de\/wp-json\/wp\/v2\/pages"}],"about":[{"href":"https:\/\/mvebio.com\/de\/wp-json\/wp\/v2\/types\/page"}],"author":[{"embeddable":true,"href":"https:\/\/mvebio.com\/de\/wp-json\/wp\/v2\/users\/1"}],"replies":[{"embeddable":true,"href":"https:\/\/mvebio.com\/de\/wp-json\/wp\/v2\/comments?post=12654"}],"version-history":[{"count":1,"href":"https:\/\/mvebio.com\/de\/wp-json\/wp\/v2\/pages\/12654\/revisions"}],"predecessor-version":[{"id":12787,"href":"https:\/\/mvebio.com\/de\/wp-json\/wp\/v2\/pages\/12654\/revisions\/12787"}],"up":[{"embeddable":true,"href":"https:\/\/mvebio.com\/de\/wp-json\/wp\/v2\/pages\/12784"}],"wp:featuredmedia":[{"embeddable":true,"href":"https:\/\/mvebio.com\/de\/wp-json\/wp\/v2\/media\/10488"}],"wp:attachment":[{"href":"https:\/\/mvebio.com\/de\/wp-json\/wp\/v2\/media?parent=12654"}],"curies":[{"name":"wp","href":"https:\/\/api.w.org\/{rel}","templated":true}]}}