{"id":12641,"date":"2022-11-11T12:33:07","date_gmt":"2022-11-11T12:33:07","guid":{"rendered":"https:\/\/mvebio.com\/karriere\/"},"modified":"2026-02-18T11:16:49","modified_gmt":"2026-02-18T16:16:49","slug":"karriere","status":"publish","type":"page","link":"https:\/\/mvebio.com\/de\/karriere\/","title":{"rendered":"Karriere"},"content":{"rendered":"","protected":false},"excerpt":{"rendered":"","protected":false},"author":1,"featured_media":0,"parent":0,"menu_order":0,"comment_status":"closed","ping_status":"closed","template":"","meta":{"_acf_changed":false,"footnotes":""},"class_list":["post-12641","page","type-page","status-publish","hentry"],"acf":[],"yoast_head":"<!-- This site is optimized with the Yoast SEO plugin v27.2 - https:\/\/yoast.com\/product\/yoast-seo-wordpress\/ -->\n<title>Karriere - MVE Biological Solutions<\/title>\n<meta name=\"description\" content=\"Begeben Sie sich mit MVE auf eine lohnende Reise. Entdecken Sie die M\u00f6glichkeiten f\u00fcr Wachstum und Innovation auf unserer Karriereseite. Entdecken Sie ein vielf\u00e4ltiges Angebot an Stellen, die Ihren F\u00e4higkeiten und W\u00fcnschen im Bereich der Kryotechnik und Biowissenschaften entsprechen. Kommen Sie zu MVE Biological Solutions und werden Sie Teil eines dynamischen Teams, das sich daf\u00fcr einsetzt, die Grenzen der wissenschaftlichen Exzellenz zu erweitern. Ihr Karriereweg beginnt hier.\" \/>\n<meta name=\"robots\" content=\"index, follow, max-snippet:-1, max-image-preview:large, max-video-preview:-1\" \/>\n<link rel=\"canonical\" href=\"https:\/\/mvebio.com\/de\/karriere\/\" \/>\n<meta property=\"og:locale\" content=\"de_DE\" \/>\n<meta property=\"og:type\" content=\"article\" \/>\n<meta property=\"og:title\" content=\"Karriere - MVE Biological Solutions\" \/>\n<meta property=\"og:description\" content=\"Begeben Sie sich mit MVE auf eine lohnende Reise. Entdecken Sie die M\u00f6glichkeiten f\u00fcr Wachstum und Innovation auf unserer Karriereseite. Entdecken Sie ein vielf\u00e4ltiges Angebot an Stellen, die Ihren F\u00e4higkeiten und W\u00fcnschen im Bereich der Kryotechnik und Biowissenschaften entsprechen. Kommen Sie zu MVE Biological Solutions und werden Sie Teil eines dynamischen Teams, das sich daf\u00fcr einsetzt, die Grenzen der wissenschaftlichen Exzellenz zu erweitern. Ihr Karriereweg beginnt hier.\" \/>\n<meta property=\"og:url\" content=\"https:\/\/mvebio.com\/de\/karriere\/\" \/>\n<meta property=\"og:site_name\" content=\"MVE Biological Solutions\" \/>\n<meta property=\"article:modified_time\" content=\"2026-02-18T16:16:49+00:00\" \/>\n<meta property=\"og:image\" content=\"https:\/\/mvebio.com\/wp-content\/uploads\/sites\/4\/2023\/12\/mve-seo.png\" \/>\n\t<meta property=\"og:image:width\" content=\"1200\" \/>\n\t<meta property=\"og:image:height\" content=\"675\" \/>\n\t<meta property=\"og:image:type\" content=\"image\/png\" \/>\n<meta name=\"twitter:card\" content=\"summary_large_image\" \/>\n<meta name=\"twitter:site\" content=\"@MveBioSolutions\" \/>\n<script type=\"application\/ld+json\" class=\"yoast-schema-graph\">{\"@context\":\"https:\/\/schema.org\",\"@graph\":[{\"@type\":\"WebPage\",\"@id\":\"https:\/\/mvebio.com\/de\/karriere\/\",\"url\":\"https:\/\/mvebio.com\/de\/karriere\/\",\"name\":\"Karriere - MVE Biological Solutions\",\"isPartOf\":{\"@id\":\"https:\/\/mvebio.com\/de\/#website\"},\"datePublished\":\"2022-11-11T12:33:07+00:00\",\"dateModified\":\"2026-02-18T16:16:49+00:00\",\"description\":\"Begeben Sie sich mit MVE auf eine lohnende Reise. Entdecken Sie die M\u00f6glichkeiten f\u00fcr Wachstum und Innovation auf unserer Karriereseite. Entdecken Sie ein vielf\u00e4ltiges Angebot an Stellen, die Ihren F\u00e4higkeiten und W\u00fcnschen im Bereich der Kryotechnik und Biowissenschaften entsprechen. Kommen Sie zu MVE Biological Solutions und werden Sie Teil eines dynamischen Teams, das sich daf\u00fcr einsetzt, die Grenzen der wissenschaftlichen Exzellenz zu erweitern. Ihr Karriereweg beginnt hier.\",\"breadcrumb\":{\"@id\":\"https:\/\/mvebio.com\/de\/karriere\/#breadcrumb\"},\"inLanguage\":\"de\",\"potentialAction\":[{\"@type\":\"ReadAction\",\"target\":[\"https:\/\/mvebio.com\/de\/karriere\/\"]}]},{\"@type\":\"BreadcrumbList\",\"@id\":\"https:\/\/mvebio.com\/de\/karriere\/#breadcrumb\",\"itemListElement\":[{\"@type\":\"ListItem\",\"position\":1,\"name\":\"Startseite\",\"item\":\"https:\/\/mvebio.com\/de\/homepage\/\"},{\"@type\":\"ListItem\",\"position\":2,\"name\":\"Karriere\"}]},{\"@type\":\"WebSite\",\"@id\":\"https:\/\/mvebio.com\/de\/#website\",\"url\":\"https:\/\/mvebio.com\/de\/\",\"name\":\"MVE Biological Solutions\",\"description\":\"Cryogenic freezers and dewars\",\"publisher\":{\"@id\":\"https:\/\/mvebio.com\/de\/#organization\"},\"alternateName\":\"MVE Bio\",\"potentialAction\":[{\"@type\":\"SearchAction\",\"target\":{\"@type\":\"EntryPoint\",\"urlTemplate\":\"https:\/\/mvebio.com\/de\/?s={search_term_string}\"},\"query-input\":{\"@type\":\"PropertyValueSpecification\",\"valueRequired\":true,\"valueName\":\"search_term_string\"}}],\"inLanguage\":\"de\"},{\"@type\":\"Organization\",\"@id\":\"https:\/\/mvebio.com\/de\/#organization\",\"name\":\"MVE Biological Solutions\",\"alternateName\":\"MVE Bio\",\"url\":\"https:\/\/mvebio.com\/de\/\",\"logo\":{\"@type\":\"ImageObject\",\"inLanguage\":\"de\",\"@id\":\"https:\/\/mvebio.com\/de\/#\/schema\/logo\/image\/\",\"url\":\"https:\/\/mvebio.com\/wp-content\/uploads\/sites\/4\/2023\/12\/mve-square.png\",\"contentUrl\":\"https:\/\/mvebio.com\/wp-content\/uploads\/sites\/4\/2023\/12\/mve-square.png\",\"width\":1200,\"height\":1200,\"caption\":\"MVE Biological Solutions\"},\"image\":{\"@id\":\"https:\/\/mvebio.com\/de\/#\/schema\/logo\/image\/\"},\"sameAs\":[\"https:\/\/x.com\/MveBioSolutions\",\"https:\/\/www.linkedin.com\/company\/mvebio\/\"]}]}<\/script>\n<!-- \/ Yoast SEO plugin. -->","yoast_head_json":{"title":"Karriere - MVE Biological Solutions","description":"Begeben Sie sich mit MVE auf eine lohnende Reise. Entdecken Sie die M\u00f6glichkeiten f\u00fcr Wachstum und Innovation auf unserer Karriereseite. Entdecken Sie ein vielf\u00e4ltiges Angebot an Stellen, die Ihren F\u00e4higkeiten und W\u00fcnschen im Bereich der Kryotechnik und Biowissenschaften entsprechen. Kommen Sie zu MVE Biological Solutions und werden Sie Teil eines dynamischen Teams, das sich daf\u00fcr einsetzt, die Grenzen der wissenschaftlichen Exzellenz zu erweitern. Ihr Karriereweg beginnt hier.","robots":{"index":"index","follow":"follow","max-snippet":"max-snippet:-1","max-image-preview":"max-image-preview:large","max-video-preview":"max-video-preview:-1"},"canonical":"https:\/\/mvebio.com\/de\/karriere\/","og_locale":"de_DE","og_type":"article","og_title":"Karriere - MVE Biological Solutions","og_description":"Begeben Sie sich mit MVE auf eine lohnende Reise. Entdecken Sie die M\u00f6glichkeiten f\u00fcr Wachstum und Innovation auf unserer Karriereseite. Entdecken Sie ein vielf\u00e4ltiges Angebot an Stellen, die Ihren F\u00e4higkeiten und W\u00fcnschen im Bereich der Kryotechnik und Biowissenschaften entsprechen. Kommen Sie zu MVE Biological Solutions und werden Sie Teil eines dynamischen Teams, das sich daf\u00fcr einsetzt, die Grenzen der wissenschaftlichen Exzellenz zu erweitern. Ihr Karriereweg beginnt hier.","og_url":"https:\/\/mvebio.com\/de\/karriere\/","og_site_name":"MVE Biological Solutions","article_modified_time":"2026-02-18T16:16:49+00:00","og_image":[{"width":1200,"height":675,"url":"https:\/\/mvebio.com\/wp-content\/uploads\/sites\/4\/2023\/12\/mve-seo.png","type":"image\/png"}],"twitter_card":"summary_large_image","twitter_site":"@MveBioSolutions","schema":{"@context":"https:\/\/schema.org","@graph":[{"@type":"WebPage","@id":"https:\/\/mvebio.com\/de\/karriere\/","url":"https:\/\/mvebio.com\/de\/karriere\/","name":"Karriere - MVE Biological Solutions","isPartOf":{"@id":"https:\/\/mvebio.com\/de\/#website"},"datePublished":"2022-11-11T12:33:07+00:00","dateModified":"2026-02-18T16:16:49+00:00","description":"Begeben Sie sich mit MVE auf eine lohnende Reise. Entdecken Sie die M\u00f6glichkeiten f\u00fcr Wachstum und Innovation auf unserer Karriereseite. Entdecken Sie ein vielf\u00e4ltiges Angebot an Stellen, die Ihren F\u00e4higkeiten und W\u00fcnschen im Bereich der Kryotechnik und Biowissenschaften entsprechen. Kommen Sie zu MVE Biological Solutions und werden Sie Teil eines dynamischen Teams, das sich daf\u00fcr einsetzt, die Grenzen der wissenschaftlichen Exzellenz zu erweitern. Ihr Karriereweg beginnt hier.","breadcrumb":{"@id":"https:\/\/mvebio.com\/de\/karriere\/#breadcrumb"},"inLanguage":"de","potentialAction":[{"@type":"ReadAction","target":["https:\/\/mvebio.com\/de\/karriere\/"]}]},{"@type":"BreadcrumbList","@id":"https:\/\/mvebio.com\/de\/karriere\/#breadcrumb","itemListElement":[{"@type":"ListItem","position":1,"name":"Startseite","item":"https:\/\/mvebio.com\/de\/homepage\/"},{"@type":"ListItem","position":2,"name":"Karriere"}]},{"@type":"WebSite","@id":"https:\/\/mvebio.com\/de\/#website","url":"https:\/\/mvebio.com\/de\/","name":"MVE Biological Solutions","description":"Cryogenic freezers and dewars","publisher":{"@id":"https:\/\/mvebio.com\/de\/#organization"},"alternateName":"MVE Bio","potentialAction":[{"@type":"SearchAction","target":{"@type":"EntryPoint","urlTemplate":"https:\/\/mvebio.com\/de\/?s={search_term_string}"},"query-input":{"@type":"PropertyValueSpecification","valueRequired":true,"valueName":"search_term_string"}}],"inLanguage":"de"},{"@type":"Organization","@id":"https:\/\/mvebio.com\/de\/#organization","name":"MVE Biological Solutions","alternateName":"MVE Bio","url":"https:\/\/mvebio.com\/de\/","logo":{"@type":"ImageObject","inLanguage":"de","@id":"https:\/\/mvebio.com\/de\/#\/schema\/logo\/image\/","url":"https:\/\/mvebio.com\/wp-content\/uploads\/sites\/4\/2023\/12\/mve-square.png","contentUrl":"https:\/\/mvebio.com\/wp-content\/uploads\/sites\/4\/2023\/12\/mve-square.png","width":1200,"height":1200,"caption":"MVE Biological Solutions"},"image":{"@id":"https:\/\/mvebio.com\/de\/#\/schema\/logo\/image\/"},"sameAs":["https:\/\/x.com\/MveBioSolutions","https:\/\/www.linkedin.com\/company\/mvebio\/"]}]}},"_links":{"self":[{"href":"https:\/\/mvebio.com\/de\/wp-json\/wp\/v2\/pages\/12641","targetHints":{"allow":["GET"]}}],"collection":[{"href":"https:\/\/mvebio.com\/de\/wp-json\/wp\/v2\/pages"}],"about":[{"href":"https:\/\/mvebio.com\/de\/wp-json\/wp\/v2\/types\/page"}],"author":[{"embeddable":true,"href":"https:\/\/mvebio.com\/de\/wp-json\/wp\/v2\/users\/1"}],"replies":[{"embeddable":true,"href":"https:\/\/mvebio.com\/de\/wp-json\/wp\/v2\/comments?post=12641"}],"version-history":[{"count":1,"href":"https:\/\/mvebio.com\/de\/wp-json\/wp\/v2\/pages\/12641\/revisions"}],"predecessor-version":[{"id":14572,"href":"https:\/\/mvebio.com\/de\/wp-json\/wp\/v2\/pages\/12641\/revisions\/14572"}],"wp:attachment":[{"href":"https:\/\/mvebio.com\/de\/wp-json\/wp\/v2\/media?parent=12641"}],"curies":[{"name":"wp","href":"https:\/\/api.w.org\/{rel}","templated":true}]}}