{"id":12615,"date":"2024-01-12T19:23:32","date_gmt":"2024-01-12T19:23:32","guid":{"rendered":"https:\/\/mvebio.com\/management-team\/"},"modified":"2026-02-18T10:41:25","modified_gmt":"2026-02-18T15:41:25","slug":"fuehrungsteam","status":"publish","type":"page","link":"https:\/\/mvebio.com\/de\/ueber-uns\/fuehrungsteam\/","title":{"rendered":"Management Team"},"content":{"rendered":"","protected":false},"excerpt":{"rendered":"","protected":false},"author":1,"featured_media":4050,"parent":12771,"menu_order":0,"comment_status":"closed","ping_status":"closed","template":"","meta":{"_acf_changed":false,"footnotes":""},"class_list":["post-12615","page","type-page","status-publish","has-post-thumbnail","hentry"],"acf":[],"yoast_head":"<!-- This site is optimized with the Yoast SEO plugin v27.2 - https:\/\/yoast.com\/product\/yoast-seo-wordpress\/ -->\n<title>Management Team - MVE Biological Solutions<\/title>\n<meta name=\"description\" content=\"Cryoport, Inc. ist ein f\u00fchrender Anbieter von temperaturgesteuerten Lieferkettenl\u00f6sungen f\u00fcr die Biowissenschaftsbranche. \u00dcber seine branchenf\u00fchrenden Tochterunternehmen - Cryoport Systems, MVE Biological Solutions, CRYOPDP und CRYOGENE - bietet das Unternehmen eine sich st\u00e4ndig weiterentwickelnde Plattform mit wichtigen Produkten und L\u00f6sungen, darunter fortschrittliche Verpackungen, Informatik, spezielle Logistikdienste, Biolagerungsdienste und kryogene Ausr\u00fcstung.\" \/>\n<meta name=\"robots\" content=\"index, follow, max-snippet:-1, max-image-preview:large, max-video-preview:-1\" \/>\n<link rel=\"canonical\" href=\"https:\/\/mvebio.com\/de\/ueber-uns\/fuehrungsteam\/\" \/>\n<meta property=\"og:locale\" content=\"de_DE\" \/>\n<meta property=\"og:type\" content=\"article\" \/>\n<meta property=\"og:title\" content=\"Management Team - MVE Biological Solutions\" \/>\n<meta property=\"og:description\" content=\"Cryoport, Inc. ist ein f\u00fchrender Anbieter von temperaturgesteuerten Lieferkettenl\u00f6sungen f\u00fcr die Biowissenschaftsbranche. \u00dcber seine branchenf\u00fchrenden Tochterunternehmen - Cryoport Systems, MVE Biological Solutions, CRYOPDP und CRYOGENE - bietet das Unternehmen eine sich st\u00e4ndig weiterentwickelnde Plattform mit wichtigen Produkten und L\u00f6sungen, darunter fortschrittliche Verpackungen, Informatik, spezielle Logistikdienste, Biolagerungsdienste und kryogene Ausr\u00fcstung.\" \/>\n<meta property=\"og:url\" content=\"https:\/\/mvebio.com\/de\/ueber-uns\/fuehrungsteam\/\" \/>\n<meta property=\"og:site_name\" content=\"MVE Biological Solutions\" \/>\n<meta property=\"article:modified_time\" content=\"2026-02-18T15:41:25+00:00\" \/>\n<meta property=\"og:image\" content=\"https:\/\/mvebio.com\/wp-content\/uploads\/sites\/4\/2023\/11\/glass-molecules-scaled-1.jpeg\" \/>\n\t<meta property=\"og:image:width\" content=\"2560\" \/>\n\t<meta property=\"og:image:height\" content=\"1707\" \/>\n\t<meta property=\"og:image:type\" content=\"image\/jpeg\" \/>\n<meta name=\"twitter:card\" content=\"summary_large_image\" \/>\n<meta name=\"twitter:site\" content=\"@MveBioSolutions\" \/>\n<meta name=\"twitter:label1\" content=\"Gesch\u00e4tzte Lesezeit\" \/>\n\t<meta name=\"twitter:data1\" content=\"5\u00a0Minuten\" \/>\n<script type=\"application\/ld+json\" class=\"yoast-schema-graph\">{\"@context\":\"https:\/\/schema.org\",\"@graph\":[{\"@type\":\"WebPage\",\"@id\":\"https:\/\/mvebio.com\/de\/ueber-uns\/fuehrungsteam\/\",\"url\":\"https:\/\/mvebio.com\/de\/ueber-uns\/fuehrungsteam\/\",\"name\":\"Management Team - MVE Biological Solutions\",\"isPartOf\":{\"@id\":\"https:\/\/mvebio.com\/de\/#website\"},\"primaryImageOfPage\":{\"@id\":\"https:\/\/mvebio.com\/de\/ueber-uns\/fuehrungsteam\/#primaryimage\"},\"image\":{\"@id\":\"https:\/\/mvebio.com\/de\/ueber-uns\/fuehrungsteam\/#primaryimage\"},\"thumbnailUrl\":\"https:\/\/mvebio.com\/wp-content\/uploads\/sites\/4\/2023\/11\/glass-molecules-scaled-1.jpeg\",\"datePublished\":\"2024-01-12T19:23:32+00:00\",\"dateModified\":\"2026-02-18T15:41:25+00:00\",\"description\":\"Cryoport, Inc. ist ein f\u00fchrender Anbieter von temperaturgesteuerten Lieferkettenl\u00f6sungen f\u00fcr die Biowissenschaftsbranche. \u00dcber seine branchenf\u00fchrenden Tochterunternehmen - Cryoport Systems, MVE Biological Solutions, CRYOPDP und CRYOGENE - bietet das Unternehmen eine sich st\u00e4ndig weiterentwickelnde Plattform mit wichtigen Produkten und L\u00f6sungen, darunter fortschrittliche Verpackungen, Informatik, spezielle Logistikdienste, Biolagerungsdienste und kryogene Ausr\u00fcstung.\",\"breadcrumb\":{\"@id\":\"https:\/\/mvebio.com\/de\/ueber-uns\/fuehrungsteam\/#breadcrumb\"},\"inLanguage\":\"de\",\"potentialAction\":[{\"@type\":\"ReadAction\",\"target\":[\"https:\/\/mvebio.com\/de\/ueber-uns\/fuehrungsteam\/\"]}]},{\"@type\":\"ImageObject\",\"inLanguage\":\"de\",\"@id\":\"https:\/\/mvebio.com\/de\/ueber-uns\/fuehrungsteam\/#primaryimage\",\"url\":\"https:\/\/mvebio.com\/wp-content\/uploads\/sites\/4\/2023\/11\/glass-molecules-scaled-1.jpeg\",\"contentUrl\":\"https:\/\/mvebio.com\/wp-content\/uploads\/sites\/4\/2023\/11\/glass-molecules-scaled-1.jpeg\",\"width\":2560,\"height\":1707,\"caption\":\"Creative molecule backdrop. Science and medicine concept. 3D Rendering\"},{\"@type\":\"BreadcrumbList\",\"@id\":\"https:\/\/mvebio.com\/de\/ueber-uns\/fuehrungsteam\/#breadcrumb\",\"itemListElement\":[{\"@type\":\"ListItem\",\"position\":1,\"name\":\"Startseite\",\"item\":\"https:\/\/mvebio.com\/de\/homepage\/\"},{\"@type\":\"ListItem\",\"position\":2,\"name\":\"\u00dcber uns\",\"item\":\"https:\/\/mvebio.com\/de\/ueber-uns\/\"},{\"@type\":\"ListItem\",\"position\":3,\"name\":\"Management Team\"}]},{\"@type\":\"WebSite\",\"@id\":\"https:\/\/mvebio.com\/de\/#website\",\"url\":\"https:\/\/mvebio.com\/de\/\",\"name\":\"MVE Biological Solutions\",\"description\":\"Cryogenic freezers and dewars\",\"publisher\":{\"@id\":\"https:\/\/mvebio.com\/de\/#organization\"},\"alternateName\":\"MVE Bio\",\"potentialAction\":[{\"@type\":\"SearchAction\",\"target\":{\"@type\":\"EntryPoint\",\"urlTemplate\":\"https:\/\/mvebio.com\/de\/?s={search_term_string}\"},\"query-input\":{\"@type\":\"PropertyValueSpecification\",\"valueRequired\":true,\"valueName\":\"search_term_string\"}}],\"inLanguage\":\"de\"},{\"@type\":\"Organization\",\"@id\":\"https:\/\/mvebio.com\/de\/#organization\",\"name\":\"MVE Biological Solutions\",\"alternateName\":\"MVE Bio\",\"url\":\"https:\/\/mvebio.com\/de\/\",\"logo\":{\"@type\":\"ImageObject\",\"inLanguage\":\"de\",\"@id\":\"https:\/\/mvebio.com\/de\/#\/schema\/logo\/image\/\",\"url\":\"https:\/\/mvebio.com\/wp-content\/uploads\/sites\/4\/2023\/12\/mve-square.png\",\"contentUrl\":\"https:\/\/mvebio.com\/wp-content\/uploads\/sites\/4\/2023\/12\/mve-square.png\",\"width\":1200,\"height\":1200,\"caption\":\"MVE Biological Solutions\"},\"image\":{\"@id\":\"https:\/\/mvebio.com\/de\/#\/schema\/logo\/image\/\"},\"sameAs\":[\"https:\/\/x.com\/MveBioSolutions\",\"https:\/\/www.linkedin.com\/company\/mvebio\/\"]}]}<\/script>\n<!-- \/ Yoast SEO plugin. -->","yoast_head_json":{"title":"Management Team - MVE Biological Solutions","description":"Cryoport, Inc. ist ein f\u00fchrender Anbieter von temperaturgesteuerten Lieferkettenl\u00f6sungen f\u00fcr die Biowissenschaftsbranche. \u00dcber seine branchenf\u00fchrenden Tochterunternehmen - Cryoport Systems, MVE Biological Solutions, CRYOPDP und CRYOGENE - bietet das Unternehmen eine sich st\u00e4ndig weiterentwickelnde Plattform mit wichtigen Produkten und L\u00f6sungen, darunter fortschrittliche Verpackungen, Informatik, spezielle Logistikdienste, Biolagerungsdienste und kryogene Ausr\u00fcstung.","robots":{"index":"index","follow":"follow","max-snippet":"max-snippet:-1","max-image-preview":"max-image-preview:large","max-video-preview":"max-video-preview:-1"},"canonical":"https:\/\/mvebio.com\/de\/ueber-uns\/fuehrungsteam\/","og_locale":"de_DE","og_type":"article","og_title":"Management Team - MVE Biological Solutions","og_description":"Cryoport, Inc. ist ein f\u00fchrender Anbieter von temperaturgesteuerten Lieferkettenl\u00f6sungen f\u00fcr die Biowissenschaftsbranche. \u00dcber seine branchenf\u00fchrenden Tochterunternehmen - Cryoport Systems, MVE Biological Solutions, CRYOPDP und CRYOGENE - bietet das Unternehmen eine sich st\u00e4ndig weiterentwickelnde Plattform mit wichtigen Produkten und L\u00f6sungen, darunter fortschrittliche Verpackungen, Informatik, spezielle Logistikdienste, Biolagerungsdienste und kryogene Ausr\u00fcstung.","og_url":"https:\/\/mvebio.com\/de\/ueber-uns\/fuehrungsteam\/","og_site_name":"MVE Biological Solutions","article_modified_time":"2026-02-18T15:41:25+00:00","og_image":[{"width":2560,"height":1707,"url":"https:\/\/mvebio.com\/wp-content\/uploads\/sites\/4\/2023\/11\/glass-molecules-scaled-1.jpeg","type":"image\/jpeg"}],"twitter_card":"summary_large_image","twitter_site":"@MveBioSolutions","twitter_misc":{"Gesch\u00e4tzte Lesezeit":"5\u00a0Minuten"},"schema":{"@context":"https:\/\/schema.org","@graph":[{"@type":"WebPage","@id":"https:\/\/mvebio.com\/de\/ueber-uns\/fuehrungsteam\/","url":"https:\/\/mvebio.com\/de\/ueber-uns\/fuehrungsteam\/","name":"Management Team - MVE Biological Solutions","isPartOf":{"@id":"https:\/\/mvebio.com\/de\/#website"},"primaryImageOfPage":{"@id":"https:\/\/mvebio.com\/de\/ueber-uns\/fuehrungsteam\/#primaryimage"},"image":{"@id":"https:\/\/mvebio.com\/de\/ueber-uns\/fuehrungsteam\/#primaryimage"},"thumbnailUrl":"https:\/\/mvebio.com\/wp-content\/uploads\/sites\/4\/2023\/11\/glass-molecules-scaled-1.jpeg","datePublished":"2024-01-12T19:23:32+00:00","dateModified":"2026-02-18T15:41:25+00:00","description":"Cryoport, Inc. ist ein f\u00fchrender Anbieter von temperaturgesteuerten Lieferkettenl\u00f6sungen f\u00fcr die Biowissenschaftsbranche. \u00dcber seine branchenf\u00fchrenden Tochterunternehmen - Cryoport Systems, MVE Biological Solutions, CRYOPDP und CRYOGENE - bietet das Unternehmen eine sich st\u00e4ndig weiterentwickelnde Plattform mit wichtigen Produkten und L\u00f6sungen, darunter fortschrittliche Verpackungen, Informatik, spezielle Logistikdienste, Biolagerungsdienste und kryogene Ausr\u00fcstung.","breadcrumb":{"@id":"https:\/\/mvebio.com\/de\/ueber-uns\/fuehrungsteam\/#breadcrumb"},"inLanguage":"de","potentialAction":[{"@type":"ReadAction","target":["https:\/\/mvebio.com\/de\/ueber-uns\/fuehrungsteam\/"]}]},{"@type":"ImageObject","inLanguage":"de","@id":"https:\/\/mvebio.com\/de\/ueber-uns\/fuehrungsteam\/#primaryimage","url":"https:\/\/mvebio.com\/wp-content\/uploads\/sites\/4\/2023\/11\/glass-molecules-scaled-1.jpeg","contentUrl":"https:\/\/mvebio.com\/wp-content\/uploads\/sites\/4\/2023\/11\/glass-molecules-scaled-1.jpeg","width":2560,"height":1707,"caption":"Creative molecule backdrop. Science and medicine concept. 3D Rendering"},{"@type":"BreadcrumbList","@id":"https:\/\/mvebio.com\/de\/ueber-uns\/fuehrungsteam\/#breadcrumb","itemListElement":[{"@type":"ListItem","position":1,"name":"Startseite","item":"https:\/\/mvebio.com\/de\/homepage\/"},{"@type":"ListItem","position":2,"name":"\u00dcber uns","item":"https:\/\/mvebio.com\/de\/ueber-uns\/"},{"@type":"ListItem","position":3,"name":"Management Team"}]},{"@type":"WebSite","@id":"https:\/\/mvebio.com\/de\/#website","url":"https:\/\/mvebio.com\/de\/","name":"MVE Biological Solutions","description":"Cryogenic freezers and dewars","publisher":{"@id":"https:\/\/mvebio.com\/de\/#organization"},"alternateName":"MVE Bio","potentialAction":[{"@type":"SearchAction","target":{"@type":"EntryPoint","urlTemplate":"https:\/\/mvebio.com\/de\/?s={search_term_string}"},"query-input":{"@type":"PropertyValueSpecification","valueRequired":true,"valueName":"search_term_string"}}],"inLanguage":"de"},{"@type":"Organization","@id":"https:\/\/mvebio.com\/de\/#organization","name":"MVE Biological Solutions","alternateName":"MVE Bio","url":"https:\/\/mvebio.com\/de\/","logo":{"@type":"ImageObject","inLanguage":"de","@id":"https:\/\/mvebio.com\/de\/#\/schema\/logo\/image\/","url":"https:\/\/mvebio.com\/wp-content\/uploads\/sites\/4\/2023\/12\/mve-square.png","contentUrl":"https:\/\/mvebio.com\/wp-content\/uploads\/sites\/4\/2023\/12\/mve-square.png","width":1200,"height":1200,"caption":"MVE Biological Solutions"},"image":{"@id":"https:\/\/mvebio.com\/de\/#\/schema\/logo\/image\/"},"sameAs":["https:\/\/x.com\/MveBioSolutions","https:\/\/www.linkedin.com\/company\/mvebio\/"]}]}},"_links":{"self":[{"href":"https:\/\/mvebio.com\/de\/wp-json\/wp\/v2\/pages\/12615","targetHints":{"allow":["GET"]}}],"collection":[{"href":"https:\/\/mvebio.com\/de\/wp-json\/wp\/v2\/pages"}],"about":[{"href":"https:\/\/mvebio.com\/de\/wp-json\/wp\/v2\/types\/page"}],"author":[{"embeddable":true,"href":"https:\/\/mvebio.com\/de\/wp-json\/wp\/v2\/users\/1"}],"replies":[{"embeddable":true,"href":"https:\/\/mvebio.com\/de\/wp-json\/wp\/v2\/comments?post=12615"}],"version-history":[{"count":3,"href":"https:\/\/mvebio.com\/de\/wp-json\/wp\/v2\/pages\/12615\/revisions"}],"predecessor-version":[{"id":14475,"href":"https:\/\/mvebio.com\/de\/wp-json\/wp\/v2\/pages\/12615\/revisions\/14475"}],"up":[{"embeddable":true,"href":"https:\/\/mvebio.com\/de\/wp-json\/wp\/v2\/pages\/12771"}],"wp:featuredmedia":[{"embeddable":true,"href":"https:\/\/mvebio.com\/de\/wp-json\/wp\/v2\/media\/4050"}],"wp:attachment":[{"href":"https:\/\/mvebio.com\/de\/wp-json\/wp\/v2\/media?parent=12615"}],"curies":[{"name":"wp","href":"https:\/\/api.w.org\/{rel}","templated":true}]}}