{"id":12610,"date":"2024-02-29T18:51:28","date_gmt":"2024-02-29T18:51:28","guid":{"rendered":"https:\/\/mvebio.com\/angebot-anfordern\/"},"modified":"2026-02-18T10:40:49","modified_gmt":"2026-02-18T15:40:49","slug":"angebot-anfordern","status":"publish","type":"page","link":"https:\/\/mvebio.com\/de\/angebot-anfordern\/","title":{"rendered":"Angebot anfordern"},"content":{"rendered":"","protected":false},"excerpt":{"rendered":"","protected":false},"author":1,"featured_media":3474,"parent":0,"menu_order":0,"comment_status":"closed","ping_status":"closed","template":"","meta":{"_acf_changed":false,"footnotes":""},"class_list":["post-12610","page","type-page","status-publish","has-post-thumbnail","hentry"],"acf":[],"yoast_head":"<!-- This site is optimized with the Yoast SEO plugin v27.2 - https:\/\/yoast.com\/product\/yoast-seo-wordpress\/ -->\n<title>Angebot anfordern - MVE Biological Solutions<\/title>\n<meta name=\"description\" content=\"Verbinden Sie sich vertrauensvoll \u00fcber die Kontaktseite von MVE. Hier finden Sie die Informationen, die Sie ben\u00f6tigen, um unser engagiertes Team f\u00fcr Anfragen, Support oder Partnerschaften zu erreichen. Bei MVE legen wir Wert auf Kommunikation und sind f\u00fcr Sie da. Nehmen Sie noch heute Kontakt auf und lassen Sie uns gemeinsam die M\u00f6glichkeiten erkunden. Ihre Reise mit MVE Biological Solutions beginnt mit einem einfachen Klick auf unsere Kontaktseite.\" \/>\n<meta name=\"robots\" content=\"index, follow, max-snippet:-1, max-image-preview:large, max-video-preview:-1\" \/>\n<link rel=\"canonical\" href=\"https:\/\/mvebio.com\/de\/angebot-anfordern\/\" \/>\n<meta property=\"og:locale\" content=\"de_DE\" \/>\n<meta property=\"og:type\" content=\"article\" \/>\n<meta property=\"og:title\" content=\"Angebot anfordern - MVE Biological Solutions\" \/>\n<meta property=\"og:description\" content=\"Verbinden Sie sich vertrauensvoll \u00fcber die Kontaktseite von MVE. Hier finden Sie die Informationen, die Sie ben\u00f6tigen, um unser engagiertes Team f\u00fcr Anfragen, Support oder Partnerschaften zu erreichen. Bei MVE legen wir Wert auf Kommunikation und sind f\u00fcr Sie da. Nehmen Sie noch heute Kontakt auf und lassen Sie uns gemeinsam die M\u00f6glichkeiten erkunden. Ihre Reise mit MVE Biological Solutions beginnt mit einem einfachen Klick auf unsere Kontaktseite.\" \/>\n<meta property=\"og:url\" content=\"https:\/\/mvebio.com\/de\/angebot-anfordern\/\" \/>\n<meta property=\"og:site_name\" content=\"MVE Biological Solutions\" \/>\n<meta property=\"article:modified_time\" content=\"2026-02-18T15:40:49+00:00\" \/>\n<meta property=\"og:image\" content=\"https:\/\/mvebio.com\/wp-content\/uploads\/sites\/4\/2023\/10\/dna-elemental-bg-scaled-1.jpeg\" \/>\n\t<meta property=\"og:image:width\" content=\"2560\" \/>\n\t<meta property=\"og:image:height\" content=\"901\" \/>\n\t<meta property=\"og:image:type\" content=\"image\/jpeg\" \/>\n<meta name=\"twitter:card\" content=\"summary_large_image\" \/>\n<meta name=\"twitter:site\" content=\"@MveBioSolutions\" \/>\n<script type=\"application\/ld+json\" class=\"yoast-schema-graph\">{\"@context\":\"https:\/\/schema.org\",\"@graph\":[{\"@type\":\"WebPage\",\"@id\":\"https:\/\/mvebio.com\/de\/angebot-anfordern\/\",\"url\":\"https:\/\/mvebio.com\/de\/angebot-anfordern\/\",\"name\":\"Angebot anfordern - MVE Biological Solutions\",\"isPartOf\":{\"@id\":\"https:\/\/mvebio.com\/de\/#website\"},\"primaryImageOfPage\":{\"@id\":\"https:\/\/mvebio.com\/de\/angebot-anfordern\/#primaryimage\"},\"image\":{\"@id\":\"https:\/\/mvebio.com\/de\/angebot-anfordern\/#primaryimage\"},\"thumbnailUrl\":\"https:\/\/mvebio.com\/wp-content\/uploads\/sites\/4\/2023\/10\/dna-elemental-bg-scaled-1.jpeg\",\"datePublished\":\"2024-02-29T18:51:28+00:00\",\"dateModified\":\"2026-02-18T15:40:49+00:00\",\"description\":\"Verbinden Sie sich vertrauensvoll \u00fcber die Kontaktseite von MVE. Hier finden Sie die Informationen, die Sie ben\u00f6tigen, um unser engagiertes Team f\u00fcr Anfragen, Support oder Partnerschaften zu erreichen. Bei MVE legen wir Wert auf Kommunikation und sind f\u00fcr Sie da. Nehmen Sie noch heute Kontakt auf und lassen Sie uns gemeinsam die M\u00f6glichkeiten erkunden. Ihre Reise mit MVE Biological Solutions beginnt mit einem einfachen Klick auf unsere Kontaktseite.\",\"breadcrumb\":{\"@id\":\"https:\/\/mvebio.com\/de\/angebot-anfordern\/#breadcrumb\"},\"inLanguage\":\"de\",\"potentialAction\":[{\"@type\":\"ReadAction\",\"target\":[\"https:\/\/mvebio.com\/de\/angebot-anfordern\/\"]}]},{\"@type\":\"ImageObject\",\"inLanguage\":\"de\",\"@id\":\"https:\/\/mvebio.com\/de\/angebot-anfordern\/#primaryimage\",\"url\":\"https:\/\/mvebio.com\/wp-content\/uploads\/sites\/4\/2023\/10\/dna-elemental-bg-scaled-1.jpeg\",\"contentUrl\":\"https:\/\/mvebio.com\/wp-content\/uploads\/sites\/4\/2023\/10\/dna-elemental-bg-scaled-1.jpeg\",\"width\":2560,\"height\":901},{\"@type\":\"BreadcrumbList\",\"@id\":\"https:\/\/mvebio.com\/de\/angebot-anfordern\/#breadcrumb\",\"itemListElement\":[{\"@type\":\"ListItem\",\"position\":1,\"name\":\"Startseite\",\"item\":\"https:\/\/mvebio.com\/de\/homepage\/\"},{\"@type\":\"ListItem\",\"position\":2,\"name\":\"Angebot anfordern\"}]},{\"@type\":\"WebSite\",\"@id\":\"https:\/\/mvebio.com\/de\/#website\",\"url\":\"https:\/\/mvebio.com\/de\/\",\"name\":\"MVE Biological Solutions\",\"description\":\"Cryogenic freezers and dewars\",\"publisher\":{\"@id\":\"https:\/\/mvebio.com\/de\/#organization\"},\"alternateName\":\"MVE Bio\",\"potentialAction\":[{\"@type\":\"SearchAction\",\"target\":{\"@type\":\"EntryPoint\",\"urlTemplate\":\"https:\/\/mvebio.com\/de\/?s={search_term_string}\"},\"query-input\":{\"@type\":\"PropertyValueSpecification\",\"valueRequired\":true,\"valueName\":\"search_term_string\"}}],\"inLanguage\":\"de\"},{\"@type\":\"Organization\",\"@id\":\"https:\/\/mvebio.com\/de\/#organization\",\"name\":\"MVE Biological Solutions\",\"alternateName\":\"MVE Bio\",\"url\":\"https:\/\/mvebio.com\/de\/\",\"logo\":{\"@type\":\"ImageObject\",\"inLanguage\":\"de\",\"@id\":\"https:\/\/mvebio.com\/de\/#\/schema\/logo\/image\/\",\"url\":\"https:\/\/mvebio.com\/wp-content\/uploads\/sites\/4\/2023\/12\/mve-square.png\",\"contentUrl\":\"https:\/\/mvebio.com\/wp-content\/uploads\/sites\/4\/2023\/12\/mve-square.png\",\"width\":1200,\"height\":1200,\"caption\":\"MVE Biological Solutions\"},\"image\":{\"@id\":\"https:\/\/mvebio.com\/de\/#\/schema\/logo\/image\/\"},\"sameAs\":[\"https:\/\/x.com\/MveBioSolutions\",\"https:\/\/www.linkedin.com\/company\/mvebio\/\"]}]}<\/script>\n<!-- \/ Yoast SEO plugin. -->","yoast_head_json":{"title":"Angebot anfordern - MVE Biological Solutions","description":"Verbinden Sie sich vertrauensvoll \u00fcber die Kontaktseite von MVE. Hier finden Sie die Informationen, die Sie ben\u00f6tigen, um unser engagiertes Team f\u00fcr Anfragen, Support oder Partnerschaften zu erreichen. Bei MVE legen wir Wert auf Kommunikation und sind f\u00fcr Sie da. Nehmen Sie noch heute Kontakt auf und lassen Sie uns gemeinsam die M\u00f6glichkeiten erkunden. Ihre Reise mit MVE Biological Solutions beginnt mit einem einfachen Klick auf unsere Kontaktseite.","robots":{"index":"index","follow":"follow","max-snippet":"max-snippet:-1","max-image-preview":"max-image-preview:large","max-video-preview":"max-video-preview:-1"},"canonical":"https:\/\/mvebio.com\/de\/angebot-anfordern\/","og_locale":"de_DE","og_type":"article","og_title":"Angebot anfordern - MVE Biological Solutions","og_description":"Verbinden Sie sich vertrauensvoll \u00fcber die Kontaktseite von MVE. Hier finden Sie die Informationen, die Sie ben\u00f6tigen, um unser engagiertes Team f\u00fcr Anfragen, Support oder Partnerschaften zu erreichen. Bei MVE legen wir Wert auf Kommunikation und sind f\u00fcr Sie da. Nehmen Sie noch heute Kontakt auf und lassen Sie uns gemeinsam die M\u00f6glichkeiten erkunden. Ihre Reise mit MVE Biological Solutions beginnt mit einem einfachen Klick auf unsere Kontaktseite.","og_url":"https:\/\/mvebio.com\/de\/angebot-anfordern\/","og_site_name":"MVE Biological Solutions","article_modified_time":"2026-02-18T15:40:49+00:00","og_image":[{"width":2560,"height":901,"url":"https:\/\/mvebio.com\/wp-content\/uploads\/sites\/4\/2023\/10\/dna-elemental-bg-scaled-1.jpeg","type":"image\/jpeg"}],"twitter_card":"summary_large_image","twitter_site":"@MveBioSolutions","schema":{"@context":"https:\/\/schema.org","@graph":[{"@type":"WebPage","@id":"https:\/\/mvebio.com\/de\/angebot-anfordern\/","url":"https:\/\/mvebio.com\/de\/angebot-anfordern\/","name":"Angebot anfordern - MVE Biological Solutions","isPartOf":{"@id":"https:\/\/mvebio.com\/de\/#website"},"primaryImageOfPage":{"@id":"https:\/\/mvebio.com\/de\/angebot-anfordern\/#primaryimage"},"image":{"@id":"https:\/\/mvebio.com\/de\/angebot-anfordern\/#primaryimage"},"thumbnailUrl":"https:\/\/mvebio.com\/wp-content\/uploads\/sites\/4\/2023\/10\/dna-elemental-bg-scaled-1.jpeg","datePublished":"2024-02-29T18:51:28+00:00","dateModified":"2026-02-18T15:40:49+00:00","description":"Verbinden Sie sich vertrauensvoll \u00fcber die Kontaktseite von MVE. Hier finden Sie die Informationen, die Sie ben\u00f6tigen, um unser engagiertes Team f\u00fcr Anfragen, Support oder Partnerschaften zu erreichen. Bei MVE legen wir Wert auf Kommunikation und sind f\u00fcr Sie da. Nehmen Sie noch heute Kontakt auf und lassen Sie uns gemeinsam die M\u00f6glichkeiten erkunden. Ihre Reise mit MVE Biological Solutions beginnt mit einem einfachen Klick auf unsere Kontaktseite.","breadcrumb":{"@id":"https:\/\/mvebio.com\/de\/angebot-anfordern\/#breadcrumb"},"inLanguage":"de","potentialAction":[{"@type":"ReadAction","target":["https:\/\/mvebio.com\/de\/angebot-anfordern\/"]}]},{"@type":"ImageObject","inLanguage":"de","@id":"https:\/\/mvebio.com\/de\/angebot-anfordern\/#primaryimage","url":"https:\/\/mvebio.com\/wp-content\/uploads\/sites\/4\/2023\/10\/dna-elemental-bg-scaled-1.jpeg","contentUrl":"https:\/\/mvebio.com\/wp-content\/uploads\/sites\/4\/2023\/10\/dna-elemental-bg-scaled-1.jpeg","width":2560,"height":901},{"@type":"BreadcrumbList","@id":"https:\/\/mvebio.com\/de\/angebot-anfordern\/#breadcrumb","itemListElement":[{"@type":"ListItem","position":1,"name":"Startseite","item":"https:\/\/mvebio.com\/de\/homepage\/"},{"@type":"ListItem","position":2,"name":"Angebot anfordern"}]},{"@type":"WebSite","@id":"https:\/\/mvebio.com\/de\/#website","url":"https:\/\/mvebio.com\/de\/","name":"MVE Biological Solutions","description":"Cryogenic freezers and dewars","publisher":{"@id":"https:\/\/mvebio.com\/de\/#organization"},"alternateName":"MVE Bio","potentialAction":[{"@type":"SearchAction","target":{"@type":"EntryPoint","urlTemplate":"https:\/\/mvebio.com\/de\/?s={search_term_string}"},"query-input":{"@type":"PropertyValueSpecification","valueRequired":true,"valueName":"search_term_string"}}],"inLanguage":"de"},{"@type":"Organization","@id":"https:\/\/mvebio.com\/de\/#organization","name":"MVE Biological Solutions","alternateName":"MVE Bio","url":"https:\/\/mvebio.com\/de\/","logo":{"@type":"ImageObject","inLanguage":"de","@id":"https:\/\/mvebio.com\/de\/#\/schema\/logo\/image\/","url":"https:\/\/mvebio.com\/wp-content\/uploads\/sites\/4\/2023\/12\/mve-square.png","contentUrl":"https:\/\/mvebio.com\/wp-content\/uploads\/sites\/4\/2023\/12\/mve-square.png","width":1200,"height":1200,"caption":"MVE Biological Solutions"},"image":{"@id":"https:\/\/mvebio.com\/de\/#\/schema\/logo\/image\/"},"sameAs":["https:\/\/x.com\/MveBioSolutions","https:\/\/www.linkedin.com\/company\/mvebio\/"]}]}},"_links":{"self":[{"href":"https:\/\/mvebio.com\/de\/wp-json\/wp\/v2\/pages\/12610","targetHints":{"allow":["GET"]}}],"collection":[{"href":"https:\/\/mvebio.com\/de\/wp-json\/wp\/v2\/pages"}],"about":[{"href":"https:\/\/mvebio.com\/de\/wp-json\/wp\/v2\/types\/page"}],"author":[{"embeddable":true,"href":"https:\/\/mvebio.com\/de\/wp-json\/wp\/v2\/users\/1"}],"replies":[{"embeddable":true,"href":"https:\/\/mvebio.com\/de\/wp-json\/wp\/v2\/comments?post=12610"}],"version-history":[{"count":1,"href":"https:\/\/mvebio.com\/de\/wp-json\/wp\/v2\/pages\/12610\/revisions"}],"predecessor-version":[{"id":14437,"href":"https:\/\/mvebio.com\/de\/wp-json\/wp\/v2\/pages\/12610\/revisions\/14437"}],"wp:featuredmedia":[{"embeddable":true,"href":"https:\/\/mvebio.com\/de\/wp-json\/wp\/v2\/media\/3474"}],"wp:attachment":[{"href":"https:\/\/mvebio.com\/de\/wp-json\/wp\/v2\/media?parent=12610"}],"curies":[{"name":"wp","href":"https:\/\/api.w.org\/{rel}","templated":true}]}}