{"id":12606,"date":"2023-09-08T18:47:44","date_gmt":"2023-09-08T17:47:44","guid":{"rendered":"https:\/\/mvebio.com\/cookie-richtlinie\/"},"modified":"2026-02-18T10:45:26","modified_gmt":"2026-02-18T15:45:26","slug":"cookie-richtlinie","status":"publish","type":"page","link":"https:\/\/mvebio.com\/de\/cookie-richtlinie\/","title":{"rendered":"Cookie-Richtlinie"},"content":{"rendered":"","protected":false},"excerpt":{"rendered":"","protected":false},"author":1,"featured_media":0,"parent":0,"menu_order":0,"comment_status":"closed","ping_status":"closed","template":"","meta":{"_acf_changed":false,"footnotes":""},"class_list":["post-12606","page","type-page","status-publish","hentry"],"acf":[],"yoast_head":"<!-- This site is optimized with the Yoast SEO plugin v27.2 - https:\/\/yoast.com\/product\/yoast-seo-wordpress\/ -->\n<title>Cookie-Richtlinie - MVE Biological Solutions<\/title>\n<meta name=\"description\" content=\"Bei MVE Biological Solutions legen wir gro\u00dfen Wert auf Ihre Privatsph\u00e4re und bem\u00fchen uns um eine klare Kommunikation. Erfahren Sie mehr \u00fcber die Verwendung von Cookies und treffen Sie fundierte Entscheidungen f\u00fcr ein reibungsloses und ma\u00dfgeschneidertes Surferlebnis.\" \/>\n<meta name=\"robots\" content=\"index, follow, max-snippet:-1, max-image-preview:large, max-video-preview:-1\" \/>\n<link rel=\"canonical\" href=\"https:\/\/mvebio.com\/de\/cookie-richtlinie\/\" \/>\n<meta property=\"og:locale\" content=\"de_DE\" \/>\n<meta property=\"og:type\" content=\"article\" \/>\n<meta property=\"og:title\" content=\"Cookie-Richtlinie - MVE Biological Solutions\" \/>\n<meta property=\"og:description\" content=\"Bei MVE Biological Solutions legen wir gro\u00dfen Wert auf Ihre Privatsph\u00e4re und bem\u00fchen uns um eine klare Kommunikation. Erfahren Sie mehr \u00fcber die Verwendung von Cookies und treffen Sie fundierte Entscheidungen f\u00fcr ein reibungsloses und ma\u00dfgeschneidertes Surferlebnis.\" \/>\n<meta property=\"og:url\" content=\"https:\/\/mvebio.com\/de\/cookie-richtlinie\/\" \/>\n<meta property=\"og:site_name\" content=\"MVE Biological Solutions\" \/>\n<meta property=\"article:modified_time\" content=\"2026-02-18T15:45:26+00:00\" \/>\n<meta property=\"og:image\" content=\"https:\/\/mvebio.com\/wp-content\/uploads\/sites\/4\/2023\/12\/mve-seo.png\" \/>\n\t<meta property=\"og:image:width\" content=\"1200\" \/>\n\t<meta property=\"og:image:height\" content=\"675\" \/>\n\t<meta property=\"og:image:type\" content=\"image\/png\" \/>\n<meta name=\"twitter:card\" content=\"summary_large_image\" \/>\n<meta name=\"twitter:site\" content=\"@MveBioSolutions\" \/>\n<script type=\"application\/ld+json\" class=\"yoast-schema-graph\">{\"@context\":\"https:\/\/schema.org\",\"@graph\":[{\"@type\":\"WebPage\",\"@id\":\"https:\/\/mvebio.com\/de\/cookie-richtlinie\/\",\"url\":\"https:\/\/mvebio.com\/de\/cookie-richtlinie\/\",\"name\":\"Cookie-Richtlinie - MVE Biological Solutions\",\"isPartOf\":{\"@id\":\"https:\/\/mvebio.com\/de\/#website\"},\"datePublished\":\"2023-09-08T17:47:44+00:00\",\"dateModified\":\"2026-02-18T15:45:26+00:00\",\"description\":\"Bei MVE Biological Solutions legen wir gro\u00dfen Wert auf Ihre Privatsph\u00e4re und bem\u00fchen uns um eine klare Kommunikation. Erfahren Sie mehr \u00fcber die Verwendung von Cookies und treffen Sie fundierte Entscheidungen f\u00fcr ein reibungsloses und ma\u00dfgeschneidertes Surferlebnis.\",\"breadcrumb\":{\"@id\":\"https:\/\/mvebio.com\/de\/cookie-richtlinie\/#breadcrumb\"},\"inLanguage\":\"de\",\"potentialAction\":[{\"@type\":\"ReadAction\",\"target\":[\"https:\/\/mvebio.com\/de\/cookie-richtlinie\/\"]}]},{\"@type\":\"BreadcrumbList\",\"@id\":\"https:\/\/mvebio.com\/de\/cookie-richtlinie\/#breadcrumb\",\"itemListElement\":[{\"@type\":\"ListItem\",\"position\":1,\"name\":\"Startseite\",\"item\":\"https:\/\/mvebio.com\/de\/homepage\/\"},{\"@type\":\"ListItem\",\"position\":2,\"name\":\"Cookie-Richtlinie\"}]},{\"@type\":\"WebSite\",\"@id\":\"https:\/\/mvebio.com\/de\/#website\",\"url\":\"https:\/\/mvebio.com\/de\/\",\"name\":\"MVE Biological Solutions\",\"description\":\"Cryogenic freezers and dewars\",\"publisher\":{\"@id\":\"https:\/\/mvebio.com\/de\/#organization\"},\"alternateName\":\"MVE Bio\",\"potentialAction\":[{\"@type\":\"SearchAction\",\"target\":{\"@type\":\"EntryPoint\",\"urlTemplate\":\"https:\/\/mvebio.com\/de\/?s={search_term_string}\"},\"query-input\":{\"@type\":\"PropertyValueSpecification\",\"valueRequired\":true,\"valueName\":\"search_term_string\"}}],\"inLanguage\":\"de\"},{\"@type\":\"Organization\",\"@id\":\"https:\/\/mvebio.com\/de\/#organization\",\"name\":\"MVE Biological Solutions\",\"alternateName\":\"MVE Bio\",\"url\":\"https:\/\/mvebio.com\/de\/\",\"logo\":{\"@type\":\"ImageObject\",\"inLanguage\":\"de\",\"@id\":\"https:\/\/mvebio.com\/de\/#\/schema\/logo\/image\/\",\"url\":\"https:\/\/mvebio.com\/wp-content\/uploads\/sites\/4\/2023\/12\/mve-square.png\",\"contentUrl\":\"https:\/\/mvebio.com\/wp-content\/uploads\/sites\/4\/2023\/12\/mve-square.png\",\"width\":1200,\"height\":1200,\"caption\":\"MVE Biological Solutions\"},\"image\":{\"@id\":\"https:\/\/mvebio.com\/de\/#\/schema\/logo\/image\/\"},\"sameAs\":[\"https:\/\/x.com\/MveBioSolutions\",\"https:\/\/www.linkedin.com\/company\/mvebio\/\"]}]}<\/script>\n<!-- \/ Yoast SEO plugin. -->","yoast_head_json":{"title":"Cookie-Richtlinie - MVE Biological Solutions","description":"Bei MVE Biological Solutions legen wir gro\u00dfen Wert auf Ihre Privatsph\u00e4re und bem\u00fchen uns um eine klare Kommunikation. Erfahren Sie mehr \u00fcber die Verwendung von Cookies und treffen Sie fundierte Entscheidungen f\u00fcr ein reibungsloses und ma\u00dfgeschneidertes Surferlebnis.","robots":{"index":"index","follow":"follow","max-snippet":"max-snippet:-1","max-image-preview":"max-image-preview:large","max-video-preview":"max-video-preview:-1"},"canonical":"https:\/\/mvebio.com\/de\/cookie-richtlinie\/","og_locale":"de_DE","og_type":"article","og_title":"Cookie-Richtlinie - MVE Biological Solutions","og_description":"Bei MVE Biological Solutions legen wir gro\u00dfen Wert auf Ihre Privatsph\u00e4re und bem\u00fchen uns um eine klare Kommunikation. Erfahren Sie mehr \u00fcber die Verwendung von Cookies und treffen Sie fundierte Entscheidungen f\u00fcr ein reibungsloses und ma\u00dfgeschneidertes Surferlebnis.","og_url":"https:\/\/mvebio.com\/de\/cookie-richtlinie\/","og_site_name":"MVE Biological Solutions","article_modified_time":"2026-02-18T15:45:26+00:00","og_image":[{"width":1200,"height":675,"url":"https:\/\/mvebio.com\/wp-content\/uploads\/sites\/4\/2023\/12\/mve-seo.png","type":"image\/png"}],"twitter_card":"summary_large_image","twitter_site":"@MveBioSolutions","schema":{"@context":"https:\/\/schema.org","@graph":[{"@type":"WebPage","@id":"https:\/\/mvebio.com\/de\/cookie-richtlinie\/","url":"https:\/\/mvebio.com\/de\/cookie-richtlinie\/","name":"Cookie-Richtlinie - MVE Biological Solutions","isPartOf":{"@id":"https:\/\/mvebio.com\/de\/#website"},"datePublished":"2023-09-08T17:47:44+00:00","dateModified":"2026-02-18T15:45:26+00:00","description":"Bei MVE Biological Solutions legen wir gro\u00dfen Wert auf Ihre Privatsph\u00e4re und bem\u00fchen uns um eine klare Kommunikation. Erfahren Sie mehr \u00fcber die Verwendung von Cookies und treffen Sie fundierte Entscheidungen f\u00fcr ein reibungsloses und ma\u00dfgeschneidertes Surferlebnis.","breadcrumb":{"@id":"https:\/\/mvebio.com\/de\/cookie-richtlinie\/#breadcrumb"},"inLanguage":"de","potentialAction":[{"@type":"ReadAction","target":["https:\/\/mvebio.com\/de\/cookie-richtlinie\/"]}]},{"@type":"BreadcrumbList","@id":"https:\/\/mvebio.com\/de\/cookie-richtlinie\/#breadcrumb","itemListElement":[{"@type":"ListItem","position":1,"name":"Startseite","item":"https:\/\/mvebio.com\/de\/homepage\/"},{"@type":"ListItem","position":2,"name":"Cookie-Richtlinie"}]},{"@type":"WebSite","@id":"https:\/\/mvebio.com\/de\/#website","url":"https:\/\/mvebio.com\/de\/","name":"MVE Biological Solutions","description":"Cryogenic freezers and dewars","publisher":{"@id":"https:\/\/mvebio.com\/de\/#organization"},"alternateName":"MVE Bio","potentialAction":[{"@type":"SearchAction","target":{"@type":"EntryPoint","urlTemplate":"https:\/\/mvebio.com\/de\/?s={search_term_string}"},"query-input":{"@type":"PropertyValueSpecification","valueRequired":true,"valueName":"search_term_string"}}],"inLanguage":"de"},{"@type":"Organization","@id":"https:\/\/mvebio.com\/de\/#organization","name":"MVE Biological Solutions","alternateName":"MVE Bio","url":"https:\/\/mvebio.com\/de\/","logo":{"@type":"ImageObject","inLanguage":"de","@id":"https:\/\/mvebio.com\/de\/#\/schema\/logo\/image\/","url":"https:\/\/mvebio.com\/wp-content\/uploads\/sites\/4\/2023\/12\/mve-square.png","contentUrl":"https:\/\/mvebio.com\/wp-content\/uploads\/sites\/4\/2023\/12\/mve-square.png","width":1200,"height":1200,"caption":"MVE Biological Solutions"},"image":{"@id":"https:\/\/mvebio.com\/de\/#\/schema\/logo\/image\/"},"sameAs":["https:\/\/x.com\/MveBioSolutions","https:\/\/www.linkedin.com\/company\/mvebio\/"]}]}},"_links":{"self":[{"href":"https:\/\/mvebio.com\/de\/wp-json\/wp\/v2\/pages\/12606","targetHints":{"allow":["GET"]}}],"collection":[{"href":"https:\/\/mvebio.com\/de\/wp-json\/wp\/v2\/pages"}],"about":[{"href":"https:\/\/mvebio.com\/de\/wp-json\/wp\/v2\/types\/page"}],"author":[{"embeddable":true,"href":"https:\/\/mvebio.com\/de\/wp-json\/wp\/v2\/users\/1"}],"replies":[{"embeddable":true,"href":"https:\/\/mvebio.com\/de\/wp-json\/wp\/v2\/comments?post=12606"}],"version-history":[{"count":1,"href":"https:\/\/mvebio.com\/de\/wp-json\/wp\/v2\/pages\/12606\/revisions"}],"predecessor-version":[{"id":14529,"href":"https:\/\/mvebio.com\/de\/wp-json\/wp\/v2\/pages\/12606\/revisions\/14529"}],"wp:attachment":[{"href":"https:\/\/mvebio.com\/de\/wp-json\/wp\/v2\/media?parent=12606"}],"curies":[{"name":"wp","href":"https:\/\/api.w.org\/{rel}","templated":true}]}}